{"id":157,"date":"2014-09-08T12:34:34","date_gmt":"2014-09-08T10:34:34","guid":{"rendered":"http:\/\/semmelweis.hu\/pharmazie\/?page_id=157"},"modified":"2022-07-22T12:21:37","modified_gmt":"2022-07-22T10:21:37","slug":"oft-gestellte-fragen-faq","status":"publish","type":"page","link":"https:\/\/semmelweis.hu\/pharmazie\/fur-bewerber\/oft-gestellte-fragen-faq\/","title":{"rendered":"FAQ"},"content":{"rendered":"<div class=\"exp-col-content-holder\">\n<p><a class=\"expand-cnt-link\" href=\"https:\/\/semmelweis.hu\/pharmazie\/kontakt\/\" target=\"_blank\" rel=\"noopener noreferrer\">1. Was spricht f\u00fcr Semmelweis Universit\u00e4t, Budapest? Welche Vorteile haben die Studenten, die in Budapest Pharmazie studieren?<\/a><\/p>\n<div class=\"hidden-content\">\n<p align=\"justify\">Es gibt viele Gr\u00fcnde, die f\u00fcr Semmelweis Universit\u00e4t sprechen. Die Universit\u00e4t ist national und international sehr hoch eingestuft. Die Fakult\u00e4t f\u00fcr pharmazeutische Wissenschaften der Semmelweis Universit\u00e4t ist die gr\u00f6\u00dfte pharmazeutische Ausbildungsst\u00e4tte in Ungarn. Vielfalt ist ein spezifisches Merkmal der Fakult\u00e4t f\u00fcr Pharmazie der Semmelweis Universit\u00e4t. Der Unterricht erfolgt in kleinen Gruppen, dadurch wird die Zusammenarbeit zwischen Lehrpersonal und Studenten gew\u00e4hrleistet.<\/p>\n<\/div>\n<\/div>\n<div class=\"exp-col-content-holder\">\n<p><a class=\"expand-cnt-link\" href=\"#\">2. Wird das Studium an der Semmelweis Universit\u00e4t in Deutschland anerkannt?<\/a><\/p>\n<div class=\"hidden-content\">\n<p align=\"justify\">Das Studium an der Semmelweis Universit\u00e4t wird in Deutschland anerkannt. Das Studium ist Eurokonform; der Lehrplan ber\u00fccksichtigt weitgehend die Anforderungen der deutschen Approbationsordnung f\u00fcr Apotheker (AAppO).<\/p>\n<\/div>\n<\/div>\n<div class=\"exp-col-content-holder\">\n<p><a class=\"expand-cnt-link\" href=\"#\">3. Kann man w\u00e4hrend des Studiums nach Deutschland zur\u00fcckwechseln?<\/a><\/p>\n<div class=\"hidden-content\">\n<p align=\"justify\">Der Aufbau des Studiums entspricht der deutschen Approbationsordnung f\u00fcr Apotheker (AAppO). Im Besitz des Zeugnisses \u00fcber den Ersten Abschnitt der Pharmazeutischen Pr\u00fcfung ist der Einstieg in den Zweiten Abschnitt der Pharmazeutischen Pr\u00fcfung (drittes Studienjahr) auch an deutschen Universit\u00e4ten m\u00f6glich.<\/p>\n<\/div>\n<\/div>\n<div class=\"exp-col-content-holder\">\n<p><a class=\"expand-cnt-link\" href=\"#\">4. Wie ist der Titel \u201edr. pharm.\u201d in Deutschland zu tragen?<\/a><\/p>\n<div class=\"hidden-content\">\n<p align=\"justify\">Nach verteidigter Diplomarbeit und bestandener theoretischer und praktischer Abschlusspr\u00fcfung wird das Diplom und der Titel \u201eDoktorpharmazeut\u201c (dr. pharm.) verliehen. Der Titel dr. pharm. Ist eine Fachqualifikation und ist in Deutschland und allen anderen EU-L\u00e4ndern anerkannt. Der Doktortitel bezeugt keine wissenschaftliche Qualifikation.<\/p>\n<\/div>\n<\/div>\n<div class=\"exp-col-content-holder\">\n<p><a class=\"expand-cnt-link\" href=\"#\">5. Wo liegen die Schwerpunkte des Studiums in Budapest?<\/a><\/p>\n<div class=\"hidden-content\">\n<p align=\"justify\">Die Schwerpunkte der Fakult\u00e4t f\u00fcr Pharmazie der Semmelweis Universit\u00e4t liegen in pharmazeutischer Chemie, pharmazeutischer Technologie, Pharmakologie und industrielle pharmazeutische Technologie.<\/p>\n<\/div>\n<\/div>\n<div class=\"exp-col-content-holder\">\n<p><a class=\"expand-cnt-link\" href=\"#\">6. Wie kann man sich auf das Studium vorbereiten?<\/a><\/p>\n<div class=\"hidden-content\">\n<p align=\"justify\">Da das Pharmaziestudium an der Semmelweis Universit\u00e4t stark naturwissenschaftlich ausgerichtet ist, bietet McDaniel College Budapest ein Vorbereitungsjahr f\u00fcr angehende Studenten an. Das Vorbereitungsjahr ist besonders empfehlenswert f\u00fcr jene, die die naturwissenschaftlichen F\u00e4cher im Gymnasium fr\u00fchzeitig abgew\u00e4hlt haben oder sich nicht sicher sind, ob sie den hiesigen Anforderungen entsprechen werden. Erzielte Leistungen werden bei der Bewerbung an der Universit\u00e4t entsprechend ber\u00fccksichtigt. Weitere Informationen finden Sie unter: <a href=\"http:\/\/www.ungarnstudium.hu\" target=\"_blank\" rel=\"noopener noreferrer\">http:\/\/www.ungarnstudium.hu<\/a>\u00a0<\/p>\n<\/div>\n<\/div>\n<div class=\"exp-col-content-holder\">\n<p><a class=\"expand-cnt-link\" href=\"#\">7. Wie sind Semester und Studium aufgebaut?<\/a><\/p>\n<div class=\"hidden-content\">\n<p align=\"justify\">Das Studium dauert insgesamt 5 Jahren (10 Semester). Das Studium kann immer zum Wintersemster (Anfang) September aufgenommen werden. Ein Semester besteht aus 14 Wochen Vorlesungszeit und eine, aus 6 Wochen bestehenden Pr\u00fcfungsperiode, die direkt der Vorlesungszeit folgt.\u00a0<\/p>\n<p align=\"justify\">Der Unterricht in der Vorlesungszeit gliedert sich in Vorlesungen, Seminare und \u00dcbungen. Man bekommt f\u00fcr diese Lehrveranstaltungen sog. Kreditpunkte. W\u00e4hrend der pharmazeutischen Ausbildung an der Semmelweis Universit\u00e4t m\u00fcssen die Studenten insgesamt 300 Kreditpunkte erzielen. (Diese Kreditpunkte erh\u00e4lt man f\u00fcr F\u00e4cher mit bewertetem Leistungsnachweis, d. h. mit bestandener Pr\u00fcfung.)<\/p>\n<\/div>\n<\/div>\n<div class=\"exp-col-content-holder\">\n<p><a class=\"expand-cnt-link\" href=\"#\">8. Wie kann eine nicht bestandene Pr\u00fcfung wiederholt werden?<\/a><\/p>\n<div class=\"hidden-content\">\n<p align=\"justify\">Die Pr\u00fcfungsordnung schreibt vor, dass eine Pr\u00fcfung maximal dreimal versucht werden kann, d.h. eine nicht bestandene Pr\u00fcfung kann man noch zweimal wiederholen. Bei Wiederholpr\u00fcfungen wird eine Wiederholgeb\u00fchr erhoben. Im jeden Studienjahr kann 1 Examen maximal viermal abgelegt werden, mit einer speziellen Genehmigung des Dekans.<\/p>\n<\/div>\n<\/div>\n<p style=\"text-align: center\">Bei weiteren Fragen stehen wir Ihnen per E-Mail oder per Telefon sehr gerne zur Verf\u00fcgung!<\/p>\n","protected":false},"excerpt":{"rendered":"<p><a class=\"expand-cnt-link\" href=\"https:\/\/semmelweis.hu\/pharmazie\/kontakt\/\" target=\"_blank\" rel=\"noopener noreferrer\">1. Was spricht f\u00fcr Semmelweis Universit\u00e4t, Budapest? Welche Vorteile haben die Studenten, die in Budapest Pharmazie studieren?<\/a> Es gibt viele Gr\u00fcnde, die f\u00fcr Semmelweis Universit\u00e4t sprechen. Die Universit\u00e4t ist national und international sehr hoch eingestuft. Die Fakult\u00e4t f\u00fcr pharmazeutische Wissenschaften der Semmelweis Universit\u00e4t ist die gr\u00f6\u00dfte pharmazeutische Ausbildungsst\u00e4tte in Ungarn. Vielfalt ist ein spezifisches Merkmal der Fakult\u00e4t f\u00fcr Pharmazie der Semmelweis Universit\u00e4t. Der Unterricht erfolgt in kleinen Gruppen, dadurch wird die Zusammenarbeit &hellip;<\/p>\n","protected":false},"author":159,"featured_media":0,"parent":66,"menu_order":5,"comment_status":"open","ping_status":"closed","template":"","meta":{"_acf_changed":false,"footnotes":""},"categories":[],"tags":[],"class_list":["post-157","page","type-page","status-publish","hentry"],"acf":[],"_links":{"self":[{"href":"https:\/\/semmelweis.hu\/pharmazie\/wp-json\/wp\/v2\/pages\/157","targetHints":{"allow":["GET"]}}],"collection":[{"href":"https:\/\/semmelweis.hu\/pharmazie\/wp-json\/wp\/v2\/pages"}],"about":[{"href":"https:\/\/semmelweis.hu\/pharmazie\/wp-json\/wp\/v2\/types\/page"}],"author":[{"embeddable":true,"href":"https:\/\/semmelweis.hu\/pharmazie\/wp-json\/wp\/v2\/users\/159"}],"replies":[{"embeddable":true,"href":"https:\/\/semmelweis.hu\/pharmazie\/wp-json\/wp\/v2\/comments?post=157"}],"version-history":[{"count":10,"href":"https:\/\/semmelweis.hu\/pharmazie\/wp-json\/wp\/v2\/pages\/157\/revisions"}],"predecessor-version":[{"id":1706,"href":"https:\/\/semmelweis.hu\/pharmazie\/wp-json\/wp\/v2\/pages\/157\/revisions\/1706"}],"up":[{"embeddable":true,"href":"https:\/\/semmelweis.hu\/pharmazie\/wp-json\/wp\/v2\/pages\/66"}],"wp:attachment":[{"href":"https:\/\/semmelweis.hu\/pharmazie\/wp-json\/wp\/v2\/media?parent=157"}],"wp:term":[{"taxonomy":"category","embeddable":true,"href":"https:\/\/semmelweis.hu\/pharmazie\/wp-json\/wp\/v2\/categories?post=157"},{"taxonomy":"post_tag","embeddable":true,"href":"https:\/\/semmelweis.hu\/pharmazie\/wp-json\/wp\/v2\/tags?post=157"}],"curies":[{"name":"wp","href":"https:\/\/api.w.org\/{rel}","templated":true}]}}