{"id":150,"date":"2014-09-08T12:25:08","date_gmt":"2014-09-08T10:25:08","guid":{"rendered":"http:\/\/semmelweis.hu\/pharmazie\/?page_id=150"},"modified":"2022-07-22T14:15:28","modified_gmt":"2022-07-22T12:15:28","slug":"vorbereitungsjahr","status":"publish","type":"page","link":"https:\/\/semmelweis.hu\/pharmazie\/fur-bewerber\/vorbereitungsjahr\/","title":{"rendered":"Vorbereitungsjahr"},"content":{"rendered":"<p align=\"justify\">Da das Pharmaziestudium an der Semmelweis Universit\u00e4t stark naturwissenschaftlich ausgerichtet ist, bietet\u00a0<b>McDaniel College Budapest<\/b> ein\u00a0<b>Vorbereitungsjahr<\/b>\u00a0f\u00fcr angehende Studenten an. Das Vorbereitungsjahr ist besonders empfehlenswert f\u00fcr jene, die die naturwissenschaftlichen F\u00e4cher im Gymnasium fr\u00fchzeitig abgew\u00e4hlt haben oder sich nicht sicher sind, ob sie den hiesigen Anforderungen entsprechen werden. Erzielte Leistungen werden bei der Bewerbung an der Universit\u00e4t entsprechend ber\u00fccksichtigt.<\/p>\n<p align=\"justify\">Der Zweisemestrige Kurs (Vorbereitungsjahr) beginnt im Oktober und endet im Mai. Die Unterrichtssprache ist Deutsch. Es werden folgende F\u00e4cher unterrichtet: Biologie, Chemie, Physik und Ungarisch. Die Thematik aller F\u00e4cher werden unter Mitwirkung der Semmelweis Universit\u00e4t zusammengestellt und von dieser genehmigt.<\/p>\n<p align=\"justify\"><b>Weitere Informationen:<\/b><br \/>\nE-Mail:\u00a0<a href=\"mailto:\">info@ungarnstudium.hu<\/a><br \/>\nWebseite:\u00a0<a href=\"http:\/\/www.ungarnstudium.hu\/\" target=\"_blank\" rel=\"noopener noreferrer\">www.ungarnstudium.hu<\/a><br \/>\nTel: (36-1) 413-3014, 413-3022<\/p>\n","protected":false},"excerpt":{"rendered":"<p>Da das Pharmaziestudium an der Semmelweis Universit\u00e4t stark naturwissenschaftlich ausgerichtet ist, bietet\u00a0McDaniel College Budapest ein\u00a0Vorbereitungsjahr\u00a0f\u00fcr angehende Studenten an. Das Vorbereitungsjahr ist besonders empfehlenswert f\u00fcr jene, die die naturwissenschaftlichen F\u00e4cher im Gymnasium fr\u00fchzeitig abgew\u00e4hlt haben oder sich nicht sicher sind, ob sie den hiesigen Anforderungen entsprechen werden. Erzielte Leistungen werden bei der Bewerbung an der Universit\u00e4t &hellip;<\/p>\n","protected":false},"author":159,"featured_media":0,"parent":66,"menu_order":4,"comment_status":"open","ping_status":"closed","template":"","meta":{"_acf_changed":false,"footnotes":""},"categories":[],"tags":[],"class_list":["post-150","page","type-page","status-publish","hentry"],"acf":[],"_links":{"self":[{"href":"https:\/\/semmelweis.hu\/pharmazie\/wp-json\/wp\/v2\/pages\/150","targetHints":{"allow":["GET"]}}],"collection":[{"href":"https:\/\/semmelweis.hu\/pharmazie\/wp-json\/wp\/v2\/pages"}],"about":[{"href":"https:\/\/semmelweis.hu\/pharmazie\/wp-json\/wp\/v2\/types\/page"}],"author":[{"embeddable":true,"href":"https:\/\/semmelweis.hu\/pharmazie\/wp-json\/wp\/v2\/users\/159"}],"replies":[{"embeddable":true,"href":"https:\/\/semmelweis.hu\/pharmazie\/wp-json\/wp\/v2\/comments?post=150"}],"version-history":[{"count":5,"href":"https:\/\/semmelweis.hu\/pharmazie\/wp-json\/wp\/v2\/pages\/150\/revisions"}],"predecessor-version":[{"id":1736,"href":"https:\/\/semmelweis.hu\/pharmazie\/wp-json\/wp\/v2\/pages\/150\/revisions\/1736"}],"up":[{"embeddable":true,"href":"https:\/\/semmelweis.hu\/pharmazie\/wp-json\/wp\/v2\/pages\/66"}],"wp:attachment":[{"href":"https:\/\/semmelweis.hu\/pharmazie\/wp-json\/wp\/v2\/media?parent=150"}],"wp:term":[{"taxonomy":"category","embeddable":true,"href":"https:\/\/semmelweis.hu\/pharmazie\/wp-json\/wp\/v2\/categories?post=150"},{"taxonomy":"post_tag","embeddable":true,"href":"https:\/\/semmelweis.hu\/pharmazie\/wp-json\/wp\/v2\/tags?post=150"}],"curies":[{"name":"wp","href":"https:\/\/api.w.org\/{rel}","templated":true}]}}