{"id":1413,"date":"2020-06-12T11:49:39","date_gmt":"2020-06-12T09:49:39","guid":{"rendered":"https:\/\/semmelweis.hu\/pharmazie\/?page_id=1413"},"modified":"2024-07-19T12:27:43","modified_gmt":"2024-07-19T10:27:43","slug":"talentmanagement","status":"publish","type":"page","link":"https:\/\/semmelweis.hu\/pharmazie\/fur-studenten\/talentmanagement\/","title":{"rendered":"Demonstratort\u00e4tigkeit"},"content":{"rendered":"<p style=\"text-align: center\"><strong>BEWERBUNG <\/strong><\/p>\n<p style=\"text-align: center\"><strong>F\u00dcR DAS DEMONSTRATOR PROGRAMM<\/strong><\/p>\n<p style=\"text-align: center\">\u00a0<\/p>\n<p>\u00dcber die Regelungen des Demonstrator-Stipendiums\u00a0 \u00a0verf\u00fcgt die geltende Anlage des Kapitels <a href=\"https:\/\/semmelweis.hu\/jogigfoig\/files\/2020\/04\/UJ_SZMSZ_HKR_III_KONYV_III_4_RESZ_Teritesi_es_Juttatasi_Szabalyzat_hatalyos_2020_03_25_tol.pdf\">III.4 Regelwerk f\u00fcr Erstattung und Zuweisung<\/a> der Organisations- und Betriebsordnung der Semmelweis Universit\u00e4t.<\/p>\n<p>Der Studierende soll sich f\u00fcr das Stipendium als Demonstrator bewerben. Die Dauer des Auftrags betr\u00e4gt h\u00f6chstens 10 Monate. Der Stipendiumsvertrag schlie\u00dft der Dekan der Fakult\u00e4t mit dem Studierenden an.<\/p>\n<p><strong>Jeder Bewerber kann sich nur f\u00fcr einen Platz bewerben!!<\/strong><\/p>\n<p><strong><u>Bedingungen der Bewerbung<\/u><\/strong> f\u00fcr das Demonstrator Programms:<\/p>\n<ul>\n<li>Studierenden im II., III. IV. und V. Jahrg\u00e4nge k\u00f6nnen am Programm teilnehmen<\/li>\n<li>Bevorzugt werden jene Bewerber\/innen, die -neben aufzuweisenden Studienleistungen-<\/li>\n<\/ul>\n<ol>\n<li>an der Arbeit des wissenschaftlichen Studentenkreises teilgenommen haben<\/li>\n<li>\u00a0gute Leistung an einem Fachwettbewerb erzielt haben<\/li>\n<li>an Organisierung wissenschaftlichen Veranstaltungen der Fakult\u00e4t bzw. Organisationseinheiten mitgeholfen haben<\/li>\n<li>an Unterrichts-, und Forschungst\u00e4tigkeiten teilgenommen haben<\/li>\n<\/ol>\n<p><strong>Die Bewerbungen<\/strong> f\u00fcr das Demonstrator Programm k\u00f6nnen <strong>bis 05. Juli 2024\u00a0 eingereicht werden. (<a href=\"https:\/\/semmelweis.hu\/pharmazie\/files\/2023\/06\/Bewerbungsformular_demonstrator.pdf\">Bewerbungsformular<\/a>)<\/strong><\/p>\n<p><strong>Die Entscheidung \u00fcber die Aufnahme der Bewerber\/innen trifft der Leiter der Fakult\u00e4t.<\/strong> <strong>Die<\/strong> <strong>Bewerberinnen<\/strong> und <strong>Bewerber werden \u00fcber die Entscheidung sp\u00e4testens bis zum Semesterbeginn des Wintersemesters<\/strong> <strong>2024\/25 (30. August)<\/strong>\u00a0verst\u00e4ndigt.\u00a0<\/p>\n<p>Der Demonstrator erh\u00e4lt ein Stipendium. Dies betr\u00e4gt 80.000 HUF pro Semester. Dieser Betrag wird in einer Summe am Ende der Demonstratorst\u00e4tigkeit \u00fcberwiesen.<\/p>\n<p><strong><u>Aufgaben des Demonstrators:<\/u><\/strong><\/p>\n<ul>\n<li>Teilnahme an Unterrichts- und Lehrt\u00e4tigkeit des Instituts unter Aufsicht<\/li>\n<li>Teilnahme an wissenschaftlichen Projekten des Instituts\/Lehrstuhls unter Aufsicht<\/li>\n<li>Teilnahme an administrativen Sachbearbeitung des Instituts\/Lehrstuhls unter Aufsicht (Pr\u00fcfen und Gebrauch des Neptun.Net System sind ausgenommen)<\/li>\n<li>Teilnahme an schriftlichen Pr\u00fcfungen als Mitglied des Aufsichtsrats (unter Aufsicht)<\/li>\n<li>Teilnahme als Kontaktperson zwischen den Studenten und Lehrpersonal des Instituts, etc.<\/li>\n<\/ul>\n<p><strong>Die Aufgaben des Demonstrators d\u00fcrfen 50 Std\/Monat nicht \u00fcberschreiten!<\/strong><\/p>\n<p><strong>Der Demonstrator soll bis zum letzten Tag der Vorlesungszeit des Sommersemesters<\/strong> <strong>2024\/25 (16. Mai 2025)<\/strong> dem Leiter des Instituts <strong>ein schriftliches Bericht \u00fcber seine T\u00e4tigkeit als Demonstrator einreichen<\/strong>. Das Bericht wird sp\u00e4ter an die Dekanat der Fakult\u00e4t weitergeleitet werden.<\/p>\n<p><strong>Der Auftrag erlischt automatisch nach dem Ablauf des -im Vertrag angegebenen- Zeitpunkt.<\/strong><\/p>\n<p><strong>Der\u00a0 Auftrag kann sowohl seitens des Dekans, als auch des Demonstrators jederzeit zur\u00fcckgezogen werden!\u00a0<\/strong><\/p>\n<p>&nbsp;<\/p>\n<p style=\"text-align: center\"><strong>AUSSCHREIBUNGEN F\u00dcR DAS AKADEMISCHE JAHR 2024\/25<\/strong><\/p>\n<p>Institut f\u00fcr Fachsprachen &#8211;<a href=\"https:\/\/semmelweis.hu\/pharmazie\/files\/2024\/07\/demo-kiiras-gytk-GER.pdf\"><strong><span style=\"color: #00ccff\"> Ausschreibung 2024\/25<\/span><\/strong><\/a><\/p>\n<p>&nbsp;<\/p>\n<p>&nbsp;<\/p>\n","protected":false},"excerpt":{"rendered":"<p>BEWERBUNG F\u00dcR DAS DEMONSTRATOR PROGRAMM \u00a0 \u00dcber die Regelungen des Demonstrator-Stipendiums\u00a0 \u00a0verf\u00fcgt die geltende Anlage des Kapitels <a href=\"https:\/\/semmelweis.hu\/jogigfoig\/files\/2020\/04\/UJ_SZMSZ_HKR_III_KONYV_III_4_RESZ_Teritesi_es_Juttatasi_Szabalyzat_hatalyos_2020_03_25_tol.pdf\">III.4 Regelwerk f\u00fcr Erstattung und Zuweisung<\/a> der Organisations- und Betriebsordnung der Semmelweis Universit\u00e4t. Der Studierende soll sich f\u00fcr das Stipendium als Demonstrator bewerben. Die Dauer des Auftrags betr\u00e4gt h\u00f6chstens 10 Monate. Der Stipendiumsvertrag schlie\u00dft der Dekan der Fakult\u00e4t mit dem Studierenden an. Jeder Bewerber &hellip;<\/p>\n","protected":false},"author":101122,"featured_media":0,"parent":117,"menu_order":5,"comment_status":"closed","ping_status":"closed","template":"","meta":{"_acf_changed":false,"footnotes":""},"categories":[],"tags":[],"class_list":["post-1413","page","type-page","status-publish","hentry"],"acf":[],"_links":{"self":[{"href":"https:\/\/semmelweis.hu\/pharmazie\/wp-json\/wp\/v2\/pages\/1413","targetHints":{"allow":["GET"]}}],"collection":[{"href":"https:\/\/semmelweis.hu\/pharmazie\/wp-json\/wp\/v2\/pages"}],"about":[{"href":"https:\/\/semmelweis.hu\/pharmazie\/wp-json\/wp\/v2\/types\/page"}],"author":[{"embeddable":true,"href":"https:\/\/semmelweis.hu\/pharmazie\/wp-json\/wp\/v2\/users\/101122"}],"replies":[{"embeddable":true,"href":"https:\/\/semmelweis.hu\/pharmazie\/wp-json\/wp\/v2\/comments?post=1413"}],"version-history":[{"count":10,"href":"https:\/\/semmelweis.hu\/pharmazie\/wp-json\/wp\/v2\/pages\/1413\/revisions"}],"predecessor-version":[{"id":1906,"href":"https:\/\/semmelweis.hu\/pharmazie\/wp-json\/wp\/v2\/pages\/1413\/revisions\/1906"}],"up":[{"embeddable":true,"href":"https:\/\/semmelweis.hu\/pharmazie\/wp-json\/wp\/v2\/pages\/117"}],"wp:attachment":[{"href":"https:\/\/semmelweis.hu\/pharmazie\/wp-json\/wp\/v2\/media?parent=1413"}],"wp:term":[{"taxonomy":"category","embeddable":true,"href":"https:\/\/semmelweis.hu\/pharmazie\/wp-json\/wp\/v2\/categories?post=1413"},{"taxonomy":"post_tag","embeddable":true,"href":"https:\/\/semmelweis.hu\/pharmazie\/wp-json\/wp\/v2\/tags?post=1413"}],"curies":[{"name":"wp","href":"https:\/\/api.w.org\/{rel}","templated":true}]}}