{"id":135,"date":"2014-09-08T11:51:15","date_gmt":"2014-09-08T09:51:15","guid":{"rendered":"http:\/\/semmelweis.hu\/pharmazie\/?page_id=135"},"modified":"2024-09-27T12:58:23","modified_gmt":"2024-09-27T10:58:23","slug":"thematikbeschreibungen","status":"publish","type":"page","link":"https:\/\/semmelweis.hu\/pharmazie\/fur-studenten\/thematikbeschreibungen\/","title":{"rendered":"Kursprogramme"},"content":{"rendered":"<div class=\"responsive-tabs\">\n<h2 class=\"tabtitle\"><strong>Pflichtf\u00e4cher<\/strong><\/h2>\n<div class=\"tabcontent\">\n\n<p>&nbsp;<\/p>\n<p>&nbsp;<\/p>\n<p style=\"text-align: center\"><em><strong>Kursprogramme<\/strong> der Pflichtf\u00e4cher<\/em> <strong>des Studienjahres 2024\/25<\/strong><\/p>\n<p><strong>I. Jahrgang<\/strong><\/p>\n<p style=\"padding-left: 40px\">Kursprogramme des 1. Semesters <a href=\"https:\/\/semmelweis.hu\/pharmazie\/files\/2024\/09\/1.-Semester_2024_25.zip\">hier<\/a><\/p>\n<p style=\"padding-left: 40px\">Kursprogramme des 2. Semesters <a href=\"https:\/\/semmelweis.hu\/pharmazie\/files\/2024\/09\/Pharmazeutische-und-medizinische-Terminologie_2024_25.zip\">hier<\/a><\/p>\n<p><strong>II. Jahrgang<\/strong><\/p>\n<p style=\"padding-left: 40px\"><span style=\"color: #000000\">Kursprogramme des 3. Semesters <a href=\"https:\/\/semmelweis.hu\/pharmazie\/files\/2024\/09\/3.-Semester_2024_25.zip\">hier<\/a><\/span><\/p>\n<p style=\"padding-left: 40px\"><span style=\"font-size: 14pt\">Kursprogramme des 4. Semesters <a href=\"https:\/\/semmelweis.hu\/pharmazie\/files\/2024\/09\/4.-Semester_24_25.zip\">hier<\/a><\/span><\/p>\n<p><strong>III. Jahrgang<\/strong><\/p>\n<p style=\"padding-left: 40px\">Kursprogramme des 5. Semesters <a href=\"https:\/\/semmelweis.hu\/pharmazie\/files\/2024\/09\/5.-Semester_2024_25.zip\">hier<\/a><\/p>\n<p style=\"padding-left: 40px\">Kursprogramme des 6. Semesters <a href=\"https:\/\/semmelweis.hu\/pharmazie\/files\/2024\/09\/6.-Semester_2024_25.zip\">hier<\/a><\/p>\n<p><strong>IV. Jahrgang<\/strong><\/p>\n<p style=\"padding-left: 40px\">Kursprogramme des 7. Semesters <a href=\"https:\/\/semmelweis.hu\/pharmazie\/files\/2024\/09\/7.-Semester_2024_25.zip\">hier<\/a><\/p>\n<p style=\"padding-left: 40px\">Kursprogramme des 8. Semesters <a href=\"https:\/\/semmelweis.hu\/pharmazie\/files\/2024\/09\/Sport-VIII._2024_25.zip\">hier<\/a><\/p>\n<p><strong>V. Jahrgang<\/strong><\/p>\n<p style=\"padding-left: 40px\">Kursprogramme des 9. Semesters <a href=\"https:\/\/semmelweis.hu\/pharmazie\/files\/2024\/09\/9.-Semester_2024_25.zip\">hier<\/a><\/p>\n<p style=\"padding-left: 40px\">\u00a0<\/p>\n<p>&nbsp;<\/p>\n\n<\/div><h2 class=\"tabtitle\"><strong>Wahlf\u00e4cher<\/strong><\/h2>\n<div class=\"tabcontent\">\n\n<p style=\"text-align: justify\">Ab das 2. Studienjahr bis das 10. Semester sollen die Studierenden verschiedene Wahlf\u00e4cher belegen. Die Kursprogramme der an der Fakult\u00e4t f\u00fcr pharmazeutische Wissenschaften angebotenen Wahlf\u00e4cher sind <a href=\"https:\/\/semmelweis.hu\/pharmazie\/files\/2024\/09\/Wahlfaecher_2024_25.zip\">hier<\/a> erreichbar.<\/p>\n<\/div><\/div>\n<p style=\"text-align: center\"><em><strong>Kursprogramme<\/strong> der Pflichtf\u00e4cher<\/em> <strong>des Studienjahres 2023\/24<\/strong><\/p>\n<p><strong>I. Jahrgang<\/strong><\/p>\n<p style=\"padding-left: 40px\">Kursprogramme des 1. Semesters <a href=\"https:\/\/semmelweis.hu\/pharmazie\/files\/2024\/03\/Kursprogramme_1.-Semester_2023_24.zip\">hier<\/a><\/p>\n<p style=\"padding-left: 40px\">Kursprogramme des 2. Semesters <a href=\"https:\/\/semmelweis.hu\/pharmazie\/files\/2024\/03\/Kursprogramme_2.-Semester_2023_24.zip\">hier<\/a><\/p>\n<p><strong>II. Jahrgang<\/strong><\/p>\n<p style=\"padding-left: 40px\"><span style=\"color: #000000\">Kursprogramme des 3. Semesters <a href=\"https:\/\/semmelweis.hu\/pharmazie\/files\/2024\/03\/Kursprogramme_3.-Semester_2023_24.zip\">hier<\/a><\/span><\/p>\n<p style=\"padding-left: 40px\"><span style=\"font-size: 14pt\">Kursprogramme des 4. Semesters <a href=\"https:\/\/semmelweis.hu\/pharmazie\/files\/2024\/03\/Kursprogramme_4.-Semester_2023_24.zip\">hier<\/a><\/span><\/p>\n<p><strong>III. Jahrgang<\/strong><\/p>\n<p style=\"padding-left: 40px\">Kursprogramme des 5. Semesters <a href=\"https:\/\/semmelweis.hu\/pharmazie\/files\/2024\/03\/Kursprogramme_5.-Semester_2023_24.zip\">hier<\/a><\/p>\n<p style=\"padding-left: 40px\">Kursprogramme des 6. Semesters <a href=\"https:\/\/semmelweis.hu\/pharmazie\/files\/2024\/03\/Kursprogramme_6.-Semester_2023_24.zip\">hier<\/a><\/p>\n<p><strong>IV. Jahrgang<\/strong><\/p>\n<p style=\"padding-left: 40px\">Kursprogramme des 7. Semesters <a href=\"https:\/\/semmelweis.hu\/pharmazie\/files\/2024\/03\/Kursprogramme_7.Semester_2023_24.zip\">hier<\/a><\/p>\n<p style=\"padding-left: 40px\">Kursprogramme des 8. Semesters <a href=\"https:\/\/semmelweis.hu\/pharmazie\/files\/2024\/03\/Kursprogramme_8.-Semester_2023_24.zip\">hier<\/a><\/p>\n<p><strong>V. Jahrgang<\/strong><\/p>\n<p style=\"padding-left: 40px\">Kursprogramme des 9. Semesters <a href=\"https:\/\/semmelweis.hu\/pharmazie\/files\/2024\/03\/Kursprogramme_9.-Semester_2023_24.zip\">hier<\/a><\/p>\n<p style=\"padding-left: 40px\">\u00a0<\/p>\n<p>&nbsp;<\/p>\n<div class=\"responsive-tabs\">\n<h2 class=\"tabtitle\"><strong>Wahlf\u00e4cher<\/strong><\/h2>\n<div class=\"tabcontent\">\n\n<p style=\"text-align: justify\">Ab das 2. Studienjahr bis das 10. Semester sollen die Studierenden verschiedene Wahlf\u00e4cher belegen. Die Kursprogramme der an der Fakult\u00e4t f\u00fcr pharmazeutische Wissenschaften angebotenen Wahlf\u00e4cher sind <a href=\"https:\/\/semmelweis.hu\/pharmazie\/files\/2024\/03\/Kursprogramme_Wahlfaecher_2023_24.zip\">hier<\/a> erreichbar.<\/p>\n<\/div><\/div>\n","protected":false},"excerpt":{"rendered":"<p>&nbsp; &nbsp; Kursprogramme der Pflichtf\u00e4cher des Studienjahres 2024\/25 I. Jahrgang Kursprogramme des 1. Semesters <a href=\"https:\/\/semmelweis.hu\/pharmazie\/files\/2024\/09\/1.-Semester_2024_25.zip\">hier<\/a> Kursprogramme des 2. Semesters <a href=\"https:\/\/semmelweis.hu\/pharmazie\/files\/2024\/09\/Pharmazeutische-und-medizinische-Terminologie_2024_25.zip\">hier<\/a> II. Jahrgang Kursprogramme des 3. Semesters <a href=\"https:\/\/semmelweis.hu\/pharmazie\/files\/2024\/09\/3.-Semester_2024_25.zip\">hier<\/a> Kursprogramme des 4. Semesters <a href=\"https:\/\/semmelweis.hu\/pharmazie\/files\/2024\/09\/4.-Semester_24_25.zip\">hier<\/a> III. Jahrgang Kursprogramme des 5. Semesters <a href=\"https:\/\/semmelweis.hu\/pharmazie\/files\/2024\/09\/5.-Semester_2024_25.zip\">hier<\/a> Kursprogramme des 6. Semesters <a href=\"https:\/\/semmelweis.hu\/pharmazie\/files\/2024\/09\/6.-Semester_2024_25.zip\">hier<\/a> IV. Jahrgang Kursprogramme des 7. Semesters <a href=\"https:\/\/semmelweis.hu\/pharmazie\/files\/2024\/09\/7.-Semester_2024_25.zip\">hier<\/a> Kursprogramme des 8. Semesters <a href=\"https:\/\/semmelweis.hu\/pharmazie\/files\/2024\/09\/Sport-VIII._2024_25.zip\">hier<\/a> V. Jahrgang Kursprogramme des 9. Semesters <a href=\"https:\/\/semmelweis.hu\/pharmazie\/files\/2024\/09\/9.-Semester_2024_25.zip\">hier<\/a> \u00a0 &hellip;<\/p>\n","protected":false},"author":12,"featured_media":0,"parent":117,"menu_order":2,"comment_status":"closed","ping_status":"closed","template":"","meta":{"_acf_changed":false,"footnotes":""},"categories":[],"tags":[],"class_list":["post-135","page","type-page","status-publish","hentry"],"acf":[],"_links":{"self":[{"href":"https:\/\/semmelweis.hu\/pharmazie\/wp-json\/wp\/v2\/pages\/135","targetHints":{"allow":["GET"]}}],"collection":[{"href":"https:\/\/semmelweis.hu\/pharmazie\/wp-json\/wp\/v2\/pages"}],"about":[{"href":"https:\/\/semmelweis.hu\/pharmazie\/wp-json\/wp\/v2\/types\/page"}],"author":[{"embeddable":true,"href":"https:\/\/semmelweis.hu\/pharmazie\/wp-json\/wp\/v2\/users\/12"}],"replies":[{"embeddable":true,"href":"https:\/\/semmelweis.hu\/pharmazie\/wp-json\/wp\/v2\/comments?post=135"}],"version-history":[{"count":13,"href":"https:\/\/semmelweis.hu\/pharmazie\/wp-json\/wp\/v2\/pages\/135\/revisions"}],"predecessor-version":[{"id":1935,"href":"https:\/\/semmelweis.hu\/pharmazie\/wp-json\/wp\/v2\/pages\/135\/revisions\/1935"}],"up":[{"embeddable":true,"href":"https:\/\/semmelweis.hu\/pharmazie\/wp-json\/wp\/v2\/pages\/117"}],"wp:attachment":[{"href":"https:\/\/semmelweis.hu\/pharmazie\/wp-json\/wp\/v2\/media?parent=135"}],"wp:term":[{"taxonomy":"category","embeddable":true,"href":"https:\/\/semmelweis.hu\/pharmazie\/wp-json\/wp\/v2\/categories?post=135"},{"taxonomy":"post_tag","embeddable":true,"href":"https:\/\/semmelweis.hu\/pharmazie\/wp-json\/wp\/v2\/tags?post=135"}],"curies":[{"name":"wp","href":"https:\/\/api.w.org\/{rel}","templated":true}]}}