{"id":122,"date":"2014-09-08T11:37:02","date_gmt":"2014-09-08T09:37:02","guid":{"rendered":"http:\/\/semmelweis.hu\/pharmazie\/?page_id=122"},"modified":"2022-07-25T14:05:07","modified_gmt":"2022-07-25T12:05:07","slug":"universitat","status":"publish","type":"page","link":"https:\/\/semmelweis.hu\/pharmazie\/fakultat\/universitat\/","title":{"rendered":"Semmelweis Universit\u00e4t"},"content":{"rendered":"<p><a href=\"https:\/\/semmelweis.hu\/pharmazie\/files\/2022\/07\/miert-a-semmelweis-desktop-2021.jpg\"><img loading=\"lazy\" decoding=\"async\" class=\"aligncenter size-large wp-image-1769\" src=\"https:\/\/semmelweis.hu\/pharmazie\/files\/2022\/07\/miert-a-semmelweis-desktop-2021-1024x336.jpg\" alt=\"\" width=\"753\" height=\"247\" srcset=\"https:\/\/semmelweis.hu\/pharmazie\/files\/2022\/07\/miert-a-semmelweis-desktop-2021-1024x336.jpg 1024w, https:\/\/semmelweis.hu\/pharmazie\/files\/2022\/07\/miert-a-semmelweis-desktop-2021-400x131.jpg 400w, https:\/\/semmelweis.hu\/pharmazie\/files\/2022\/07\/miert-a-semmelweis-desktop-2021-768x252.jpg 768w, https:\/\/semmelweis.hu\/pharmazie\/files\/2022\/07\/miert-a-semmelweis-desktop-2021-580x190.jpg 580w, https:\/\/semmelweis.hu\/pharmazie\/files\/2022\/07\/miert-a-semmelweis-desktop-2021-753x247.jpg 753w, https:\/\/semmelweis.hu\/pharmazie\/files\/2022\/07\/miert-a-semmelweis-desktop-2021.jpg 1280w\" sizes=\"auto, (max-width: 753px) 100vw, 753px\" \/><\/a><\/p>\n<h4><strong>250 j\u00e4hrige Tradition<\/strong><\/h4>\n<p>Die Semmelweis Universit\u00e4t ist eine der leitenden medizinischen Hochschulinstitutionen der mitteleurop\u00e4ischen Region und Ungarn, die als Fachuniversit\u00e4t einzigartig in Ungarn ist. Die Einheit ihrer drei Hauptt\u00e4tigkeiten von Lehre, Forschung und Krankenversorgung macht die, \u00fcber 250 j\u00e4hrige Universit\u00e4t zum international anerkannten Wissenszentrum.<\/p>\n<h4><strong>Exzellenz<\/strong><\/h4>\n<p>Seit 2010 verf\u00fcgt die Semmelweis Universit\u00e4t \u00fcber die Qualifikation \u201eForschungsuniversit\u00e4t\u201d. Diese Qualifikation wir an solche Universit\u00e4ten verliehen, die hervorragendes Lehrniveau vorweisen k\u00f6nnen und in der Wissenschaftswelt anerkannt sind. Die Semmelweis Universit\u00e4t belegt in nationalen und internationalen komplexen Fachranglisten vordere Platzierungen.<\/p>\n<h4><strong>Innovation und internationale Kontakten<\/strong><\/h4>\n<p>Die Zielsetzung der Universit\u00e4t in allen drei T\u00e4tigkeitsbereichen ist, mit den internationalen Trends Schritt zu halten, Zukunftstechnologien zur Verf\u00fcgung zu stellen, und eine inspirierende Umgebung f\u00fcr die Innovationsf\u00f6rderung im Gesundheitswesen und in der Pharmaindustrie zu garantieren.<\/p>\n<p>Die Semmelweis Universit\u00e4t pflegt aktuell mit mehr als insgesamt 200 ausl\u00e4ndischen Hochschulinstitutionen in diversen Fachbereichen Kontakt. Die internationalen Partnerschaften tragen zur Verwirklichung gro\u00df angelegter Projekten bei.<\/p>\n<p>Mit sechs Fakult\u00e4ten und drei Sprachen (Ungarisch, Englisch und Deutsch) sind etwa ein Drittel der mehr als 12.000 Studierenden Ausl\u00e4nder, die aus 97 L\u00e4ndern auf f\u00fcnf Kontinenten kommen, um hier zu studieren.<\/p>\n<p><a href=\"https:\/\/semmelweis.hu\/deutsch\/semmelweis-universitaet\/geschichte-der-universitat\/\">Mehr \u00fcber die Geschichte der Semmelweis Universit\u00e4t<\/a><\/p>\n<p><iframe loading=\"lazy\" title=\"250 Jahre Semmelweis Universit\u00e4t\" width=\"753\" height=\"424\" src=\"https:\/\/www.youtube.com\/embed\/536pWT-oTg8?feature=oembed\" frameborder=\"0\" allow=\"accelerometer; autoplay; clipboard-write; encrypted-media; gyroscope; picture-in-picture\" allowfullscreen><\/iframe><\/p>\n","protected":false},"excerpt":{"rendered":"<p><a href=\"https:\/\/semmelweis.hu\/pharmazie\/files\/2022\/07\/miert-a-semmelweis-desktop-2021.jpg\"><\/a> 250 j\u00e4hrige Tradition Die Semmelweis Universit\u00e4t ist eine der leitenden medizinischen Hochschulinstitutionen der mitteleurop\u00e4ischen Region und Ungarn, die als Fachuniversit\u00e4t einzigartig in Ungarn ist. Die Einheit ihrer drei Hauptt\u00e4tigkeiten von Lehre, Forschung und Krankenversorgung macht die, \u00fcber 250 j\u00e4hrige Universit\u00e4t zum international anerkannten Wissenszentrum. Exzellenz Seit 2010 verf\u00fcgt die Semmelweis Universit\u00e4t \u00fcber die Qualifikation \u201eForschungsuniversit\u00e4t\u201d. &hellip;<\/p>\n","protected":false},"author":159,"featured_media":0,"parent":1698,"menu_order":4,"comment_status":"open","ping_status":"closed","template":"","meta":{"_acf_changed":false,"footnotes":""},"categories":[],"tags":[],"class_list":["post-122","page","type-page","status-publish","hentry"],"acf":[],"_links":{"self":[{"href":"https:\/\/semmelweis.hu\/pharmazie\/wp-json\/wp\/v2\/pages\/122","targetHints":{"allow":["GET"]}}],"collection":[{"href":"https:\/\/semmelweis.hu\/pharmazie\/wp-json\/wp\/v2\/pages"}],"about":[{"href":"https:\/\/semmelweis.hu\/pharmazie\/wp-json\/wp\/v2\/types\/page"}],"author":[{"embeddable":true,"href":"https:\/\/semmelweis.hu\/pharmazie\/wp-json\/wp\/v2\/users\/159"}],"replies":[{"embeddable":true,"href":"https:\/\/semmelweis.hu\/pharmazie\/wp-json\/wp\/v2\/comments?post=122"}],"version-history":[{"count":11,"href":"https:\/\/semmelweis.hu\/pharmazie\/wp-json\/wp\/v2\/pages\/122\/revisions"}],"predecessor-version":[{"id":1790,"href":"https:\/\/semmelweis.hu\/pharmazie\/wp-json\/wp\/v2\/pages\/122\/revisions\/1790"}],"up":[{"embeddable":true,"href":"https:\/\/semmelweis.hu\/pharmazie\/wp-json\/wp\/v2\/pages\/1698"}],"wp:attachment":[{"href":"https:\/\/semmelweis.hu\/pharmazie\/wp-json\/wp\/v2\/media?parent=122"}],"wp:term":[{"taxonomy":"category","embeddable":true,"href":"https:\/\/semmelweis.hu\/pharmazie\/wp-json\/wp\/v2\/categories?post=122"},{"taxonomy":"post_tag","embeddable":true,"href":"https:\/\/semmelweis.hu\/pharmazie\/wp-json\/wp\/v2\/tags?post=122"}],"curies":[{"name":"wp","href":"https:\/\/api.w.org\/{rel}","templated":true}]}}