{"id":1200,"date":"2019-05-09T14:40:46","date_gmt":"2019-05-09T12:40:46","guid":{"rendered":"http:\/\/semmelweis.hu\/pharmazie\/?page_id=1200"},"modified":"2024-08-01T14:28:18","modified_gmt":"2024-08-01T12:28:18","slug":"dokumente-zum-abladen","status":"publish","type":"page","link":"https:\/\/semmelweis.hu\/pharmazie\/fur-studenten\/dokumente-zum-abladen\/","title":{"rendered":"Formulare"},"content":{"rendered":"<p>ANTRAGSFORMULARE<\/p>\n<ul>\n<li>Antrag zum <a href=\"https:\/\/semmelweis.hu\/pharmazie\/files\/2024\/08\/Antrag-zum-Ruhen-des-studentischen-Rechtsverhaeltnisses.docx\"><strong>Ruhen des studentischen Rechtsverh\u00e4ltnisses<\/strong><\/a><\/li>\n<li>Antrag zur <strong>Beendigung des studentischen Rechtsverh\u00e4ltnisses\u00a0<\/strong><\/li>\n<li>Anmeldung f\u00fcr <strong><a href=\"https:\/\/semmelweis.hu\/pharmazie\/files\/2021\/10\/Anmeldefurmular-f\u00fcr-TKSZV-Pr\u00fcfungen.docx\">&#8222;TKVSZ&#8220; Pr\u00fcfungen<\/a><\/strong> (Augustpr\u00fcfungszeit)<\/li>\n<li>Antrag zum <strong><a href=\"https:\/\/semmelweis.hu\/pharmazie\/files\/2021\/10\/Antrag-zu-Ablegen-einer-Pr\u00fcfung-in-der-ersten-Woche-der-Vorlesungszeit.docx\">Ablegen einer Pr\u00fcfung au\u00dferhalb der Pr\u00fcfungsperiode\u00a0<\/a><\/strong><\/li>\n<li>Antrag zur <strong><a href=\"https:\/\/semmelweis.hu\/pharmazie\/files\/2021\/10\/Antrag-zur-Sondergenehmigung.docx\">Sondergenehmigung<\/a> <\/strong>(gem\u00e4\u00df \u00a7 52 Abs. (1) der StpO)<\/li>\n<li>Antrag zur <strong><a href=\"https:\/\/semmelweis.hu\/pharmazie\/files\/2021\/10\/Antrag-zur-Anerkennung-von-fr\u00fcher-abgleisteten-Studienfacher_f\u00fcr-Pharmaziestudenten.docx\">Anerkennung von abgeleisteten F\u00e4cher<\/a><\/strong> bzw. Kurse f\u00fcr Studierende der Pharmazie<\/li>\n<\/ul>\n","protected":false},"excerpt":{"rendered":"<p>ANTRAGSFORMULARE<\/p>\n<p>Antrag zum <a href=\"https:\/\/semmelweis.hu\/pharmazie\/files\/2024\/08\/Antrag-zum-Ruhen-des-studentischen-Rechtsverhaeltnisses.docx\">Ruhen des studentischen Rechtsverh\u00e4ltnisses<\/a><br \/>\nAntrag zur Beendigung des studentischen Rechtsverh\u00e4ltnisses\u00a0<br \/>\nAnmeldung f\u00fcr <a href=\"https:\/\/semmelweis.hu\/pharmazie\/files\/2021\/10\/Anmeldefurmular-f\u00fcr-TKSZV-Pr\u00fcfungen.docx\">&#8222;TKVSZ&#8220; Pr\u00fcfungen<\/a> (Augustpr\u00fcfungszeit)<br \/>\nAntrag zum <a href=\"https:\/\/semmelweis.hu\/pharmazie\/files\/2021\/10\/Antrag-zu-Ablegen-einer-Pr\u00fcfung-in-der-ersten-Woche-der-Vorlesungszeit.docx\">Ablegen einer Pr\u00fcfung au\u00dferhalb der Pr\u00fcfungsperiode\u00a0<\/a><br \/>\nAntrag zur <a href=\"https:\/\/semmelweis.hu\/pharmazie\/files\/2021\/10\/Antrag-zur-Sondergenehmigung.docx\">Sondergenehmigung<\/a> (gem\u00e4\u00df \u00a7 52 Abs. (1) der StpO)<br \/>\nAntrag zur <a href=\"https:\/\/semmelweis.hu\/pharmazie\/files\/2021\/10\/Antrag-zur-Anerkennung-von-fr\u00fcher-abgleisteten-Studienfacher_f\u00fcr-Pharmaziestudenten.docx\">Anerkennung von abgeleisteten F\u00e4cher<\/a> bzw. Kurse f\u00fcr Studierende der Pharmazie<\/p>\n","protected":false},"author":101122,"featured_media":0,"parent":117,"menu_order":3,"comment_status":"closed","ping_status":"closed","template":"","meta":{"_acf_changed":false,"footnotes":""},"categories":[],"tags":[],"class_list":["post-1200","page","type-page","status-publish","hentry"],"acf":[],"_links":{"self":[{"href":"https:\/\/semmelweis.hu\/pharmazie\/wp-json\/wp\/v2\/pages\/1200","targetHints":{"allow":["GET"]}}],"collection":[{"href":"https:\/\/semmelweis.hu\/pharmazie\/wp-json\/wp\/v2\/pages"}],"about":[{"href":"https:\/\/semmelweis.hu\/pharmazie\/wp-json\/wp\/v2\/types\/page"}],"author":[{"embeddable":true,"href":"https:\/\/semmelweis.hu\/pharmazie\/wp-json\/wp\/v2\/users\/101122"}],"replies":[{"embeddable":true,"href":"https:\/\/semmelweis.hu\/pharmazie\/wp-json\/wp\/v2\/comments?post=1200"}],"version-history":[{"count":9,"href":"https:\/\/semmelweis.hu\/pharmazie\/wp-json\/wp\/v2\/pages\/1200\/revisions"}],"predecessor-version":[{"id":1923,"href":"https:\/\/semmelweis.hu\/pharmazie\/wp-json\/wp\/v2\/pages\/1200\/revisions\/1923"}],"up":[{"embeddable":true,"href":"https:\/\/semmelweis.hu\/pharmazie\/wp-json\/wp\/v2\/pages\/117"}],"wp:attachment":[{"href":"https:\/\/semmelweis.hu\/pharmazie\/wp-json\/wp\/v2\/media?parent=1200"}],"wp:term":[{"taxonomy":"category","embeddable":true,"href":"https:\/\/semmelweis.hu\/pharmazie\/wp-json\/wp\/v2\/categories?post=1200"},{"taxonomy":"post_tag","embeddable":true,"href":"https:\/\/semmelweis.hu\/pharmazie\/wp-json\/wp\/v2\/tags?post=1200"}],"curies":[{"name":"wp","href":"https:\/\/api.w.org\/{rel}","templated":true}]}}