{"id":8389,"date":"2019-01-29T16:59:29","date_gmt":"2019-01-29T15:59:29","guid":{"rendered":"http:\/\/semmelweis.hu\/pharmacology\/?page_id=8389"},"modified":"2025-02-17T13:24:27","modified_gmt":"2025-02-17T12:24:27","slug":"requirement-of-student-research-and-related-activities","status":"publish","type":"page","link":"https:\/\/semmelweis.hu\/pharmacology\/en\/students-research\/requirement-of-student-research-and-related-activities\/","title":{"rendered":"Requirement of Student Research and related activities"},"content":{"rendered":"<div class=\"keretes w-100\">\n<p>Student Research is performed in our Department according to local and university-level regulations in the framework of announced courses.<br \/>\nThe Student performs his research activities as a member of a \u00a0<a href=\"https:\/\/semmelweis.hu\/pharmacology\/research\/\">research group<\/a>\u00a0under the supervision and guidance of one or more project leader(s).<\/p>\n<\/div>\n<p>Courses related to Student Research with credit points:<\/p>\n<h3>1. Bevezet\u00e9s a farmakol\u00f3giai kutat\u00e1sokba\/Introduction to pharmacological research course (\u201cScience Club\u201d; 2 credits)<\/h3>\n<p>The course is announced every semester and is held in English.<\/p>\n<h4>Requirements for taking the course:<\/h4>\n<ul>\n<li>Being a student of a university<\/li>\n<li>For SU students completed or at least parallel attendance of courses Medical biochemistry I. &amp; II. and Medical physiology I. &amp; II.<\/li>\n<li>For non-SU students an average above 4.0 in the last two semester<\/li>\n<li>Taking the \u201cTDK Work\u201d (undergraduate research) course prior or parallel to the course.<\/li>\n<\/ul>\n<h4>Requirements for completion:<\/h4>\n<ul>\n<li>Referring one scientific paper, for which a date is secured until the 2nd week in the semester.<\/li>\n<li>missing a max of 3 classes.<\/li>\n<li>successful completion of tests after presentations.<\/li>\n<\/ul>\n<h4><a href=\"https:\/\/semmelweis.hu\/pharmacology\/files\/2025\/02\/Science_Club_Programme_17Feb2025.pdf\">PROGRAMME FOR SEMESTER 2024\/25 II. SEMESTER <\/a><\/h4>\n<h3>2.\u00a0\u00a0 TDK Work course (1 credit)<\/h3>\n<h4>Requirements for taking the course:<\/h4>\n<ul>\n<li>Mark 4 or 5 at biochemistry and\/or physiology for SU students (for students with exceptional qualities the proposed project leader can apply for exemption)<\/li>\n<li>For non-SU students the proposed project leader evaluates the applicant\u2019s grades<\/li>\n<li>Attendance at the Science Club classes<\/li>\n<li>Signing of non-disclosure agreement<\/li>\n<li>Registering with the <a href=\"http:\/\/www.tdk.semmelweis.hu\/\">Semmelweis University\u2019s Student\u2019s Scientific Association<\/a><\/li>\n<\/ul>\n<h4>Requirements for completion:<\/h4>\n<ul>\n<li>As per university-level regulations<\/li>\n<li>Activities performed for at least 4 hours weekly<\/li>\n<li>Choosing project leader until the 6th week of the semester<\/li>\n<li>Regular participation to the Science Club every semester: max 3 classes missed in a semester. Exemption can be given in individual cases based on a written application. The student&#8217;s tutor should write a letter for the course leaders (Z Z\u00e1dori and Z Giricz) until the first class of the Science Club.<\/li>\n<\/ul>\n<div class=\"fontos_div\">\n<h3>Further related activities:<\/h3>\n<\/div>\n<h3><a href=\"https:\/\/semmelweis.hu\/pharmacology\/en\/students-research-topic-list-2\/teaching-assistant-positions\/\">Teacher\u2019s assistance (demonstrators)<\/a><\/h3>\n<h3>Thesis work<\/h3>\n<h4>Requirements for application:<\/h4>\n<ul>\n<li>Doing research at the department in the topic of the thesis<\/li>\n<li>signing of non-disclosure agreement<\/li>\n<\/ul>\n<p>&nbsp;<\/p>\n","protected":false},"excerpt":{"rendered":"<p>Student Research is performed in our Department according to local and university-level regulations in the framework of announced courses. The Student performs his research activities as a member of a \u00a0 <a href=\"https:\/\/semmelweis.hu\/pharmacology\/research\/\">research group<\/a> \u00a0under the supervision and guidance of one or more project leader(s). Courses related to Student Research with credit points: 1. Bevezet\u00e9s a farmakol\u00f3giai kutat\u00e1sokba\/Introduction &hellip;<\/p>\n","protected":false},"author":101230,"featured_media":0,"parent":990,"menu_order":1,"comment_status":"closed","ping_status":"closed","template":"","meta":{"_acf_changed":false,"footnotes":""},"categories":[],"tags":[],"class_list":["post-8389","page","type-page","status-publish","hentry"],"acf":[],"_links":{"self":[{"href":"https:\/\/semmelweis.hu\/pharmacology\/wp-json\/wp\/v2\/pages\/8389","targetHints":{"allow":["GET"]}}],"collection":[{"href":"https:\/\/semmelweis.hu\/pharmacology\/wp-json\/wp\/v2\/pages"}],"about":[{"href":"https:\/\/semmelweis.hu\/pharmacology\/wp-json\/wp\/v2\/types\/page"}],"author":[{"embeddable":true,"href":"https:\/\/semmelweis.hu\/pharmacology\/wp-json\/wp\/v2\/users\/101230"}],"replies":[{"embeddable":true,"href":"https:\/\/semmelweis.hu\/pharmacology\/wp-json\/wp\/v2\/comments?post=8389"}],"version-history":[{"count":10,"href":"https:\/\/semmelweis.hu\/pharmacology\/wp-json\/wp\/v2\/pages\/8389\/revisions"}],"predecessor-version":[{"id":14602,"href":"https:\/\/semmelweis.hu\/pharmacology\/wp-json\/wp\/v2\/pages\/8389\/revisions\/14602"}],"up":[{"embeddable":true,"href":"https:\/\/semmelweis.hu\/pharmacology\/wp-json\/wp\/v2\/pages\/990"}],"wp:attachment":[{"href":"https:\/\/semmelweis.hu\/pharmacology\/wp-json\/wp\/v2\/media?parent=8389"}],"wp:term":[{"taxonomy":"category","embeddable":true,"href":"https:\/\/semmelweis.hu\/pharmacology\/wp-json\/wp\/v2\/categories?post=8389"},{"taxonomy":"post_tag","embeddable":true,"href":"https:\/\/semmelweis.hu\/pharmacology\/wp-json\/wp\/v2\/tags?post=8389"}],"curies":[{"name":"wp","href":"https:\/\/api.w.org\/{rel}","templated":true}]}}