{"id":8387,"date":"2019-01-29T16:58:53","date_gmt":"2019-01-29T15:58:53","guid":{"rendered":"http:\/\/semmelweis.hu\/pharmacology\/?page_id=8387"},"modified":"2025-02-17T13:25:30","modified_gmt":"2025-02-17T12:25:30","slug":"tdk-munka-feltetelei","status":"publish","type":"page","link":"https:\/\/semmelweis.hu\/pharmacology\/tdk\/tdk-munka-feltetelei\/","title":{"rendered":"TDK munka felt\u00e9telei \u00e9s a kapcsol\u00f3d\u00f3 tev\u00e9kenys\u00e9gek"},"content":{"rendered":"<div class=\"keretes w-100\">\n<p>Az int\u00e9zetben TDK munka a\u00a0<a href=\"http:\/\/tdk.semmelweis.hu\/altalanos-informaciok\/szervezeti-es-mukodesi-szabalyzat\">SE TDK SzMSz<\/a>-a szerint a felvett kurzusok keret\u00e9ben folytathat\u00f3. A TDK-s egy\u00a0<a href=\"https:\/\/semmelweis.hu\/pharmacology\/kutatas\/\">kutat\u00f3csoporthoz<\/a>\u00a0kapcsol\u00f3dik, tev\u00e9kenys\u00e9g\u00e9t a kiv\u00e1lasztott t\u00e9mavezet\u0151 ir\u00e1ny\u00edtja \u00e9s fel\u00fcgyeli.<\/p>\n<\/div>\n<p>Az Int\u00e9zet az al\u00e1bbi TDK-hoz kapcsol\u00f3d\u00f3 kreditpontos kurzusokat hirdeti meg:<\/p>\n<h2>1. Bevezet\u00e9s a farmakol\u00f3giai kutat\u00e1sokba kurzus (Pharmacological Research, \u201eScience Club\u201d; 2 kredit)<\/h2>\n<p>A kurzus angol nyelv\u0171 \u00e9s minden f\u00e9l\u00e9vben meghirdet\u00e9sre ker\u00fcl. R\u00e9szv\u00e9tel minden TDK hallgat\u00f3 sz\u00e1m\u00e1ra k\u00f6telez\u0151, ami al\u00f3l a t\u00e9mavezet\u0151 felment\u00e9st adhat. Egy hallgat\u00f3 \u00f6sszesen egy alkalommal veheti fel a t\u00e1rgyat kreditpont\u00e9rt.<\/p>\n<h4>Kurzusfelv\u00e9teli felt\u00e9telek:<\/h4>\n<ul>\n<li>egyetemi hallgat\u00f3<\/li>\n<li>SE hallgat\u00f3k eset\u00e9ben az Orvosi biok\u00e9mia I. \u00e9s II. ill. az Orvosi \u00e9lettan I. \u00e9s II. t\u00e1rgyak elv\u00e9gz\u00e9se, de legal\u00e1bb egyidej\u0171 felv\u00e9tele<\/li>\n<li>nem SE hallgat\u00f3k eset\u00e9ben minimum 4,0 feletti \u00e1tlag az utols\u00f3 2 f\u00e9l\u00e9vben<\/li>\n<\/ul>\n<h4>\u00a0Kurzusteljes\u00edt\u00e9si felt\u00e9telek:<\/h4>\n<ul>\n<li>f\u00e9l\u00e9vente minimum 1 refer\u00e1l\u00e1s megtart\u00e1sa, amire a 2. tan\u00edt\u00e1si h\u00e9tig id\u0151pontot kell foglalni<\/li>\n<li>legfeljebb 3 hi\u00e1nyz\u00e1s<\/li>\n<li>az el\u0151ad\u00e1sok ut\u00e1ni tesztekb\u0151l \u00e1ll\u00f3\u00a0vizsga sikeres teljes\u00edt\u00e9se<\/li>\n<\/ul>\n<h4><a href=\"https:\/\/semmelweis.hu\/pharmacology\/files\/2025\/02\/Science_Club_Programme_17Feb2025.pdf\">2024\/25 II. f\u00e9l\u00e9v programja<\/a><\/h4>\n<h2>2.\u00a0\u00a0 TDK Munka kurzus (1 kredit)<\/h2>\n<p>A kurzus minden akt\u00edv TDK munk\u00e1val elt\u00f6lt\u00f6tt f\u00e9l\u00e9v elej\u00e9n felvehet\u0151 a Neptunban, azonban nem felt\u00e9tele az int\u00e9zeti TDK munk\u00e1nak.<\/p>\n<h4>Kurzusfelv\u00e9teli felt\u00e9telek:<\/h4>\n<ul>\n<li>SE hallgat\u00f3 eset\u00e9ben jeles vagy j\u00f3 \u00e9lettan \u00e9s biok\u00e9mia szigorlat (a hallgat\u00f3 kiv\u00e1l\u00f3 k\u00e9pess\u00e9ge \u00e9s aktivit\u00e1sa alapj\u00e1n ett\u0151l a t\u00e9mavezet\u0151 ind\u00edtv\u00e1ny\u00e1ra el lehet tekinteni)<\/li>\n<li>nem SE hallgat\u00f3 eset\u00e9ben a tervezett t\u00e9mavezet\u0151 egyedi elb\u00edr\u00e1l\u00e1sa alapj\u00e1n<\/li>\n<li>az int\u00e9zeti Science Club-on val\u00f3 rendszeres r\u00e9szv\u00e9tel<\/li>\n<li>a titoktart\u00e1si nyilatkozat al\u00e1\u00edr\u00e1sa<\/li>\n<li>regisztr\u00e1ci\u00f3 a Semmelweis Egyetem Tudom\u00e1nyos Di\u00e1kk\u00f6r\u00e9be<\/li>\n<\/ul>\n<h4>Kurzusteljes\u00edt\u00e9si felt\u00e9telek:<\/h4>\n<ul>\n<li>SE \u00c1OK TDK SzMSz szerint<\/li>\n<li>minimum heti 4 \u00f3ra munkav\u00e9gz\u00e9s<\/li>\n<li>t\u00e9mavezet\u0151 kiv\u00e1laszt\u00e1sa a f\u00e9l\u00e9v 6. het\u00e9ig<\/li>\n<li>Rendszeres r\u00e9szv\u00e9tel az Int\u00e9zet \u00e1ltal minden f\u00e9l\u00e9vben megszervezett Science Club-on: f\u00e9l\u00e9venk\u00e9nt legfeljebb 3 hi\u00e1nyz\u00e1s enged\u00e9lyezett. Egy\u00e9ni esetekben, a tanulm\u00e1nyi rend \u00f6sszef\u00e9rhetetlens\u00e9ge ok\u00e1n felment\u00e9s k\u00e9rv\u00e9nyezhet\u0151 a t\u00e9mavezet\u0151n\u00e9l, aki ezt \u00edr\u00e1sban jelzi a TDK felel\u0151s\u00f6k (Z\u00e1dori Zolt\u00e1n \u00e9s Giricz Zolt\u00e1n) fel\u00e9.<\/li>\n<\/ul>\n","protected":false},"excerpt":{"rendered":"<p>Az int\u00e9zetben TDK munka a\u00a0 <a href=\"http:\/\/tdk.semmelweis.hu\/altalanos-informaciok\/szervezeti-es-mukodesi-szabalyzat\">SE TDK SzMSz<\/a> -a szerint a felvett kurzusok keret\u00e9ben folytathat\u00f3. A TDK-s egy\u00a0 <a href=\"https:\/\/semmelweis.hu\/pharmacology\/kutatas\/\">kutat\u00f3csoporthoz<\/a> \u00a0kapcsol\u00f3dik, tev\u00e9kenys\u00e9g\u00e9t a kiv\u00e1lasztott t\u00e9mavezet\u0151 ir\u00e1ny\u00edtja \u00e9s fel\u00fcgyeli. Az Int\u00e9zet az al\u00e1bbi TDK-hoz kapcsol\u00f3d\u00f3 kreditpontos kurzusokat hirdeti meg: 1. Bevezet\u00e9s a farmakol\u00f3giai kutat\u00e1sokba kurzus (Pharmacological Research, \u201eScience Club\u201d; 2 kredit) A kurzus angol nyelv\u0171 \u00e9s minden f\u00e9l\u00e9vben meghirdet\u00e9sre ker\u00fcl. R\u00e9szv\u00e9tel &hellip;<\/p>\n","protected":false},"author":101230,"featured_media":0,"parent":78,"menu_order":1,"comment_status":"closed","ping_status":"closed","template":"","meta":{"_acf_changed":false,"footnotes":""},"categories":[],"tags":[],"class_list":["post-8387","page","type-page","status-publish","hentry"],"acf":[],"_links":{"self":[{"href":"https:\/\/semmelweis.hu\/pharmacology\/wp-json\/wp\/v2\/pages\/8387","targetHints":{"allow":["GET"]}}],"collection":[{"href":"https:\/\/semmelweis.hu\/pharmacology\/wp-json\/wp\/v2\/pages"}],"about":[{"href":"https:\/\/semmelweis.hu\/pharmacology\/wp-json\/wp\/v2\/types\/page"}],"author":[{"embeddable":true,"href":"https:\/\/semmelweis.hu\/pharmacology\/wp-json\/wp\/v2\/users\/101230"}],"replies":[{"embeddable":true,"href":"https:\/\/semmelweis.hu\/pharmacology\/wp-json\/wp\/v2\/comments?post=8387"}],"version-history":[{"count":10,"href":"https:\/\/semmelweis.hu\/pharmacology\/wp-json\/wp\/v2\/pages\/8387\/revisions"}],"predecessor-version":[{"id":14603,"href":"https:\/\/semmelweis.hu\/pharmacology\/wp-json\/wp\/v2\/pages\/8387\/revisions\/14603"}],"up":[{"embeddable":true,"href":"https:\/\/semmelweis.hu\/pharmacology\/wp-json\/wp\/v2\/pages\/78"}],"wp:attachment":[{"href":"https:\/\/semmelweis.hu\/pharmacology\/wp-json\/wp\/v2\/media?parent=8387"}],"wp:term":[{"taxonomy":"category","embeddable":true,"href":"https:\/\/semmelweis.hu\/pharmacology\/wp-json\/wp\/v2\/categories?post=8387"},{"taxonomy":"post_tag","embeddable":true,"href":"https:\/\/semmelweis.hu\/pharmacology\/wp-json\/wp\/v2\/tags?post=8387"}],"curies":[{"name":"wp","href":"https:\/\/api.w.org\/{rel}","templated":true}]}}