{"id":8294,"date":"2019-01-15T17:05:59","date_gmt":"2019-01-15T16:05:59","guid":{"rendered":"http:\/\/semmelweis.hu\/pharmacology\/?page_id=8294"},"modified":"2024-10-12T13:52:01","modified_gmt":"2024-10-12T11:52:01","slug":"bioinformatika","status":"publish","type":"page","link":"https:\/\/semmelweis.hu\/pharmacology\/kutatas\/kardiovaszkularis-es-metabolizmus\/bioinformatika\/","title":{"rendered":"Bioinformatika munkacsoport"},"content":{"rendered":"<p><iframe loading=\"lazy\" title=\"Bioinformatics in systems biology and pharmacovigilance research group\" width=\"753\" height=\"424\" src=\"https:\/\/www.youtube.com\/embed\/fmpEQv9lozg?feature=oembed\" frameborder=\"0\" allow=\"accelerometer; autoplay; clipboard-write; encrypted-media; gyroscope; picture-in-picture; web-share\" referrerpolicy=\"strict-origin-when-cross-origin\" allowfullscreen><\/iframe><\/p>\n<div class=\"responsive-tabs\">\n<h2 class=\"tabtitle\">Projektek<\/h2>\n<div class=\"tabcontent\">\n\n<div class=\"fontos_div\">\n<h4>A csoport Projektjeir\u0151l \u00e9s tev\u00e9kenys\u00e9geir\u0151l az Al\u00e1bbi oldalak adnak b\u0151vebb t\u00e1j\u00e9koztat\u00e1st:<\/h4>\n<\/div>\n<ul>\n<li><a href=\"https:\/\/semmelweis.hu\/pharmacology\/en\/research\/bioinformatics-in-systems-biology-and-pharmacovigilance\/unbiased-omics-based-network-theoretic-interactome-analysis-for-drug-target-identification-in-cardiovascular-diseases\/\">Unbiased, omics-based network theoretic interactome analysis for drug target identification in cardiovascular diseases<\/a><\/li>\n<li><a href=\"https:\/\/semmelweis.hu\/pharmacology\/en\/research\/bioinformatics-in-systems-biology-and-pharmacovigilance\/pharmacovigilance-and-drug-safety-method-development\/\">Pharmacovigilance and drug safety method development<\/a><\/li>\n<li><a href=\"https:\/\/semmelweis.hu\/pharmacology\/en\/research\/bioinformatics-in-systems-biology-and-pharmacovigilance\/implementation-and-development-of-methods-for-various-problems-in-bioinformatics\/\">Implementation and development of methods for various problems in bioinformatics<\/a><\/li>\n<\/ul>\n<div class=\"w-100 keretes\">Tov\u00e1bbi inform\u00e1ci\u00f3\u00e9rt vegye fel vel\u00fcnk a kapcsolatot az al\u00e1bbi email c\u00edmen: <a href=\"mailto:bioit.pharma@semmelweis.hu\">bioit.pharma@semmelweis.hu<\/a>, vagy l\u00e9pjen kapcsolatba a konkr\u00e9t csapattagokkal.<\/div>\n<p>&nbsp;<\/p>\n\n<\/div><h2 class=\"tabtitle\">Tagok<\/h2>\n<div class=\"tabcontent\">\n\n<p><strong>Munkacsoport-vezet\u0151:<\/strong><\/p>\n<p><a href=\"https:\/\/semmelweis.hu\/telefonkonyv\/?emp_id=11977\">Dr. \u00c1gg Bence, PhD<\/a><\/p>\n<p><strong>Projekt asszisztens:<\/strong><\/p>\n<p><a href=\"https:\/\/semmelweis.hu\/telefonkonyv\/?emp_id=20520\">Czak\u00f3 Ariel<\/a><\/p>\n<p><strong>PhD hallgat\u00f3k:<\/strong><\/p>\n<p><a href=\"https:\/\/semmelweis.hu\/telefonkonyv\/?emp_id=14521\">Dr. P\u00e9terv\u00e1ri M\u00e1ty\u00e1s<\/a><br \/>\n<a href=\"https:\/\/semmelweis.hu\/telefonkonyv\/?emp_id=18885\">Dr. Puhl Eszter<\/a><br \/>\n<a href=\"https:\/\/semmelweis.hu\/telefonkonyv\/?emp_id=15798\">Benczik Bettina<\/a><br \/>\n<a href=\"https:\/\/semmelweis.hu\/telefonkonyv\/?emp_id=15799\">Balogh Oliv\u00e9r<\/a><br \/>\n<a href=\"https:\/\/semmelweis.hu\/telefonkonyv\/?emp_id=21924\">Dr. Marton Szandra<\/a><br \/>\nDr. Weigl-Kov\u00e1cs Vikt\u00f3ria<br \/>\n<a href=\"https:\/\/semmelweis.hu\/telefonkonyv\/?emp_id=22199\">V\u00e1czy-F\u00f6ldi M\u00e1t\u00e9<\/a><\/p>\n<p><strong>Bioinformatikusok:<\/strong><\/p>\n<p><a href=\"https:\/\/semmelweis.hu\/telefonkonyv\/?emp_id=18880\">Bereczki Zolt\u00e1n<\/a><br \/>\nDr. Papp Zsolt Tam\u00e1s<\/p>\n<p><strong>TDK Students:<\/strong><\/p>\n<p>\u00c1bel Katona (SE \u00c1OK)<br \/>\n\u00c1ron Csern\u00e1k (SE \u00c1OK)<br \/>\nDavid-M\u00e1rk Nagy (SE \u00c1OK)<br \/>\nL\u00f3r\u00e1nt Sag\u00e1t (SE \u00c1OK)<br \/>\nMarina Zsarnai (SE \u00c1OK)<br \/>\nRebeka Hostyinszki (SE \u00c1OK)<br \/>\nRita N\u00e9meth (ELTE TTK)<br \/>\nVikt\u00f3ria Weigl-Kov\u00e1cs (SE \u00c1OK)<br \/>\nVir\u00e1g Antal (ELTE TTK)<\/p>\n<div class=\"w-100 keretes\">Tov\u00e1bbi inform\u00e1ci\u00f3\u00e9rt vegye fel vel\u00fcnk a kapcsolatot az al\u00e1bbi email c\u00edmen: <a href=\"mailto:bioit.pharma@semmelweis.hu\">bioit.pharma@semmelweis.hu<\/a>, vagy l\u00e9pjen kapcsolatba a konkr\u00e9t csapattagokkal.<\/div>\n<p>&nbsp;<\/p>\n\n<\/div><h2 class=\"tabtitle\">K\u00e9pek<\/h2>\n<div class=\"tabcontent\">\n\n\r\n        [slb_exclude]\r\n        <div class=\"row galeria-wrapper mx-0 h-auto\">\r\n            <div class=\"col-9 pl-0 pr-2\">\r\n            <span class=\"gallery-item frame\">\r\n\t\t\t\t<div class=\"galeria-left-img\"><a href=\"https:\/\/semmelweis.hu\/pharmacology\/files\/2024\/03\/BAL8483-scaled.jpg\"><img src=https:\/\/semmelweis.hu\/pharmacology\/files\/2024\/03\/BAL8483-scaled.jpg  \r\n                            alt=\"\" \r\n                            class=\"attachment-sote-gallery-big size-sote-gallery-big\" \r\n                            srcset=\"https:\/\/semmelweis.hu\/pharmacology\/files\/2024\/03\/BAL8483-400x267.jpg 400w, https:\/\/semmelweis.hu\/pharmacology\/files\/2024\/03\/BAL8483-1024x683.jpg 1024w, https:\/\/semmelweis.hu\/pharmacology\/files\/2024\/03\/BAL8483-768x512.jpg 768w, https:\/\/semmelweis.hu\/pharmacology\/files\/2024\/03\/BAL8483-1536x1024.jpg 1536w, https:\/\/semmelweis.hu\/pharmacology\/files\/2024\/03\/BAL8483-2048x1365.jpg 2048w, https:\/\/semmelweis.hu\/pharmacology\/files\/2024\/03\/BAL8483-753x502.jpg 753w, https:\/\/semmelweis.hu\/pharmacology\/files\/2024\/03\/BAL8483-203x135.jpg 203w\" ><\/a><\/div>\r\n            <\/span>\r\n\r\n            <\/div>\r\n\r\n\t\t\t<div class=\"col-3 pl-0 pr-0\">\r\n\t\t\t\t<div class=\"galeria-right-img d-flex justify-content-between flex-column h-100 w-100 px-0 mx-0 \">\r\n                <div class=\"galeria-box\">\r\n\t\t\t\t\t<h3 class=\"galeria-title\">Gal\u00e9ria<\/h3>\r\n\t\t\t\t\t<div class=\"galeria-subtitle\">\r\n\r\n\t\t\t\t\t\t<div class=\"galeria-page-counter\"><span>2<\/span>k\u00e9p<\/div>\r\n                    <\/div> <\/div>\r\n                    <span class=\"gallery-item frame d-none d-md-flex\">\r\n\t\t\t\t\t<div class=\"galeria-small-img mt-0\"><a href=\"https:\/\/semmelweis.hu\/pharmacology\/files\/2024\/03\/BAL8477-scaled.jpg\"><img src=https:\/\/semmelweis.hu\/pharmacology\/files\/2024\/03\/BAL8477-scaled.jpg \r\n                                alt=\"\"  \r\n                                class=\"attachment-sote-gallery-small size-sote-gallery-small\" \r\n                                srcset=\"https:\/\/semmelweis.hu\/pharmacology\/files\/2024\/03\/BAL8477-400x267.jpg 400w, https:\/\/semmelweis.hu\/pharmacology\/files\/2024\/03\/BAL8477-1024x683.jpg 1024w, https:\/\/semmelweis.hu\/pharmacology\/files\/2024\/03\/BAL8477-768x512.jpg 768w, https:\/\/semmelweis.hu\/pharmacology\/files\/2024\/03\/BAL8477-1536x1024.jpg 1536w, https:\/\/semmelweis.hu\/pharmacology\/files\/2024\/03\/BAL8477-2048x1365.jpg 2048w, https:\/\/semmelweis.hu\/pharmacology\/files\/2024\/03\/BAL8477-753x502.jpg 753w, https:\/\/semmelweis.hu\/pharmacology\/files\/2024\/03\/BAL8477-203x135.jpg 203w\" ><\/a><\/div>\r\n                    <\/span>\r\n                    <span class=\"gallery-item frame d-none d-md-flex\">\r\n\t\t\t\t\t<div class=\"galeria-small-img mt-0\"><img src=https:\/\/semmelweis.hu\/pharmacology\/wp-content\/themes\/se18\/dist\/images\/100x100.svg \r\n                                alt=\"\" \r\n                                class=\"attachment-sote-gallery-small size-sote-gallery-small\" \r\n                                srcset=\"\" ><\/div>\r\n                    <\/span>\r\n\r\n                <\/div>\r\n\r\n            <\/div>\r\n\r\n            \r\n            <\/div>\r\n\r\n            [\/slb_exclude]\r\n\t\n<\/div><\/div>\n","protected":false},"excerpt":{"rendered":"<p>A csoport Projektjeir\u0151l \u00e9s tev\u00e9kenys\u00e9geir\u0151l az Al\u00e1bbi oldalak adnak b\u0151vebb t\u00e1j\u00e9koztat\u00e1st: <a href=\"https:\/\/semmelweis.hu\/pharmacology\/en\/research\/bioinformatics-in-systems-biology-and-pharmacovigilance\/unbiased-omics-based-network-theoretic-interactome-analysis-for-drug-target-identification-in-cardiovascular-diseases\/\">Unbiased, omics-based network theoretic interactome analysis for drug target identification in cardiovascular diseases<\/a> <a href=\"https:\/\/semmelweis.hu\/pharmacology\/en\/research\/bioinformatics-in-systems-biology-and-pharmacovigilance\/pharmacovigilance-and-drug-safety-method-development\/\">Pharmacovigilance and drug safety method development<\/a> <a href=\"https:\/\/semmelweis.hu\/pharmacology\/en\/research\/bioinformatics-in-systems-biology-and-pharmacovigilance\/implementation-and-development-of-methods-for-various-problems-in-bioinformatics\/\">Implementation and development of methods for various problems in bioinformatics<\/a> Tov\u00e1bbi inform\u00e1ci\u00f3\u00e9rt vegye fel vel\u00fcnk a kapcsolatot az al\u00e1bbi email c\u00edmen: <a href=\"mailto:bioit.pharma@semmelweis.hu\">bioit.pharma@semmelweis.hu<\/a> , vagy l\u00e9pjen kapcsolatba a konkr\u00e9t csapattagokkal. &nbsp; Munkacsoport-vezet\u0151: <a href=\"https:\/\/semmelweis.hu\/telefonkonyv\/?emp_id=11977\">Dr. \u00c1gg Bence, PhD<\/a> Projekt asszisztens: <a href=\"https:\/\/semmelweis.hu\/telefonkonyv\/?emp_id=20520\">Czak\u00f3 Ariel<\/a> PhD hallgat\u00f3k: <a href=\"https:\/\/semmelweis.hu\/telefonkonyv\/?emp_id=14521\">Dr. P\u00e9terv\u00e1ri M\u00e1ty\u00e1s<\/a> <a href=\"https:\/\/semmelweis.hu\/telefonkonyv\/?emp_id=18885\">Dr. Puhl Eszter<\/a> <a href=\"https:\/\/semmelweis.hu\/telefonkonyv\/?emp_id=15798\">Benczik Bettina<\/a> <a href=\"https:\/\/semmelweis.hu\/telefonkonyv\/?emp_id=15799\">Balogh Oliv\u00e9r<\/a> <a href=\"https:\/\/semmelweis.hu\/telefonkonyv\/?emp_id=21924\">Dr. Marton Szandra<\/a> Dr. Weigl-Kov\u00e1cs Vikt\u00f3ria <a href=\"https:\/\/semmelweis.hu\/telefonkonyv\/?emp_id=22199\">V\u00e1czy-F\u00f6ldi M\u00e1t\u00e9<\/a> Bioinformatikusok: <a href=\"https:\/\/semmelweis.hu\/telefonkonyv\/?emp_id=18880\">Bereczki Zolt\u00e1n<\/a> Dr. Papp Zsolt Tam\u00e1s TDK Students: \u00c1bel Katona (SE \u00c1OK) \u00c1ron Csern\u00e1k (SE \u00c1OK) David-M\u00e1rk Nagy &hellip;<\/p>\n","protected":false},"author":101230,"featured_media":0,"parent":336,"menu_order":6,"comment_status":"closed","ping_status":"closed","template":"","meta":{"_acf_changed":false,"footnotes":""},"categories":[],"tags":[],"class_list":["post-8294","page","type-page","status-publish","hentry"],"acf":[],"_links":{"self":[{"href":"https:\/\/semmelweis.hu\/pharmacology\/wp-json\/wp\/v2\/pages\/8294","targetHints":{"allow":["GET"]}}],"collection":[{"href":"https:\/\/semmelweis.hu\/pharmacology\/wp-json\/wp\/v2\/pages"}],"about":[{"href":"https:\/\/semmelweis.hu\/pharmacology\/wp-json\/wp\/v2\/types\/page"}],"author":[{"embeddable":true,"href":"https:\/\/semmelweis.hu\/pharmacology\/wp-json\/wp\/v2\/users\/101230"}],"replies":[{"embeddable":true,"href":"https:\/\/semmelweis.hu\/pharmacology\/wp-json\/wp\/v2\/comments?post=8294"}],"version-history":[{"count":10,"href":"https:\/\/semmelweis.hu\/pharmacology\/wp-json\/wp\/v2\/pages\/8294\/revisions"}],"predecessor-version":[{"id":14206,"href":"https:\/\/semmelweis.hu\/pharmacology\/wp-json\/wp\/v2\/pages\/8294\/revisions\/14206"}],"up":[{"embeddable":true,"href":"https:\/\/semmelweis.hu\/pharmacology\/wp-json\/wp\/v2\/pages\/336"}],"wp:attachment":[{"href":"https:\/\/semmelweis.hu\/pharmacology\/wp-json\/wp\/v2\/media?parent=8294"}],"wp:term":[{"taxonomy":"category","embeddable":true,"href":"https:\/\/semmelweis.hu\/pharmacology\/wp-json\/wp\/v2\/categories?post=8294"},{"taxonomy":"post_tag","embeddable":true,"href":"https:\/\/semmelweis.hu\/pharmacology\/wp-json\/wp\/v2\/tags?post=8294"}],"curies":[{"name":"wp","href":"https:\/\/api.w.org\/{rel}","templated":true}]}}