{"id":81,"date":"2014-01-21T08:11:58","date_gmt":"2014-01-21T07:11:58","guid":{"rendered":"http:\/\/semmelweis.hu\/pharmacology\/?page_id=81"},"modified":"2024-12-12T09:35:03","modified_gmt":"2024-12-12T08:35:03","slug":"phd-kepzes","status":"publish","type":"page","link":"https:\/\/semmelweis.hu\/pharmacology\/phd-kepzes\/","title":{"rendered":"PhD k\u00e9pz\u00e9s"},"content":{"rendered":"<p><a href=\"https:\/\/semmelweis.hu\/pharmacology\/files\/2021\/08\/phd.png\"><img loading=\"lazy\" decoding=\"async\" class=\"alignright\" src=\"https:\/\/semmelweis.hu\/pharmacology\/files\/2021\/08\/phd-300x207.png\" alt=\"\" width=\"300\" height=\"207\" \/><\/a><\/p>\n<h4>PhD hallgat\u00f3k jelentkez\u00e9s\u00e9t v\u00e1rjuk!<\/h4>\n<div>\n<p>Tudom\u00e1nyos karrierre v\u00e1gysz, melyet szeretn\u00e9l vil\u00e1gsz\u00ednvonal\u00fa kutat\u00e1si k\u00f6rnyezetben elkezdeni? Vagy a k\u00e9s\u0151bbi klinikai el\u0151meneteled szeretn\u00e9d egy tudom\u00e1nyos fokozattal el\u0151seg\u00edteni? Esetleg m\u00e9g nem d\u00f6nt\u00f6tt\u00e9l, hogy elm\u00e9leti kutat\u00f3 vagy klinikus leszel, de egy nemzetk\u00f6zileg elismert PhD fokozat megszerz\u00e9se mindenk\u00e9pp j\u00f3 \u00f6tletnek t\u0171nik?<\/p>\n<p>B\u00e1rmelyik eset is \u00e1ll fenn, \u00e9rdemes megtekintened aktu\u00e1lis PhD kutat\u00e1si t\u00e9m\u00e1inkat (a link alul tal\u00e1lhat\u00f3), melyek a Semmelweis Egyetem Elm\u00e9leti \u00e9s Transzl\u00e1ci\u00f3s Orvostudom\u00e1nyi, Gy\u00f3gyszertudom\u00e1nyi, Szent\u00e1gothai J\u00e1nos Idegtudom\u00e1nyi valamint\u00a0Molekul\u00e1ris Orvostudom\u00e1nyi Doktori Iskol\u00e1iban ker\u00fclnek meghirdet\u00e9sre. Amennyiben valamelyik felkeltette \u00e9rdekl\u0151d\u00e9sed, jelentkezz b\u00e1tran a megfelel\u0151 t\u00e9mavezet\u0151n\u00e9l!<\/p>\n<p>A doktori k\u00e9pz\u00e9s szab\u00e1lyai, form\u00e1i (magyar \u00e1llami \u00f6szt\u00f6nd\u00edjjal t\u00e1mogatott, \u00f6nk\u00f6lts\u00e9ges vagy egy\u00e9ni fokozatszerz\u0151) illetve felv\u00e9teli k\u00f6vetelm\u00e9nyei megtal\u00e1lhat\u00f3ak a Semmelweis Egyetem hat\u00e1lyos Szervezeti \u00e9s M\u0171k\u00f6d\u00e9si Szab\u00e1lyzat\u00e1nak III.3. r\u00e9sz\u00e9ben:<\/p>\n<p><a href=\"https:\/\/semmelweis.hu\/jogigfoig\/files\/2021\/05\/SZMSZ_HKR_III_KONYV_III_3_RESZ_Doktori-Szab%C3%A1lyzat_hatalyos_2021_05_07.pdf\">https:\/\/semmelweis.hu\/jogigfoig\/files\/2021\/05\/SZMSZ_HKR_III_KONYV_III_3_RESZ_Doktori-Szab%C3%A1lyzat_hatalyos_2021_05_07.pdf<\/a><\/p>\n<p>B\u00e1r a doktori k\u00e9pz\u00e9sre alapvet\u0151en egyetemi diplom\u00e1val rendelkez\u0151k jelentkezhetnek, a SE \u00c1OK, FOK, GYTK, ETK \u00e9s EKK tudom\u00e1nyos di\u00e1kk\u00f6r\u00f6s hallgat\u00f3i a gradu\u00e1lis k\u00e9pz\u00e9s utols\u00f3 el\u0151tti \u00e9s utols\u00f3 tan\u00e9v\u00e9ben MD-PhD Kiv\u00e1l\u00f3s\u00e1gi \u00d6szt\u00f6nd\u00edjra is p\u00e1ly\u00e1zhatnak, melynek elnyer\u00e9se eset\u00e9n tudom\u00e1nyos munk\u00e1jukat m\u00e1r a gradu\u00e1lis k\u00e9pz\u00e9s alatt elkezdhetik. A p\u00e1ly\u00e1zati ki\u00edr\u00e1s \u00e9s felt\u00e9telek az al\u00e1bbi linken tekinthet\u0151k meg:<\/p>\n<p><a href=\"https:\/\/semmelweis.hu\/phd\/2021\/08\/04\/md-phd-kivalosagi-osztondij-orvos-fogorvos-gyogyszeresz-es-egeszsegtudomanyi-hallgatok-reszere\/\">https:\/\/semmelweis.hu\/phd\/2021\/08\/04\/md-phd-kivalosagi-osztondij-orvos-fogorvos-gyogyszeresz-es-egeszsegtudomanyi-hallgatok-reszere\/<\/a><\/p>\n<div class=\"keretes w-100\">\n<p><strong>B\u0151vebb t\u00e1j\u00e9koztat\u00e1s\u00e9rt fordulj:<\/strong><\/p>\n<ul style=\"list-style-type: square\">\n<li>int\u00e9zet\u00fcnk PhD felel\u0151s\u00e9hez: Dr. Z\u00e1dori Zolt\u00e1n, egyetemi docens, 56392 mell\u00e9k, zadori.zoltan@semmelweis.hu<\/li>\n<li>int\u00e9zet\u00fcnk PhD felel\u0151s helyettes\u00e9hez: Dr. Giricz Zolt\u00e1n, tudom\u00e1nyos f\u0151munkat\u00e1rs, 56329 mell\u00e9k, <br \/>\nemail: giricz.zoltan@semmelweis.hu<\/li>\n<\/ul>\n<ul style=\"list-style-type: square\">\n<li><a href=\"https:\/\/semmelweis.hu\/pharmacology\/phd-kepzes\/phd-kutatasi-temak\/\">PhD kutat\u00e1si t\u00e9m\u00e1k<\/a><\/li>\n<li><a href=\"https:\/\/semmelweis.hu\/pharmacology\/phd-kepzes\/az-utobbi-evek-doktori-vedesei\/\">Az ut\u00f3bbi \u00e9vek doktori v\u00e9d\u00e9sei<\/a><\/li>\n<\/ul>\n<\/div>\n<\/div>\n","protected":false},"excerpt":{"rendered":"<p><a href=\"https:\/\/semmelweis.hu\/pharmacology\/files\/2021\/08\/phd.png\"><\/a> PhD hallgat\u00f3k jelentkez\u00e9s\u00e9t v\u00e1rjuk! Tudom\u00e1nyos karrierre v\u00e1gysz, melyet szeretn\u00e9l vil\u00e1gsz\u00ednvonal\u00fa kutat\u00e1si k\u00f6rnyezetben elkezdeni? Vagy a k\u00e9s\u0151bbi klinikai el\u0151meneteled szeretn\u00e9d egy tudom\u00e1nyos fokozattal el\u0151seg\u00edteni? Esetleg m\u00e9g nem d\u00f6nt\u00f6tt\u00e9l, hogy elm\u00e9leti kutat\u00f3 vagy klinikus leszel, de egy nemzetk\u00f6zileg elismert PhD fokozat megszerz\u00e9se mindenk\u00e9pp j\u00f3 \u00f6tletnek t\u0171nik? B\u00e1rmelyik eset is \u00e1ll fenn, \u00e9rdemes megtekintened aktu\u00e1lis PhD kutat\u00e1si t\u00e9m\u00e1inkat &hellip;<\/p>\n","protected":false},"author":110,"featured_media":0,"parent":0,"menu_order":5,"comment_status":"closed","ping_status":"closed","template":"","meta":{"_acf_changed":false,"footnotes":""},"categories":[],"tags":[],"class_list":["post-81","page","type-page","status-publish","hentry"],"acf":[],"_links":{"self":[{"href":"https:\/\/semmelweis.hu\/pharmacology\/wp-json\/wp\/v2\/pages\/81","targetHints":{"allow":["GET"]}}],"collection":[{"href":"https:\/\/semmelweis.hu\/pharmacology\/wp-json\/wp\/v2\/pages"}],"about":[{"href":"https:\/\/semmelweis.hu\/pharmacology\/wp-json\/wp\/v2\/types\/page"}],"author":[{"embeddable":true,"href":"https:\/\/semmelweis.hu\/pharmacology\/wp-json\/wp\/v2\/users\/110"}],"replies":[{"embeddable":true,"href":"https:\/\/semmelweis.hu\/pharmacology\/wp-json\/wp\/v2\/comments?post=81"}],"version-history":[{"count":11,"href":"https:\/\/semmelweis.hu\/pharmacology\/wp-json\/wp\/v2\/pages\/81\/revisions"}],"predecessor-version":[{"id":14548,"href":"https:\/\/semmelweis.hu\/pharmacology\/wp-json\/wp\/v2\/pages\/81\/revisions\/14548"}],"wp:attachment":[{"href":"https:\/\/semmelweis.hu\/pharmacology\/wp-json\/wp\/v2\/media?parent=81"}],"wp:term":[{"taxonomy":"category","embeddable":true,"href":"https:\/\/semmelweis.hu\/pharmacology\/wp-json\/wp\/v2\/categories?post=81"},{"taxonomy":"post_tag","embeddable":true,"href":"https:\/\/semmelweis.hu\/pharmacology\/wp-json\/wp\/v2\/tags?post=81"}],"curies":[{"name":"wp","href":"https:\/\/api.w.org\/{rel}","templated":true}]}}