{"id":78,"date":"2014-01-21T08:10:51","date_gmt":"2014-01-21T07:10:51","guid":{"rendered":"http:\/\/semmelweis.hu\/pharmacology\/?page_id=78"},"modified":"2024-12-12T09:36:05","modified_gmt":"2024-12-12T08:36:05","slug":"tdk","status":"publish","type":"page","link":"https:\/\/semmelweis.hu\/pharmacology\/tdk\/","title":{"rendered":"TDK munka"},"content":{"rendered":"<blockquote>\n<p>&#8222;A hallgat\u00f3k tudom\u00e1nyos k\u00e9pz\u00e9s\u00e9t, \u00e9s ezzel az ut\u00e1np\u00f3tl\u00e1s nevel\u00e9s\u00e9t, kiemelt feladatunknak tekintj\u00fck.&#8221;<\/p>\n<\/blockquote>\n<p>Int\u00e9zet\u00fcnkben <a href=\"https:\/\/semmelweis.hu\/pharmacology\/a-tdk-konferencian-dijazott-tdk-hallgatoink-nevsora-es-eloadasaik-cime\/\">akt\u00edv \u00e9s sikeres tudom\u00e1nyos di\u00e1kk\u00f6ri munka<\/a> folyik. <a href=\"https:\/\/semmelweis.hu\/pharmacology\/kutatas\/\">Kutat\u00f3csoportjaink<\/a> folyamatosan v\u00e1rj\u00e1k olyan motiv\u00e1lt \u00e9s agilis hallgat\u00f3k jelentkez\u00e9s\u00e9t, akik szeretn\u00e9nek megismerkedni a kutat\u00e1ssal, sz\u00edvesen tanuln\u00e1nak \u00faj \u00e9s izgalmas m\u00f3dszereket, \u00e9s akik akt\u00edvan r\u00e9szt venn\u00e9nek vil\u00e1gsz\u00ednvonal\u00fa kutat\u00e1si projektjeinkben. A TDK munk\u00e1ban val\u00f3 r\u00e9szv\u00e9tel ezen k\u00edv\u00fcl fejleszti a probl\u00e9mamegold\u00f3 k\u00e9pess\u00e9get, seg\u00edt a rendszerszeml\u00e9let kialak\u00edt\u00e1s\u00e1ban, \u00e9s megteremti egy esetleges k\u00e9s\u0151bbi PhD k\u00e9pz\u00e9sben val\u00f3 r\u00e9szv\u00e9tel el\u0151felt\u00e9teleit. (A PhD megszerz\u00e9se nemcsak az elm\u00e9leti karrierben n\u00e9lk\u00fcl\u00f6zhetetlen, de a klinikai \u00e1ll\u00e1sp\u00e1ly\u00e1zatokban is el\u0151nyt jelent.) Az Int\u00e9zet\u00fcnkben kitart\u00f3an dolgoz\u00f3 hallgat\u00f3k indulhatnak hallgat\u00f3i tudom\u00e1nyos konferenci\u00e1kon (<a href=\"https:\/\/semmelweis.hu\/pharmacology\/a-tdk-konferencian-dijazott-tdk-hallgatoink-nevsora-es-eloadasaik-cime\/\">TDK<\/a>, OTDK, Kor\u00e1nyi konferencia, nemzetk\u00f6zi TDK konferenci\u00e1k) r\u00e9szt vehetnek nemzetk\u00f6zi ny\u00e1ri egyetemeken, \u00e9s sikeres farmakol\u00f3gia vizsga ut\u00e1n <a href=\"https:\/\/semmelweis.hu\/pharmacology\/a-farmakologiai-intezet-demonstratorai\/\">demonstr\u00e1tori kinevez\u00e9st<\/a> is kaphatnak.<\/p>\n<p>Az int\u00e9zet\u00fcnkben foly\u00f3 sz\u00ednvonalas kutat\u00f3munk\u00e1ba di\u00e1kk\u00f6r\u00f6seinket t\u00f6bb szinten is bevonjuk. A k\u00eds\u00e9rletes munk\u00e1n t\u00fal akt\u00edvan r\u00e9szt vesznek a szakmai megbesz\u00e9l\u00e9seken. Minden f\u00e9l\u00e9vben megszervezz\u00fck a &#8222;Bevezet\u00e9s a farmakol\u00f3giai kutat\u00e1sokba\u201d c\u00edm\u0171 szabadon v\u00e1laszthat\u00f3 angol nyelv\u0171 kurzusunkat (\u201cScience Club\u201d, AOSFRM919_1A). Ezen di\u00e1kk\u00f6r\u00f6seink a PhD hallgat\u00f3kkal egy\u00fctt b\u0151v\u00edthetik szakmai ismereteiket, angol nyelvtud\u00e1sukat \u00e9s el\u0151ad\u00f3i k\u00e9szs\u00e9g\u00fcket. Mindez k\u00e9s\u0151bbi szakmai karrierj\u00fck sor\u00e1n hasznos\u00edthat\u00f3 el\u0151ny\u00f6kh\u00f6z juttatja \u0151ket.<\/p>\n<p>Tekintettel arra, hogy projektjeink ambici\u00f3zusak \u00e9s nagy kih\u00edv\u00e1st jelentenek, \u00e1ltal\u00e1ban 3-4 szemeszternyi TDK munka ut\u00e1n hasznosul igaz\u00e1n a befektetett energia (TDK el\u0151ad\u00e1s, tudom\u00e1nyos k\u00f6zlem\u00e9ny, kongresszusi r\u00e9szv\u00e9tel). Ez\u00e9rt k\u00f6z\u00f6s \u00e9rdek\u00fcnk, hogy leend\u0151 di\u00e1kk\u0151r\u00f6seink min\u00e9l hamarabb, lehet\u0151leg m\u00e1r III. \u00e9ves korukban vagy el\u0151bb jelentkezzenek n\u00e1lunk. A jelentkez\u00e9sn\u00e9l el\u0151nyt \u00e9lveznek a j\u00f3 tanulm\u00e1nyi eredm\u00e9nnyel rendelkez\u0151 hallgat\u00f3k.<\/p>\n<p>B\u00e1rki, akinek az \u00e9rdekl\u0151d\u00e9s\u00e9t felkeltett\u00fck, minden elk\u00f6telez\u0151d\u00e9s n\u00e9lk\u00fcl r\u00e9szt vehet egy-egy Science Clubon \u00e9s szem\u00e9lyes benyom\u00e1st szerezhet az itt foly\u00f3 munk\u00e1r\u00f3l. K\u00fcl\u00f6n\u00f6sen alkalmas erre kutat\u00f3csoportjaink bemutatkoz\u00f3 el\u0151ad\u00e1sa, amelyet minden tan\u00e9v kezdet\u00e9n megtartunk.<\/p>\n<p><strong>Jelentkezni a tansz\u00e9k TDK \u00e9s PhD felel\u0151s\u00e9n\u00e9l, Dr. Z\u00e1dori Zolt\u00e1nn\u00e1l (zadori.zoltan@semmelweis.hu) vagy helyettes\u00e9n\u00e9l Dr. Giricz Zolt\u00e1nnal lehet (giricz.zoltan@semmelweis.hu).<\/strong><\/p>\n<ul>\n<li><a href=\"https:\/\/semmelweis.hu\/pharmacology\/files\/2016\/10\/pubmed_search_en_20161018.pdf\">How to use Pubmed effectively: a concise guide for students<\/a><\/li>\n<li><a href=\"https:\/\/semmelweis.hu\/pharmacology\/files\/2017\/10\/RiskAssessmentinAnimalExperiments.pdf\">Risk assessment and management in animal experiments<\/a><\/li>\n<\/ul>\n","protected":false},"excerpt":{"rendered":"<p>&#8222;A hallgat\u00f3k tudom\u00e1nyos k\u00e9pz\u00e9s\u00e9t, \u00e9s ezzel az ut\u00e1np\u00f3tl\u00e1s nevel\u00e9s\u00e9t, kiemelt feladatunknak tekintj\u00fck.&#8221; Int\u00e9zet\u00fcnkben <a href=\"https:\/\/semmelweis.hu\/pharmacology\/a-tdk-konferencian-dijazott-tdk-hallgatoink-nevsora-es-eloadasaik-cime\/\">akt\u00edv \u00e9s sikeres tudom\u00e1nyos di\u00e1kk\u00f6ri munka<\/a> folyik. <a href=\"https:\/\/semmelweis.hu\/pharmacology\/kutatas\/\">Kutat\u00f3csoportjaink<\/a> folyamatosan v\u00e1rj\u00e1k olyan motiv\u00e1lt \u00e9s agilis hallgat\u00f3k jelentkez\u00e9s\u00e9t, akik szeretn\u00e9nek megismerkedni a kutat\u00e1ssal, sz\u00edvesen tanuln\u00e1nak \u00faj \u00e9s izgalmas m\u00f3dszereket, \u00e9s akik akt\u00edvan r\u00e9szt venn\u00e9nek vil\u00e1gsz\u00ednvonal\u00fa kutat\u00e1si projektjeinkben. A TDK munk\u00e1ban val\u00f3 r\u00e9szv\u00e9tel ezen k\u00edv\u00fcl fejleszti a probl\u00e9mamegold\u00f3 k\u00e9pess\u00e9get, seg\u00edt a rendszerszeml\u00e9let &hellip;<\/p>\n","protected":false},"author":110,"featured_media":0,"parent":0,"menu_order":4,"comment_status":"closed","ping_status":"closed","template":"","meta":{"_acf_changed":false,"footnotes":""},"categories":[],"tags":[],"class_list":["post-78","page","type-page","status-publish","hentry"],"acf":[],"_links":{"self":[{"href":"https:\/\/semmelweis.hu\/pharmacology\/wp-json\/wp\/v2\/pages\/78","targetHints":{"allow":["GET"]}}],"collection":[{"href":"https:\/\/semmelweis.hu\/pharmacology\/wp-json\/wp\/v2\/pages"}],"about":[{"href":"https:\/\/semmelweis.hu\/pharmacology\/wp-json\/wp\/v2\/types\/page"}],"author":[{"embeddable":true,"href":"https:\/\/semmelweis.hu\/pharmacology\/wp-json\/wp\/v2\/users\/110"}],"replies":[{"embeddable":true,"href":"https:\/\/semmelweis.hu\/pharmacology\/wp-json\/wp\/v2\/comments?post=78"}],"version-history":[{"count":13,"href":"https:\/\/semmelweis.hu\/pharmacology\/wp-json\/wp\/v2\/pages\/78\/revisions"}],"predecessor-version":[{"id":14550,"href":"https:\/\/semmelweis.hu\/pharmacology\/wp-json\/wp\/v2\/pages\/78\/revisions\/14550"}],"wp:attachment":[{"href":"https:\/\/semmelweis.hu\/pharmacology\/wp-json\/wp\/v2\/media?parent=78"}],"wp:term":[{"taxonomy":"category","embeddable":true,"href":"https:\/\/semmelweis.hu\/pharmacology\/wp-json\/wp\/v2\/categories?post=78"},{"taxonomy":"post_tag","embeddable":true,"href":"https:\/\/semmelweis.hu\/pharmacology\/wp-json\/wp\/v2\/tags?post=78"}],"curies":[{"name":"wp","href":"https:\/\/api.w.org\/{rel}","templated":true}]}}