{"id":778,"date":"2014-03-11T08:16:17","date_gmt":"2014-03-11T08:16:17","guid":{"rendered":"http:\/\/semmelweis.hu\/pharmacology\/?page_id=778"},"modified":"2026-04-08T14:55:07","modified_gmt":"2026-04-08T12:55:07","slug":"staff","status":"publish","type":"page","link":"https:\/\/semmelweis.hu\/pharmacology\/en\/about-us\/staff\/","title":{"rendered":"Staff"},"content":{"rendered":"<h4><strong>Head of Department:<\/strong><\/h4>\n<p><a href=\"https:\/\/semmelweis.hu\/english\/phonebook\/?emp_id=7906\">P\u00e9ter Ferdinandy<\/a>, MD, PhD, DSc, MBA<br \/>\nVice-Rector for Science and Innovations<br \/>\nPresident of the International Society for Heart Research European Section<\/p>\n<h4><strong>Professor emeritus:<\/strong><\/h4>\n<p><a href=\"https:\/\/semmelweis.hu\/english\/phonebook\/?emp_id=1934\">Zsuzsanna F\u00fcrst<\/a>, MD, PhD, DSc<br \/>\nPresident of Health Science Council, Committee on Clinical Pharmacology (ETT KFEB)<br \/>\nFormer president of\u00a0Hungarian Society\u00a0for Experimental and Clinical\u00a0Pharmacology<br \/>\n<a href=\"https:\/\/semmelweis.hu\/english\/phonebook\/?emp_id=1936\">Kl\u00e1ra Gyires,<\/a> MD, PhD, DSc<br \/>\nVizi E. Szilveszter, MD, PhD, DSc<br \/>\nOrdinary member of the Hungarian Academy of Sciences<br \/>\nFormer president of the Hungarian Academy of Sciences<br \/>\nPresident of the Hungarian Atlantic Council<\/p>\n<h4><strong>RESEARCH professor:<\/strong><\/h4>\n<p><a href=\"https:\/\/semmelweis.hu\/english\/phonebook\/?emp_id=10510\" target=\"_blank\" rel=\"noopener noreferrer\">Zolt\u00e1n Giricz<\/a>, PharmD, PhD, Deputy director of scientific infrastructure<\/p>\n<h4><strong>Full professor:<\/strong><\/h4>\n<p><a href=\"https:\/\/semmelweis.hu\/english\/phonebook\/?emp_id=11539\">Anik\u00f3 G\u00f6rbe<\/a>,\u00a0MD, PhD<\/p>\n<h4><strong>Associate professor:<\/strong><\/h4>\n<p><a href=\"https:\/\/semmelweis.hu\/english\/phonebook\/?emp_id=1933\">Mahmoud Al-Khrasani<\/a>, PharmD, PhD<br \/>\n<a href=\"https:\/\/semmelweis.hu\/english\/phonebook\/?emp_id=1950\">Korn\u00e9l P\u00e9ter Kir\u00e1ly<\/a>, MD, PhD<br \/>\n<a href=\"https:\/\/semmelweis.hu\/english\/phonebook\/?emp_id=1941\">P\u00e1l Riba<\/a>, MD, PhD<br \/>\n<a href=\"https:\/\/semmelweis.hu\/english\/phonebook\/?emp_id=10509\">Zolt\u00e1n Varga<\/a>, MD, PhD<br \/>\n<a href=\"https:\/\/semmelweis.hu\/english\/phonebook\/?emp_id=2004\">Zolt\u00e1n Z\u00e1dori<\/a>,\u00a0MD, PhD<\/p>\n<h4><strong>Assistant professor:<\/strong><\/h4>\n<p><a href=\"https:\/\/semmelweis.hu\/english\/phonebook\/?emp_id=11977\">Bence \u00c1gg<\/a>, MD, PhD<br \/>\n<a href=\"https:\/\/semmelweis.hu\/english\/phonebook\/?emp_id=12953\">Zs\u00f3fia Guly\u00e1s-On\u00f3di<\/a>,\u00a0MD, PhD<br \/>\n<a href=\"https:\/\/semmelweis.hu\/english\/phonebook\/?emp_id=18883\">Tam\u00e1s Gergely<\/a>, MD, PhD<br \/>\n<a href=\"https:\/\/semmelweis.hu\/english\/phonebook\/?emp_id=10514\" target=\"_blank\" rel=\"noopener noreferrer\">Aliz Judit Ernyey<\/a>, PhD<br \/>\n<a href=\"https:\/\/semmelweis.hu\/english\/phonebook\/?emp_id=6354\">Erzs\u00e9bet Kat\u00f3<\/a>, MD, PhD<br \/>\n<a href=\"https:\/\/semmelweis.hu\/english\/phonebook\/?emp_id=24106\">Zolt\u00e1n M\u00e1rton K\u00f6hler<\/a>, PhD<br \/>\n<a href=\"https:\/\/semmelweis.hu\/english\/phonebook\/?emp_id=11976\">Andr\u00e1s Makkos<\/a>, MD, PhD<br \/>\n<a href=\"https:\/\/semmelweis.hu\/english\/phonebook\/?emp_id=21735\" target=\"_blank\" rel=\"noopener\">Ren\u00e1ta Papp<\/a>, MD, PhD<br \/>\n<a href=\"https:\/\/semmelweis.hu\/english\/phonebook\/?emp_id=24964\" target=\"_blank\" rel=\"noopener\">Melinda Sobor<\/a>, MD, PhD<\/p>\n<h4><strong>Senior research associate:<\/strong><\/h4>\n<p><a href=\"https:\/\/semmelweis.hu\/english\/phonebook\/?emp_id=10511\" target=\"_blank\" rel=\"noopener\">Istv\u00e1n Gyerty\u00e1n<\/a>, PhD<br \/>\n<a href=\"https:\/\/semmelweis.hu\/english\/phonebook\/?emp_id=21046\" target=\"_blank\" rel=\"noopener\">Nzha Hamdani<\/a>, PhD<br \/>\n<a href=\"https:\/\/semmelweis.hu\/english\/phonebook\/?emp_id=26440\" target=\"_blank\" rel=\"noopener\">Csilla Laczka<\/a>, PhD<br \/>\nPet\u00e1k Istv\u00e1n, PhD<\/p>\n<h4><strong>RESEARCH ASSOCIATE:<\/strong><\/h4>\n<p><span style=\"font-size: 1rem\"><a href=\"https:\/\/semmelweis.hu\/english\/phonebook\/?emp_id=15789\">Csenger Kov\u00e1csh\u00e1zi<\/a><\/span><br \/>\n<a href=\"https:\/\/semmelweis.hu\/english\/phonebook\/?emp_id=20088\">G\u00e1bor <span style=\"font-size: 1rem\">M\u00f3rotz<\/span><\/a>, <span style=\"font-size: 1rem\">PharmD, <\/span><span style=\"font-size: 1rem\">PhD<\/span><span style=\"font-size: 1rem\"><br \/>\n<a href=\"https:\/\/semmelweis.hu\/english\/phonebook\/?emp_id=21925\">Lilla Szab\u00f3<\/a>, PharmD, PhD<br \/>\n<a href=\"https:\/\/semmelweis.hu\/english\/phonebook\/?emp_id=14782\" target=\"_blank\" rel=\"noopener\">Vikt\u00f3ria T\u00f3th<\/a>, PharmD, PhD<br \/>\n<\/span><span style=\"font-size: 1rem\"><a href=\"https:\/\/semmelweis.hu\/english\/phonebook\/?emp_id=21922\">Gerda Gabriella<\/a><a href=\"https:\/\/semmelweis.hu\/english\/phonebook\/?emp_id=21922\"> Wachtl<\/a>, PharmD, PhD<br \/>\n<\/span><\/p>\n<h4><strong>RESEARCHer:<\/strong><\/h4>\n<p><span style=\"font-size: 1rem\"><a href=\"https:\/\/semmelweis.hu\/english\/phonebook\/?emp_id=22984\">Anna Gelencs\u00e9rn\u00e9 Kulin<\/a>, PhD<\/span><span style=\"font-size: 1rem\"><br \/>\n<a href=\"https:\/\/semmelweis.hu\/english\/phonebook\/?emp_id=15800\" target=\"_blank\" rel=\"noopener\">Szabolcs Hambalk\u00f3<\/a><\/span><br \/>\n<a href=\"https:\/\/semmelweis.hu\/english\/phonebook\/?emp_id=19825\">Tam\u00e1s Kov\u00e1cs<\/a><br \/>\n<a href=\"https:\/\/semmelweis.hu\/english\/phonebook\/?emp_id=25646\">Anand Ramalingam<\/a>, PhD<br \/>\n<a href=\"https:\/\/semmelweis.hu\/english\/phonebook\/?emp_id=21659\">Orsolya Somogyi<\/a>, PhD<\/p>\n<h4><strong>Bioinformatician:<\/strong><\/h4>\n<p><a href=\"https:\/\/semmelweis.hu\/english\/phonebook\/?emp_id=18880\">Zolt\u00e1n Bereczki<\/a><br \/>\n<a href=\"https:\/\/semmelweis.hu\/english\/phonebook\/?emp_id=24676\">D\u00f3ra Bihary<\/a><br \/>\nDr. Zsolt Tam\u00e1s Papp<br \/>\nM\u00e1rton Makai<\/p>\n<h4><strong>Bioinformatics assistant:<\/strong><\/h4>\n<p style=\"text-align: justify\"><a href=\"https:\/\/semmelweis.hu\/english\/phonebook\/?emp_id=20520\">Ariel Czak\u00f3<\/a><\/p>\n<h4><strong>Retired lecturers:<\/strong><\/h4>\n<p><a href=\"https:\/\/semmelweis.hu\/english\/phonebook\/?emp_id=1955\">L\u00e1szl\u00f3 G. H\u00e1rsing<\/a>, MD, PhD, DSc<br \/>\n<a href=\"https:\/\/semmelweis.hu\/english\/phonebook\/?emp_id=1937\">Huba Kal\u00e1sz<\/a>, PhD, DSc<br \/>\n<a href=\"https:\/\/semmelweis.hu\/english\/phonebook\/?emp_id=1939\">S\u00e1ndor Kerpel-Fronius<\/a>, MD, PhD, DSc<br \/>\n<a href=\"https:\/\/semmelweis.hu\/english\/phonebook\/?emp_id=1944\">Ildik\u00f3 Miklya<\/a>, PharmD, PhD<br \/>\n<a href=\"https:\/\/semmelweis.hu\/english\/phonebook\/?emp_id=1943\">J\u00falia T\u00edm\u00e1r (Adr\u00e1sn\u00e9 Dem\u00e9ny)<\/a>, PhD<\/p>\n<h4><strong>Ph.D. student:<\/strong><\/h4>\n<p><a href=\"https:\/\/semmelweis.hu\/english\/phonebook\/?emp_id=22517\">Ayham Raed Noor Alhaddad<\/a><br \/>\n<a href=\"https:\/\/semmelweis.hu\/english\/phonebook\/?emp_id=25645\">Yavuz Artuner<\/a><br \/>\n<a href=\"https:\/\/semmelweis.hu\/english\/phonebook\/?emp_id=15799\">Oliv\u00e9r M\u00e1rton Balogh<\/a><br \/>\n<a href=\"https:\/\/semmelweis.hu\/english\/phonebook\/?emp_id=15798\">Bettina Benczik<\/a><br \/>\n<a href=\"https:\/\/semmelweis.hu\/english\/phonebook\/?emp_id=24123\">Imre Boldizs\u00e1r<\/a>, MD<br \/>\nYashar Chalabiani<br \/>\n<a href=\"https:\/\/semmelweis.hu\/english\/phonebook\/?emp_id=18879\">Zsuzsanna Demeter<\/a><br \/>\n<a href=\"https:\/\/semmelweis.hu\/english\/phonebook\/?emp_id=24104\">Erika Farkas<\/a><br \/>\n<a href=\"https:\/\/semmelweis.hu\/english\/phonebook\/?emp_id=22522\">Arezzo Haghighi<\/a><br \/>\n<a href=\"https:\/\/semmelweis.hu\/english\/phonebook\/?emp_id=21740\">Zsombor Heged\u0171s<\/a><br \/>\n<span style=\"font-size: 1rem\"><a href=\"https:\/\/semmelweis.hu\/english\/phonebook\/?emp_id=21920\">M\u00e1rk Jakab<\/a>, MD<\/span><br \/>\n<a href=\"https:\/\/semmelweis.hu\/english\/phonebook\/?emp_id=22520\">Sarah Kadim<\/a><br \/>\n<a href=\"https:\/\/semmelweis.hu\/english\/phonebook\/?emp_id=21926\">D\u00f3ra Karolina Kapui<\/a><br \/>\n<a href=\"https:\/\/semmelweis.hu\/english\/phonebook\/?emp_id=21252\">M\u00e1rton Kocsis<\/a><br \/>\n<a href=\"https:\/\/semmelweis.hu\/english\/phonebook\/?emp_id=20090\">Angelique Larose<\/a><br \/>\nSandra Marouf<br \/>\n<a href=\"https:\/\/semmelweis.hu\/english\/phonebook\/?emp_id=14236\">Regina Norma Nagy<\/a><br \/>\n<a href=\"https:\/\/semmelweis.hu\/english\/phonebook\/?emp_id=14521\">M\u00e1ty\u00e1s P\u00e9terv\u00e1ri<\/a>, MD<br \/>\n<a href=\"https:\/\/semmelweis.hu\/english\/phonebook\/?emp_id=22983\">Levente Pr\u00e1cser<\/a>, MD<br \/>\n<a href=\"https:\/\/semmelweis.hu\/english\/phonebook\/?emp_id=22515\">Rich\u00e1rd R\u00e1cz<\/a><br \/>\n<a href=\"https:\/\/semmelweis.hu\/english\/phonebook\/?emp_id=18882\">Viktor Nabil Sayour<\/a>, MD<br \/>\nB\u00e1lint Soha, MD<br \/>\n<a href=\"https:\/\/semmelweis.hu\/english\/phonebook\/?emp_id=25644\">Art\u00far T\u00f3th<\/a><br \/>\n<a href=\"https:\/\/semmelweis.hu\/english\/phonebook\/?emp_id=18886\">Bence Tam\u00e1s Varga<\/a><br \/>\n<a href=\"https:\/\/semmelweis.hu\/english\/phonebook\/?emp_id=22199\">M\u00e1t\u00e9 V\u00e1czy-F\u00f6ldi<\/a><br \/>\n<a href=\"https:\/\/semmelweis.hu\/english\/phonebook\/?emp_id=21947\">Bennet Weber<\/a>, MD<br \/>\n<a href=\"https:\/\/semmelweis.hu\/english\/phonebook\/?emp_id=24107\">Vikt\u00f3ria Weigl-Kov\u00e1cs<\/a>, MD<br \/>\n<a href=\"https:\/\/semmelweis.hu\/english\/phonebook\/?emp_id=24110\">Anna Zsidai<\/a><\/p>\n<h4><strong>Teaching assistant:<\/strong><\/h4>\n<p><a href=\"https:\/\/semmelweis.hu\/english\/phonebook\/?emp_id=24122\">Dinya Mariann<\/a>, MD<br \/>\n<a href=\"https:\/\/semmelweis.hu\/english\/phonebook\/?emp_id=22518\">Zsolt Sipos<\/a>, PhD<\/p>\n<h4><strong>Chief financial assistant:<\/strong><\/h4>\n<p><a href=\"https:\/\/semmelweis.hu\/english\/phonebook\/?emp_id=20519\">Gy\u00f6rgy L\u00e9n\u00e1rt<\/a><\/p>\n<h4><strong>Financial assistant:<\/strong><\/h4>\n<p><a href=\"https:\/\/semmelweis.hu\/english\/phonebook\/?emp_id=18864\">T\u00edmea Bazs\u00f3n\u00e9 Kereszti<\/a><br \/>\n<a href=\"https:\/\/semmelweis.hu\/english\/phonebook\/?emp_id=21044\">Andrea Szalma<\/a><\/p>\n<h4><strong>HR assistant:<\/strong><\/h4>\n<p><a href=\"https:\/\/semmelweis.hu\/english\/phonebook\/?emp_id=25181\">P\u00e1lma Lea Matk\u00f3<\/a><\/p>\n<h4><strong>Office manager:<\/strong><\/h4>\n<p><a href=\"https:\/\/semmelweis.hu\/english\/phonebook\/?emp_id=18860\">M\u00e1rta Gabriella Szab\u00f3<\/a><\/p>\n<h4><strong>Education officer:<\/strong><\/h4>\n<p><a href=\"https:\/\/semmelweis.hu\/english\/phonebook\/?emp_id=24962\">Mih\u00e1ly Cs\u00e1nyi<\/a><\/p>\n<h4 id=\"tw-target-text\" class=\"tw-data-text tw-text-large tw-ta\" data-placeholder=\"Ford\u00edt\u00e1s\"><strong><span class=\"Y2IQFc\" lang=\"en\">Project manager:<\/span><\/strong><\/h4>\n<p><a href=\"https:\/\/semmelweis.hu\/english\/phonebook\/?emp_id=24503\">M\u00e1rton T\u0151ke<\/a><\/p>\n<h4><strong>Informatician:<\/strong><\/h4>\n<p><a href=\"https:\/\/semmelweis.hu\/english\/phonebook\/?emp_id=24506\">Zolt\u00e1n Feh\u00e9r<\/a><br \/>\n<a href=\"https:\/\/semmelweis.hu\/english\/phonebook\/?emp_id=1574\">Zsolt J\u00f3n\u00e1s<\/a><\/p>\n<h4><strong>Technician:<\/strong><\/h4>\n<p><a href=\"https:\/\/semmelweis.hu\/english\/phonebook\/?emp_id=1948\">Antal Guly\u00e1s<\/a><\/p>\n<h4><strong>Laboratory assistant:<\/strong><\/h4>\n<p><a href=\"https:\/\/semmelweis.hu\/english\/phonebook\/?emp_id=26443\" target=\"_blank\" rel=\"noopener\">Eszter B\u00e9k\u00e9si<\/a><br \/>\n<a href=\"https:\/\/semmelweis.hu\/english\/phonebook\/?emp_id=22513\">Ferhat Elci<\/a><br \/>\n<a href=\"https:\/\/semmelweis.hu\/english\/phonebook\/?emp_id=25368\">Szabolcs Farkas<\/a><br \/>\nFanni Fazekas<br \/>\n<a href=\"https:\/\/semmelweis.hu\/english\/phonebook\/?emp_id=25367\">Bogl\u00e1rka Frank\u00f3<\/a><br \/>\n<a href=\"https:\/\/semmelweis.hu\/english\/phonebook\/?emp_id=26444\" target=\"_blank\" rel=\"noopener\">Zolt\u00e1n Guly\u00e1s<\/a><br \/>\n<a href=\"https:\/\/semmelweis.hu\/english\/phonebook\/?emp_id=14235\">L\u00e1szl\u00f3 Horv\u00e1th<\/a><br \/>\n<a href=\"https:\/\/semmelweis.hu\/english\/phonebook\/?emp_id=26446\" target=\"_blank\" rel=\"noopener\">Teresa Hung<\/a><br \/>\n<a href=\"https:\/\/semmelweis.hu\/english\/phonebook\/?emp_id=24105\">B\u00e1lint S\u00e1muel Jenei<\/a><br \/>\n<a href=\"https:\/\/semmelweis.hu\/english\/phonebook\/?emp_id=14239\">Andrea Kov\u00e1cs<\/a><span style=\"font-size: 1rem\"><br \/>\n<\/span><a href=\"https:\/\/semmelweis.hu\/english\/phonebook\/?emp_id=11044\" target=\"_blank\" rel=\"noopener noreferrer\">T\u00fcnde Petrovics<\/a><br \/>\n<a href=\"https:\/\/semmelweis.hu\/english\/phonebook\/?emp_id=22985\">Orsolya Szalai<\/a><br \/>\nN\u00f3ra Wagner<br \/>\n<a href=\"https:\/\/semmelweis.hu\/english\/phonebook\/?emp_id=20518\">S\u00e1ndor Zsidai<\/a><\/p>\n<h4><strong>Animal caretaker:<\/strong><\/h4>\n<p><a href=\"https:\/\/semmelweis.hu\/english\/phonebook\/?emp_id=7658\">Ildik\u00f3 Csontos Kerekesn\u00e9<\/a><br \/>\n<a href=\"https:\/\/semmelweis.hu\/english\/phonebook\/?emp_id=1953\">Ildik\u00f3 Kraft<\/a><\/p>\n","protected":false},"excerpt":{"rendered":"<p>Head of Department: <a href=\"https:\/\/semmelweis.hu\/english\/phonebook\/?emp_id=7906\">P\u00e9ter Ferdinandy<\/a> , MD, PhD, DSc, MBA Vice-Rector for Science and Innovations President of the International Society for Heart Research European Section Professor emeritus: <a href=\"https:\/\/semmelweis.hu\/english\/phonebook\/?emp_id=1934\">Zsuzsanna F\u00fcrst<\/a> , MD, PhD, DSc President of Health Science Council, Committee on Clinical Pharmacology (ETT KFEB) Former president of\u00a0Hungarian Society\u00a0for Experimental and Clinical\u00a0Pharmacology <a href=\"https:\/\/semmelweis.hu\/english\/phonebook\/?emp_id=1936\">Kl\u00e1ra Gyires,<\/a> MD, PhD, DSc Vizi E. Szilveszter, MD, PhD, &hellip;<\/p>\n","protected":false},"author":110,"featured_media":0,"parent":3381,"menu_order":2,"comment_status":"closed","ping_status":"closed","template":"","meta":{"_acf_changed":false,"footnotes":""},"categories":[],"tags":[],"class_list":["post-778","page","type-page","status-publish","hentry"],"acf":[],"_links":{"self":[{"href":"https:\/\/semmelweis.hu\/pharmacology\/wp-json\/wp\/v2\/pages\/778","targetHints":{"allow":["GET"]}}],"collection":[{"href":"https:\/\/semmelweis.hu\/pharmacology\/wp-json\/wp\/v2\/pages"}],"about":[{"href":"https:\/\/semmelweis.hu\/pharmacology\/wp-json\/wp\/v2\/types\/page"}],"author":[{"embeddable":true,"href":"https:\/\/semmelweis.hu\/pharmacology\/wp-json\/wp\/v2\/users\/110"}],"replies":[{"embeddable":true,"href":"https:\/\/semmelweis.hu\/pharmacology\/wp-json\/wp\/v2\/comments?post=778"}],"version-history":[{"count":15,"href":"https:\/\/semmelweis.hu\/pharmacology\/wp-json\/wp\/v2\/pages\/778\/revisions"}],"predecessor-version":[{"id":15745,"href":"https:\/\/semmelweis.hu\/pharmacology\/wp-json\/wp\/v2\/pages\/778\/revisions\/15745"}],"up":[{"embeddable":true,"href":"https:\/\/semmelweis.hu\/pharmacology\/wp-json\/wp\/v2\/pages\/3381"}],"wp:attachment":[{"href":"https:\/\/semmelweis.hu\/pharmacology\/wp-json\/wp\/v2\/media?parent=778"}],"wp:term":[{"taxonomy":"category","embeddable":true,"href":"https:\/\/semmelweis.hu\/pharmacology\/wp-json\/wp\/v2\/categories?post=778"},{"taxonomy":"post_tag","embeddable":true,"href":"https:\/\/semmelweis.hu\/pharmacology\/wp-json\/wp\/v2\/tags?post=778"}],"curies":[{"name":"wp","href":"https:\/\/api.w.org\/{rel}","templated":true}]}}