{"id":768,"date":"2014-03-10T13:55:41","date_gmt":"2014-03-10T13:55:41","guid":{"rendered":"http:\/\/semmelweis.hu\/pharmacology\/?page_id=768"},"modified":"2022-09-26T12:05:35","modified_gmt":"2022-09-26T10:05:35","slug":"history-of-department-of-pharmacology-2","status":"publish","type":"page","link":"https:\/\/semmelweis.hu\/pharmacology\/en\/about-us\/history-of-department-of-pharmacology-2\/","title":{"rendered":"History of Department of Pharmacology"},"content":{"rendered":"<p>The first independent Hungarian Department of Pharmacology was founded in 1872 in Pest, not long after the establishment of other Pharmacological Departments at foreign universities. Previously, Pharmacology had been taught in the frame of Physiology and later in Pathology. The Department moved to \u00dcll\u0151i Street 26 in the academic year of 1884\/85, where it continued its teaching and research activities for nearly 100 years. In 1978 it moved to its present place, into the new theoretical block of Semmelweis University (NET building), in which it is located on the 3rd-5th floors. In 1999 the name of the Department changed to the Department of Pharmacology and Pharmacotherapy which refers to its extended profile.<br \/>\nThe current head of the Department is Peter Ferdinandy. Former directors: K\u00e1lm\u00e1n Balogh (1871-1889), \u00c1rp\u00e1d B\u00f3kai (B\u00f3kay) (1890-1919), Zolt\u00e1n V\u00e1mossy (1919-1939), B\u00e9la Issekutz (1939-1962), J\u00f3zsef Knoll (1963-1993), K\u00e1roly Kelemen (1993-1994), Zsuzsanna F\u00fcrst (1993-2004) and Kl\u00e1ra Gyires (2004-2011).<\/p>\n<h4><strong>Directors of the department:\u00a0<\/strong><\/h4>\n<p>\n<a href=\"https:\/\/semmelweis.hu\/pharmacology\/files\/2014\/01\/balogh.jpg\"><img loading=\"lazy\" decoding=\"async\" class=\"alignright\" src=\"https:\/\/semmelweis.hu\/pharmacology\/files\/2014\/01\/balogh.jpg\" alt=\"balogh\" width=\"150\" height=\"200\" \/><\/a><strong>K\u00e1lm\u00e1n <\/strong><strong>Balogh<\/strong><br \/>\n(1871-1888)<\/p>\n<hr \/>\n<p><a href=\"https:\/\/semmelweis.hu\/pharmacology\/files\/2014\/01\/bokay.jpg\"><img loading=\"lazy\" decoding=\"async\" class=\"alignright\" src=\"https:\/\/semmelweis.hu\/pharmacology\/files\/2014\/01\/bokay.jpg\" alt=\"bokay\" width=\"150\" height=\"204\" \/><\/a><strong>\u00c1rp\u00e1d <\/strong><strong>B\u00f3kai (B\u00f3kay)\u00a0<\/strong><br \/>\n(1890-1919)<\/p>\n<hr \/>\n<p><a href=\"https:\/\/semmelweis.hu\/pharmacology\/files\/2014\/01\/vamossy.jpg\"><img loading=\"lazy\" decoding=\"async\" class=\"alignright\" src=\"https:\/\/semmelweis.hu\/pharmacology\/files\/2014\/01\/vamossy.jpg\" alt=\"vamossy\" width=\"150\" height=\"204\" \/><\/a><strong>Zolt\u00e1n <\/strong><strong>V\u00e1mossy\u00a0<\/strong><br \/>\n(1919-1939)<\/p>\n<hr \/>\n<p><a href=\"https:\/\/semmelweis.hu\/pharmacology\/files\/2014\/01\/is.jpg\"><img loading=\"lazy\" decoding=\"async\" class=\"alignright\" src=\"https:\/\/semmelweis.hu\/pharmacology\/files\/2014\/01\/is.jpg\" alt=\"is\" width=\"150\" height=\"201\" \/><\/a><strong>B\u00e9la <\/strong><strong>Issekutz\u00a0<\/strong><br \/>\n(1939-1962)<\/p>\n<hr \/>\n<p><a href=\"https:\/\/semmelweis.hu\/pharmacology\/files\/2014\/01\/Knoll.jpg\"><img loading=\"lazy\" decoding=\"async\" class=\"alignright\" src=\"https:\/\/semmelweis.hu\/pharmacology\/files\/2014\/01\/Knoll.jpg\" alt=\"Knoll\" width=\"150\" height=\"203\" \/><\/a><strong>J\u00f3zsef <\/strong><strong>Knoll\u00a0<\/strong><br \/>\n(1963-1993)<\/p>\n<hr \/>\n<p><a href=\"https:\/\/semmelweis.hu\/pharmacology\/files\/2014\/01\/92ig.jpg\"><img loading=\"lazy\" decoding=\"async\" class=\"alignright\" src=\"https:\/\/semmelweis.hu\/pharmacology\/files\/2014\/01\/92ig.jpg\" alt=\"kelemen\" width=\"148\" height=\"210\" \/><\/a><strong>K\u00e1roly <\/strong><strong>Kelemen<\/strong><br \/>\n(1993-1994)<\/p>\n<hr \/>\n<p>\u00a0<a href=\"https:\/\/semmelweis.hu\/pharmacology\/files\/2014\/01\/F\u00fcrst-e1390293217904.jpg\"><img loading=\"lazy\" decoding=\"async\" class=\"alignright\" src=\"https:\/\/semmelweis.hu\/pharmacology\/files\/2014\/01\/F\u00fcrst-199x300.jpg\" alt=\"F\u00fcrst\" width=\"133\" height=\"201\" \/><\/a><strong>Zsuzsanna <\/strong><strong>F\u00fcrst\u00a0<\/strong><br \/>\n(1994-2004)<\/p>\n<hr \/>\n<p><a href=\"https:\/\/semmelweis.hu\/pharmacology\/files\/2014\/01\/Gyires-e1390293240224.jpg\"><img loading=\"lazy\" decoding=\"async\" class=\"alignright\" src=\"https:\/\/semmelweis.hu\/pharmacology\/files\/2014\/01\/Gyires-199x300.jpg\" alt=\"Gyires\" width=\"133\" height=\"201\" \/><\/a><strong>Kl\u00e1ra <\/strong><strong>Gyires\u00a0<\/strong><br \/>\n(2004-2011)<\/p>\n<hr \/>\n<p><a href=\"https:\/\/semmelweis.hu\/pharmacology\/files\/2014\/01\/Ferdinandy.jpg\"><img loading=\"lazy\" decoding=\"async\" class=\"alignright\" src=\"https:\/\/semmelweis.hu\/pharmacology\/files\/2014\/01\/Ferdinandy-225x300.jpg\" alt=\"Ferdinandy\" width=\"150\" height=\"200\" \/><\/a><strong>P\u00e9ter <\/strong><strong>Ferdinandy\u00a0<\/strong><br \/>\n(2011-)<\/p>\n<p>&nbsp;<\/p>\n","protected":false},"excerpt":{"rendered":"<p>The first independent Hungarian Department of Pharmacology was founded in 1872 in Pest, not long after the establishment of other Pharmacological Departments at foreign universities. Previously, Pharmacology had been taught in the frame of Physiology and later in Pathology. The Department moved to \u00dcll\u0151i Street 26 in the academic year of 1884\/85, where it continued &hellip;<\/p>\n","protected":false},"author":110,"featured_media":0,"parent":3381,"menu_order":1,"comment_status":"closed","ping_status":"open","template":"","meta":{"_acf_changed":false,"footnotes":""},"categories":[],"tags":[],"class_list":["post-768","page","type-page","status-publish","hentry"],"acf":[],"_links":{"self":[{"href":"https:\/\/semmelweis.hu\/pharmacology\/wp-json\/wp\/v2\/pages\/768","targetHints":{"allow":["GET"]}}],"collection":[{"href":"https:\/\/semmelweis.hu\/pharmacology\/wp-json\/wp\/v2\/pages"}],"about":[{"href":"https:\/\/semmelweis.hu\/pharmacology\/wp-json\/wp\/v2\/types\/page"}],"author":[{"embeddable":true,"href":"https:\/\/semmelweis.hu\/pharmacology\/wp-json\/wp\/v2\/users\/110"}],"replies":[{"embeddable":true,"href":"https:\/\/semmelweis.hu\/pharmacology\/wp-json\/wp\/v2\/comments?post=768"}],"version-history":[{"count":10,"href":"https:\/\/semmelweis.hu\/pharmacology\/wp-json\/wp\/v2\/pages\/768\/revisions"}],"predecessor-version":[{"id":11739,"href":"https:\/\/semmelweis.hu\/pharmacology\/wp-json\/wp\/v2\/pages\/768\/revisions\/11739"}],"up":[{"embeddable":true,"href":"https:\/\/semmelweis.hu\/pharmacology\/wp-json\/wp\/v2\/pages\/3381"}],"wp:attachment":[{"href":"https:\/\/semmelweis.hu\/pharmacology\/wp-json\/wp\/v2\/media?parent=768"}],"wp:term":[{"taxonomy":"category","embeddable":true,"href":"https:\/\/semmelweis.hu\/pharmacology\/wp-json\/wp\/v2\/categories?post=768"},{"taxonomy":"post_tag","embeddable":true,"href":"https:\/\/semmelweis.hu\/pharmacology\/wp-json\/wp\/v2\/tags?post=768"}],"curies":[{"name":"wp","href":"https:\/\/api.w.org\/{rel}","templated":true}]}}