{"id":7013,"date":"2018-04-10T10:30:14","date_gmt":"2018-04-10T08:30:14","guid":{"rendered":"http:\/\/semmelweis.hu\/pharmacology\/?page_id=7013"},"modified":"2026-02-12T17:54:38","modified_gmt":"2026-02-12T16:54:38","slug":"halado-gcp-tanfolyam-orvostechnikai-eszkozok-es-valogatott-fejezetek-a-klinikai-farmakologiai-kutatasok-helyes-klinikai-gyakorlatabol","status":"publish","type":"page","link":"https:\/\/semmelweis.hu\/pharmacology\/oktatas\/posztgradualis-tanfolyamok\/halado-gcp-tanfolyam-orvostechnikai-eszkozok-es-valogatott-fejezetek-a-klinikai-farmakologiai-kutatasok-helyes-klinikai-gyakorlatabol\/","title":{"rendered":"Halad\u00f3 GCP tanfolyam, ISO 14155:2020 &#8211; 2024. NOVEMBER"},"content":{"rendered":"<h3><a href=\"https:\/\/forms.office.com\/e\/CsJ8zMcJht?origin=lprLink\"><span style=\"text-decoration: underline\">Jelentkez\u00e9s:<\/span><\/a><\/h3>\n<h3><a href=\"https:\/\/semmelweis.hu\/pharmacology\/files\/2024\/04\/jelentkezesi_lap_Halado-GCP_2024_nov.png\"><img loading=\"lazy\" decoding=\"async\" class=\"alignnone wp-image-13422 size-thumbnail\" src=\"https:\/\/semmelweis.hu\/pharmacology\/files\/2024\/04\/jelentkezesi_lap_Halado-GCP_2024_nov-150x150.png\" alt=\"\" width=\"150\" height=\"150\" srcset=\"https:\/\/semmelweis.hu\/pharmacology\/files\/2024\/04\/jelentkezesi_lap_Halado-GCP_2024_nov-150x150.png 150w, https:\/\/semmelweis.hu\/pharmacology\/files\/2024\/04\/jelentkezesi_lap_Halado-GCP_2024_nov-400x400.png 400w, https:\/\/semmelweis.hu\/pharmacology\/files\/2024\/04\/jelentkezesi_lap_Halado-GCP_2024_nov-768x768.png 768w, https:\/\/semmelweis.hu\/pharmacology\/files\/2024\/04\/jelentkezesi_lap_Halado-GCP_2024_nov-753x753.png 753w, https:\/\/semmelweis.hu\/pharmacology\/files\/2024\/04\/jelentkezesi_lap_Halado-GCP_2024_nov.png 800w\" sizes=\"auto, (max-width: 150px) 100vw, 150px\" \/><\/a><\/h3>\n<h3><a href=\"https:\/\/semmelweis.hu\/pharmacology\/files\/2024\/11\/Tanfolyam-adatlap_2024_halado-GCP_nov_program_20241105.pdf\" target=\"_blank\" rel=\"noopener\"><strong>Let\u00f6lthet\u0151 PDF<\/strong><\/a><\/h3>\n<h4 style=\"text-align: left\"><span style=\"font-family: arial, helvetica, sans-serif;font-size: 18pt\"><strong>Alapadatok<\/strong><\/span><\/h4>\n\n<table id=\"tablepress-7\" class=\"tablepress tablepress-id-7\">\n<thead>\n<tr class=\"row-1\">\n\t<th class=\"column-1\">Tanfolyam neve<\/th><th class=\"column-2\">Halad\u00f3 GCP tanfolyam, ISO 14155:2020; orvostechnikai eszk\u00f6z\u00f6k \u00e9s v\u00e1logatott fejezetek a klinikai farmakol\u00f3giai kutat\u00e1sok helyes klinikai gyakorlat\u00e1b\u00f3l<br \/>\n<\/th>\n<\/tr>\n<\/thead>\n<tbody class=\"row-striping row-hover\">\n<tr class=\"row-2\">\n\t<td class=\"column-1\">K\u00f3dsz\u00e1m<\/td><td class=\"column-2\">SE-SZTOK\/2024.II\/00292<\/td>\n<\/tr>\n<tr class=\"row-3\">\n\t<td class=\"column-1\">Szemeszter<\/td><td class=\"column-2\">2024.II.f\u00e9l\u00e9v<\/td>\n<\/tr>\n<tr class=\"row-4\">\n\t<td class=\"column-1\">Jelleg<\/td><td class=\"column-2\">Szabadon v\u00e1laszthat\u00f3<\/td>\n<\/tr>\n<tr class=\"row-5\">\n\t<td class=\"column-1\">\u00c1llapot<\/td><td class=\"column-2\">Min\u0151s\u00edtett program<\/td>\n<\/tr>\n<tr class=\"row-6\">\n\t<td class=\"column-1\">Szervez\u0151<\/td><td class=\"column-2\">Semmelweis Egyetem. Farmakol\u00f3giai \u00e9s Farmakoter\u00e1pi\u00e1s Int\u00e9zet<\/td>\n<\/tr>\n<tr class=\"row-7\">\n\t<td class=\"column-1\">Kapcsolattart\u00f3 szem\u00e9ly<\/td><td class=\"column-2\">Dr. G\u00f6rbe Anik\u00f3, 2104416\u00a0<\/td>\n<\/tr>\n<tr class=\"row-8\">\n\t<td class=\"column-1\">C\u00e9lcsoport<\/td><td class=\"column-2\">1. aneszteziol.-intenz\u00edv ter\u00e1pia | 2. belgy\u00f3gy\u00e1szat | 3. belgy\u00f3gy\u00e1szati angiol\u00f3gia<br \/>\n4. b\u0151rgy\u00f3gy\u00e1szat | 5. \u00e9rseb\u00e9szet | 6. farmakol\u00f3gia<br \/>\n7. gastroenterol\u00f3gia | 8. gyermek radiol\u00f3gia | 9. gyermekneurol\u00f3gia<br \/>\n10. h\u00e1ziorvostan | 11. idegseb\u00e9szet | 12. kardiol\u00f3gia<br \/>\n13. k\u00e9zseb\u00e9szet | 14. klinik.labor.vizsg. (higi\u00e9n.) | 15. klinikai biok\u00e9mikus<br \/>\n16. klinikai farmakol\u00f3gia | 17. klinikai onkol\u00f3gia | 18. mellkasseb\u00e9szet<br \/>\n19. molekul\u00e1ris biol\u00f3giai diagnosztikus | 20. molekul\u00e1ris genetikai diagnosztika | 21. nefrol\u00f3gia<br \/>\n22. neurol\u00f3gia | 23. neuroradiol\u00f3gia | 24. ortop\u00e9dia<br \/>\n25. ortop\u00e9dia \u00e9s traumatol\u00f3gia | 26. orvosi laborat\u00f3riumi diagnosztika | 27. radiol\u00f3gia<br \/>\n28. rehabilit\u00e1ci\u00f3s medicina | 29. reumatol\u00f3gia | 30. seb\u00e9szet<br \/>\n31. sportfiziol\u00f3gia | 32. sportorvostan | 33. sz\u00edvseb\u00e9szet<br \/>\n34. traumatol\u00f3gia<\/td>\n<\/tr>\n<tr class=\"row-9\">\n\t<td class=\"column-1\">Egyetem<\/td><td class=\"column-2\">Semmelweis Egyetem Szak- \u00e9s Tov\u00e1bbk\u00e9pz\u00e9si K\u00f6zpont<\/td>\n<\/tr>\n<tr class=\"row-10\">\n\t<td class=\"column-1\">Akkr.pont<\/td><td class=\"column-2\">32<\/td>\n<\/tr>\n<tr class=\"row-11\">\n\t<td class=\"column-1\">Kezdete<\/td><td class=\"column-2\">2024.11.14<\/td>\n<\/tr>\n<tr class=\"row-12\">\n\t<td class=\"column-1\">V\u00e9ge<\/td><td class=\"column-2\">2024.11.15<\/td>\n<\/tr>\n<tr class=\"row-13\">\n\t<td class=\"column-1\">Helysz\u00edne<\/td><td class=\"column-2\">Budapest, SE Nagyv\u00e1rad T\u00e9ri Elm\u00e9leti T\u00f6mb (NET) IV. emelet, Knoll-terem<\/td>\n<\/tr>\n<tr class=\"row-14\">\n\t<td class=\"column-1\">Napok<\/td><td class=\"column-2\">2<\/td>\n<\/tr>\n<tr class=\"row-15\">\n\t<td class=\"column-1\">Tanfolyami \u00f3r\u00e1k<\/td><td class=\"column-2\">16<\/td>\n<\/tr>\n<tr class=\"row-16\">\n\t<td class=\"column-1\">Vizsga<\/td><td class=\"column-2\">igen<\/td>\n<\/tr>\n<tr class=\"row-17\">\n\t<td class=\"column-1\">D\u00edja<\/td><td class=\"column-2\">70000 Ft<\/td>\n<\/tr>\n<tr class=\"row-18\">\n\t<td class=\"column-1\">Jelentkez\u00e9si hat.id\u0151<\/td><td class=\"column-2\">2024.11.08<\/td>\n<\/tr>\n<tr class=\"row-19\">\n\t<td class=\"column-1\">Megjegyz\u00e9s<\/td><td class=\"column-2\">Tov\u00e1bbi inform\u00e1ci\u00f3t tal\u00e1l honlapunkon: https:\/\/semmelweis.hu\/pharmacology\/oktatas\/posztgradualis-tanfolyamok\/<\/td>\n<\/tr>\n<tr class=\"row-20\">\n\t<td class=\"column-1\">R\u00e9sztvev\u0151k jelentkezhetnek-e a port\u00e1lon<\/td><td class=\"column-2\">Igen<\/td>\n<\/tr>\n<\/tbody>\n<\/table>\n<!-- #tablepress-7 from cache -->\n<h4><span style=\"font-family: arial, helvetica, sans-serif;font-size: 18pt\"><strong>EL\u0150AD\u00c1SOK JEGYZ\u00c9KE<\/strong><\/span><\/h4>\n\n<table id=\"tablepress-8\" class=\"tablepress tablepress-id-8\">\n<thead>\n<tr class=\"row-1\">\n\t<th class=\"column-1\">Sorsz.<\/th><th class=\"column-2\">Nap<\/th><th class=\"column-3\">Id\u0151pont<\/th><th class=\"column-4\">Hossz<\/th><th class=\"column-5\">El\u0151ad\u00e1s c\u00edme<\/th><th class=\"column-6\">El\u0151ad\u00f3<\/th><th class=\"column-7\">Beoszt\u00e1s\/tud.\u00a0fokozat<\/th>\n<\/tr>\n<\/thead>\n<tbody class=\"row-striping row-hover\">\n<tr class=\"row-2\">\n\t<td class=\"column-1\">1<\/td><td class=\"column-2\">2024.11.14. cs\u00fct\u00f6rt\u00f6k<\/td><td class=\"column-3\">8:30<\/td><td class=\"column-4\">10<\/td><td class=\"column-5\">K\u00f6sz\u00f6nt\u00e9s \u00e9s bevezet\u00e9s. Learning outcome<\/td><td class=\"column-6\">Dr. Fodor Eszter<\/td><td class=\"column-7\">orvostechnikai eszk\u00f6z szak\u00e9rt\u0151<\/td>\n<\/tr>\n<tr class=\"row-3\">\n\t<td class=\"column-1\">2<\/td><td class=\"column-2\">2024.11.14. cs\u00fct\u00f6rt\u00f6k<\/td><td class=\"column-3\">8:40<\/td><td class=\"column-4\">30<\/td><td class=\"column-5\">Gy\u00f3gyszerfejleszt\u00e9s, orvostechnikai eszk\u00f6z\u00f6k. K\u00f6z\u00f6s \u00e1tt\u00f6r\u00e9si lehet\u0151s\u00e9gek<\/td><td class=\"column-6\">Dr. Ferdinandy P\u00e9ter \/ Dr. G\u00f6rbe Anik\u00f3<\/td><td class=\"column-7\">MTA doktora, SE egyetemi tan\u00e1r\/SE egyetemi docens<\/td>\n<\/tr>\n<tr class=\"row-4\">\n\t<td class=\"column-1\">3<\/td><td class=\"column-2\">2024.11.14. cs\u00fct\u00f6rt\u00f6k<\/td><td class=\"column-3\">9:10<\/td><td class=\"column-4\">40<\/td><td class=\"column-5\">MDR szerinti k\u00f6vetelm\u00e9nyek \u00e9s tapasztalatok az orvostechnikai eszk\u00f6z\u00f6kkel v\u00e9gzett hum\u00e1n klinikai vizsg\u00e1latok ter\u00e9n<\/td><td class=\"column-6\">Dr. Tim\u00e1r Krisztina<\/td><td class=\"column-7\">szak\u00e9rt\u0151, NNGYK<\/td>\n<\/tr>\n<tr class=\"row-5\">\n\t<td class=\"column-1\">4<\/td><td class=\"column-2\">2024.11.14. cs\u00fct\u00f6rt\u00f6k<\/td><td class=\"column-3\">9:50<\/td><td class=\"column-4\">25<\/td><td class=\"column-5\">k\u00e1v\u00e9sz\u00fcnet<\/td><td class=\"column-6\"><\/td><td class=\"column-7\"><\/td>\n<\/tr>\n<tr class=\"row-6\">\n\t<td class=\"column-1\">5<\/td><td class=\"column-2\">2024.11.14. cs\u00fct\u00f6rt\u00f6k<\/td><td class=\"column-3\">10:15<\/td><td class=\"column-4\">40<\/td><td class=\"column-5\">Gyakorlati megk\u00f6zel\u00edt\u00e9s, az MDR, IVDR haszn\u00e1lata, tapasztalatok<\/td><td class=\"column-6\">Szlobodnyik G\u00e1bor<\/td><td class=\"column-7\">f\u0151oszt\u00e1lyvezet\u0151, NNGYK; <\/td>\n<\/tr>\n<tr class=\"row-7\">\n\t<td class=\"column-1\">6<\/td><td class=\"column-2\">2024.11.14. cs\u00fct\u00f6rt\u00f6k<\/td><td class=\"column-3\">11:05<\/td><td class=\"column-4\">50<\/td><td class=\"column-5\">A helyes klinikai gyakorlat alapelvei \u00e9s betart\u00e1suk jelent\u0151s\u00e9ge. Etikai ir\u00e1nyelvek \u00e9s a hum\u00e1n kutat\u00e1s. T\u00f6rt\u00e9neti \u00e1ttekint\u00e9s<\/td><td class=\"column-6\">Dr. Bitter Istv\u00e1n<\/td><td class=\"column-7\">eln\u00f6k, ETT KFEB; egyetemi tan\u00e1r, professor emeritus<\/td>\n<\/tr>\n<tr class=\"row-8\">\n\t<td class=\"column-1\">7<\/td><td class=\"column-2\">2024.11.14. cs\u00fct\u00f6rt\u00f6k<\/td><td class=\"column-3\">11:55<\/td><td class=\"column-4\">45<\/td><td class=\"column-5\">eb\u00e9dsz\u00fcnet<\/td><td class=\"column-6\"><\/td><td class=\"column-7\"><\/td>\n<\/tr>\n<tr class=\"row-9\">\n\t<td class=\"column-1\">8<\/td><td class=\"column-2\">2024.11.14. cs\u00fct\u00f6rt\u00f6k<\/td><td class=\"column-3\">12:40<\/td><td class=\"column-4\">50<\/td><td class=\"column-5\">Hol tart az orvosi diagnosztika? Mit ad a prevenci\u00f3hoz, a gy\u00f3gyul\u00e1shoz \u00e9s a fenntarthat\u00f3bb eg\u00e9szs\u00e9g\u00fcgyh\u00f6z<\/td><td class=\"column-6\">Dr. Maurovich-Horvat P\u00e1l<\/td><td class=\"column-7\">az MTA doktora, Egyetemi tan\u00e1r \u00e9s egyben az Orvosi K\u00e9palkot\u00f3 Klinika Igazgat\u00f3ja<\/td>\n<\/tr>\n<tr class=\"row-10\">\n\t<td class=\"column-1\">9<\/td><td class=\"column-2\">2024.11.14. cs\u00fct\u00f6rt\u00f6k<\/td><td class=\"column-3\">13:30<\/td><td class=\"column-4\">50<\/td><td class=\"column-5\">\u00c9lvonalbeli orvostechnikai eszk\u00f6z\u00f6k, kombin\u00e1ci\u00f3s kezel\u00e9si lehet\u0151s\u00e9gek (3D, szoftver, biomechanika) alkalmaz\u00e1sa a mai gerincseb\u00e9szetben<\/td><td class=\"column-6\">Dr. \u00c9ltes P\u00e9ter Endre PhD<\/td><td class=\"column-7\">gerincseb\u00e9sz, ortop\u00e9d-traumatol\u00f3gus szakorvos, Orsz\u00e1gos Gericgy\u00f3gy\u00e1szati K\u00f6zpont<\/td>\n<\/tr>\n<tr class=\"row-11\">\n\t<td class=\"column-1\">10<\/td><td class=\"column-2\">2024.11.14. cs\u00fct\u00f6rt\u00f6k<\/td><td class=\"column-3\">14:20<\/td><td class=\"column-4\">15<\/td><td class=\"column-5\">k\u00e1v\u00e9sz\u00fcnet<\/td><td class=\"column-6\"><\/td><td class=\"column-7\"><\/td>\n<\/tr>\n<tr class=\"row-12\">\n\t<td class=\"column-1\">11<\/td><td class=\"column-2\">2024.11.14. cs\u00fct\u00f6rt\u00f6k<\/td><td class=\"column-3\">14:35<\/td><td class=\"column-4\">50<\/td><td class=\"column-5\">Hagyom\u00e1nyos m\u00f3dszerek, sz\u00e1m\u00edt\u00f3g\u00e9pes szimul\u00e1ci\u00f3 \u00e9s mesters\u00e9ges intelligencia a neurointervenci\u00f3s eszk\u00f6z\u00f6k fejleszt\u00e9s\u00e9ben.<\/td><td class=\"column-6\">Dr. Szikora Istv\u00e1n<\/td><td class=\"column-7\">egyetemi tan\u00e1r, SE Idegseb\u00e9szeti \u00e9s Neurointervenci\u00f3s Klinika<\/td>\n<\/tr>\n<tr class=\"row-13\">\n\t<td class=\"column-1\">12<\/td><td class=\"column-2\">2024.11.14. cs\u00fct\u00f6rt\u00f6k<\/td><td class=\"column-3\">15:25<\/td><td class=\"column-4\">50<\/td><td class=\"column-5\">In vitro diagnosztikai orvostechnikai eszk\u00f6z\u00f6k fejleszt\u00e9se az in vitro diagnosztikai rendelet (IVDR) alapelveinek megfelel\u0151en. <\/td><td class=\"column-6\">Dr. Holl\u00f3 Zsolt<\/td><td class=\"column-7\">Alliance Management Head, Polpharma Biologics<\/td>\n<\/tr>\n<tr class=\"row-14\">\n\t<td class=\"column-1\">13<\/td><td class=\"column-2\">2024.11.15. p\u00e9ntek<\/td><td class=\"column-3\">8:30<\/td><td class=\"column-4\">50<\/td><td class=\"column-5\">Mesters\u00e9ges intelligencia. Alapok \u00e9s j\u00f6v\u0151k\u00e9p ezen fejleszt\u00e9sek ter\u00fclet\u00e9n<\/td><td class=\"column-6\">Dr. Horv\u00e1th Zolt\u00e1n<\/td><td class=\"column-7\">d\u00e9k\u00e1n, egyetemi tan\u00e1r, tansz\u00e9kvezet\u0151, Sz\u00e9chenyi Istv\u00e1n Egyetem, Matematikai \u00e9s Sz\u00e1m\u00edt\u00e1studom\u00e1nyi tansz\u00e9k<\/td>\n<\/tr>\n<tr class=\"row-15\">\n\t<td class=\"column-1\">14<\/td><td class=\"column-2\">2024.11.15. p\u00e9ntek<\/td><td class=\"column-3\">9:20<\/td><td class=\"column-4\">50<\/td><td class=\"column-5\">Az ETT-TUKEB, mint etikai bizotts\u00e1g szerepe \u00e9s feladata az orvostechnikai eszk\u00f6z\u00f6kkel v\u00e9gzett hum\u00e1n klinikai vizsg\u00e1latok enged\u00e9lyez\u00e9si folyamat\u00e1ban<\/td><td class=\"column-6\">Dr. Kardon Tam\u00e1s Zolt\u00e1n<\/td><td class=\"column-7\">PhD, SE egyetemi docens, ETT-TUKEB titk\u00e1ra<\/td>\n<\/tr>\n<tr class=\"row-16\">\n\t<td class=\"column-1\">15<\/td><td class=\"column-2\">2024.11.15. p\u00e9ntek<\/td><td class=\"column-3\">10:10<\/td><td class=\"column-4\">15<\/td><td class=\"column-5\">k\u00e1v\u00e9sz\u00fcnet<\/td><td class=\"column-6\"><\/td><td class=\"column-7\"><\/td>\n<\/tr>\n<tr class=\"row-17\">\n\t<td class=\"column-1\">16<\/td><td class=\"column-2\">2024.11.15. p\u00e9ntek<\/td><td class=\"column-3\">10:25<\/td><td class=\"column-4\">50<\/td><td class=\"column-5\">Biomechanika: orvos \u2013 m\u00e9rn\u00f6k egy\u00fcttgonodlkod\u00e1sa<\/td><td class=\"column-6\">Dr. Kiss Rita M\u00e1ria<\/td><td class=\"column-7\">tansz\u00e9kvezet\u0151, egyetemi tan\u00e1r, Mechatronika, Optika \u00e9s G\u00e9p\u00e9szeti Informatika Tansz\u00e9k - BME<\/td>\n<\/tr>\n<tr class=\"row-18\">\n\t<td class=\"column-1\">17<\/td><td class=\"column-2\">2024.11.15. p\u00e9ntek<\/td><td class=\"column-3\">11:15<\/td><td class=\"column-4\">50<\/td><td class=\"column-5\">Orvosi technol\u00f3gia- digit\u00e1lis eg\u00e9szs\u00e9g \u00e9s gy\u00f3gy\u00edt\u00e1s napjainkban<\/td><td class=\"column-6\">Dr. Palicz Tam\u00e1s<\/td><td class=\"column-7\">strat\u00e9giai igazgat\u00f3helyettes, Eg\u00e9szs\u00e9g\u00fcgyi Menedzserk\u00e9pz\u0151 K\u00f6zpont<\/td>\n<\/tr>\n<tr class=\"row-19\">\n\t<td class=\"column-1\">18<\/td><td class=\"column-2\">2024.11.15. p\u00e9ntek<\/td><td class=\"column-3\">12:05<\/td><td class=\"column-4\">45<\/td><td class=\"column-5\">eb\u00e9dsz\u00fcnet<\/td><td class=\"column-6\"><\/td><td class=\"column-7\"><\/td>\n<\/tr>\n<tr class=\"row-20\">\n\t<td class=\"column-1\">19<\/td><td class=\"column-2\">2024.11.15. p\u00e9ntek<\/td><td class=\"column-3\">12:50<\/td><td class=\"column-4\">50<\/td><td class=\"column-5\">Kih\u00edv\u00e1sok a gy\u00f3gyszeres orvostechnikai eszk\u00f6z\u00f6k MDR megfelel\u0151s\u00e9g\u00e9rt\u00e9kel\u00e9sben<\/td><td class=\"column-6\">Dr. Mikul\u00e1sik Endre<\/td><td class=\"column-7\">c. egyetemi docens<\/td>\n<\/tr>\n<tr class=\"row-21\">\n\t<td class=\"column-1\">20<\/td><td class=\"column-2\">2024.11.15. p\u00e9ntek<\/td><td class=\"column-3\">13:40<\/td><td class=\"column-4\">50<\/td><td class=\"column-5\">Az orvosi szoftver mint medical device a prec\u00edzi\u00f3s onkol\u00f3gi\u00e1ban<\/td><td class=\"column-6\">Dr. Pet\u00e1k Istv\u00e1n<\/td><td class=\"column-7\">alap\u00edt\u00f3 igazgat\u00f3, Genomate Health, Inc.<\/td>\n<\/tr>\n<tr class=\"row-22\">\n\t<td class=\"column-1\">21<\/td><td class=\"column-2\">2024.11.15. p\u00e9ntek<\/td><td class=\"column-3\">14:30<\/td><td class=\"column-4\">40<\/td><td class=\"column-5\">VIZSGA \u2013 online Moodle-rendszeren kereszt\u00fcl<\/td><td class=\"column-6\">Dr. G\u00f6rbe Anik\u00f3<\/td><td class=\"column-7\">SE egyetemi docens<\/td>\n<\/tr>\n<\/tbody>\n<\/table>\n<!-- #tablepress-8 from cache -->\n<h4><span style=\"font-family: arial, helvetica, sans-serif;font-size: 18pt\"><strong style=\"font-size: 18pt\">SZAKMAI KOLL\u00c9GIUM(OK)<\/strong><\/span><\/h4>\n\n<table id=\"tablepress-9\" class=\"tablepress tablepress-id-9\">\n<thead>\n<tr class=\"row-1\">\n\t<th class=\"column-1\">Sorsz.<\/th><th class=\"column-2\">Szakmai koll\u00e9gium<\/th>\n<\/tr>\n<\/thead>\n<tbody class=\"row-striping row-hover\">\n<tr class=\"row-2\">\n\t<td class=\"column-1\">1.<\/td><td class=\"column-2\">Belgy\u00f3gy\u00e1szati, endokrinol\u00f3giai, diab\u00e9tesz \u00e9s anyagcserebetegs\u00e9gek<\/td>\n<\/tr>\n<tr class=\"row-3\">\n\t<td class=\"column-1\">2.<\/td><td class=\"column-2\">B\u0151r- \u00e9s Nemibetegs\u00e9gek<\/td>\n<\/tr>\n<tr class=\"row-4\">\n\t<td class=\"column-1\">3.<\/td><td class=\"column-2\">Angiol\u00f3giai \u00e9s \u00e9rseb\u00e9szeti<\/td>\n<\/tr>\n<tr class=\"row-5\">\n\t<td class=\"column-1\">4.<\/td><td class=\"column-2\">Klinikai Farmakol\u00f3gia<\/td>\n<\/tr>\n<tr class=\"row-6\">\n\t<td class=\"column-1\">5.<\/td><td class=\"column-2\">Gasztroenterol\u00f3giai \u00e9s hepatol\u00f3giai<\/td>\n<\/tr>\n<tr class=\"row-7\">\n\t<td class=\"column-1\">6.<\/td><td class=\"column-2\">Radiol\u00f3giai<\/td>\n<\/tr>\n<tr class=\"row-8\">\n\t<td class=\"column-1\">7.<\/td><td class=\"column-2\">Neurol\u00f3giai<\/td>\n<\/tr>\n<tr class=\"row-9\">\n\t<td class=\"column-1\">8.<\/td><td class=\"column-2\">H\u00e1ziorvostani<\/td>\n<\/tr>\n<tr class=\"row-10\">\n\t<td class=\"column-1\">9.<\/td><td class=\"column-2\">Idegseb\u00e9szeti<\/td>\n<\/tr>\n<tr class=\"row-11\">\n\t<td class=\"column-1\">10.<\/td><td class=\"column-2\">Kardiol\u00f3giai<\/td>\n<\/tr>\n<tr class=\"row-12\">\n\t<td class=\"column-1\">11.<\/td><td class=\"column-2\">Traumatol\u00f3gia \u00e9s k\u00e9zseb\u00e9szet<\/td>\n<\/tr>\n<tr class=\"row-13\">\n\t<td class=\"column-1\">12.<\/td><td class=\"column-2\">Orvosi laborat\u00f3rium<\/td>\n<\/tr>\n<tr class=\"row-14\">\n\t<td class=\"column-1\">13.<\/td><td class=\"column-2\">Onkol\u00f3gia \u00e9s sug\u00e1rter\u00e1pia<\/td>\n<\/tr>\n<tr class=\"row-15\">\n\t<td class=\"column-1\">14.<\/td><td class=\"column-2\">Seb\u00e9szet<\/td>\n<\/tr>\n<tr class=\"row-16\">\n\t<td class=\"column-1\">15.<\/td><td class=\"column-2\">Nefrol\u00f3gia \u00e9s dial\u00edzis<\/td>\n<\/tr>\n<tr class=\"row-17\">\n\t<td class=\"column-1\">16.<\/td><td class=\"column-2\">Ortop\u00e9diai<\/td>\n<\/tr>\n<tr class=\"row-18\">\n\t<td class=\"column-1\">17.<\/td><td class=\"column-2\">Rehabilit\u00e1ci\u00f3, fizik\u00e1lis medicina \u00e9s gy\u00f3gy\u00e1szati seg\u00e9deszk\u00f6z<\/td>\n<\/tr>\n<tr class=\"row-19\">\n\t<td class=\"column-1\">18.<\/td><td class=\"column-2\">Reumatol\u00f3giai<\/td>\n<\/tr>\n<tr class=\"row-20\">\n\t<td class=\"column-1\">19.<\/td><td class=\"column-2\">Sporteg\u00e9szs\u00e9g\u00fcgyi<\/td>\n<\/tr>\n<tr class=\"row-21\">\n\t<td class=\"column-1\">20.<\/td><td class=\"column-2\">Sz\u00edvseb\u00e9szeti<\/td>\n<\/tr>\n<tr class=\"row-22\">\n\t<td class=\"column-1\">21.<\/td><td class=\"column-2\">Aneszteziol\u00f3giai \u00e9s intenz\u00edv ter\u00e1pi\u00e1s<\/td>\n<\/tr>\n<\/tbody>\n<\/table>\n<!-- #tablepress-9 from cache -->\n<h6>\u00a0<\/h6>\n","protected":false},"excerpt":{"rendered":"<p><a href=\"https:\/\/forms.office.com\/e\/CsJ8zMcJht?origin=lprLink\">Jelentkez\u00e9s:<\/a><br \/>\n<a href=\"https:\/\/semmelweis.hu\/pharmacology\/files\/2024\/04\/jelentkezesi_lap_Halado-GCP_2024_nov.png\"><\/a><br \/>\n<a href=\"https:\/\/semmelweis.hu\/pharmacology\/files\/2024\/11\/Tanfolyam-adatlap_2024_halado-GCP_nov_program_20241105.pdf\" target=\"_blank\" rel=\"noopener\">Let\u00f6lthet\u0151 PDF<\/a><br \/>\nAlapadatok<\/p>\n<p>EL\u0150AD\u00c1SOK JEGYZ\u00c9KE<\/p>\n<p>SZAKMAI KOLL\u00c9GIUM(OK)<\/p>\n<p>\u00a0<\/p>\n","protected":false},"author":101230,"featured_media":0,"parent":83,"menu_order":5,"comment_status":"closed","ping_status":"closed","template":"template-fullwidth.php","meta":{"_acf_changed":false,"footnotes":""},"categories":[756],"tags":[],"class_list":["post-7013","page","type-page","status-publish","hentry","category-korabbi-tanfolyam"],"acf":[],"_links":{"self":[{"href":"https:\/\/semmelweis.hu\/pharmacology\/wp-json\/wp\/v2\/pages\/7013","targetHints":{"allow":["GET"]}}],"collection":[{"href":"https:\/\/semmelweis.hu\/pharmacology\/wp-json\/wp\/v2\/pages"}],"about":[{"href":"https:\/\/semmelweis.hu\/pharmacology\/wp-json\/wp\/v2\/types\/page"}],"author":[{"embeddable":true,"href":"https:\/\/semmelweis.hu\/pharmacology\/wp-json\/wp\/v2\/users\/101230"}],"replies":[{"embeddable":true,"href":"https:\/\/semmelweis.hu\/pharmacology\/wp-json\/wp\/v2\/comments?post=7013"}],"version-history":[{"count":11,"href":"https:\/\/semmelweis.hu\/pharmacology\/wp-json\/wp\/v2\/pages\/7013\/revisions"}],"predecessor-version":[{"id":14417,"href":"https:\/\/semmelweis.hu\/pharmacology\/wp-json\/wp\/v2\/pages\/7013\/revisions\/14417"}],"up":[{"embeddable":true,"href":"https:\/\/semmelweis.hu\/pharmacology\/wp-json\/wp\/v2\/pages\/83"}],"wp:attachment":[{"href":"https:\/\/semmelweis.hu\/pharmacology\/wp-json\/wp\/v2\/media?parent=7013"}],"wp:term":[{"taxonomy":"category","embeddable":true,"href":"https:\/\/semmelweis.hu\/pharmacology\/wp-json\/wp\/v2\/categories?post=7013"},{"taxonomy":"post_tag","embeddable":true,"href":"https:\/\/semmelweis.hu\/pharmacology\/wp-json\/wp\/v2\/tags?post=7013"}],"curies":[{"name":"wp","href":"https:\/\/api.w.org\/{rel}","templated":true}]}}