{"id":5989,"date":"2017-09-11T20:38:57","date_gmt":"2017-09-11T18:38:57","guid":{"rendered":"http:\/\/semmelweis.hu\/pharmacology\/?page_id=5989"},"modified":"2026-01-30T14:31:14","modified_gmt":"2026-01-30T13:31:14","slug":"pharmacodynamics-i-2","status":"publish","type":"page","link":"https:\/\/semmelweis.hu\/pharmacology\/en\/education\/postgraduate-courses\/pharmacodynamics-i-2\/","title":{"rendered":"Pharmacodynamics I."},"content":{"rendered":"<p style=\"text-align: center\"><span style=\"font-family: arial, helvetica, sans-serif;font-size: 10pt\"><strong>\u00a0<\/strong><strong>Pharmacodynamics I.<br \/>\n<\/strong><strong>New targets and mechanism in pharmacotherapy<\/strong><\/span><\/p>\n<p style=\"text-align: center\"><span style=\"font-family: arial, helvetica, sans-serif;font-size: 10pt\"><em>PhD course<br \/>\n<\/em><em>2017\/2018 I. semester<br \/>\n<\/em><em>Leaders: Dr. Zolt\u00e1n Z\u00e1dori &#8211; Professor Dr. Korn\u00e9lia Tekes <\/em><\/span><\/p>\n<p><span style=\"font-family: arial, helvetica, sans-serif;font-size: 10pt\"><em>Location: Issekutz Room, NET 4th floor<br \/>\n<\/em><em>Time: Wednesdays 15 h<br \/>\n<\/em><em>First lecture 13 September<\/em><\/span><\/p>\n<table style=\"width: 688px;border-color: #000000\" border=\"2\" cellpadding=\"5\">\n<tbody>\n<tr>\n<td style=\"width: 39px;text-align: center\"><span style=\"font-family: arial, helvetica, sans-serif;font-size: 10pt\">09.13<\/span><\/td>\n<td style=\"width: 81px;text-align: center\"><span style=\"font-family: arial, helvetica, sans-serif;font-size: 10pt\">15:00 -16:30<\/span><\/td>\n<td style=\"width: 319px\"><span style=\"font-size: 10pt\"><a href=\"https:\/\/semmelweis.hu\/pharmacology\/files\/2017\/09\/Farmakodin\u00e1mia-IBD-web.pdf\"><span style=\"font-family: arial, helvetica, sans-serif\">Immunosuppressants, helminths and microbiota transplantation &#8211; conventional and novel approaches to treat inflammatory bowel diseases<\/span><\/a><\/span><\/td>\n<td style=\"width: 67px\"><span style=\"font-family: arial, helvetica, sans-serif;font-size: 10pt\">Dr. Zolt\u00e1n Z\u00e1dori<\/span><\/td>\n<\/tr>\n<tr>\n<td style=\"width: 39px;text-align: center\"><span style=\"font-family: arial, helvetica, sans-serif;font-size: 10pt\">09.20<\/span><\/td>\n<td style=\"width: 81px;text-align: center\"><span style=\"font-family: arial, helvetica, sans-serif;font-size: 10pt\">15:00 -16:30<\/span><\/td>\n<td style=\"width: 319px\"><span style=\"font-size: 10pt\"><a href=\"https:\/\/semmelweis.hu\/pharmacology\/files\/2017\/09\/transzmitterek_angol_2017.pdf\"><span style=\"font-family: arial, helvetica, sans-serif\">Pharmacological aspects of neurotransmission<\/span><\/a><\/span><\/td>\n<td style=\"width: 67px\"><span style=\"font-family: arial, helvetica, sans-serif;font-size: 10pt\">Dr. J\u00falia Tim\u00e1r<\/span><\/td>\n<\/tr>\n<tr>\n<td style=\"width: 39px;text-align: center\"><span style=\"font-family: arial, helvetica, sans-serif;font-size: 10pt\">09.27<\/span><\/td>\n<td style=\"width: 81px;text-align: center\"><span style=\"font-family: arial, helvetica, sans-serif;font-size: 10pt\">15:00 -16:30<\/span><\/td>\n<td style=\"width: 319px\"><span style=\"font-size: 10pt\"><a href=\"https:\/\/semmelweis.hu\/pharmacology\/files\/2017\/10\/PhD-course_2017_Gyires.pdf\"><span style=\"font-family: arial, helvetica, sans-serif\">Brain-gut axis, stress-related gastrointestinal disorders<\/span><\/a><\/span><\/td>\n<td style=\"width: 67px\"><span style=\"font-family: arial, helvetica, sans-serif;font-size: 10pt\">Prof. Kl\u00e1ra Gyires<\/span><\/td>\n<\/tr>\n<tr>\n<td style=\"width: 39px;text-align: center\"><span style=\"font-family: arial, helvetica, sans-serif;font-size: 10pt\">10.04<\/span><\/td>\n<td style=\"width: 81px;text-align: center\">\n<p><span style=\"font-family: arial, helvetica, sans-serif;font-size: 10pt\">15:00 -16:30<\/span><\/p>\n<p><span style=\"font-family: arial, helvetica, sans-serif;font-size: 10pt\">16:45 -18:15<\/span><\/p>\n<\/td>\n<td style=\"width: 319px\">\n<p><span style=\"font-size: 10pt\"><a href=\"https:\/\/semmelweis.hu\/pharmacology\/files\/2017\/10\/PhD-kurzus_2017_Analgesia.pdf\"><span style=\"font-family: arial, helvetica, sans-serif\">Spinal mechanism of hyperalgesia and allodynia<\/span><\/a><\/span><\/p>\n<p><span style=\"font-size: 10pt\"><a href=\"https:\/\/semmelweis.hu\/pharmacology\/files\/2017\/10\/Mahmoud2017_PHD_kurzus.pdf\"><span style=\"font-family: arial, helvetica, sans-serif\">The contribution of peripheral opioid system to total analgesia<\/span><\/a><\/span><\/p>\n<\/td>\n<td style=\"width: 67px\">\n<p><span style=\"font-family: arial, helvetica, sans-serif;font-size: 10pt\">Dr. Korn\u00e9l Kir\u00e1ly<\/span><\/p>\n<p><span style=\"font-family: arial, helvetica, sans-serif;font-size: 10pt\">Dr. Mahmoud Al-Khrasani<\/span><\/p>\n<\/td>\n<\/tr>\n<tr>\n<td style=\"width: 39px;text-align: center\"><span style=\"font-family: arial, helvetica, sans-serif;font-size: 10pt\">10.11<\/span><\/td>\n<td style=\"width: 81px;text-align: center\"><span style=\"font-family: arial, helvetica, sans-serif;font-size: 10pt\">15:00 -16:30<\/span><\/td>\n<td style=\"width: 319px\"><span style=\"font-size: 10pt\"><a href=\"https:\/\/semmelweis.hu\/pharmacology\/files\/2017\/10\/Tolerancia-addikcio-PhD-kurzus-2017-10-11-angol.pdf\"><span style=\"font-family: arial, helvetica, sans-serif\">Mechanism of tolerance and addiction<\/span><\/a><\/span><\/td>\n<td style=\"width: 67px\"><span style=\"font-family: arial, helvetica, sans-serif;font-size: 10pt\">Dr. P\u00e1l Riba<\/span><\/td>\n<\/tr>\n<tr>\n<td style=\"width: 39px;text-align: center\"><span style=\"font-family: arial, helvetica, sans-serif;font-size: 10pt\">10.18<\/span><\/td>\n<td style=\"width: 81px;text-align: center\">\n<p><span style=\"font-family: arial, helvetica, sans-serif;font-size: 10pt\">15:00 -16:30<\/span><\/p>\n<p><span style=\"font-family: arial, helvetica, sans-serif;font-size: 10pt\">16:45 -18:15<\/span><\/p>\n<\/td>\n<td style=\"width: 319px\">\n<p><span style=\"font-size: 10pt\"><a href=\"https:\/\/semmelweis.hu\/pharmacology\/files\/2017\/09\/PhD_PFC_Koles_2017.pdf\"><span style=\"font-family: arial, helvetica, sans-serif\">Influence of the transmission of prefrontal cortex &#8211;\u00a0analysis of new potential targets<\/span><\/a><\/span><\/p>\n<p><span style=\"font-size: 10pt\"><a href=\"https:\/\/semmelweis.hu\/pharmacology\/files\/2017\/10\/PhD-ea-2017okt18-Kato.pdf\"><span style=\"font-family: arial, helvetica, sans-serif\">Neurodegenerative disorders &#8211; pathomechanism and therapy<\/span><\/a><\/span><\/p>\n<\/td>\n<td style=\"width: 67px\">\n<p><span style=\"font-family: arial, helvetica, sans-serif;font-size: 10pt\">Dr. L\u00e1szl\u00f3 K\u00f6les<\/span><\/p>\n<p><span style=\"font-family: arial, helvetica, sans-serif;font-size: 10pt\">Dr. Erzs\u00e9bet Kat\u00f3<\/span><\/p>\n<\/td>\n<\/tr>\n<tr>\n<td style=\"width: 39px;text-align: center\"><span style=\"font-family: arial, helvetica, sans-serif;font-size: 10pt\">10.25<\/span><\/td>\n<td style=\"width: 81px;text-align: center\"><span style=\"font-family: arial, helvetica, sans-serif;font-size: 10pt\">15:00 -16:30<\/span><\/td>\n<td style=\"width: 319px\"><span style=\"font-size: 10pt\"><a href=\"https:\/\/semmelweis.hu\/pharmacology\/files\/2017\/11\/Seminar7.2017.Antipsychotics.pdf\"><span style=\"font-family: arial, helvetica, sans-serif\">New trends in the pharmacological treatment of schizophrenia<\/span><\/a><\/span><\/td>\n<td style=\"width: 67px\"><span style=\"font-family: arial, helvetica, sans-serif;font-size: 10pt\">Dr. L\u00e1szl\u00f3 H\u00e1rsing<\/span><\/td>\n<\/tr>\n<tr>\n<td style=\"width: 39px;text-align: center\"><span style=\"font-family: arial, helvetica, sans-serif;font-size: 10pt\">11.01<\/span><\/td>\n<td style=\"width: 81px;text-align: center\" colspan=\"3\"><span style=\"color: #ff0000\"><span style=\"font-family: arial, helvetica, sans-serif;font-size: 10pt\">\u00a0<\/span><span style=\"font-family: arial, helvetica, sans-serif;font-size: 10pt\">All Saint\u2019s Day<\/span><span style=\"font-family: arial, helvetica, sans-serif;font-size: 10pt\">\u00a0<\/span><\/span><\/td>\n<\/tr>\n<tr>\n<td style=\"width: 39px;text-align: center\"><span style=\"font-family: arial, helvetica, sans-serif;font-size: 10pt\">11.08<\/span><\/td>\n<td style=\"width: 81px;text-align: center\"><span style=\"font-family: arial, helvetica, sans-serif;font-size: 10pt\">15:00 -16:30<\/span><\/td>\n<td style=\"width: 319px\"><a href=\"https:\/\/semmelweis.hu\/pharmacology\/files\/2017\/11\/mood_disorders_2017_meg_ujabb.pdf\"><span style=\"font-family: arial, helvetica, sans-serif;font-size: 10pt\">Traditional and new therapeutical approaches in the pharmacological treatment of mood disorders<\/span><\/a><\/td>\n<td style=\"width: 67px\"><span style=\"font-family: arial, helvetica, sans-serif;font-size: 10pt\">Dr. J\u00falia Tim\u00e1r<\/span><\/td>\n<\/tr>\n<tr>\n<td style=\"width: 39px;text-align: center\"><span style=\"font-family: arial, helvetica, sans-serif;font-size: 10pt\">11.15<\/span><\/td>\n<td style=\"width: 81px;text-align: center\"><span style=\"font-family: arial, helvetica, sans-serif;font-size: 10pt\">15:00 -16:30<\/span><\/td>\n<td style=\"width: 319px\"><a href=\"https:\/\/semmelweis.hu\/pharmacology\/files\/2017\/11\/NP2017_11_14_zoli.pdf\"><span style=\"font-family: arial, helvetica, sans-serif;font-size: 10pt\">New insights into the pathomechanism of neuropathic pain<\/span><\/a><\/td>\n<td style=\"width: 67px\"><span style=\"font-family: arial, helvetica, sans-serif;font-size: 10pt\">Dr. Mahmoud Al-Khrasani<\/span><\/td>\n<\/tr>\n<tr>\n<td style=\"width: 39px;text-align: center\"><span style=\"font-family: arial, helvetica, sans-serif;font-size: 10pt\">11.22<\/span><\/td>\n<td style=\"width: 81px;text-align: center\"><span style=\"font-family: arial, helvetica, sans-serif;font-size: 10pt\">15:00 -16:30<\/span><\/td>\n<td style=\"width: 319px\"><a href=\"https:\/\/semmelweis.hu\/pharmacology\/files\/2017\/12\/SNHL-patomech-therapy_ZadoriZ-Kurzus_2017-11-22_honlapra.pdf\"><span style=\"font-family: arial, helvetica, sans-serif;font-size: 10pt\">Investigating the patomechanism of sensorineural hearing losses and searching for new targets for drug therapy<\/span><\/a><\/td>\n<td style=\"width: 67px\"><span style=\"font-family: arial, helvetica, sans-serif;font-size: 10pt\">Dr. Tibor Zelles<\/span><\/td>\n<\/tr>\n<tr>\n<td style=\"width: 39px;text-align: center\"><span style=\"font-family: arial, helvetica, sans-serif;font-size: 10pt\">11.29<\/span><\/td>\n<td style=\"width: 81px;text-align: center\">\n<p><span style=\"font-family: arial, helvetica, sans-serif;font-size: 10pt\">15:00 -16:30<\/span><\/p>\n<p><span style=\"font-family: arial, helvetica, sans-serif;font-size: 10pt\">16:45 -18:15<\/span><\/p>\n<\/td>\n<td style=\"width: 319px\">\n<p><a href=\"https:\/\/semmelweis.hu\/pharmacology\/files\/2017\/12\/GZ_kardioprotekcio-PhD_2017-11-29.pdf\"><span style=\"font-family: arial, helvetica, sans-serif;font-size: 10pt\">New targets in the treatment of ischemic heart disease<\/span><\/a><\/p>\n<p><a href=\"https:\/\/semmelweis.hu\/pharmacology\/files\/2017\/12\/PhD-cardioprot-multiomics-2017nov29-public.pdf\"><span style=\"font-family: arial, helvetica, sans-serif;font-size: 10pt\">Cardioprotective effect of antianginal agents<\/span><\/a><\/p>\n<\/td>\n<td style=\"width: 67px\">\n<p><span style=\"font-family: arial, helvetica, sans-serif;font-size: 10pt\">Dr. Zolt\u00e1n Giricz<\/span><\/p>\n<p><span style=\"font-family: arial, helvetica, sans-serif;font-size: 10pt\">Prof. P\u00e9ter Ferdinandy<\/span><\/p>\n<\/td>\n<\/tr>\n<tr>\n<td style=\"width: 39px;text-align: center\"><span style=\"font-family: arial, helvetica, sans-serif;font-size: 10pt\">12.06<\/span><\/td>\n<td style=\"width: 81px;text-align: center\"><span style=\"font-family: arial, helvetica, sans-serif;font-size: 10pt\">15:00 -16:30<\/span><\/td>\n<td style=\"width: 319px\"><a href=\"https:\/\/semmelweis.hu\/pharmacology\/files\/2017\/12\/Prokinetics_Phdcurse_2017ZZ.pdf\"><span style=\"font-family: arial, helvetica, sans-serif;font-size: 10pt\">Prokinetics, fundus relaxants and modulators of visceral hypersensitivity &#8211; how to treat functional gastrointestinal disorders?<\/span><\/a><\/td>\n<td style=\"width: 67px\"><span style=\"font-family: arial, helvetica, sans-serif;font-size: 10pt\">Dr. Zolt\u00e1n Z\u00e1dori<\/span><\/td>\n<\/tr>\n<tr>\n<td style=\"width: 39px;text-align: center\"><span style=\"font-family: arial, helvetica, sans-serif;font-size: 10pt\">12.13<\/span><\/td>\n<td style=\"width: 81px;text-align: center\"><span style=\"font-family: arial, helvetica, sans-serif;font-size: 10pt\">15:00<\/span><\/td>\n<td style=\"width: 319px\"><span style=\"font-family: arial, helvetica, sans-serif;font-size: 10pt\"><strong>Test exam<\/strong><\/span><\/td>\n<td style=\"width: 67px\"><span style=\"font-family: arial, helvetica, sans-serif;font-size: 10pt\">\u00a0<\/span><\/td>\n<\/tr>\n<\/tbody>\n<\/table>\n","protected":false},"excerpt":{"rendered":"<p>\u00a0Pharmacodynamics I. New targets and mechanism in pharmacotherapy PhD course 2017\/2018 I. semester Leaders: Dr. Zolt\u00e1n Z\u00e1dori &#8211; Professor Dr. Korn\u00e9lia Tekes Location: Issekutz Room, NET 4th floor Time: Wednesdays 15 h First lecture 13 September 09.13 15:00 -16:30 <a href=\"https:\/\/semmelweis.hu\/pharmacology\/files\/2017\/09\/Farmakodin\u00e1mia-IBD-web.pdf\">Immunosuppressants, helminths and microbiota transplantation &#8211; conventional and novel approaches to treat inflammatory bowel diseases<\/a> Dr. Zolt\u00e1n Z\u00e1dori 09.20 15:00 -16:30 <a href=\"https:\/\/semmelweis.hu\/pharmacology\/files\/2017\/09\/transzmitterek_angol_2017.pdf\">Pharmacological aspects of neurotransmission<\/a> Dr. J\u00falia Tim\u00e1r 09.27 15:00 -16:30 <a href=\"https:\/\/semmelweis.hu\/pharmacology\/files\/2017\/10\/PhD-course_2017_Gyires.pdf\">Brain-gut axis, stress-related gastrointestinal disorders<\/a> Prof. Kl\u00e1ra Gyires 10.04 &hellip;<\/p>\n","protected":false},"author":101230,"featured_media":0,"parent":974,"menu_order":4,"comment_status":"closed","ping_status":"closed","template":"template-fullwidth.php","meta":{"_acf_changed":false,"footnotes":""},"categories":[750],"tags":[],"class_list":["post-5989","page","type-page","status-publish","hentry","category-past-course"],"acf":[],"_links":{"self":[{"href":"https:\/\/semmelweis.hu\/pharmacology\/wp-json\/wp\/v2\/pages\/5989","targetHints":{"allow":["GET"]}}],"collection":[{"href":"https:\/\/semmelweis.hu\/pharmacology\/wp-json\/wp\/v2\/pages"}],"about":[{"href":"https:\/\/semmelweis.hu\/pharmacology\/wp-json\/wp\/v2\/types\/page"}],"author":[{"embeddable":true,"href":"https:\/\/semmelweis.hu\/pharmacology\/wp-json\/wp\/v2\/users\/101230"}],"replies":[{"embeddable":true,"href":"https:\/\/semmelweis.hu\/pharmacology\/wp-json\/wp\/v2\/comments?post=5989"}],"version-history":[{"count":10,"href":"https:\/\/semmelweis.hu\/pharmacology\/wp-json\/wp\/v2\/pages\/5989\/revisions"}],"predecessor-version":[{"id":11747,"href":"https:\/\/semmelweis.hu\/pharmacology\/wp-json\/wp\/v2\/pages\/5989\/revisions\/11747"}],"up":[{"embeddable":true,"href":"https:\/\/semmelweis.hu\/pharmacology\/wp-json\/wp\/v2\/pages\/974"}],"wp:attachment":[{"href":"https:\/\/semmelweis.hu\/pharmacology\/wp-json\/wp\/v2\/media?parent=5989"}],"wp:term":[{"taxonomy":"category","embeddable":true,"href":"https:\/\/semmelweis.hu\/pharmacology\/wp-json\/wp\/v2\/categories?post=5989"},{"taxonomy":"post_tag","embeddable":true,"href":"https:\/\/semmelweis.hu\/pharmacology\/wp-json\/wp\/v2\/tags?post=5989"}],"curies":[{"name":"wp","href":"https:\/\/api.w.org\/{rel}","templated":true}]}}