{"id":5987,"date":"2017-09-11T20:38:24","date_gmt":"2017-09-11T18:38:24","guid":{"rendered":"http:\/\/semmelweis.hu\/pharmacology\/?page_id=5987"},"modified":"2026-02-12T17:54:48","modified_gmt":"2026-02-12T16:54:48","slug":"pharmacodynamics-i","status":"publish","type":"page","link":"https:\/\/semmelweis.hu\/pharmacology\/oktatas\/posztgradualis-tanfolyamok\/pharmacodynamics-i\/","title":{"rendered":"Pharmacodynamics I. &#8211; 2019\/2020"},"content":{"rendered":"<p style=\"text-align: center\"><strong>\u00a0Pharmacodynamics I.<\/strong><br \/>\n<strong>New targets and mechanism in pharmacotherapy<\/strong><\/p>\n<p style=\"text-align: center\">PhD course<br \/>\n2019\/2020 I. semester<br \/>\nLeaders: Dr. Zolt\u00e1n Z\u00e1dori<br \/>\nLocation: Knoll Room, NET 4th floor<br \/>\nTime: Fridays 14h<br \/>\nFirst lecture: 13 September<\/p>\n<p>&nbsp;<\/p>\n<table style=\"height: 1568px;width: 95%;border-color: #000000\" border=\"2\" cellpadding=\"5\">\n<tbody>\n<tr style=\"height: 72px\">\n<td style=\"width: 11.7066%;height: 72px\"><span style=\"font-family: arial, helvetica, sans-serif;font-size: 10pt\">09.13<\/span><\/td>\n<td style=\"width: 17.7715%;height: 72px\"><span style=\"font-family: arial, helvetica, sans-serif;font-size: 10pt\">14:00 -15:30<\/span><\/td>\n<td style=\"width: 52.3272%;height: 72px\"><a href=\"https:\/\/semmelweis.hu\/pharmacology\/files\/2019\/09\/Farmakodin\u00e1mia-IBD-web.pdf\"><span style=\"font-size: 10pt\"><span style=\"font-family: arial, helvetica, sans-serif\">Immunosuppressants, helminths and microbiota transplantation &#8211; conventional and novel approaches to treat inflammatory bowel diseases<\/span><\/span><\/a><\/td>\n<td style=\"width: 18.0536%;height: 72px\"><span style=\"font-family: arial, helvetica, sans-serif;font-size: 10pt\">Dr. Zolt\u00e1n Z\u00e1dori<\/span><\/td>\n<\/tr>\n<tr style=\"height: 112px\">\n<td style=\"width: 11.7066%;height: 112px\"><span style=\"font-family: arial, helvetica, sans-serif;font-size: 10pt\">09.20<\/span><\/td>\n<td style=\"width: 17.7715%;height: 112px\"><span style=\"font-family: arial, helvetica, sans-serif;font-size: 10pt\">14:00 -15:30<\/span><\/td>\n<td style=\"width: 52.3272%;height: 112px\"><a href=\"https:\/\/semmelweis.hu\/pharmacology\/files\/2019\/09\/mood_disorders_2019.pdf\"><span style=\"font-family: arial, helvetica, sans-serif;font-size: 10pt\">Traditional and new therapeutical approaches in the pharmacological treatment of mood disorders<\/span><\/a><\/td>\n<td style=\"width: 18.0536%;height: 112px\"><span style=\"font-family: arial, helvetica, sans-serif;font-size: 10pt\">Dr. J\u00falia Tim\u00e1r<\/span><\/td>\n<\/tr>\n<tr style=\"height: 48px\">\n<td style=\"width: 11.7066%;height: 48px\"><span style=\"font-family: arial, helvetica, sans-serif;font-size: 10pt\">09.27<\/span><\/td>\n<td style=\"width: 17.7715%;height: 48px\"><span style=\"font-family: arial, helvetica, sans-serif;font-size: 10pt\">14:00 -15:30<\/span><\/td>\n<td style=\"width: 52.3272%;height: 48px\"><a href=\"https:\/\/semmelweis.hu\/pharmacology\/files\/2019\/12\/Gyires_Pharmacodynamics_2019.pdf\"><span style=\"font-size: 10pt\"><span style=\"font-family: arial, helvetica, sans-serif\">Brain-gut axis, stress-related gastrointestinal disorders<\/span><\/span><\/a><\/td>\n<td style=\"width: 18.0536%;height: 48px\"><span style=\"font-family: arial, helvetica, sans-serif;font-size: 10pt\">Prof. Kl\u00e1ra Gyires<\/span><\/td>\n<\/tr>\n<tr style=\"height: 184px\">\n<td style=\"width: 11.7066%;height: 184px\"><span style=\"font-family: arial, helvetica, sans-serif;font-size: 10pt\">10.04<\/span><\/td>\n<td style=\"width: 17.7715%;height: 184px\">\n<p><span style=\"font-family: arial, helvetica, sans-serif;font-size: 10pt\">14:00 -15:30<\/span><\/p>\n<p><span style=\"font-family: arial, helvetica, sans-serif;font-size: 10pt\">15:45 -17:15<\/span><\/p>\n<\/td>\n<td style=\"width: 52.3272%;height: 184px\">\n<p><a href=\"https:\/\/semmelweis.hu\/pharmacology\/files\/2019\/10\/Pharmacodynamics_Kiraly.pdf\"><span style=\"font-size: 10pt\"><span style=\"font-family: arial, helvetica, sans-serif\">Spinal mechanism of hyperalgesia and allodynia<\/span><\/span><\/a><\/p>\n<p><a href=\"https:\/\/semmelweis.hu\/pharmacology\/files\/2019\/10\/Pharmacodynamics_Mahmoud.pdf\"><span style=\"font-family: arial, helvetica, sans-serif;font-size: 10pt\">New insights into the pathomechanism of neuropathic pain<\/span><\/a><\/p>\n<\/td>\n<td style=\"width: 18.0536%;height: 184px\">\n<p><span style=\"font-family: arial, helvetica, sans-serif;font-size: 10pt\">Dr. Korn\u00e9l Kir\u00e1ly<\/span><\/p>\n<p><span style=\"font-family: arial, helvetica, sans-serif;font-size: 10pt\">Dr. Mahmoud Al-Khrasani<\/span><\/p>\n<\/td>\n<\/tr>\n<tr style=\"height: 136px\">\n<td style=\"width: 11.7066%;height: 136px\"><span style=\"font-family: arial, helvetica, sans-serif;font-size: 10pt\">10.11<\/span><\/td>\n<td style=\"width: 17.7715%;height: 136px\">\u00a0<\/td>\n<td style=\"width: 52.3272%;height: 136px\"><span style=\"font-family: arial, helvetica, sans-serif;font-size: 10pt\">No lecture<\/span><\/td>\n<td style=\"width: 18.0536%;height: 136px\">\u00a0<\/td>\n<\/tr>\n<tr style=\"height: 232px\">\n<td style=\"width: 11.7066%;height: 232px\"><span style=\"font-family: arial, helvetica, sans-serif;font-size: 10pt\">10.18<\/span><\/td>\n<td style=\"width: 17.7715%;height: 232px\"><span style=\"font-family: arial, helvetica, sans-serif;font-size: 10pt\">15:45 -17:15<\/span><\/td>\n<td style=\"width: 52.3272%;height: 232px\"><a href=\"https:\/\/semmelweis.hu\/pharmacology\/files\/2019\/10\/SM_Farmakodinamina_S\u00c9_20191021.pdf\"><span style=\"font-family: arial, helvetica, sans-serif;font-size: 10pt\">Multiple sclerosis &#8211; A new target against oligodendrocyte apoptosis<\/span><\/a><\/td>\n<td style=\"width: 18.0536%;height: 232px\"><span style=\"font-family: arial, helvetica, sans-serif;font-size: 10pt\">Dr. \u00c9va S\u00e1ghy<\/span><\/td>\n<\/tr>\n<tr style=\"height: 48px\">\n<td style=\"width: 11.7066%;height: 48px\"><span style=\"font-family: arial, helvetica, sans-serif;font-size: 10pt\">10.25<\/span><\/td>\n<td style=\"width: 17.7715%;height: 48px\"><span style=\"font-family: arial, helvetica, sans-serif;font-size: 10pt\">14:00 -15:30<\/span><\/td>\n<td style=\"width: 52.3272%;height: 48px\"><a href=\"https:\/\/semmelweis.hu\/pharmacology\/files\/2019\/12\/Farmakodinamia_Varga_2019.pdf\"><span style=\"font-family: arial, helvetica, sans-serif;font-size: 10pt\">Pharmacology of canabinoids<\/span><\/a><\/td>\n<td style=\"width: 18.0536%;height: 48px\"><span style=\"font-family: arial, helvetica, sans-serif;font-size: 10pt\">Dr. Zolt\u00e1n Varga<\/span><\/td>\n<\/tr>\n<tr style=\"height: 24px\">\n<td style=\"width: 11.7066%;height: 24px\"><span style=\"font-family: arial, helvetica, sans-serif;font-size: 10pt;color: #ff0000\">11.01<\/span><\/td>\n<td style=\"width: 17.7715%;height: 24px\">\u00a0<\/td>\n<td style=\"width: 52.3272%;height: 24px\"><span style=\"font-family: arial, helvetica, sans-serif;font-size: 10pt;color: #ff0000\">All Saint\u2019s Day<\/span><\/td>\n<td style=\"width: 18.0536%;height: 24px\">\u00a0<\/td>\n<\/tr>\n<tr style=\"height: 112px\">\n<td style=\"width: 11.7066%;height: 112px\"><span style=\"font-family: arial, helvetica, sans-serif;font-size: 10pt\">11.08<\/span><\/td>\n<td style=\"width: 17.7715%;height: 112px\"><span style=\"font-family: arial, helvetica, sans-serif;font-size: 10pt\">14:00 -15:30<\/span><\/td>\n<td style=\"width: 52.3272%;height: 112px\"><a href=\"https:\/\/semmelweis.hu\/pharmacology\/files\/2019\/11\/GZ_kardioprotekcio-PhD_2019-11-08.pdf\"><span style=\"font-family: arial, helvetica, sans-serif;font-size: 10pt\">New targets in the treatment of ischemic heart disease<\/span><\/a><\/td>\n<td style=\"width: 18.0536%;height: 112px\"><span style=\"font-family: arial, helvetica, sans-serif;font-size: 10pt\">Dr. Zolt\u00e1n Giricz<\/span><\/td>\n<\/tr>\n<tr style=\"height: 184px\">\n<td style=\"width: 11.7066%;height: 184px\"><span style=\"font-family: arial, helvetica, sans-serif;font-size: 10pt\">11.15<\/span><\/td>\n<td style=\"width: 17.7715%;height: 184px\">\n<p><span style=\"font-family: arial, helvetica, sans-serif;font-size: 10pt\">14:00 -15:30<\/span><\/p>\n<p><span style=\"font-family: arial, helvetica, sans-serif;font-size: 10pt\">15.45 &#8211; 17.15<\/span><\/p>\n<\/td>\n<td style=\"width: 52.3272%;height: 184px\">\n<p><span style=\"font-family: arial, helvetica, sans-serif;font-size: 10pt\"><a href=\"https:\/\/semmelweis.hu\/pharmacology\/files\/2019\/12\/SNHL-patomech-therapy_ZadoriZ-Kurzus_2019-11-15_diakoknak_mod.pdf\">Investigating the patomechanism of sensorineural hearing losses and searching for new targets for drug therapy<\/a><\/span><\/p>\n<p><a href=\"https:\/\/semmelweis.hu\/pharmacology\/files\/2019\/11\/aging_antiaging_2019_nov_15.pdf\"><span style=\"font-family: arial, helvetica, sans-serif;font-size: 10pt\">Aging-Antiaging. Geroprotective effect of the enhancer substances<\/span><\/a><\/p>\n<\/td>\n<td style=\"width: 18.0536%;height: 184px\">\n<p><span style=\"font-family: arial, helvetica, sans-serif;font-size: 10pt\">Dr. Tibor Zelles<\/span><\/p>\n<p><span style=\"font-family: arial, helvetica, sans-serif;font-size: 10pt\">Dr. Idlik\u00f3 Miklya<\/span><\/p>\n<\/td>\n<\/tr>\n<tr style=\"height: 160px\">\n<td style=\"width: 11.7066%;height: 160px\"><span style=\"font-family: arial, helvetica, sans-serif;font-size: 10pt\">11.22<\/span><\/td>\n<td style=\"width: 17.7715%;height: 160px\">\n<p><span style=\"font-family: arial, helvetica, sans-serif;font-size: 10pt\">14:00 -15:30<\/span><\/p>\n<p><span style=\"font-family: arial, helvetica, sans-serif;font-size: 10pt\">15:45 -17:15<\/span><\/p>\n<\/td>\n<td style=\"width: 52.3272%;height: 160px\">\n<p><a href=\"https:\/\/semmelweis.hu\/pharmacology\/files\/2019\/12\/ZZ_PhDcourse_Cognition_2019_handout.pdf\"><span style=\"font-family: arial, helvetica, sans-serif;font-size: 10pt\">Development of cognitive enhancer drugs: what may bring breakthrough?<\/span><\/a><\/p>\n<p><a href=\"https:\/\/semmelweis.hu\/pharmacology\/files\/2019\/12\/Harsing_Pharmacodynamics_2019.pdf\"><span style=\"font-family: arial, helvetica, sans-serif;font-size: 10pt\">Psychopharmacology of Schizophrenia; New Trends<\/span><\/a><\/p>\n<\/td>\n<td style=\"width: 18.0536%;height: 160px\">\n<p><span style=\"font-family: arial, helvetica, sans-serif;font-size: 10pt\">Dr. Istv\u00e1n Gyerty\u00e1n<\/span><\/p>\n<p><span style=\"font-family: arial, helvetica, sans-serif;font-size: 10pt\">Dr. L\u00e1szl\u00f3 H\u00e1rsing<\/span><\/p>\n<\/td>\n<\/tr>\n<tr style=\"height: 160px\">\n<td style=\"width: 11.7066%;height: 160px\"><span style=\"font-family: arial, helvetica, sans-serif;font-size: 10pt\">11.29<\/span><\/td>\n<td style=\"width: 17.7715%;height: 160px\"><span style=\"font-family: arial, helvetica, sans-serif;font-size: 10pt\">14:00 -15:30<\/span><\/td>\n<td style=\"width: 52.3272%;height: 160px\"><a href=\"https:\/\/semmelweis.hu\/pharmacology\/files\/2019\/12\/Koles_Pharmacodynamics_2019.pdf\"><span style=\"font-size: 10pt;font-family: arial, helvetica, sans-serif\">Influence of the transmission of prefrontal cortex &#8211; analysis of new potential targets<\/span><\/a><\/td>\n<td style=\"width: 18.0536%;height: 160px\"><span style=\"font-family: arial, helvetica, sans-serif;font-size: 10pt\">Dr. L\u00e1szl\u00f3 K\u00f6les<\/span><\/td>\n<\/tr>\n<tr style=\"height: 72px\">\n<td style=\"width: 11.7066%;height: 72px\"><span style=\"font-family: arial, helvetica, sans-serif;font-size: 10pt\">12.06<\/span><\/td>\n<td style=\"width: 17.7715%;height: 72px\">\n<p><span style=\"font-family: arial, helvetica, sans-serif;font-size: 10pt\">14:00 -15:30<\/span><\/p>\n<p><span style=\"font-family: arial, helvetica, sans-serif;font-size: 10pt\">15.45 &#8211; 17.15<\/span><\/p>\n<\/td>\n<td style=\"width: 52.3272%;height: 72px\">\n<p><a href=\"https:\/\/semmelweis.hu\/pharmacology\/files\/2019\/12\/Neurodegenerative-disorders-2019dec6.pdf\"><span style=\"font-family: arial, helvetica, sans-serif;font-size: 10pt\">Neurodegenerative disorders &#8211; pathomechanism and therapy<\/span><\/a><\/p>\n<p><a href=\"https:\/\/semmelweis.hu\/pharmacology\/files\/2019\/12\/Zadori_Pharmacodynamics_Prokinetics.pdf\"><span style=\"font-family: arial, helvetica, sans-serif;font-size: 10pt\">Prokinetics, fundus relaxants and modulators of visceral hypersensitivity &#8211; how to treat functional gastrointestinal disorders?<\/span><\/a><\/p>\n<\/td>\n<td style=\"width: 18.0536%;height: 72px\">\n<p><span style=\"font-family: arial, helvetica, sans-serif;font-size: 10pt\">Dr. Erzs\u00e9bet Kat\u00f3<\/span><\/p>\n<p><span style=\"font-family: arial, helvetica, sans-serif;font-size: 10pt\">Dr. Zolt\u00e1n Z\u00e1dori <\/span><\/p>\n<\/td>\n<\/tr>\n<tr style=\"height: 24px\">\n<td style=\"width: 11.7066%;height: 24px\"><span style=\"font-family: arial, helvetica, sans-serif;font-size: 10pt\">12.13<\/span><\/td>\n<td style=\"width: 17.7715%;height: 24px\"><span style=\"font-family: arial, helvetica, sans-serif;font-size: 10pt\">14:00<\/span><\/td>\n<td style=\"width: 52.3272%;height: 24px\"><span style=\"font-family: arial, helvetica, sans-serif;font-size: 10pt\"><strong>Test exam<\/strong><\/span><\/td>\n<td style=\"width: 18.0536%;height: 24px\">\u00a0<\/td>\n<\/tr>\n<\/tbody>\n<\/table>\n<table border=\"2\">\n<tbody>\n<tr>\n<td>&nbsp;<\/td>\n<\/tr>\n<\/tbody>\n<\/table>\n","protected":false},"excerpt":{"rendered":"<p>\u00a0Pharmacodynamics I. New targets and mechanism in pharmacotherapy PhD course 2019\/2020 I. semester Leaders: Dr. Zolt\u00e1n Z\u00e1dori Location: Knoll Room, NET 4th floor Time: Fridays 14h First lecture: 13 September &nbsp; 09.13 14:00 -15:30 <a href=\"https:\/\/semmelweis.hu\/pharmacology\/files\/2019\/09\/Farmakodin\u00e1mia-IBD-web.pdf\">Immunosuppressants, helminths and microbiota transplantation &#8211; conventional and novel approaches to treat inflammatory bowel diseases<\/a> Dr. Zolt\u00e1n Z\u00e1dori 09.20 14:00 -15:30 <a href=\"https:\/\/semmelweis.hu\/pharmacology\/files\/2019\/09\/mood_disorders_2019.pdf\">Traditional and new therapeutical approaches in the pharmacological treatment of mood disorders<\/a> Dr. J\u00falia Tim\u00e1r 09.27 14:00 -15:30 <a href=\"https:\/\/semmelweis.hu\/pharmacology\/files\/2019\/12\/Gyires_Pharmacodynamics_2019.pdf\">Brain-gut axis, stress-related gastrointestinal disorders<\/a> Prof. Kl\u00e1ra Gyires 10.04 14:00 -15:30 15:45 -17:15 <a href=\"https:\/\/semmelweis.hu\/pharmacology\/files\/2019\/10\/Pharmacodynamics_Kiraly.pdf\">Spinal mechanism of hyperalgesia and allodynia<\/a> <a href=\"https:\/\/semmelweis.hu\/pharmacology\/files\/2019\/10\/Pharmacodynamics_Mahmoud.pdf\">New insights into the pathomechanism of neuropathic pain<\/a> Dr. &hellip;<\/p>\n","protected":false},"author":101230,"featured_media":0,"parent":83,"menu_order":9,"comment_status":"closed","ping_status":"closed","template":"template-fullwidth.php","meta":{"_acf_changed":false,"footnotes":""},"categories":[756],"tags":[],"class_list":["post-5987","page","type-page","status-publish","hentry","category-korabbi-tanfolyam"],"acf":[],"_links":{"self":[{"href":"https:\/\/semmelweis.hu\/pharmacology\/wp-json\/wp\/v2\/pages\/5987","targetHints":{"allow":["GET"]}}],"collection":[{"href":"https:\/\/semmelweis.hu\/pharmacology\/wp-json\/wp\/v2\/pages"}],"about":[{"href":"https:\/\/semmelweis.hu\/pharmacology\/wp-json\/wp\/v2\/types\/page"}],"author":[{"embeddable":true,"href":"https:\/\/semmelweis.hu\/pharmacology\/wp-json\/wp\/v2\/users\/101230"}],"replies":[{"embeddable":true,"href":"https:\/\/semmelweis.hu\/pharmacology\/wp-json\/wp\/v2\/comments?post=5987"}],"version-history":[{"count":10,"href":"https:\/\/semmelweis.hu\/pharmacology\/wp-json\/wp\/v2\/pages\/5987\/revisions"}],"predecessor-version":[{"id":15596,"href":"https:\/\/semmelweis.hu\/pharmacology\/wp-json\/wp\/v2\/pages\/5987\/revisions\/15596"}],"up":[{"embeddable":true,"href":"https:\/\/semmelweis.hu\/pharmacology\/wp-json\/wp\/v2\/pages\/83"}],"wp:attachment":[{"href":"https:\/\/semmelweis.hu\/pharmacology\/wp-json\/wp\/v2\/media?parent=5987"}],"wp:term":[{"taxonomy":"category","embeddable":true,"href":"https:\/\/semmelweis.hu\/pharmacology\/wp-json\/wp\/v2\/categories?post=5987"},{"taxonomy":"post_tag","embeddable":true,"href":"https:\/\/semmelweis.hu\/pharmacology\/wp-json\/wp\/v2\/tags?post=5987"}],"curies":[{"name":"wp","href":"https:\/\/api.w.org\/{rel}","templated":true}]}}