{"id":5081,"date":"2017-01-11T11:36:52","date_gmt":"2017-01-11T10:36:52","guid":{"rendered":"http:\/\/semmelweis.hu\/pharmacology\/?page_id=5081"},"modified":"2026-02-12T17:55:06","modified_gmt":"2026-02-12T16:55:06","slug":"good-clinical-practice-kozepfoku-klinikai-vizsgalo-tanfolyam","status":"publish","type":"page","link":"https:\/\/semmelweis.hu\/pharmacology\/oktatas\/posztgradualis-tanfolyamok\/good-clinical-practice-kozepfoku-klinikai-vizsgalo-tanfolyam\/","title":{"rendered":"Good Clinical Practice. K\u00f6z\u00e9pfok\u00fa Klinikai Vizsg\u00e1l\u00f3 Tanfolyam \u2013 2024. \u00c1PRILIS"},"content":{"rendered":"<h6><a href=\"https:\/\/semmelweis.hu\/pharmacology\/files\/2024\/03\/Tanfolyam_adatlap_2024_tavasz_GCP_20240321.pdf\" target=\"_blank\" rel=\"noopener\">Let\u00f6lthet\u0151 tanfolyami adatlap<\/a><\/h6>\n<h4 style=\"text-align: left\"><span style=\"font-family: arial, helvetica, sans-serif;font-size: 18pt\"><strong>Alapadatok<\/strong><\/span><\/h4>\n\n<table id=\"tablepress-1\" class=\"tablepress tablepress-id-1\">\n<thead>\n<tr class=\"row-1\">\n\t<th class=\"column-1\">Tanfolyam neve<\/th><th class=\"column-2\">Good Clinical Practice. K\u00f6z\u00e9pfok\u00fa Klinikai Vizsg\u00e1l\u00f3 Tanfolyam<\/th>\n<\/tr>\n<\/thead>\n<tbody class=\"row-striping row-hover\">\n<tr class=\"row-2\">\n\t<td class=\"column-1\">K\u00f3dsz\u00e1m<\/td><td class=\"column-2\">SE-SZTOK\/2024.I.\/00246<\/td>\n<\/tr>\n<tr class=\"row-3\">\n\t<td class=\"column-1\">Szemeszter<\/td><td class=\"column-2\">2024.I.f\u00e9l\u00e9v<\/td>\n<\/tr>\n<tr class=\"row-4\">\n\t<td class=\"column-1\">Jelleg<\/td><td class=\"column-2\">Szabadon v\u00e1laszthat\u00f3\u00a0(T\u00e1voktat\u00e1s)<\/td>\n<\/tr>\n<tr class=\"row-5\">\n\t<td class=\"column-1\">\u00c1llapot<\/td><td class=\"column-2\">Tanfolyam adatok m\u00e9g v\u00e1ltoztathat\u00f3ak a szervez\u0151 \u00e1ltal<\/td>\n<\/tr>\n<tr class=\"row-6\">\n\t<td class=\"column-1\">Szervez\u0151<\/td><td class=\"column-2\">Semmelweis Egyetem, Farmakol\u00f3giai \u00e9s Farmakoter\u00e1pi\u00e1s Int\u00e9zet<\/td>\n<\/tr>\n<tr class=\"row-7\">\n\t<td class=\"column-1\">Kapcsolattart\u00f3 szem\u00e9ly<\/td><td class=\"column-2\">Dr. G\u00f6rbe Anik\u00f3, 2104416\u00a0<\/td>\n<\/tr>\n<tr class=\"row-8\">\n\t<td class=\"column-1\">C\u00e9lcsoport<\/td><td class=\"column-2\">1. belgy\u00f3gy\u00e1szat | 2. belgy\u00f3gy\u00e1szati angiol\u00f3gia | 3. b\u0151rgy\u00f3gy\u00e1szat | 4. \u00e9rseb\u00e9szet | 5. farmakol\u00f3gia | 6. gastroenterol\u00f3gia | 7. gyermek radiol\u00f3gia | 8. gyermekneurol\u00f3gia | 9. h\u00e1ziorvostan | 10. idegseb\u00e9szet | 11. kardiol\u00f3gia | 12. k\u00e9zseb\u00e9szet | 13. klinik.labor.vizsg.  (higi\u00e9n.) | 14. klinikai biok\u00e9mikus | 15. klinikai farmakol\u00f3gia | 16. klinikai onkol\u00f3gia | 17. mellkasseb\u00e9szet | 18. molekul\u00e1ris biol\u00f3giai diagnosztikus | 19. molekul\u00e1ris genetikai diagnosztika | 20. nefrol\u00f3gia | 21. neurol\u00f3gia | 22. neuroradiol\u00f3gia | 23. ortop\u00e9dia | 24. ortop\u00e9dia \u00e9s traumatol\u00f3gia | 25. orvosi laborat\u00f3riumi diagnosztika | 26. radiol\u00f3gia | 27. rehabilit\u00e1ci\u00f3s medicina | 28. reumatol\u00f3gia | 29. seb\u00e9szet | 30. sportfiziol\u00f3gia | 31. sportorvostan | 32. sz\u00edvseb\u00e9szet | 33. traumatol\u00f3gia<\/td>\n<\/tr>\n<tr class=\"row-9\">\n\t<td class=\"column-1\">Egyetem<\/td><td class=\"column-2\">Semmelweis Egyetem Szak- \u00e9s Tov\u00e1bbk\u00e9pz\u00e9si K\u00f6zpont<\/td>\n<\/tr>\n<tr class=\"row-10\">\n\t<td class=\"column-1\">Akkr.pont<\/td><td class=\"column-2\"><\/td>\n<\/tr>\n<tr class=\"row-11\">\n\t<td class=\"column-1\">Kezdete<\/td><td class=\"column-2\">2024.04.03 <\/td>\n<\/tr>\n<tr class=\"row-12\">\n\t<td class=\"column-1\">V\u00e9ge<\/td><td class=\"column-2\">2023.04.04<\/td>\n<\/tr>\n<tr class=\"row-13\">\n\t<td class=\"column-1\">Helysz\u00edne<\/td><td class=\"column-2\">Online, zoom platform<\/td>\n<\/tr>\n<tr class=\"row-14\">\n\t<td class=\"column-1\">Napok<\/td><td class=\"column-2\">2<\/td>\n<\/tr>\n<tr class=\"row-15\">\n\t<td class=\"column-1\">Tanfolyami \u00f3r\u00e1k<\/td><td class=\"column-2\">17<\/td>\n<\/tr>\n<tr class=\"row-16\">\n\t<td class=\"column-1\">Vizsga<\/td><td class=\"column-2\">igen<\/td>\n<\/tr>\n<tr class=\"row-17\">\n\t<td class=\"column-1\">D\u00edja<\/td><td class=\"column-2\">70000 Ft<\/td>\n<\/tr>\n<tr class=\"row-18\">\n\t<td class=\"column-1\">Jelentkez\u00e9si hat.id\u0151<\/td><td class=\"column-2\">2024.03.31<\/td>\n<\/tr>\n<tr class=\"row-19\">\n\t<td class=\"column-1\">Jelentkez\u00e9si lap<\/td><td class=\"column-2\"><a href=\"https:\/\/semmelweis.hu\/pharmacology\/files\/2024\/01\/jelentkezesi-lap_GCP-tanfolyam_2024_tavasz.doc\" rel=\"noopener\" target=\"_blank\">Let\u00f6lt\u00e9s<\/a><\/td>\n<\/tr>\n<tr class=\"row-20\">\n\t<td class=\"column-1\">R\u00e9sztvev\u0151k jelentkezhetnek-e a port\u00e1lon<\/td><td class=\"column-2\">Igen\u00a0<\/td>\n<\/tr>\n<\/tbody>\n<\/table>\n<!-- #tablepress-1 from cache -->\n<h4><span style=\"font-family: arial, helvetica, sans-serif;font-size: 18pt\"><strong>EL\u0150AD\u00c1SOK JEGYZ\u00c9KE<\/strong><\/span><\/h4>\n\n<table id=\"tablepress-2\" class=\"tablepress tablepress-id-2\">\n<thead>\n<tr class=\"row-1\">\n\t<th class=\"column-1\">Sorsz.<\/th><th class=\"column-2\">Nap<\/th><th class=\"column-3\">Id\u0151pont<\/th><th class=\"column-4\">Hossz<\/th><th class=\"column-5\">El\u0151ad\u00e1s c\u00edme<\/th><th class=\"column-6\">El\u0151ad\u00f3<\/th><th class=\"column-7\">Beoszt\u00e1s\/tud.\u00a0fokozat<\/th>\n<\/tr>\n<\/thead>\n<tbody class=\"row-striping row-hover\">\n<tr class=\"row-2\">\n\t<td class=\"column-1\">1.<\/td><td class=\"column-2\">2024.04.03. szerda<\/td><td class=\"column-3\">08:30<\/td><td class=\"column-4\">45<\/td><td class=\"column-5\">A tanfolyam megnyit\u00e1sa. A gy\u00f3gyszeripar kih\u00edv\u00e1sai a XXI. sz\u00e1zadban<\/td><td class=\"column-6\">Prof. Dr. Ferdinandy P\u00e9ter<\/td><td class=\"column-7\">egyetemi tan\u00e1r, Semmelweis Egyetem<\/td>\n<\/tr>\n<tr class=\"row-3\">\n\t<td class=\"column-1\">2.<\/td><td class=\"column-2\">2024.04.03. szerda<\/td><td class=\"column-3\">09:15<\/td><td class=\"column-4\">45<\/td><td class=\"column-5\">Az NNGYK hat\u00f3s\u00e1g feladatai. A klinikai vizsg\u00e1latok k\u00f6zponti enged\u00e9lyez\u00e9se a 536\/2014\/EU rendelet t\u00fckr\u00e9ben<\/td><td class=\"column-6\">Dr. Hajd\u00fa \u00c1gnes Zita<\/td><td class=\"column-7\">NNGYK Klinikai Kutat\u00e1sok F\u0151oszt\u00e1ly<\/td>\n<\/tr>\n<tr class=\"row-4\">\n\t<td class=\"column-1\">3.<\/td><td class=\"column-2\">2024.04.03. szerda<\/td><td class=\"column-3\">10:00<\/td><td class=\"column-4\">20<\/td><td class=\"column-5\">sz\u00fcnet<\/td><td class=\"column-6\"><\/td><td class=\"column-7\"><\/td>\n<\/tr>\n<tr class=\"row-5\">\n\t<td class=\"column-1\">4.<\/td><td class=\"column-2\">2024.04.03. szerda<\/td><td class=\"column-3\">10:20<\/td><td class=\"column-4\">50<\/td><td class=\"column-5\">Az ETT-KFEB m\u0171k\u00f6d\u00e9se, a klinikai vizsg\u00e1latok szakmai-etikai v\u00e9lem\u00e9nyez\u00e9se az \u00faj fejleszt\u00e9sek t\u00fckr\u00e9ben a 536\/2014\/EU rendelet<\/td><td class=\"column-6\">Prof. Dr. Bitter Istv\u00e1n<\/td><td class=\"column-7\">professor emeritus SE; ETT KFEB eln\u00f6k<\/td>\n<\/tr>\n<tr class=\"row-6\">\n\t<td class=\"column-1\">5.<\/td><td class=\"column-2\">2024.04.03. szerda<\/td><td class=\"column-3\">11:10<\/td><td class=\"column-4\">15<\/td><td class=\"column-5\">GDPR ismertet\u00e9se az etikai szempontok alapj\u00e1n<\/td><td class=\"column-6\">Dr. Hatos Ildik\u00f3<\/td><td class=\"column-7\">ETT adatv\u00e9delmi szakjog\u00e1sz<\/td>\n<\/tr>\n<tr class=\"row-7\">\n\t<td class=\"column-1\">6.<\/td><td class=\"column-2\">2024.04.03. szerda<\/td><td class=\"column-3\">11:25<\/td><td class=\"column-4\">45<\/td><td class=\"column-5\">Orvostechnikai eszk\u00f6z\u00f6k klinikai vizsg\u00e1lat\u00e1nak enged\u00e9lyeztet\u00e9se. Hat\u00f3s\u00e1g tapasztalatai az MDR enged\u00e9lyeztet\u00e9s f\u00fcggv\u00e9ny\u00e9ben.<\/td><td class=\"column-6\">Dr. T\u00edm\u00e1r Krisztina<\/td><td class=\"column-7\">klinikai kutat\u00e1sok szak\u00e9rt\u0151je, NNGYK Orvostechnikai F\u0151oszt\u00e1ly<\/td>\n<\/tr>\n<tr class=\"row-8\">\n\t<td class=\"column-1\">7.<\/td><td class=\"column-2\">2024.04.03. szerda<\/td><td class=\"column-3\">12:10<\/td><td class=\"column-4\">50<\/td><td class=\"column-5\">eb\u00e9dsz\u00fcnet<\/td><td class=\"column-6\"><\/td><td class=\"column-7\"><\/td>\n<\/tr>\n<tr class=\"row-9\">\n\t<td class=\"column-1\">8.<\/td><td class=\"column-2\">2024.04.03. szerda<\/td><td class=\"column-3\">13:00<\/td><td class=\"column-4\">45<\/td><td class=\"column-5\">ETT TUKEB tapasztalatai \u00e9s etikai k\u00f6vetelm\u00e9nyek a beavatkoz\u00e1ssal j\u00e1r\u00f3 hum\u00e1n klinikai kutat\u00e1sok folyamat\u00e1ban. Kutat\u00f3 orvosok \u00e1ltal kezdem\u00e9nyezett hum\u00e1n kutat\u00e1sok enged\u00e9lyeztet\u00e9se<\/td><td class=\"column-6\">Dr. Kardon Tam\u00e1s<\/td><td class=\"column-7\">egyetemi docens, ETT TUKEB titk\u00e1ra<\/td>\n<\/tr>\n<tr class=\"row-10\">\n\t<td class=\"column-1\">9.<\/td><td class=\"column-2\">2024.04.03. szerda<\/td><td class=\"column-3\">13:45<\/td><td class=\"column-4\">60<\/td><td class=\"column-5\">A gy\u00f3gyszer-vizsg\u00e1lati protokoll fel\u00e9p\u00edt\u00e9se.  Komplex trial design, \u00faj t\u00edpus\u00fa protokollok. Investigator\u2019s Brochure tartalma \u00e9s jelent\u0151s\u00e9ge<\/td><td class=\"column-6\">Dr. Kerpel-Fronius S\u00e1ndor<\/td><td class=\"column-7\">egyetemi tan\u00e1r, Semmelweis Egyetem<\/td>\n<\/tr>\n<tr class=\"row-11\">\n\t<td class=\"column-1\">10.<\/td><td class=\"column-2\">2024.04.03. szerda<\/td><td class=\"column-3\">14:45<\/td><td class=\"column-4\">15<\/td><td class=\"column-5\">sz\u00fcnet<\/td><td class=\"column-6\"><\/td><td class=\"column-7\"><\/td>\n<\/tr>\n<tr class=\"row-12\">\n\t<td class=\"column-1\">11.<\/td><td class=\"column-2\">2024.04.03. szerda<\/td><td class=\"column-3\">15:00<\/td><td class=\"column-4\">45<\/td><td class=\"column-5\">Klinikai vizsg\u00e1lati t\u00edpusok, elrendez\u00e9sek. Statisztikai tervez\u00e9s \u00e9s \u00e9rt\u00e9kel\u00e9s<\/td><td class=\"column-6\">Dr. Renczes G\u00e1bor<\/td><td class=\"column-7\">igazgat\u00f3, Auxiliis Pharma Kft.<\/td>\n<\/tr>\n<tr class=\"row-13\">\n\t<td class=\"column-1\">12.<\/td><td class=\"column-2\">2024.04.03. szerda<\/td><td class=\"column-3\">15:45<\/td><td class=\"column-4\">45<\/td><td class=\"column-5\">Nem-k\u00edv\u00e1natos esem\u00e9nyek jelent\u00e9se \u00e9s feldolgoz\u00e1sa. Farmakovigilancia \u00e9s kock\u00e1zat menedzsment<\/td><td class=\"column-6\">Dr. Haj\u00f3s Anna<\/td><td class=\"column-7\">Klinikai Kutat\u00e1sok F\u0151oszt\u00e1ly, NNGYK<\/td>\n<\/tr>\n<tr class=\"row-14\">\n\t<td class=\"column-1\">13.<\/td><td class=\"column-2\">2024.04.04. cs\u00fct\u00f6rt\u00f6k<\/td><td class=\"column-3\">08:30<\/td><td class=\"column-4\">45<\/td><td class=\"column-5\">Beavatkoz\u00e1ssal nem j\u00e1r\u00f3 vizsg\u00e1latok<\/td><td class=\"column-6\">Dr. Szepesi G\u00e1bor<\/td><td class=\"column-7\">region\u00e1lis igazgat\u00f3, ICON<\/td>\n<\/tr>\n<tr class=\"row-15\">\n\t<td class=\"column-1\">14.<\/td><td class=\"column-2\">2024.04.04. cs\u00fct\u00f6rt\u00f6k<\/td><td class=\"column-3\">09:15<\/td><td class=\"column-4\">45<\/td><td class=\"column-5\">Klinikai vizsg\u00e1l\u00f3 szerepe, egy\u00fcttm\u0171k\u00f6d\u00e9se \u00e9s felel\u0151ss\u00e9ge a f\u00e1zis I, II \u00e9s III klinikai gy\u00f3gyszervizsg\u00e1latok tudom\u00e1nyos tervez\u00e9s\u00e9ben \u00e9s kivitelez\u00e9s\u00e9ben. Klinikai vizsg\u00e1lati auditok<\/td><td class=\"column-6\">Dr. Tak\u00e1cs Istv\u00e1n<\/td><td class=\"column-7\">egyetemi tan\u00e1r, Semmelweis Egyetem<\/td>\n<\/tr>\n<tr class=\"row-16\">\n\t<td class=\"column-1\">15.<\/td><td class=\"column-2\">2024.04.04. cs\u00fct\u00f6rt\u00f6k<\/td><td class=\"column-3\">10:00<\/td><td class=\"column-4\">20<\/td><td class=\"column-5\">sz\u00fcnet<\/td><td class=\"column-6\"><\/td><td class=\"column-7\"><\/td>\n<\/tr>\n<tr class=\"row-17\">\n\t<td class=\"column-1\">16.<\/td><td class=\"column-2\">2024.04.04. cs\u00fct\u00f6rt\u00f6k<\/td><td class=\"column-3\">10:20<\/td><td class=\"column-4\">45<\/td><td class=\"column-5\">Klinikai vizsg\u00e1lati adatgy\u0171jt\u00e9s. A val\u00f3s k\u00f6r\u00fclm\u00e9nyek k\u00f6z\u00f6tt keletkezett adatok jelent\u0151s\u00e9ge a gy\u00f3gyszerfejleszt\u00e9sben, klinikai vizsg\u00e1latok managementje, \u00faj technol\u00f3gi\u00e1k<\/td><td class=\"column-6\">Dr. Bar\u00f3tfi Szabolcs<\/td><td class=\"column-7\">klinikai kutat\u00e1si igazgat\u00f3, MSD Pharma Hungary Kft<\/td>\n<\/tr>\n<tr class=\"row-18\">\n\t<td class=\"column-1\">17.<\/td><td class=\"column-2\">2024.04.04. cs\u00fct\u00f6rt\u00f6k<\/td><td class=\"column-3\">11:05<\/td><td class=\"column-4\">45<\/td><td class=\"column-5\">Klinikai vizsg\u00e1latok komplex szervez\u00e9se. CRO, CRA, SMO, vizsg\u00e1lati n\u0151v\u00e9r \u00e9s koordin\u00e1tor feladatai \u00e9s felel\u0151ss\u00e9ge<\/td><td class=\"column-6\">Dr. Veres L\u00e1szl\u00f3<\/td><td class=\"column-7\">klinikai kutat\u00e1si igazgat\u00f3, IQVIA<\/td>\n<\/tr>\n<tr class=\"row-19\">\n\t<td class=\"column-1\">18.<\/td><td class=\"column-2\">2024.04.04. cs\u00fct\u00f6rt\u00f6k<\/td><td class=\"column-3\">11:50<\/td><td class=\"column-4\">45<\/td><td class=\"column-5\">Richter tapasztalatai a hum\u00e1n klinikai vizsg\u00e1latokban: Bioekvivalencia \u00e9s f\u00e1zis I vizsg\u00e1latok<\/td><td class=\"column-6\">Dr. Szatm\u00e1ri Bal\u00e1zs<\/td><td class=\"column-7\">chief medical officer, Richter Gedeon<\/td>\n<\/tr>\n<tr class=\"row-20\">\n\t<td class=\"column-1\">19.<\/td><td class=\"column-2\">2024.04.04. cs\u00fct\u00f6rt\u00f6k<\/td><td class=\"column-3\">12:35<\/td><td class=\"column-4\">70<\/td><td class=\"column-5\">eb\u00e9dsz\u00fcnet<\/td><td class=\"column-6\"><\/td><td class=\"column-7\"><\/td>\n<\/tr>\n<tr class=\"row-21\">\n\t<td class=\"column-1\">20.<\/td><td class=\"column-2\">2024.04.04. cs\u00fct\u00f6rt\u00f6k<\/td><td class=\"column-3\">13:45<\/td><td class=\"column-4\">45<\/td><td class=\"column-5\">Szem\u00e9lyre szabott medicina leg\u00fajabb eredm\u00e9nyeinek (vissza) hat\u00e1sa gy\u00f3gyszerfejleszt\u00e9sekre \u00e9s a klinikai vizsg\u00e1latok tervez\u00e9s\u00e9re \u00e9s kivitelez\u00e9s\u00e9re<\/td><td class=\"column-6\">Dr. Pet\u00e1k Istv\u00e1n<\/td><td class=\"column-7\">tudom\u00e1nyos igazgat\u00f3, Oncompass Medicine<\/td>\n<\/tr>\n<tr class=\"row-22\">\n\t<td class=\"column-1\">21.<\/td><td class=\"column-2\">2024.04.04. cs\u00fct\u00f6rt\u00f6k<\/td><td class=\"column-3\">14:30<\/td><td class=\"column-4\">45<\/td><td class=\"column-5\">Int\u00e9zm\u00e9nyi gy\u00f3gyszert\u00e1rak \u00e9s gy\u00f3gyszer\u00e9szek feladatai \u00e9s felel\u0151ss\u00e9ge a klinikai vizsg\u00e1latokban<\/td><td class=\"column-6\">Dr. Seb\u0151k Szilvia<\/td><td class=\"column-7\">int\u00e9zetvezet\u0151 f\u0151gy\u00f3gyszer\u00e9sz, Semmelweis Egyetem<\/td>\n<\/tr>\n<tr class=\"row-23\">\n\t<td class=\"column-1\">22.<\/td><td class=\"column-2\">2024.04.04. cs\u00fct\u00f6rt\u00f6k<\/td><td class=\"column-3\">15:15<\/td><td class=\"column-4\">15<\/td><td class=\"column-5\">Adatkezel\u00e9s a klinikai vizsg\u00e1latokban a GDPR t\u00fckr\u00e9ben<\/td><td class=\"column-6\">Dr. Sisa D\u00e1niel<\/td><td class=\"column-7\">\u00fcgyv\u00e9d, alap\u00edt\u00f3 tag Sisa \u00e9s Jo\u00f3sz \u00dcgyv\u00e9di Iroda<\/td>\n<\/tr>\n<tr class=\"row-24\">\n\t<td class=\"column-1\">23.<\/td><td class=\"column-2\">2024.04.04. cs\u00fct\u00f6rt\u00f6k<\/td><td class=\"column-3\">15:30<\/td><td class=\"column-4\">15<\/td><td class=\"column-5\">sz\u00fcnet<\/td><td class=\"column-6\"><\/td><td class=\"column-7\"><\/td>\n<\/tr>\n<tr class=\"row-25\">\n\t<td class=\"column-1\">24.<\/td><td class=\"column-2\">2024.04.04. cs\u00fct\u00f6rt\u00f6k<\/td><td class=\"column-3\">15:45<\/td><td class=\"column-4\">45<\/td><td class=\"column-5\">Kerekasztal megbesz\u00e9l\u00e9s \u2013 k\u00e9rd\u00e9sek \u00e9s v\u00e1laszok: Dr. Kerpel-Fr\u00f3nius S\u00e1ndor, Dr. Pet\u00e1k Istv\u00e1n, Dr. Tarnai Julianna, Dr. T\u00edm\u00e1r Krisztina, Dr. Kardon Tam\u00e1s, Prof. Dr. Bitter Istv\u00e1n<\/td><td class=\"column-6\">Prof. Dr. Ferdinandy P\u00e9ter<\/td><td class=\"column-7\">egyetemi tan\u00e1r, Semmelweis Egyetem<\/td>\n<\/tr>\n<tr class=\"row-26\">\n\t<td class=\"column-1\">25.<\/td><td class=\"column-2\">2024.04.04. cs\u00fct\u00f6rt\u00f6k<\/td><td class=\"column-3\">16:30<\/td><td class=\"column-4\">45<\/td><td class=\"column-5\">Tesztvizsga (online Moodle-rendszeren kereszt\u00fcl)<\/td><td class=\"column-6\">Dr. G\u00f6rbe Anik\u00f3<\/td><td class=\"column-7\">egyetemi docens, Semmelweis Egyetem<\/td>\n<\/tr>\n<\/tbody>\n<\/table>\n<!-- #tablepress-2 from cache -->\n<h4><span style=\"font-family: arial, helvetica, sans-serif;font-size: 18pt\"><strong style=\"font-size: 18pt\">SZAKMAI KOLL\u00c9GIUM(OK)<\/strong><\/span><\/h4>\n\n<table id=\"tablepress-3\" class=\"tablepress tablepress-id-3\">\n<thead>\n<tr class=\"row-1\">\n\t<th class=\"column-1\">Sorsz.<\/th><th class=\"column-2\">Szakmai koll\u00e9gium<\/th>\n<\/tr>\n<\/thead>\n<tbody class=\"row-striping row-hover\">\n<tr class=\"row-2\">\n\t<td class=\"column-1\">1.<\/td><td class=\"column-2\">Belgy\u00f3gy\u00e1szati, endokrinol\u00f3giai, diab\u00e9tesz \u00e9s anyagcserebetegs\u00e9gek<\/td>\n<\/tr>\n<tr class=\"row-3\">\n\t<td class=\"column-1\">2.<\/td><td class=\"column-2\">B\u0151r- \u00e9s Nemibetegs\u00e9gek<\/td>\n<\/tr>\n<tr class=\"row-4\">\n\t<td class=\"column-1\">3.<\/td><td class=\"column-2\">Angiol\u00f3giai \u00e9s \u00e9rseb\u00e9szeti<\/td>\n<\/tr>\n<tr class=\"row-5\">\n\t<td class=\"column-1\">4.<\/td><td class=\"column-2\">Klinikai Farmakol\u00f3gia<\/td>\n<\/tr>\n<tr class=\"row-6\">\n\t<td class=\"column-1\">5.<\/td><td class=\"column-2\">Gasztroenterol\u00f3giai \u00e9s hepatol\u00f3giai<\/td>\n<\/tr>\n<tr class=\"row-7\">\n\t<td class=\"column-1\">6.<\/td><td class=\"column-2\">Radiol\u00f3giai<\/td>\n<\/tr>\n<tr class=\"row-8\">\n\t<td class=\"column-1\">7.<\/td><td class=\"column-2\">Neurol\u00f3giai<\/td>\n<\/tr>\n<tr class=\"row-9\">\n\t<td class=\"column-1\">8.<\/td><td class=\"column-2\">H\u00e1ziorvostani<\/td>\n<\/tr>\n<tr class=\"row-10\">\n\t<td class=\"column-1\">9.<\/td><td class=\"column-2\">Idegseb\u00e9szeti<\/td>\n<\/tr>\n<tr class=\"row-11\">\n\t<td class=\"column-1\">10.<\/td><td class=\"column-2\">Kardiol\u00f3giai<\/td>\n<\/tr>\n<tr class=\"row-12\">\n\t<td class=\"column-1\">11.<\/td><td class=\"column-2\">Traumatol\u00f3gia \u00e9s k\u00e9zseb\u00e9szet<\/td>\n<\/tr>\n<tr class=\"row-13\">\n\t<td class=\"column-1\">12.<\/td><td class=\"column-2\">Orvosi laborat\u00f3rium<\/td>\n<\/tr>\n<tr class=\"row-14\">\n\t<td class=\"column-1\">13.<\/td><td class=\"column-2\">Onkol\u00f3gia \u00e9s sug\u00e1rter\u00e1pia<\/td>\n<\/tr>\n<tr class=\"row-15\">\n\t<td class=\"column-1\">14.<\/td><td class=\"column-2\">Seb\u00e9szet<\/td>\n<\/tr>\n<tr class=\"row-16\">\n\t<td class=\"column-1\">15.<\/td><td class=\"column-2\">Nefrol\u00f3gia \u00e9s dial\u00edzis<\/td>\n<\/tr>\n<tr class=\"row-17\">\n\t<td class=\"column-1\">16.<\/td><td class=\"column-2\">Ortop\u00e9diai<\/td>\n<\/tr>\n<tr class=\"row-18\">\n\t<td class=\"column-1\">17.<\/td><td class=\"column-2\">Rehabilit\u00e1ci\u00f3, fizik\u00e1lis medicina \u00e9s gy\u00f3gy\u00e1szati seg\u00e9deszk\u00f6z<\/td>\n<\/tr>\n<tr class=\"row-19\">\n\t<td class=\"column-1\">18.<\/td><td class=\"column-2\">Reumatol\u00f3giai<\/td>\n<\/tr>\n<tr class=\"row-20\">\n\t<td class=\"column-1\">19.<\/td><td class=\"column-2\">Sporteg\u00e9szs\u00e9g\u00fcgyi<\/td>\n<\/tr>\n<tr class=\"row-21\">\n\t<td class=\"column-1\">20.<\/td><td class=\"column-2\">Sz\u00edvseb\u00e9szeti<\/td>\n<\/tr>\n<\/tbody>\n<\/table>\n<!-- #tablepress-3 from cache -->\n<h6>\n<\/h6>\n<p>&nbsp;<\/p>\n","protected":false},"excerpt":{"rendered":"<p><a href=\"https:\/\/semmelweis.hu\/pharmacology\/files\/2024\/03\/Tanfolyam_adatlap_2024_tavasz_GCP_20240321.pdf\" target=\"_blank\" rel=\"noopener\">Let\u00f6lthet\u0151 tanfolyami adatlap<\/a><br \/>\nAlapadatok<\/p>\n<p>EL\u0150AD\u00c1SOK JEGYZ\u00c9KE<\/p>\n<p>SZAKMAI KOLL\u00c9GIUM(OK)<\/p>\n<p>&nbsp;<\/p>\n","protected":false},"author":101016,"featured_media":0,"parent":83,"menu_order":7,"comment_status":"closed","ping_status":"closed","template":"template-fullwidth.php","meta":{"_acf_changed":false,"footnotes":""},"categories":[756],"tags":[],"class_list":["post-5081","page","type-page","status-publish","hentry","category-korabbi-tanfolyam"],"acf":[],"_links":{"self":[{"href":"https:\/\/semmelweis.hu\/pharmacology\/wp-json\/wp\/v2\/pages\/5081","targetHints":{"allow":["GET"]}}],"collection":[{"href":"https:\/\/semmelweis.hu\/pharmacology\/wp-json\/wp\/v2\/pages"}],"about":[{"href":"https:\/\/semmelweis.hu\/pharmacology\/wp-json\/wp\/v2\/types\/page"}],"author":[{"embeddable":true,"href":"https:\/\/semmelweis.hu\/pharmacology\/wp-json\/wp\/v2\/users\/101016"}],"replies":[{"embeddable":true,"href":"https:\/\/semmelweis.hu\/pharmacology\/wp-json\/wp\/v2\/comments?post=5081"}],"version-history":[{"count":12,"href":"https:\/\/semmelweis.hu\/pharmacology\/wp-json\/wp\/v2\/pages\/5081\/revisions"}],"predecessor-version":[{"id":13319,"href":"https:\/\/semmelweis.hu\/pharmacology\/wp-json\/wp\/v2\/pages\/5081\/revisions\/13319"}],"up":[{"embeddable":true,"href":"https:\/\/semmelweis.hu\/pharmacology\/wp-json\/wp\/v2\/pages\/83"}],"wp:attachment":[{"href":"https:\/\/semmelweis.hu\/pharmacology\/wp-json\/wp\/v2\/media?parent=5081"}],"wp:term":[{"taxonomy":"category","embeddable":true,"href":"https:\/\/semmelweis.hu\/pharmacology\/wp-json\/wp\/v2\/categories?post=5081"},{"taxonomy":"post_tag","embeddable":true,"href":"https:\/\/semmelweis.hu\/pharmacology\/wp-json\/wp\/v2\/tags?post=5081"}],"curies":[{"name":"wp","href":"https:\/\/api.w.org\/{rel}","templated":true}]}}