{"id":487,"date":"2014-02-10T18:26:21","date_gmt":"2014-02-10T18:26:21","guid":{"rendered":"http:\/\/semmelweis.hu\/pharmacology\/?page_id=487"},"modified":"2024-02-23T17:58:22","modified_gmt":"2024-02-23T16:58:22","slug":"kurzusok","status":"publish","type":"page","link":"https:\/\/semmelweis.hu\/pharmacology\/oktatas\/kurzusok\/","title":{"rendered":"Egy\u00e9b kurzusok"},"content":{"rendered":"<h4 style=\"text-align: justify\"><strong>K\u00f6telez\u0151en \u00e9s szabadon v\u00e1laszhat\u00f3 kurzusok\u00a0<\/strong><\/h4>\n<p style=\"text-align: justify\"><div class=\"responsive-tabs\">\n<h2 class=\"tabtitle\">A k\u00e1b\u00edt\u00f3szer ab\u00fazus probl\u00e9m\u00e1i<\/h2>\n<div class=\"tabcontent\">\n<\/p>\n<p style=\"text-align: justify\">A term\u00e9szetben el\u0151fordul\u00f3 <em>szedat\u00edv, stimul\u00e1ns, euforiz\u00e1l\u00f3 <\/em>vagy<em> hallucinog\u00e9n <\/em>hat\u00e1s\u00fa anyagokat \u00e9vezredekkel ezel\u0151tt is ismert\u00e9k m\u00e1r. Az ilyen szerek nem-orvosi c\u00e9l\u00fa haszn\u00e1lata, illetve ezekkel a szerekkel val\u00f3 vissza\u00e9l\u00e9s \u2013 <em>ab\u00fazus<\/em> \u2013 egyid\u0151s a civiliz\u00e1ci\u00f3val. A hat\u00e1r, amely elv\u00e1lasztja az ab\u00fazust a gy\u00f3gyszerek orvosi haszn\u00e1lat\u00e1t\u00f3l, sokszor igen keskeny. Az el\u0151ad\u00e1ssorozat a tudom\u00e1nyos megfigyel\u00e9sekre, adatokra \u00e9s eredm\u00e9nyekre t\u00e1maszkodva el\u0151seg\u00edti a j\u00f6v\u0151 orvosainak inform\u00e1lts\u00e1g\u00e1t, a probl\u00e9ma ny\u00edlt, sz\u00e9lesk\u00f6r\u0171en megalapozott, kreat\u00edv orvosi szeml\u00e9let\u00e9t. Ezid\u00e1ig ez az egyetlen ilyen, komplex t\u00e9m\u00e1j\u00fa kurzus az orvosk\u00e9pz\u00e9si kurrikulumban.<\/p>\n<div class=\"fontos_div\" style=\"text-align: justify\">\n<p style=\"text-align: justify\">A kurzus minden tan\u00e9v 2. szemeszter\u00e9ben ker\u00fcl megtart\u00e1sra.<\/p>\n<\/div>\n<h4 style=\"text-align: justify\"><a href=\"https:\/\/semmelweis.hu\/pharmacology\/files\/2024\/01\/AOVFRM111_1M_Kabitoszer-abuzus-2023-24_Tantargyi-kovetelmenyrendszer-magyar.pdf\"><span style=\"font-size: 14pt\">K\u00f6vetelm\u00e9nyrendszer<\/span><\/a><\/h4>\n<p style=\"text-align: justify\">\n<\/div><h2 class=\"tabtitle\">Bizony\u00edt\u00e9k alap\u00fa gy\u00f3gyszeres ter\u00e1pia<\/h2>\n<div class=\"tabcontent\">\n<\/p>\n<p style=\"text-align: justify\"><strong>A tant\u00e1rgy oktat\u00e1s\u00e1nak c\u00e9lkit\u0171z\u00e9se, helye az orvosk\u00e9pz\u00e9s kurrikulum\u00e1ban:<\/strong><\/p>\n<p style=\"text-align: justify\">Az eg\u00e9sz vil\u00e1gon a t\u00e1rsadalom r\u00e9sz\u00e9r\u0151l az elm\u00falt \u00e9vekben meghat\u00e1roz\u00f3 ig\u00e9nyk\u00e9nt jelentkezett a fels\u0151oktat\u00e1si int\u00e9zm\u00e9nyek fel\u00e9, hogy az oktat\u00e1si programban fokozott m\u00e9rt\u00e9kben jelentkezzen az ismeretek gyakorlati alkalmaz\u00e1s\u00e1nak oktat\u00e1sa. Ezt az ir\u00e1nyt nemzetk\u00f6zileg competence teaching kifejez\u00e9s alatt foglalj\u00e1k \u00f6ssze.<br \/>\nAz orvostudom\u00e1nyi egyetemek sz\u00e1m\u00e1ra ez azt jelenti, hogy a r\u00e9szletes elm\u00e9leti k\u00e9pz\u00e9s mellett fokozott figyelmet kell forditani az ismeretek gyakorlati alkalmaz\u00e1s\u00e1ra, a gyakorlati oktat\u00e1snak. Az orvosegyetemek oktat\u00e1snak egy\u00e9bk\u00e9nt is alapk\u00e9rd\u00e9se, az elm\u00e9leti \u00e9s a gyakorlati k\u00e9pz\u00e9s kell\u0151 egyens\u00faly\u00e1nak megteremt\u00e9se. A kurrikulum reform c\u00e9lja is \u00e9pp a gyakorlati k\u00e9pz\u00e9s s\u00faly\u00e1nak n\u00f6vel\u00e9se.<\/p>\n<p style=\"text-align: justify\">A Farmakol\u00f3giai \u00e9s Farmakoter\u00e1pi\u00e1s Int\u00e9zetben m\u00e1r a 90-es \u00e9vek m\u00e1sodik fel\u00e9t\u0151l folyamatos c\u00e9l\u00a0 az alapfarmakol\u00f3giai, elm\u00e9leti\u00a0 oktat\u00e1st kib\u0151viteni klinikaifarmakol\u00f3giai, farmakoter\u00e1pi\u00e1s ismeretek tananyagba t\u00f6rt\u00e9n\u0151 be\u00e9p\u00edt\u00e9s\u00e9vel.\u00a0\u00a0 <br \/>\nA kurrikulum reform kapcs\u00e1n\u00a0 2021-ben a IV. \u00e9v els\u0151 f\u00e9l\u00e9v\u00e9ben bevezet\u00e9sre ker\u00fcl a Klinikai farmakol\u00f3gia t\u00e1rgy.\u00a0 A Bizony\u00edt\u00e9kon alapul\u00f3 gy\u00f3gyszeres ter\u00e1pia k\u00f6telez\u0151en v\u00e1laszthat\u00f3 kurzust\u00a0 t\u00f6bb mint 10\u00a0 \u00e9ve ind\u00edtottuk, a mely lehet\u0151s\u00e9get ny\u00fajt arra, hogy a\u00a0 bizony\u00edt\u00e9k alapul\u00f3 gy\u00f3gyszeres ter\u00e1pia tov\u00e1bbi ter\u00fcleteit, r\u00e9szleteit az oktat\u00e1sunkba involv\u00e1ljuk \u00e9s az \u00e9rdekl\u0151d\u0151 hallgat\u00f3k ezir\u00e1ny\u00fa k\u00e9pz\u00e9sben, interaktiv form\u00e1ban\u00a0 r\u00e9szes\u00fclhessenek vezet\u0151 klinikusok r\u00e9szv\u00e9tel\u00e9vel.\u00a0 A kurzus szervesen kapcsol\u00f3dik a Klinikai farmakol\u00f3gia\u00a0 t\u00e1rgy oktat\u00e1s\u00e1hoz, mivel a Klinikai farmakol\u00f3gia keret\u00e9ben a t\u00e1rgy nagy volumene miatt egy-egy k\u00f3rk\u00e9p\u00a0 r\u00e9szletes elemz\u00e9s\u00e9re nincs kell\u0151 id\u0151, m\u00edg a\u00a0 Bizony\u00edt\u00e9kon alapul\u00f3 gy\u00f3gyszeres ter\u00e1pia kurzus c\u00e9lja\u00a0 \u00e9pp egy-egy kiemelt fontoss\u00e1g\u00fa\u00a0 k\u00f3rk\u00e9p farmak\u00f3l\u00f3giai kezel\u00e9s\u00e9nek r\u00e9szletes elemz\u00e9s\u00e9se. A kurzus a\u00a0 farmakol\u00f3giai szigorlatra t\u00f6r\u00e9n\u0151 felk\u00e9sz\u00fcl\u00e9st is seg\u00edti, ui. a kurzuson fokozott hangs\u00falyt fektet\u00fcnk a farmakol\u00f3giai szeml\u00e9let \u00e1tad\u00e1s\u00e1ra, a\u00a0 gy\u00f3gyszerek farmakodin\u00e1miai \u00e9s farmakokinetikai hat\u00e1sainak alapj\u00e1n t\u00f6rt\u00e9n\u0151\u00a0 v\u00e1laszt\u00e1s\u00e1ra.<\/p>\n<p style=\"text-align: justify\"><strong>Az oktat\u00e1si m\u00f3dszer f\u0151bb jellegzetess\u00e9gei a k\u00f6vetkez\u0151k:<\/strong>\u00a0\u00a0<\/p>\n<ul style=\"text-align: justify\">\n<li>Probl\u00e9ma, betegs\u00e9g centrikus oktat\u00e1s. A farmakol\u00f3gia ui. a gy\u00f3gyszerek saj\u00e1ts\u00e1gaira teszi a hangs\u00falyt,\u00a0 \u00e9s a gy\u00f3gyszerhez rendeli hozz\u00e1 a ter\u00e1pi\u00e1s indik\u00e1ci\u00f3t. A\u00a0 Bizony\u00edt\u00e9kon alapul\u00f3 gy\u00f3gyszeres ter\u00e1pia a betegs\u00e9gb\u0151l indul\u00a0 ki (an\u00e9lk\u00fcl, hogy mag\u00e1t a betegs\u00e9get r\u00e9szletesen elemezn\u00e9), \u00e9s ehhez\u00a0 v\u00e1lasztja ki a megfelel\u0151 gy\u00f3gyszert\/gy\u00f3gyszereket azok farmakodin\u00e1miai \u00e9s farmakokinetikai hat\u00e1s\u00e1nak alapj\u00e1n.<\/li>\n<li>Az oktat\u00e1st a r\u00e9sztvev\u0151 klinik\u00e1kon\/k\u00f3rh\u00e1zakban\u00a0 kezelt esetek ismertet\u00e9s\u00e9re \u00e9p\u00edtj\u00fck. Az oktat\u00e1sban az egyes\u00a0 t\u00e9m\u00e1ban kiemelked\u0151 j\u00e1rtass\u00e1g\u00fa vezet\u0151 klinikusok mellett\u00a0 a Farmakol\u00f3giai \u00e9s Farmakoter\u00e1pi\u00e1s Int\u00e9zet t\u00f6bb \u00e9vtizedes\u00a0 tapasztattal rendelkez\u0151 oktat\u00f3ja\/oktat\u00f3i vesznek r\u00e9szt\u00a0 az elm\u00e9leti \u00e9s klinikai farmakol\u00f3giai szeml\u00e9let\u00a0 alapj\u00e1n t\u00f6rt\u00e9n\u0151 gy\u00f3gyszerv\u00e1laszt\u00e1s elemz\u00e9se, \u00f6sszevet\u00e9se c\u00e9lj\u00e1b\u00f3l.<\/li>\n<li>A klinikusok t\u00f6bbs\u00e9ge a kezdett\u0151l fogva, mintegy 10 \u00e9ve vesz r\u00e9szt a kurzus programj\u00e1ban.<\/li>\n<\/ul>\n<h4 style=\"text-align: justify\"><a href=\"https:\/\/semmelweis.hu\/pharmacology\/files\/2024\/01\/AOVFRM859_1M_Bizonyitek-alapu-gyogyszeres-terapia-20023-24_Tantargyi-kovetelmenyrendszer-magyar.pdf\"><span style=\"font-size: 14pt\">K\u00f6vetelm\u00e9nyrendszer<\/span><\/a><\/h4>\n<p style=\"text-align: justify\">\n<\/div><h2 class=\"tabtitle\">Klinikai farmakol\u00f3gia a fogorvosi gyakorlatban<\/h2>\n<div class=\"tabcontent\">\n<\/p>\n<p style=\"text-align: justify\"><strong>A tant\u00e1rgy oktat\u00e1s\u00e1nak c\u00e9lkit\u0171z\u00e9se, helye a fogorvosk\u00e9pz\u00e9s kurrikulum\u00e1ban: <\/strong><\/p>\n<p style=\"text-align: justify\">A kurzust a Klinikai modul hallgat\u00f3i sz\u00e1m\u00e1ra, a 9. szemeszterben k\u00edv\u00e1njuk el\u00e9rhet\u0151v\u00e9 tenni. Az \u00e1ltalunk oktatott Farmakol\u00f3gia t\u00e1rgy a Klinikai modul r\u00e9sz\u00e9t k\u00e9pezi, mindazon\u00e1ltal sokr\u00e9t\u0171 kapcsolatban \u00e1ll a kor\u00e1bbi szemeszterekben oktatott elm\u00e9leti \u00e9s preklinikai t\u00e1rgyakkal (pl. Biok\u00e9mia, molekul\u00e1ris \u00e9s sejtbiol\u00f3gia; Orvosi \u00e9s fogorvosi \u00e9lettan; Or\u00e1lis patol\u00f3gia). L\u00e9nyeges \u00f6sszek\u00f6t\u0151 szerepet t\u00f6lt be az elm\u00e9leti \u00e9s a klinikai t\u00e1rgyak k\u00f6z\u00f6tt: azok szint\u00e9zisek\u00e9nt mag\u00e1n viseli egy elm\u00e9leti t\u00e1rgy jellegzetess\u00e9geit, azonban tartalmilag szervesen kapcsol\u00f3dik a klinikai t\u00e1rgyakhoz is, \u00e9s ez\u00e1ltal \u00e1tvezeti a hallgat\u00f3t az elm\u00e9leti ismeretekt\u0151l a gyakorl\u00f3 fogorvosi tev\u00e9kenys\u00e9ghez. A kurzus seg\u00edts\u00e9g\u00e9vel \u00e9ppen ezt a h\u00edd szerepet k\u00edv\u00e1njuk hangs\u00falyozni \u00e9s feler\u0151s\u00edteni. Emellett a fogorvosk\u00e9pz\u00e9s sor\u00e1n id\u0151ben k\u00f6zel\u00edteni szeretn\u00e9nk egym\u00e1shoz a gyakorl\u00f3 orvos gy\u00f3gy\u00edt\u00f3 munk\u00e1j\u00e1hoz elengedhetetlen ismeretek bemutat\u00e1s\u00e1t az azokat megalapoz\u00f3 t\u00e1rgyak oktat\u00e1s\u00e1hoz. A kurzus tov\u00e1bb\u00e1 lehet\u0151v\u00e9 teszi, hogy V. \u00e9ves hallgat\u00f3k betekint\u00e9st nyerjenek az int\u00e9zet\u00fcnk kutat\u00f3munk\u00e1j\u00e1ba. V\u00e9lem\u00e9ny\u00fcnk szerint fenti t\u00f6rekv\u00e9s\u00fcnk szervesen illeszkedik a Fogorvostudom\u00e1nyi Kar korszer\u0171 k\u00e9pz\u00e9si szeml\u00e9let\u00e9hez, amely nagy hangs\u00falyt fektet arra, hogy k\u00f6zel vigye a klinikumot a hallgat\u00f3khoz.<\/p>\n<div class=\"fontos_div\">\n<p>\u00a0F\u00e9l\u00e9ves \u0151szi kurzus<\/p>\n<\/div>\n<h4 style=\"text-align: justify\"><span style=\"font-size: 14pt\"><a href=\"https:\/\/semmelweis.hu\/pharmacology\/files\/2024\/01\/Magyar_FOK_kurzus_tantargyi_program_MI_20230630.pdf\">K\u00f6vetelm\u00e9nyrendszer<\/a><\/span><\/h4>\n<p style=\"text-align: justify\">\n<\/div><h2 class=\"tabtitle\">Science Club - Bevezet\u00e9s a farmakol\u00f3giai kutat\u00e1sokba<\/h2>\n<div class=\"tabcontent\">\n<\/p>\n<p style=\"text-align: justify\">A kurzus c\u00e9lja, hogy felkeltse a hallgat\u00f3kban a legfrissebb szakirodalom k\u00f6vet\u00e9se ir\u00e1nti ig\u00e9nyt, tudatos\u00edtsa annak fontoss\u00e1g\u00e1t, ismertesse a szakirodalomb\u00f3l nyerhet\u0151 inform\u00e1ci\u00f3 megszerz\u00e9si m\u00f3dozatait, valamint seg\u00edtsen az inform\u00e1ci\u00f3 kritikus \u00e9rtelmez\u00e9s\u00e9ben \u00e9s el\u0151seg\u00edtse a l\u00e9nyeges mondanival\u00f3 kisz\u0171r\u00e9s\u00e9nek, alkalmaz\u00e1s\u00e1nak \u00e9s \u00e1tad\u00e1s\u00e1nak k\u00e9pess\u00e9g\u00e9t is.<\/p>\n<p style=\"text-align: justify\">A kurzus folyam\u00e1n a hallgat\u00f3k megismerkednek aktu\u00e1lis tudom\u00e1nyos k\u00f6zlem\u00e9nyekkel a farmakol\u00f3giai kutat\u00e1sok ter\u00fclet\u00e9r\u0151l, fejlesztik irodalmi j\u00e1rtass\u00e1gukat, egy\u00e9nileg dolgozz\u00e1k fel \u00e9s prezent\u00e1lj\u00e1k az angol nyelven publik\u00e1lt legfrissebb eredm\u00e9nyeket. Megismerkednek a farmakol\u00f3giai kutat\u00e1sok sor\u00e1n leggyakrabban haszn\u00e1lt in vitro, ex vivo \u00e9s in vivo m\u00f3dszerekkel is. Mindezt a tansz\u00e9ken dolgoz\u00f3 diplom\u00e1sok fel\u00fcgyelete mellett.<\/p>\n<p style=\"text-align: justify\">A kurzust az Elm\u00e9leti, a Preklinikai \u00e9s a Klinikai modul hallgat\u00f3i sz\u00e1m\u00e1ra, a 3. szemesztert\u0151l minden f\u00e9l\u00e9vben el\u00e9rhet\u0151v\u00e9 k\u00edv\u00e1njuk tenni mind a magyar, mind az idegen nyelv\u0171 hallgat\u00f3k sz\u00e1m\u00e1ra. A kurzus nyelve angol.<\/p>\n<p style=\"text-align: justify\">V\u00e9lem\u00e9ny\u00fcnk szerint fenti t\u00f6rekv\u00e9s\u00fcnk szervesen illeszkedik az \u00c1ltal\u00e1nos Orvosi-\u00e9s Gy\u00f3gyszer\u00e9sz Kar \u00faj, korszer\u0171 k\u00e9pz\u00e9si szeml\u00e9let\u00e9hez, amely nagy hangs\u00falyt fektet arra, hogy a hallgat\u00f3k j\u00e1rtass\u00e1got szerezzenek a szakirodalom k\u00f6vet\u00e9s\u00e9ben, helyes \u00e9rtelmez\u00e9s\u00e9ben \u00e9s megfelel\u0151 el\u0151ad\u00f3i \u00e9s vitak\u00e9szs\u00e9geket saj\u00e1t\u00edtsanak el gradu\u00e1lis k\u00e9pz\u00e9s\u00fck alatt.<\/p>\n<h4 style=\"text-align: justify\"><span style=\"font-size: 14pt\"><a href=\"https:\/\/semmelweis.hu\/pharmacology\/files\/2024\/02\/Requirements_AOSFRM1037_1A_Zadori_jav.pdf\">k\u00f6vetelm\u00e9nyrendszer<\/a><\/span><\/h4>\n<p style=\"text-align: justify\"><\/div><\/div><\/p>\n<p>&nbsp;<\/p>\n<div class=\"keretes w-100\">\n<p style=\"text-align: justify\">Jelentkezni a Neptun rendszer\u00e9n kereszt\u00fcl\u00a0lehets\u00e9ges<\/p>\n<p style=\"text-align: justify\">A tananyagok a regisztr\u00e1lt hallgat\u00f3k sz\u00e1m\u00e1ra a Semmelweis Egyetem <a href=\"https:\/\/itc.semmelweis.hu\/moodle\/login\/index.php\" target=\"_blank\" rel=\"noopener\">Moodle<\/a> fel\u00fclet\u00e9n kereszt\u00fcl \u00e9rhet\u0151k el<\/p>\n<\/div>\n<p>&nbsp;<\/p>\n<p style=\"text-align: justify\"><strong style=\"color: #313b40;font-family: Montserrat, sans-serif;font-size: 22px;text-transform: uppercase;background-color: #ffffff\">K\u00fcls\u0151s kurzusok<\/strong><\/p>\n<p style=\"text-align: justify\"><div class=\"responsive-tabs\">\n<h2 class=\"tabtitle\">BME Biom\u00e9rn\u0151ki MSC szakos hallgat\u00f3k Farmakol\u00f3gia kurzusa<\/h2>\n<div class=\"tabcontent\">\n<\/p>\n<p style=\"text-align: justify\"><a href=\"https:\/\/semmelweis.hu\/pharmacology\/files\/2023\/03\/BME_tematika_-2023_feb_27-1.pdf\" target=\"_blank\" rel=\"noopener\">2022\/23 &#8211; 2 Tematika<\/a><\/p>\n<p style=\"text-align: justify\"><a href=\"http:\/\/www.ch.bme.hu\/oktatas\/targyak\/BMEVESOM302\">Farmakol\u00f3giai kurzus<\/a><\/p>\n<p style=\"text-align: justify\">A farmakol\u00f3gia szintetiz\u00e1l\u00f3 tant\u00e1rgy, mely mag\u00e1ban foglalja: az \u00e1ltal\u00e1nos farmakol\u00f3gi\u00e1t, a r\u00e9szletes farmakol\u00f3gi\u00e1t, a klinikai farmakol\u00f3gi\u00e1t, \u00e9s a toxikol\u00f3gi\u00e1t. Az \u00e1ltal\u00e1nos farmakol\u00f3gia (farmakodin\u00e1mia, farmakokinetika) a farmakol\u00f3giai gondolkod\u00e1shoz sz\u00fcks\u00e9ges alapfogalmak \u00e9s ismeretek elsaj\u00e1t\u00edt\u00e1s\u00e1t c\u00e9lozza, a r\u00e9szletes farmakol\u00f3gia sor\u00e1n pedig a hallgat\u00f3 megtanulja a gy\u00f3gyszerek hat\u00e1smechanizmus\u00e1nak, f\u0151 hat\u00e1sinak, mell\u00e9khat\u00e1sainak, fontosabb interakci\u00f3inak, \u00e9s r\u00e9szben a doz\u00edroz\u00e1s\u00e1nak f\u0151 elveit. A klinikai farmakol\u00f3gia oktat\u00e1sa sor\u00e1n az adott betegs\u00e9ghez rendelj\u00fck hozz\u00e1 a gy\u00f3gyszereket \u00e9s oktatjuk a kiemelt, n\u00e9peg\u00e9szs\u00e9g\u00fcgyi szempontb\u00f3l is fontos betegs\u00e9gek ter\u00e1pi\u00e1s strat\u00e9gi\u00e1j\u00e1t. A toxikol\u00f3gia a legfontosabb m\u00e9rgez\u00e9sek t\u00fcnettan\u00e1t \u00e9s ter\u00e1pi\u00e1j\u00e1t ismerteti.<\/p>\n<p style=\"text-align: justify\">\n<\/div><h2 class=\"tabtitle\">PPKE Molekul\u00e1ris Bionika BSC szakos hallgat\u00f3k Farmakol\u00f3gia kurzusa<\/h2>\n<div class=\"tabcontent\">\n<\/p>\n<p style=\"text-align: justify\"><a href=\"https:\/\/space.itk.ppke.hu\/targyak\/P-ITMED-0014\">Farmakol\u00f3giai kurzus &#8211; P-ITMED-0014<\/a><\/p>\n<p style=\"text-align: justify\">The course covers the following topics: 1. Basic pharmacology: Pharmacodynamics, pharmacokinetics 2. Pharmacology of autonomic nervous system \u00a0(sympathetic, parasympathetic) 3. Pharmacology of central nervous system (sedatohypnotics, anxiolytics, antidepressive, antipsychotic agents, local, general anesthetics) 4. Cardiovascular pharmacology (pharmacology of ischemic heart disease, hypertension, cardiac failure, diuretics) 5. Pharmacology of endocrinology (adrenals,\u00a0 anticoncipients) \u00a06. Pharmacology of pain and inflammation (opioid, non-opioid analgesics, non-steroidal anti-inflammatory drugs.\u00a0 7. Pharmacology of gastrointestinal tract (pharmacology of gastric ulcer and inflammatory bowel diseases).<\/p>\n<p style=\"text-align: justify\"><\/div><\/div><\/p>\n","protected":false},"excerpt":{"rendered":"<p>K\u00f6telez\u0151en \u00e9s szabadon v\u00e1laszhat\u00f3 kurzusok\u00a0 A term\u00e9szetben el\u0151fordul\u00f3 szedat\u00edv, stimul\u00e1ns, euforiz\u00e1l\u00f3 vagy hallucinog\u00e9n hat\u00e1s\u00fa anyagokat \u00e9vezredekkel ezel\u0151tt is ismert\u00e9k m\u00e1r. Az ilyen szerek nem-orvosi c\u00e9l\u00fa haszn\u00e1lata, illetve ezekkel a szerekkel val\u00f3 vissza\u00e9l\u00e9s \u2013 ab\u00fazus \u2013 egyid\u0151s a civiliz\u00e1ci\u00f3val. A hat\u00e1r, amely elv\u00e1lasztja az ab\u00fazust a gy\u00f3gyszerek orvosi haszn\u00e1lat\u00e1t\u00f3l, sokszor igen keskeny. Az el\u0151ad\u00e1ssorozat a tudom\u00e1nyos &hellip;<\/p>\n","protected":false},"author":110,"featured_media":0,"parent":12,"menu_order":3,"comment_status":"closed","ping_status":"open","template":"","meta":{"_acf_changed":false,"footnotes":""},"categories":[],"tags":[],"class_list":["post-487","page","type-page","status-publish","hentry"],"acf":[],"_links":{"self":[{"href":"https:\/\/semmelweis.hu\/pharmacology\/wp-json\/wp\/v2\/pages\/487","targetHints":{"allow":["GET"]}}],"collection":[{"href":"https:\/\/semmelweis.hu\/pharmacology\/wp-json\/wp\/v2\/pages"}],"about":[{"href":"https:\/\/semmelweis.hu\/pharmacology\/wp-json\/wp\/v2\/types\/page"}],"author":[{"embeddable":true,"href":"https:\/\/semmelweis.hu\/pharmacology\/wp-json\/wp\/v2\/users\/110"}],"replies":[{"embeddable":true,"href":"https:\/\/semmelweis.hu\/pharmacology\/wp-json\/wp\/v2\/comments?post=487"}],"version-history":[{"count":13,"href":"https:\/\/semmelweis.hu\/pharmacology\/wp-json\/wp\/v2\/pages\/487\/revisions"}],"predecessor-version":[{"id":13206,"href":"https:\/\/semmelweis.hu\/pharmacology\/wp-json\/wp\/v2\/pages\/487\/revisions\/13206"}],"up":[{"embeddable":true,"href":"https:\/\/semmelweis.hu\/pharmacology\/wp-json\/wp\/v2\/pages\/12"}],"wp:attachment":[{"href":"https:\/\/semmelweis.hu\/pharmacology\/wp-json\/wp\/v2\/media?parent=487"}],"wp:term":[{"taxonomy":"category","embeddable":true,"href":"https:\/\/semmelweis.hu\/pharmacology\/wp-json\/wp\/v2\/categories?post=487"},{"taxonomy":"post_tag","embeddable":true,"href":"https:\/\/semmelweis.hu\/pharmacology\/wp-json\/wp\/v2\/tags?post=487"}],"curies":[{"name":"wp","href":"https:\/\/api.w.org\/{rel}","templated":true}]}}