{"id":4372,"date":"2016-08-17T15:32:04","date_gmt":"2016-08-17T13:32:04","guid":{"rendered":"http:\/\/semmelweis.hu\/pharmacology\/?page_id=4372"},"modified":"2025-09-22T14:44:22","modified_gmt":"2025-09-22T12:44:22","slug":"students-research-topics","status":"publish","type":"page","link":"https:\/\/semmelweis.hu\/pharmacology\/en\/students-research\/students-research-topics\/","title":{"rendered":"Student Research Topics"},"content":{"rendered":"<table>\n<tbody>\n<tr>\n<td>Exosomes and microvesicles in cardioprotective mechanisms<\/td>\n<td>Zolt\u00e1n Giricz, PharmD, PhD<\/td>\n<\/tr>\n<tr>\n<td>Investigation of the ischemic adaptation of the heart in presence of comorbidities in in vitro cell culture models<\/td>\n<td>P\u00e9ter Ferdinandy, MD, PhD, DSc<br \/>\nAnik\u00f3 G\u00f6rbe, MD, PhD<\/td>\n<\/tr>\n<tr>\n<td>Bioinformatics in systems biology and pharmacovigilance<\/td>\n<td>P\u00e9ter Ferdinandy, MD, PhD, DSc<br \/>\nBence \u00c1gg, MD<\/td>\n<\/tr>\n<tr>\n<td>Establishment of behavioural pharmacological models measuring cognitive abilities<\/td>\n<td>Istv\u00e1n Gyerty\u00e1n, PhD\u00a0<\/td>\n<\/tr>\n<tr>\n<td>Analysing the pathomechanism of inflammatory bowel diseases and non-steroidal antiinflammatory drug (NSAID)-induced enteropathy in animal models<\/td>\n<td>Zolt\u00e1n Z\u00e1dori, MD, PhD<br \/>\nKlara Gyires, MD, PhD, DSc<\/td>\n<\/tr>\n<tr>\n<td>Analysing the role of central and peripheral receptors in the regulation of gastric mucosal integrity and gastrointestinal motility<\/td>\n<td>Zolt\u00e1n Z\u00e1dori, MD, PhD<br \/>\nKlara Gyires, MD, PhD, DSc<\/td>\n<\/tr>\n<tr>\n<td>Glycine transporter inhibitors as a novel therapeutic opportunity for the treatment of neuropathic pain<\/td>\n<td>Mahmoud\u00a0Al-Khrasani , MD, PhD<br \/>\nL\u00e1szl\u00f3 G. H\u00e1rsing, MD, PhD, DSc<\/td>\n<\/tr>\n<tr>\n<td>Assessement of peripheral analgesic component of opioids<\/td>\n<td>P\u00e1l Riba, MD, PhD<br \/>\nMahmoud\u00a0Al-Khrasani , MD, PhD<\/td>\n<\/tr>\n<\/tbody>\n<\/table>\n<p>&nbsp;<\/p>\n","protected":false},"excerpt":{"rendered":"<p>Exosomes and microvesicles in cardioprotective mechanisms Zolt\u00e1n Giricz, PharmD, PhD Investigation of the ischemic adaptation of the heart in presence of comorbidities in in vitro cell culture models P\u00e9ter Ferdinandy, MD, PhD, DSc Anik\u00f3 G\u00f6rbe, MD, PhD Bioinformatics in systems biology and pharmacovigilance P\u00e9ter Ferdinandy, MD, PhD, DSc Bence \u00c1gg, MD Establishment of behavioural pharmacological &hellip;<\/p>\n","protected":false},"author":101016,"featured_media":0,"parent":990,"menu_order":0,"comment_status":"closed","ping_status":"closed","template":"","meta":{"_acf_changed":false,"footnotes":""},"categories":[],"tags":[],"class_list":["post-4372","page","type-page","status-publish","hentry"],"acf":[],"_links":{"self":[{"href":"https:\/\/semmelweis.hu\/pharmacology\/wp-json\/wp\/v2\/pages\/4372","targetHints":{"allow":["GET"]}}],"collection":[{"href":"https:\/\/semmelweis.hu\/pharmacology\/wp-json\/wp\/v2\/pages"}],"about":[{"href":"https:\/\/semmelweis.hu\/pharmacology\/wp-json\/wp\/v2\/types\/page"}],"author":[{"embeddable":true,"href":"https:\/\/semmelweis.hu\/pharmacology\/wp-json\/wp\/v2\/users\/101016"}],"replies":[{"embeddable":true,"href":"https:\/\/semmelweis.hu\/pharmacology\/wp-json\/wp\/v2\/comments?post=4372"}],"version-history":[{"count":12,"href":"https:\/\/semmelweis.hu\/pharmacology\/wp-json\/wp\/v2\/pages\/4372\/revisions"}],"predecessor-version":[{"id":15093,"href":"https:\/\/semmelweis.hu\/pharmacology\/wp-json\/wp\/v2\/pages\/4372\/revisions\/15093"}],"up":[{"embeddable":true,"href":"https:\/\/semmelweis.hu\/pharmacology\/wp-json\/wp\/v2\/pages\/990"}],"wp:attachment":[{"href":"https:\/\/semmelweis.hu\/pharmacology\/wp-json\/wp\/v2\/media?parent=4372"}],"wp:term":[{"taxonomy":"category","embeddable":true,"href":"https:\/\/semmelweis.hu\/pharmacology\/wp-json\/wp\/v2\/categories?post=4372"},{"taxonomy":"post_tag","embeddable":true,"href":"https:\/\/semmelweis.hu\/pharmacology\/wp-json\/wp\/v2\/tags?post=4372"}],"curies":[{"name":"wp","href":"https:\/\/api.w.org\/{rel}","templated":true}]}}