{"id":3736,"date":"2015-12-22T13:35:00","date_gmt":"2015-12-22T12:35:00","guid":{"rendered":"http:\/\/semmelweis.hu\/pharmacology\/?page_id=3736"},"modified":"2024-11-13T15:12:57","modified_gmt":"2024-11-13T14:12:57","slug":"cemdc-kurzus","status":"publish","type":"page","link":"https:\/\/semmelweis.hu\/pharmacology\/cemdc-kurzus\/","title":{"rendered":"CEMDC kurzus"},"content":{"rendered":"<p class=\"Normal\" style=\"text-align: center\"><span style=\"font-size: 10pt\"><strong><span class=\"Normal__Char\" style=\"font-family: arial, helvetica, sans-serif\">Nemzetk\u00f6zi gy\u00f3gyszerfejleszt\u00e9si szakir\u00e1ny\u00fa tov\u00e1bbk\u00e9pz\u00e9s (angol nyelven)<\/span><\/strong><\/span><\/p>\n<p class=\"Normal\" style=\"text-align: center\"><span style=\"font-size: 10pt\"><strong><span class=\"Normal__Char\" style=\"font-family: arial, helvetica, sans-serif\">4. kurzus &#8211; Semmelweis Egyetem (2017-2019)<\/span><\/strong><\/span><\/p>\n<p style=\"text-align: center\"><span style=\"font-family: arial,helvetica,sans-serif;font-size: 10pt\">Cooperative European Medicine Development Course (CEMDC)<\/span><\/p>\n<p style=\"text-align: center\"><span style=\"font-family: arial,helvetica,sans-serif;font-size: 10pt\"><strong>Oktat\u00e1si Hivatal nyilv\u00e1ntart\u00e1sba v\u00e9teli hat\u00e1rozata: OH-FHF\/1617-2\/2009<\/strong><\/span><\/p>\n<p style=\"text-align: center\"><span style=\"font-family: arial,helvetica,sans-serif;font-size: 10pt\"><strong>Honlap: <\/strong><a href=\"https:\/\/semmelweis.hu\/cemdc\"><strong>https:\/\/semmelweis.hu\/cemdc<\/strong><\/a><strong>\u00a0<\/strong><\/span><\/p>\n<p><span style=\"font-family: arial,helvetica,sans-serif;font-size: 10pt\"><strong><em>\u00a0<\/em><\/strong><\/span><\/p>\n<p><span style=\"font-family: arial,helvetica,sans-serif;font-size: 10pt\"><strong><em>A komplex program egyes moduljai \u00f6n\u00e1ll\u00f3 tov\u00e1bbk\u00e9pz\u00e9si egys\u00e9gk\u00e9nt is l\u00e1togathat\u00f3k<\/em><\/strong><strong><em>. <\/em><\/strong><\/span><\/p>\n<p><span style=\"font-family: arial,helvetica,sans-serif;font-size: 10pt\">A <strong><em>tanfolyam c\u00e9lja<\/em><\/strong> olyan szakemberek k\u00e9pz\u00e9se, akik k\u00e9pesek \u00e1ttekinteni a gy\u00f3gyszerfejleszt\u00e9s komplex folyamat\u00e1t a molekul\u00e1t\u00f3l a gy\u00f3gyszer piacig \u00e9s az eg\u00e9szs\u00e9g\u00fcgyi felhaszn\u00e1l\u00e1sig, illetve akik e tud\u00e1st eredm\u00e9nyesen tudj\u00e1k alkalmazni nagy \u00e9s kicsi, innovat\u00edv \u00e9s generikus c\u00e9gekben, tov\u00e1bb\u00e1 gy\u00f3gyszer szab\u00e1lyoz\u00e1si, eg\u00e9szs\u00e9g\u00fcgyi tudom\u00e1nyos \u00e9s biztos\u00edt\u00e1si munkak\u00f6r\u00f6kben.<\/span><\/p>\n<p><span style=\"font-family: arial,helvetica,sans-serif;font-size: 10pt\"><strong><em>Oktat\u00e1s:<\/em><\/strong> A szakir\u00e1ny\u00fa tov\u00e1bbk\u00e9pz\u00e9st a Semmelweis Egyetem, Farmakol\u00f3giai \u00e9s Farmakoter\u00e1pi\u00e1s Int\u00e9zet\u00e9nek keret\u00e9n bel\u00fcl m\u0171k\u00f6d\u0151 CEMDC szervezi. A CEMDC t\u00edz egyetem region\u00e1lis oktat\u00f3i h\u00e1l\u00f3zata mely a PharmaTrain \u00e1ltal kidolgozott, nemzetk\u00f6zileg harmoniz\u00e1lt, modul\u00e1ris oktat\u00e1si tervet \u00e9s min\u0151s\u00e9gi el\u0151\u00edr\u00e1sokat k\u00f6veti. A nyert diploma nemzetk\u00f6zi elfogadotts\u00e1ggal rendelkezik. A gy\u00f3gyszeripar \u00e9s az eg\u00e9szs\u00e9g\u00fcgy ig\u00e9nyeit egyar\u00e1nt kiel\u00e9g\u00edt\u0151 oktat\u00e1si programot vezet\u0151 akad\u00e9miai \u00e9s ipari szak\u00e9rt\u0151k \u00e1ll\u00edtott\u00e1k \u00f6ssze. Az oktat\u00f3k nemzetk\u00f6zileg elismert hazai \u00e9s k\u00fclf\u00f6ldi szakemberek. A CEMDC PharmaTrain Center of Excellence nemzetk\u00f6zi akkredit\u00e1ci\u00f3val rendelkezik.<\/span><\/p>\n<p><span style=\"font-family: arial,helvetica,sans-serif;font-size: 10pt\"><strong><em>Az oktat\u00e1s modul\u00e1ris fel\u00e9p\u00edt\u00e9s\u0171. <\/em><\/strong> Mindegyik modul 4 napig tart \u00e9s vizsg\u00e1val fejez\u0151dik be. F\u00e9l\u00e9venk\u00e9nt 2 modul ker\u00fcl megrendez\u00e9sre. A tanfolyam 8 modulb\u00f3l \u00e9p\u00fcl fel, 4 f\u00e9l\u00e9vre terjed ki, \u00e9s \u00e1tfog\u00f3 diploma z\u00e1r\u00f3vizsg\u00e1val \u00e9s szakdolgozat megv\u00e9d\u00e9s\u00e9vel fejez\u0151dik be. Rendelkez\u00e9sre \u00e1llnak tov\u00e1bb\u00e1 E-oktat\u00e1si modulok a tananyag elm\u00e9ly\u00edt\u00e9s\u00e9hez. A tanfolyam 2 \u00e9venk\u00e9nt ker\u00fcl megrendez\u00e9sre.<\/span><\/p>\n<p><span style=\"font-family: arial,helvetica,sans-serif;font-size: 10pt\"><strong><em>Jelentkez\u00e9s felt\u00e9tele:<\/em><\/strong> orvosi, vagy gy\u00f3gyszer\u00e9szi, vagy mesterfok\u00fa term\u00e9szettudom\u00e1nyi k\u00e9pzetts\u00e9g, illetve egy\u00e9b fels\u0151fok\u00fa v\u00e9gzetts\u00e9g.<\/span><\/p>\n<p><span style=\"font-family: arial,helvetica,sans-serif;font-size: 10pt\">Az <strong><em>oktat\u00e1s nyelve angol<\/em><\/strong>, a r\u00e9szv\u00e9telhez megfelel\u0151 angol tud\u00e1s sz\u00fcks\u00e9ges.<\/span><\/p>\n<p><span style=\"font-family: arial,helvetica,sans-serif;font-size: 10pt\"><strong><em>Kapcsolattart\u00f3\/szakfelel\u0151s<\/em><\/strong><em>:<\/em> Dr. Kerpel-Fronius S\u00e1ndor, c\u00edm: 1089 Budapest, Nagyv\u00e1rad t\u00e9r 4, tel.\/fax: (1) 210-4416, (1) 210 4412, email:kerpelfronius@gmail.com,<\/span><\/p>\n<p><span style=\"font-family: arial, helvetica, sans-serif;font-size: 10pt\"><span class=\"Normal__Char\"><em><strong>Jelentkez\u00e9si hat\u00e1rid\u0151:<br \/>\n<\/strong><\/em><\/span><span class=\"Normal__Char\"><strong>2017 augusztus 31. J\u00falius 31 el\u00f6tt jelentkez\u0151 hallgat\u00f3knak tand\u00edjcs\u00f6kkent\u00e9s tudunk adni<\/strong>. Jelentkez\u00e9s<\/span><span class=\"Normal__Char\">:<\/span><span class=\"Normal__Char\"> a honlapr\u00f3l let\u00f6lthet\u0151 jelentkez\u00e9si lapon. (Kapcsolattart\u00f3: Lendvay Judit, tel: 30-4757366, email: cemdc3@gmail.com)<\/span><\/span><\/p>\n<p><span style=\"font-family: arial,helvetica,sans-serif;font-size: 10pt\"><strong>CEMDC 4<sup>. <\/sup>kurzus\u00e1nak moduljai, id\u0151pontok <\/strong><\/span><\/p>\n<ul>\n<li><span style=\"font-family: arial,helvetica,sans-serif;font-size: 10pt\">2017. szeptember &#8211; 2019 j\u00fanius k\u00f6z\u00f6tt, f\u00e9l\u00e9venk\u00e9nt 2 modul. (El\u0151zetes id\u0151pontok)<\/span><\/li>\n<\/ul>\n<ol>\n<li><span style=\"font-family: arial,helvetica,sans-serif;font-size: 10pt\">MODULE 1: INTRODUCTORY PROGRAMME &amp; MODULE 1b. PRINCIPLES OF DISCOVERY OF MEDICINES AND DEVELOPMENT PLANNING (October 26-29, 2017)<\/span><\/li>\n<li><span style=\"font-family: arial,helvetica,sans-serif;font-size: 10pt\">MODULE 2: NON-CLINICAL, PHARMACEUTICAL AND EARLY CLINICAL DEVELOPMENT (2017 November)<\/span><\/li>\n<li><span style=\"font-family: arial,helvetica,sans-serif;font-size: 10pt\">MODULE 3: CLINICAL DEVELOPMENT OF MEDICINES: EXPLORATORY AND CONFIRMATORY (2018 February)<\/span><\/li>\n<li><span style=\"font-family: arial,helvetica,sans-serif;font-size: 10pt\">MODULE 4: CLINICAL TRIALS (2018 May)<\/span><\/li>\n<li><span style=\"font-family: arial,helvetica,sans-serif;font-size: 10pt\">MODULE 5: REGULATORY AFFAIRS; DRUG SAFETY and PHARMACOVIGILANCE (2018 September)<\/span><\/li>\n<li><span style=\"font-family: arial,helvetica,sans-serif;font-size: 10pt\">MODULE 6: HEALTHCARE MARKETPLACE; ECONOMICS OF HEALTHCARE (2018 November)<\/span><\/li>\n<li><span style=\"font-family: arial,helvetica,sans-serif;font-size: 10pt\">MODULE 7: BIOLOGICALS AND ADVANCED THERAPIES (2019 February)<\/span><\/li>\n<li><span style=\"font-family: arial,helvetica,sans-serif;font-size: 10pt\">MODULE 8: GENERIC &amp; BIOSIMILAR MEDICINAL PRODUCTS (2019 May)<\/span><\/li>\n<\/ol>\n<p><span style=\"font-family: arial, helvetica, sans-serif;font-size: 12pt\"><span class=\"Normal__Char\">Facebook:<br \/>\n<\/span><\/span><span style=\"font-family: arial, helvetica, sans-serif;font-size: 12pt\"><a href=\"https:\/\/www.facebook.com\/CooperativeEuropeanMedicinesDevelopmentCourse\/\" target=\"_blank\" rel=\"noopener noreferrer\"><span class=\"Hyperlink__Char\">https:\/\/www.facebook.com\/CooperativeEuropeanMedicinesDevelopmentCourse\/<\/span><\/a><\/span><\/p>\n","protected":false},"excerpt":{"rendered":"<p>Nemzetk\u00f6zi gy\u00f3gyszerfejleszt\u00e9si szakir\u00e1ny\u00fa tov\u00e1bbk\u00e9pz\u00e9s (angol nyelven) 4. kurzus &#8211; Semmelweis Egyetem (2017-2019) Cooperative European Medicine Development Course (CEMDC) Oktat\u00e1si Hivatal nyilv\u00e1ntart\u00e1sba v\u00e9teli hat\u00e1rozata: OH-FHF\/1617-2\/2009 Honlap: <a href=\"https:\/\/semmelweis.hu\/cemdc\">https:\/\/semmelweis.hu\/cemdc<\/a> \u00a0 \u00a0 A komplex program egyes moduljai \u00f6n\u00e1ll\u00f3 tov\u00e1bbk\u00e9pz\u00e9si egys\u00e9gk\u00e9nt is l\u00e1togathat\u00f3k. A tanfolyam c\u00e9lja olyan szakemberek k\u00e9pz\u00e9se, akik k\u00e9pesek \u00e1ttekinteni a gy\u00f3gyszerfejleszt\u00e9s komplex folyamat\u00e1t a molekul\u00e1t\u00f3l a gy\u00f3gyszer piacig &hellip;<\/p>\n","protected":false},"author":101016,"featured_media":0,"parent":0,"menu_order":0,"comment_status":"closed","ping_status":"closed","template":"","meta":{"_acf_changed":false,"footnotes":""},"categories":[],"tags":[],"class_list":["post-3736","page","type-page","status-publish","hentry"],"acf":[],"_links":{"self":[{"href":"https:\/\/semmelweis.hu\/pharmacology\/wp-json\/wp\/v2\/pages\/3736","targetHints":{"allow":["GET"]}}],"collection":[{"href":"https:\/\/semmelweis.hu\/pharmacology\/wp-json\/wp\/v2\/pages"}],"about":[{"href":"https:\/\/semmelweis.hu\/pharmacology\/wp-json\/wp\/v2\/types\/page"}],"author":[{"embeddable":true,"href":"https:\/\/semmelweis.hu\/pharmacology\/wp-json\/wp\/v2\/users\/101016"}],"replies":[{"embeddable":true,"href":"https:\/\/semmelweis.hu\/pharmacology\/wp-json\/wp\/v2\/comments?post=3736"}],"version-history":[{"count":5,"href":"https:\/\/semmelweis.hu\/pharmacology\/wp-json\/wp\/v2\/pages\/3736\/revisions"}],"predecessor-version":[{"id":11744,"href":"https:\/\/semmelweis.hu\/pharmacology\/wp-json\/wp\/v2\/pages\/3736\/revisions\/11744"}],"wp:attachment":[{"href":"https:\/\/semmelweis.hu\/pharmacology\/wp-json\/wp\/v2\/media?parent=3736"}],"wp:term":[{"taxonomy":"category","embeddable":true,"href":"https:\/\/semmelweis.hu\/pharmacology\/wp-json\/wp\/v2\/categories?post=3736"},{"taxonomy":"post_tag","embeddable":true,"href":"https:\/\/semmelweis.hu\/pharmacology\/wp-json\/wp\/v2\/tags?post=3736"}],"curies":[{"name":"wp","href":"https:\/\/api.w.org\/{rel}","templated":true}]}}