{"id":336,"date":"2014-02-06T09:43:29","date_gmt":"2014-02-06T09:43:29","guid":{"rendered":"http:\/\/semmelweis.hu\/pharmacology\/?page_id=336"},"modified":"2024-10-18T11:46:00","modified_gmt":"2024-10-18T09:46:00","slug":"kardiovaszkularis-es-metabolizmus","status":"publish","type":"page","link":"https:\/\/semmelweis.hu\/pharmacology\/kutatas\/kardiovaszkularis-es-metabolizmus\/","title":{"rendered":"Kardiovaszkul\u00e1ris \u00e9s Metabolikus Kutat\u00f3csoport"},"content":{"rendered":"<p style=\"text-align: justify\">\u00a0<\/p>\n<p><a href=\"https:\/\/semmelweis.hu\/pharmacology\/files\/2023\/12\/DSCN2363-Cropped-scaled.jpg\"><img loading=\"lazy\" decoding=\"async\" class=\"aligncenter size-full wp-image-12915\" src=\"https:\/\/semmelweis.hu\/pharmacology\/files\/2023\/12\/DSCN2363-Cropped-scaled.jpg\" alt=\"\" width=\"2560\" height=\"783\" srcset=\"https:\/\/semmelweis.hu\/pharmacology\/files\/2023\/12\/DSCN2363-Cropped-scaled.jpg 2560w, https:\/\/semmelweis.hu\/pharmacology\/files\/2023\/12\/DSCN2363-Cropped-400x122.jpg 400w, https:\/\/semmelweis.hu\/pharmacology\/files\/2023\/12\/DSCN2363-Cropped-1024x313.jpg 1024w, https:\/\/semmelweis.hu\/pharmacology\/files\/2023\/12\/DSCN2363-Cropped-768x235.jpg 768w, https:\/\/semmelweis.hu\/pharmacology\/files\/2023\/12\/DSCN2363-Cropped-1536x470.jpg 1536w, https:\/\/semmelweis.hu\/pharmacology\/files\/2023\/12\/DSCN2363-Cropped-2048x626.jpg 2048w, https:\/\/semmelweis.hu\/pharmacology\/files\/2023\/12\/DSCN2363-Cropped-753x230.jpg 753w\" sizes=\"auto, (max-width: 2560px) 100vw, 2560px\" \/><\/a><\/p>\n<p><strong>Alcsoportok<\/strong><\/p>\n<p><a href=\"https:\/\/semmelweis.hu\/pharmacology\/kutatas\/kardiovaszkularis-es-metabolizmus\/kardioprotekcio-munkacsoport\/\">Kardioprotekci\u00f3 munkacsoport<\/a><br \/>\n<iframe loading=\"lazy\" src=\"\/\/www.youtube.com\/embed\/F89VrbDg4B4\" width=\"560\" height=\"314\"><\/iframe><\/p>\n<p>&nbsp;<\/p>\n<p><a href=\"https:\/\/semmelweis.hu\/pharmacology\/kutatas\/kardiovaszkularis-es-metabolizmus\/ev-munkacsoport\/\">Extracellul\u00e1ris vezikula munkacsoport<\/a><br \/>\n<iframe loading=\"lazy\" src=\"\/\/www.youtube.com\/embed\/hDUTmsd-hGo\" width=\"560\" height=\"314\"><\/iframe><\/p>\n<p>&nbsp;<\/p>\n<p><a href=\"https:\/\/semmelweis.hu\/pharmacology\/kutatas\/kardiovaszkularis-es-metabolizmus\/kardio-onkologia-munkacsoport\/\">Kardio-onkol\u00f3gia munkacsoport<\/a><br \/>\n<a href=\"https:\/\/semmelweis.hu\/pharmacology\/kutatas\/kardiovaszkularis-es-metabolizmus\/kardio-immunologia-munkacsoport\/\">Kardio-immunol\u00f3gia munkacsoport<\/a><br \/>\n<iframe loading=\"lazy\" src=\"\/\/www.youtube.com\/embed\/TkbLlAoHIpY\" width=\"560\" height=\"314\"><\/iframe><\/p>\n<p>&nbsp;<\/p>\n<p><a href=\"https:\/\/semmelweis.hu\/pharmacology\/kutatas\/kardiovaszkularis-es-metabolizmus\/er-mitochondria-munkacsoport\/\">Neurokardiol\u00f3gia munkacsoport<\/a><br \/>\n<a href=\"https:\/\/semmelweis.hu\/pharmacology\/kutatas\/kardiovaszkularis-es-metabolizmus\/bioinformatika\/\">Bioinformatika munkacsoport<\/a><\/p>\n<p>Tov\u00e1bbi r\u00e9szletek kutat\u00e1sainkr\u00f3l az egyes munkacsoportok oldalain tal\u00e1lhat\u00f3.<\/p>\n","protected":false},"excerpt":{"rendered":"<p>\u00a0<br \/>\n<a href=\"https:\/\/semmelweis.hu\/pharmacology\/files\/2023\/12\/DSCN2363-Cropped-scaled.jpg\"><\/a><br \/>\nAlcsoportok<br \/>\n<a href=\"https:\/\/semmelweis.hu\/pharmacology\/kutatas\/kardiovaszkularis-es-metabolizmus\/kardioprotekcio-munkacsoport\/\">Kardioprotekci\u00f3 munkacsoport<\/a><\/p>\n<p>&nbsp;<br \/>\n<a href=\"https:\/\/semmelweis.hu\/pharmacology\/kutatas\/kardiovaszkularis-es-metabolizmus\/ev-munkacsoport\/\">Extracellul\u00e1ris vezikula munkacsoport<\/a><\/p>\n<p>&nbsp;<br \/>\n<a href=\"https:\/\/semmelweis.hu\/pharmacology\/kutatas\/kardiovaszkularis-es-metabolizmus\/kardio-onkologia-munkacsoport\/\">Kardio-onkol\u00f3gia munkacsoport<\/a><br \/>\n<a href=\"https:\/\/semmelweis.hu\/pharmacology\/kutatas\/kardiovaszkularis-es-metabolizmus\/kardio-immunologia-munkacsoport\/\">Kardio-immunol\u00f3gia munkacsoport<\/a><\/p>\n<p>&nbsp;<br \/>\n<a href=\"https:\/\/semmelweis.hu\/pharmacology\/kutatas\/kardiovaszkularis-es-metabolizmus\/er-mitochondria-munkacsoport\/\">Neurokardiol\u00f3gia munkacsoport<\/a><br \/>\n<a href=\"https:\/\/semmelweis.hu\/pharmacology\/kutatas\/kardiovaszkularis-es-metabolizmus\/bioinformatika\/\">Bioinformatika munkacsoport<\/a><br \/>\nTov\u00e1bbi r\u00e9szletek kutat\u00e1sainkr\u00f3l az egyes munkacsoportok oldalain tal\u00e1lhat\u00f3.<\/p>\n","protected":false},"author":110,"featured_media":0,"parent":14,"menu_order":0,"comment_status":"closed","ping_status":"open","template":"","meta":{"_acf_changed":false,"footnotes":""},"categories":[],"tags":[],"class_list":["post-336","page","type-page","status-publish","hentry"],"acf":[],"_links":{"self":[{"href":"https:\/\/semmelweis.hu\/pharmacology\/wp-json\/wp\/v2\/pages\/336","targetHints":{"allow":["GET"]}}],"collection":[{"href":"https:\/\/semmelweis.hu\/pharmacology\/wp-json\/wp\/v2\/pages"}],"about":[{"href":"https:\/\/semmelweis.hu\/pharmacology\/wp-json\/wp\/v2\/types\/page"}],"author":[{"embeddable":true,"href":"https:\/\/semmelweis.hu\/pharmacology\/wp-json\/wp\/v2\/users\/110"}],"replies":[{"embeddable":true,"href":"https:\/\/semmelweis.hu\/pharmacology\/wp-json\/wp\/v2\/comments?post=336"}],"version-history":[{"count":15,"href":"https:\/\/semmelweis.hu\/pharmacology\/wp-json\/wp\/v2\/pages\/336\/revisions"}],"predecessor-version":[{"id":14318,"href":"https:\/\/semmelweis.hu\/pharmacology\/wp-json\/wp\/v2\/pages\/336\/revisions\/14318"}],"up":[{"embeddable":true,"href":"https:\/\/semmelweis.hu\/pharmacology\/wp-json\/wp\/v2\/pages\/14"}],"wp:attachment":[{"href":"https:\/\/semmelweis.hu\/pharmacology\/wp-json\/wp\/v2\/media?parent=336"}],"wp:term":[{"taxonomy":"category","embeddable":true,"href":"https:\/\/semmelweis.hu\/pharmacology\/wp-json\/wp\/v2\/categories?post=336"},{"taxonomy":"post_tag","embeddable":true,"href":"https:\/\/semmelweis.hu\/pharmacology\/wp-json\/wp\/v2\/tags?post=336"}],"curies":[{"name":"wp","href":"https:\/\/api.w.org\/{rel}","templated":true}]}}