{"id":3347,"date":"2015-10-22T14:48:56","date_gmt":"2015-10-22T12:48:56","guid":{"rendered":"http:\/\/semmelweis.hu\/pharmacology\/?page_id=3347"},"modified":"2026-03-27T10:56:57","modified_gmt":"2026-03-27T09:56:57","slug":"allaslehetosegek","status":"publish","type":"page","link":"https:\/\/semmelweis.hu\/pharmacology\/allaslehetosegek\/","title":{"rendered":"\u00c1ll\u00e1slehet\u0151s\u00e9gek"},"content":{"rendered":"<h4>Aktu\u00e1lis \u00e1ll\u00e1saj\u00e1nlataink<\/h4>\n<div class=\"exp-col-content-holder\"><a class=\"expand-cnt-link\" href=\"#\">Bioinformatikai projekt asszisztens<\/a><\/p>\n<div class=\"hidden-content\">\n<p>A Semmelweis Egyetem Magyarorsz\u00e1g \u00e9s a k\u00f6z\u00e9p-eur\u00f3pai r\u00e9gi\u00f3 vezet\u0151 orvos- \u00e9s eg\u00e9szs\u00e9gtudom\u00e1nyi egyeteme, amely a\u00a0<strong>Times Higher Education legfrissebb rangsora szerint a legjobb magyar \u00e9s kelet-k\u00f6z\u00e9p eur\u00f3pai fels\u0151oktat\u00e1si int\u00e9zm\u00e9ny.<\/strong> K\u00f6zel 13 000 elhivatott koll\u00e9g\u00e1nkkal k\u00f6z\u00f6sen azon dolgozunk, hogy tud\u00e1sunkkal \u00e9s innov\u00e1ci\u00f3inkkal Eur\u00f3pa \u00f6t legjobb gy\u00f3gy\u00edt\u00f3 szakegyeteme k\u00f6z\u00e9 emelkedj\u00fcnk. Csatlakozzon hozz\u00e1nk, \u00e9s legyen r\u00e9szese a gy\u00f3gy\u00edt\u00e1s, az oktat\u00e1s \u00e9s a kutat\u00e1s j\u00f6v\u0151j\u00e9nek!<\/p>\n<p>Az al\u00e1bbi poz\u00edci\u00f3ba keres\u00fcnk \u00faj munkat\u00e1rsat: <strong>bioinformatikai projekt asszisztens<\/strong><\/p>\n<p><strong>A poz\u00edci\u00f3r\u00f3l b\u0151vebb inform\u00e1ci\u00f3 <a href=\"https:\/\/semmelweis.hu\/human\/2026\/03\/25\/bioinformatikai-projekt-asszisztens-farmakologia-es-farmakoterapias-intezet\/\">ezen a hivatkoz\u00e1son<\/a> tal\u00e1lhat\u00f3.<\/strong><\/p>\n<\/div>\n<\/div>\n<p>&nbsp;<\/p>\n<h4>hasznos inform\u00e1ci\u00f3k<\/h4>\n<div class=\"exp-col-content-holder\"><a class=\"expand-cnt-link\" href=\"#\">Fontos inform\u00e1ci\u00f3k kutat\u00f3i poz\u00edci\u00f3kra jelentkez\u0151knek<\/a><\/p>\n<div class=\"hidden-content\">\n<p>K\u00f6sz\u00f6nj\u00fck, hogy \u00e9rdekl\u0151dik az int\u00e9zet\u00fcnkben bet\u00f6lthet\u0151 poz\u00edci\u00f3 ir\u00e1nt. \u00d6r\u00f6mmel fogadjuk int\u00e9zet\u00fcnkben. K\u00e9rj\u00fck tekintse \u00e1t az al\u00e1bbi helyi finansz\u00edroz\u00e1si \u00e9s t\u00e1mogat\u00e1si lehet\u0151s\u00e9geket:<\/p>\n<ul>\n<li>NKFIH p\u00e1ly\u00e1zatok\n<ul>\n<li><a href=\"https:\/\/nkfih.gov.hu\/palyazoknak\/palyazatok\/aktualis-felhivasok\" target=\"_blank\" rel=\"noopener\">https:\/\/nkfih.gov.hu\/palyazoknak\/palyazatok\/aktualis-felhivasok<\/a><\/li>\n<\/ul>\n<\/li>\n<li>MTA p\u00e1ly\u00e1zatok\n<ul>\n<li><a href=\"https:\/\/mta.hu\/aktualis-palyazati-kiirasok\" target=\"_blank\" rel=\"noopener\">https:\/\/mta.hu\/aktualis-palyazati-kiirasok<\/a><\/li>\n<\/ul>\n<\/li>\n<li>Magyar Innov\u00e1ci\u00f3s Sz\u00f6vets\u00e9g\n<ul>\n<li><a href=\"http:\/\/innovacio.hu\/\" target=\"_blank\" rel=\"noopener\">http:\/\/innovacio.hu\/<\/a><\/li>\n<\/ul>\n<\/li>\n<li>Sz\u00e9chenyi 2020 port\u00e1l\n<ul>\n<li><a href=\"https:\/\/www.palyazat.gov.hu\/\" target=\"_blank\" rel=\"noopener\">https:\/\/www.palyazat.gov.hu\/<\/a><\/li>\n<\/ul>\n<\/li>\n<li>Tempus K\u00f6zalap\u00edtv\u00e1ny\n<ul>\n<li><a href=\"https:\/\/tka.hu\/9\/rolunk\" target=\"_blank\" rel=\"noopener\">https:\/\/tka.hu\/9\/rolunk<\/a><\/li>\n<\/ul>\n<\/li>\n<\/ul>\n<p>A Semmelweis Egyetemr\u0151l az al\u00e1bbi honlapon t\u00e1j\u00e9koz\u00f3dhat r\u00e9szletesebben:<\/p>\n<p><a href=\"https:\/\/semmelweis.hu\/\" target=\"_blank\" rel=\"noopener\">https:\/\/semmelweis.hu\/<\/a><\/p>\n<p>A Farmakol\u00f3giai \u00e9s Farmakoter\u00e1pi\u00e1s Int\u00e9zetr\u0151l pedig az al\u00e1bbi honlapon:<\/p>\n<p><a href=\"https:\/\/semmelweis.hu\/pharmacology\/\" target=\"_blank\" rel=\"noopener\">https:\/\/semmelweis.hu\/pharmacology\/<\/a><\/p>\n<p>V\u00e1rjuk sz\u00edv\u00e9lyes v\u00e1lasz\u00e1t. K\u00e9rj\u00fck \u00edrja meg nek\u00fcnk az \u00d6n \u00e1ltal ig\u00e9nyelt\/ig\u00e9nylend\u0151 p\u00e1ly\u00e1zati t\u00e1mogat\u00e1s r\u00e9szleteit is.<\/p>\n<\/div>\n<\/div>\n","protected":false},"excerpt":{"rendered":"<p>Aktu\u00e1lis \u00e1ll\u00e1saj\u00e1nlataink <a class=\"expand-cnt-link\" href=\"#\">Bioinformatikai projekt asszisztens<\/a> A Semmelweis Egyetem Magyarorsz\u00e1g \u00e9s a k\u00f6z\u00e9p-eur\u00f3pai r\u00e9gi\u00f3 vezet\u0151 orvos- \u00e9s eg\u00e9szs\u00e9gtudom\u00e1nyi egyeteme, amely a\u00a0Times Higher Education legfrissebb rangsora szerint a legjobb magyar \u00e9s kelet-k\u00f6z\u00e9p eur\u00f3pai fels\u0151oktat\u00e1si int\u00e9zm\u00e9ny. K\u00f6zel 13 000 elhivatott koll\u00e9g\u00e1nkkal k\u00f6z\u00f6sen azon dolgozunk, hogy tud\u00e1sunkkal \u00e9s innov\u00e1ci\u00f3inkkal Eur\u00f3pa \u00f6t legjobb gy\u00f3gy\u00edt\u00f3 szakegyeteme k\u00f6z\u00e9 emelkedj\u00fcnk. Csatlakozzon hozz\u00e1nk, \u00e9s legyen r\u00e9szese a &hellip;<\/p>\n","protected":false},"author":101016,"featured_media":0,"parent":0,"menu_order":7,"comment_status":"closed","ping_status":"closed","template":"","meta":{"_acf_changed":false,"footnotes":""},"categories":[],"tags":[],"class_list":["post-3347","page","type-page","status-publish","hentry"],"acf":[],"_links":{"self":[{"href":"https:\/\/semmelweis.hu\/pharmacology\/wp-json\/wp\/v2\/pages\/3347","targetHints":{"allow":["GET"]}}],"collection":[{"href":"https:\/\/semmelweis.hu\/pharmacology\/wp-json\/wp\/v2\/pages"}],"about":[{"href":"https:\/\/semmelweis.hu\/pharmacology\/wp-json\/wp\/v2\/types\/page"}],"author":[{"embeddable":true,"href":"https:\/\/semmelweis.hu\/pharmacology\/wp-json\/wp\/v2\/users\/101016"}],"replies":[{"embeddable":true,"href":"https:\/\/semmelweis.hu\/pharmacology\/wp-json\/wp\/v2\/comments?post=3347"}],"version-history":[{"count":15,"href":"https:\/\/semmelweis.hu\/pharmacology\/wp-json\/wp\/v2\/pages\/3347\/revisions"}],"predecessor-version":[{"id":15724,"href":"https:\/\/semmelweis.hu\/pharmacology\/wp-json\/wp\/v2\/pages\/3347\/revisions\/15724"}],"wp:attachment":[{"href":"https:\/\/semmelweis.hu\/pharmacology\/wp-json\/wp\/v2\/media?parent=3347"}],"wp:term":[{"taxonomy":"category","embeddable":true,"href":"https:\/\/semmelweis.hu\/pharmacology\/wp-json\/wp\/v2\/categories?post=3347"},{"taxonomy":"post_tag","embeddable":true,"href":"https:\/\/semmelweis.hu\/pharmacology\/wp-json\/wp\/v2\/tags?post=3347"}],"curies":[{"name":"wp","href":"https:\/\/api.w.org\/{rel}","templated":true}]}}