{"id":327,"date":"2014-02-05T11:53:18","date_gmt":"2014-02-05T10:53:18","guid":{"rendered":"http:\/\/semmelweis.hu\/pharmacology\/?page_id=327"},"modified":"2024-12-17T09:05:16","modified_gmt":"2024-12-17T08:05:16","slug":"aok","status":"publish","type":"page","link":"https:\/\/semmelweis.hu\/pharmacology\/oktatas\/gradualis-oktatas\/aok\/","title":{"rendered":"\u00c1ltal\u00e1nos Orvostudom\u00e1nyi Kar"},"content":{"rendered":"<div class=\"keretes w-100\">\n<p>Tanulm\u00e1nyi felel\u0151s: Dr. Riba P\u00e1l (3. emelet, 314. szoba) <br \/>\nemail: riba.pal@semmelweis.hu<\/p>\n<\/div>\n<p><strong>Az el\u0151ad\u00e1sokon \u00e9s gyakorlatokon vide\u00f3- \u00e9s hangfelv\u00e9tel k\u00e9sz\u00edt\u00e9se tilos! Az el\u0151ad\u00e1sok \u00e1br\u00e1i a <a href=\"http:\/\/itc.semmelweis.hu\">Moodle<\/a> rendszerben hozz\u00e1f\u00e9rhet\u0151k.<\/strong><\/p>\n<div class=\"keretes w-100\">\n<p>A szigorlaton b\u00e1rmilyen, k\u00edv\u00fclr\u0151l sz\u00e1rmaz\u00f3 inform\u00e1ci\u00f3 megszerz\u00e9s\u00e9re ir\u00e1nyul\u00f3 meg nem engedett eszk\u00f6z haszn\u00e1lata (pl. inform\u00e1ci\u00f3technol\u00f3giai eszk\u00f6z\u00f6k, elektronikus vagy nyomtatott anyag) a vizsga azonnali, el\u00e9gtelen \u00e9rdemjeggyel t\u00f6rt\u00e9n\u0151 befejez\u00e9s\u00e9t vonja maga ut\u00e1n. Ezen t\u00falmen\u0151en tov\u00e1bbi, a Semmelweis Egyetem Tanulm\u00e1nyi \u00e9s Vizsgaszab\u00e1lyzat\u00e1ban meghat\u00e1rozott l\u00e9p\u00e9sekre is sor ker\u00fcl.<\/p>\n<\/div>\n<h2>Farmakol\u00f3gia &#8211; III. \u00e9vfolyam\u00a0<\/h2>\n<ul>\n<li><strong>I. szemeszter<\/strong>\n<ul style=\"list-style-type: square\">\n<li><a href=\"https:\/\/semmelweis.hu\/pharmacology\/files\/2024\/12\/AOKFRM1108_1M_Farmakologia-AOK-III_2024-25_1-felev_Tantargyi-kovetelmenyrendszer_20240830.pdf\">K\u00f6vetelm\u00e9nyrendszer (2024\/2025)<\/a><\/li>\n<\/ul>\n<\/li>\n<li><strong>II. szemeszter<\/strong>\n<ul style=\"list-style-type: square\">\n<li><a href=\"https:\/\/semmelweis.hu\/pharmacology\/files\/2024\/12\/AOKFRM1108_2M_Farmakologia-AOK-III_2024-25_2-felev_Tantargyi-kovetelmenyrendszer_20240830.pdf\">K\u00f6vetelm\u00e9nyrendszer (2024\/2025)<\/a><\/li>\n<\/ul>\n<\/li>\n<li><a href=\"https:\/\/semmelweis.hu\/pharmacology\/files\/2023\/11\/Farmakologia-OMHV-ertekeles-intezkedesi-terv-AOK-2023-09-21-vegleges.pdf\" target=\"_blank\" rel=\"noopener\">OMHV int\u00e9zked\u00e9si terv (2023\/24)<\/a><\/li>\n<\/ul>\n<h2>Klinikai farmakol\u00f3gia &#8211; IV. \u00c9vfolyam<\/h2>\n<ul style=\"list-style-type: disc\">\n<li><a href=\"https:\/\/semmelweis.hu\/pharmacology\/files\/2024\/12\/AOKFRM1117_1M_Klinikai-farmakologia-AOK-IV_2024-25-Tantargyi-kovetelmenyrendszer-magyar-20240830.pdf\">K\u00f6vetelm\u00e9nyrendszer (2024\/2025)<\/a><\/li>\n<li><a href=\"https:\/\/semmelweis.hu\/pharmacology\/files\/2023\/11\/Klinikai-farmakologia-OMHV-ertekeles-intezkedesi-terv-AOK-2023-vegleges.pdf\" target=\"_blank\" rel=\"noopener\">OMHV int\u00e9zked\u00e9si terv (2023\/24)<\/a><\/li>\n<\/ul>\n<div class=\"fontos_div\">\n<p>Tantermi el\u0151ad\u00e1sok \u00e9s gyakorlati tematika a <a href=\"http:\/\/itc.semmelweis.hu\">Moodle<\/a>-ben megtal\u00e1lhat\u00f3<\/p>\n<\/div>\n<h2>Szakdolgozat c\u00edmlista<\/h2>\n<ul style=\"list-style-type: disc\">\n<li><a href=\"https:\/\/semmelweis.hu\/pharmacology\/files\/2023\/10\/2025_26_AOK-szakdolgozat-cimek.pdf\" target=\"_blank\" rel=\"noopener\">2025\/2026<\/a><\/li>\n<\/ul>\n<h2>\u00a0<\/h2>\n<p>&nbsp;<\/p>\n","protected":false},"excerpt":{"rendered":"<p>Tanulm\u00e1nyi felel\u0151s: Dr. Riba P\u00e1l (3. emelet, 314. szoba) email: riba.pal@semmelweis.hu Az el\u0151ad\u00e1sokon \u00e9s gyakorlatokon vide\u00f3- \u00e9s hangfelv\u00e9tel k\u00e9sz\u00edt\u00e9se tilos! Az el\u0151ad\u00e1sok \u00e1br\u00e1i a <a href=\"http:\/\/itc.semmelweis.hu\">Moodle<\/a> rendszerben hozz\u00e1f\u00e9rhet\u0151k. A szigorlaton b\u00e1rmilyen, k\u00edv\u00fclr\u0151l sz\u00e1rmaz\u00f3 inform\u00e1ci\u00f3 megszerz\u00e9s\u00e9re ir\u00e1nyul\u00f3 meg nem engedett eszk\u00f6z haszn\u00e1lata (pl. inform\u00e1ci\u00f3technol\u00f3giai eszk\u00f6z\u00f6k, elektronikus vagy nyomtatott anyag) a vizsga azonnali, el\u00e9gtelen \u00e9rdemjeggyel t\u00f6rt\u00e9n\u0151 befejez\u00e9s\u00e9t vonja maga &hellip;<\/p>\n","protected":false},"author":110,"featured_media":0,"parent":14110,"menu_order":0,"comment_status":"closed","ping_status":"closed","template":"","meta":{"_acf_changed":false,"footnotes":""},"categories":[],"tags":[],"class_list":["post-327","page","type-page","status-publish","hentry"],"acf":[],"_links":{"self":[{"href":"https:\/\/semmelweis.hu\/pharmacology\/wp-json\/wp\/v2\/pages\/327","targetHints":{"allow":["GET"]}}],"collection":[{"href":"https:\/\/semmelweis.hu\/pharmacology\/wp-json\/wp\/v2\/pages"}],"about":[{"href":"https:\/\/semmelweis.hu\/pharmacology\/wp-json\/wp\/v2\/types\/page"}],"author":[{"embeddable":true,"href":"https:\/\/semmelweis.hu\/pharmacology\/wp-json\/wp\/v2\/users\/110"}],"replies":[{"embeddable":true,"href":"https:\/\/semmelweis.hu\/pharmacology\/wp-json\/wp\/v2\/comments?post=327"}],"version-history":[{"count":15,"href":"https:\/\/semmelweis.hu\/pharmacology\/wp-json\/wp\/v2\/pages\/327\/revisions"}],"predecessor-version":[{"id":14573,"href":"https:\/\/semmelweis.hu\/pharmacology\/wp-json\/wp\/v2\/pages\/327\/revisions\/14573"}],"up":[{"embeddable":true,"href":"https:\/\/semmelweis.hu\/pharmacology\/wp-json\/wp\/v2\/pages\/14110"}],"wp:attachment":[{"href":"https:\/\/semmelweis.hu\/pharmacology\/wp-json\/wp\/v2\/media?parent=327"}],"wp:term":[{"taxonomy":"category","embeddable":true,"href":"https:\/\/semmelweis.hu\/pharmacology\/wp-json\/wp\/v2\/categories?post=327"},{"taxonomy":"post_tag","embeddable":true,"href":"https:\/\/semmelweis.hu\/pharmacology\/wp-json\/wp\/v2\/tags?post=327"}],"curies":[{"name":"wp","href":"https:\/\/api.w.org\/{rel}","templated":true}]}}