{"id":2861,"date":"2015-09-03T08:51:19","date_gmt":"2015-09-03T06:51:19","guid":{"rendered":"http:\/\/semmelweis.hu\/pharmacology\/?page_id=2861"},"modified":"2026-01-21T10:11:26","modified_gmt":"2026-01-21T09:11:26","slug":"a-farmakologiai-es-farmakoterapias-intezetrol","status":"publish","type":"page","link":"https:\/\/semmelweis.hu\/pharmacology\/a-farmakologiai-es-farmakoterapias-intezetrol\/","title":{"rendered":"A Farmakol\u00f3giai \u00e9s Farmakoter\u00e1pi\u00e1s Int\u00e9zetr\u0151l"},"content":{"rendered":"<p>Int\u00e9zet\u00fcnk, mely egyetemi int\u00e9zm\u00e9nyk\u00e9nt kett\u0151s, oktat\u00e1si \u00e9s kutat\u00e1si feladatot l\u00e1t el, \u00f6n\u00e1ll\u00f3 Gy\u00f3gyszertani Int\u00e9zetk\u00e9nt 1872 \u00f3ta m\u0171k\u00f6dik. Az Int\u00e9zet neve 1999-ben v\u00e1ltozott meg Farmakol\u00f3gia \u00e9s Farmakoter\u00e1pi\u00e1s Int\u00e9zetre.<\/p>\n<p>A <a href=\"https:\/\/semmelweis.hu\/pharmacology\/oktatas\/\">gradu\u00e1lis k\u00e9pz\u00e9s keret\u00e9ben<\/a> k\u00e9t f\u00e9l\u00e9ven kereszt\u00fcl oktatja a farmakol\u00f3gia alapjait \u00e9s a klinikai farmakol\u00f3gi\u00e1t a IV. \u00e9ves magyar, angol \u00e9s n\u00e9met orvos-, illetve fogorvostan-hallgat\u00f3k sz\u00e1m\u00e1ra. szakvizsg\u00e1ztat\u00e1sban, valamint a doktori k\u00e9pz\u00e9s programj\u00e1ban.<\/p>\n<p>Az oktat\u00e1si tev\u00e9kenys\u00e9g mellett az int\u00e9zetben sz\u00e9lesk\u00f6r\u0171, <a href=\"https:\/\/semmelweis.hu\/pharmacology\/kutatas\/\">a farmakol\u00f3gia sz\u00e1mos ter\u00fclet\u00e9t fel\u00f6lel\u0151 kutat\u00e1s zajlik<\/a>. In vivo, ex vivo \u00e9s in vitro metodik\u00e1k alkalmaz\u00e1s\u00e1val laborjainkban t\u00f6bbek k\u00f6z\u00f6tt kardiovaszkul\u00e1ris, bioinformatikai, viselked\u00e9sfarmakol\u00f3giai <span style=\"font-size: 1rem\">\u00e9s <\/span><span style=\"font-size: 1rem\">gasztrointesztin\u00e1lis vizsg\u00e1latok folynak.<\/span><\/p>\n<style>\n           #page-grid .card-body > .line-clamp-box.excerpt{\n        width: inherit;\n        max-width: inherit;\n        display:flex;\n        min-height: 2.4em;\n        flex-direction: column;\n        justify-content: space-around;\n        background-color: #D6E4EA;\n        min-height: 3.4rem;\n        font-family: \"Montserrat\", sans-serif;\n    }\n\n    #page-grid a:hover .card-body > .line-clamp-box.excerpt {\n        background-color: #fff;\n        color: #313B40;\n    }\n\n    #page-grid .card-body .line-clamp-box.excerpt section{\n        max-width: inherit;\n        display: -webkit-box;\n        -webkit-line-clamp: 2;\n        -webkit-box-orient: vertical;\n        overflow: hidden;\n        text-overflow: ellipsis;\n        hyphens: auto;\n        margin: auto;\n        \n    }\n    .line-clamp-box.excerpt section, .line-clamp-box.excerpt section p{\n        font-size:0.8em;\n    }\n    \n<\/style>\n    <section id=\"page-grid\">\n        <section class=\"d-block d-md-flex title-row my-3 ml-0 ml-md-1\">\n<div class=\"section-title  mb-1 \">\n<h2>\n    Kapcsol\u00f3d\u00f3 oldalak\n<\/h2>\n<\/div>\n<\/section>\n        <div class=\"row row-cols-1 row-cols-md-2 row-cols-lg-2 no-gutters mx-0 \">    <div class =\"col  mb-2 card-wrapper\">\n        <a class=\"d-flex flex-fill card-link-warapper m-md-1\" href=\"https:\/\/semmelweis.hu\/pharmacology\/a-farmakologiai-es-farmakoterapias-intezetrol\/tortenet\/\">\n            <div class=\"card border border-secondary se-border flex-fill\">\n                <div class=\"row no-gutters mx-0 d-flex flex-nowrap flex-md-wrap align-items-center\">\n                    <div class =\"  col-5 col-md-12  d-none  d-md-none d-md-none  bg-image  card-image justify-content-center\">\n                        <img class='wp-post-image img-fluid landscape' src='https:\/\/semmelweis.hu\/pharmacology\/wp-content\/themes\/se18\/dist\/images\/svg\/bg-image.svg' \/>\n                    <\/div>\n                    <div class=\"card-body  col flex-column  col-md-12 p-0\">\n                        <div class=\"line-clamp-box p-3\">\n                            <h5 class=\"ml-0 ml-sm-1 mt-2 align-items-center\"  >Farmakol\u00f3giai \u00e9s Farmakoter\u00e1pi\u00e1s Int\u00e9zet t\u00f6rt\u00e9nete<\/h5>\n                        <\/div>\n                        \n                    <\/div>\n                <\/div>\n\n            <\/div>\n        <\/a>\n    <\/div>    <div class =\"col  mb-2 card-wrapper\">\n        <a class=\"d-flex flex-fill card-link-warapper m-md-1\" href=\"https:\/\/semmelweis.hu\/pharmacology\/a-farmakologiai-es-farmakoterapias-intezetrol\/intezeti-evkonyv-2011-2016\/\">\n            <div class=\"card border border-secondary se-border flex-fill\">\n                <div class=\"row no-gutters mx-0 d-flex flex-nowrap flex-md-wrap align-items-center\">\n                    <div class =\"  col-5 col-md-12  d-none  d-md-none d-md-none  bg-image  card-image justify-content-center\">\n                        <img class='wp-post-image img-fluid landscape' src='https:\/\/semmelweis.hu\/pharmacology\/wp-content\/themes\/se18\/dist\/images\/svg\/bg-image.svg' \/>\n                    <\/div>\n                    <div class=\"card-body  col flex-column  col-md-12 p-0\">\n                        <div class=\"line-clamp-box p-3\">\n                            <h5 class=\"ml-0 ml-sm-1 mt-2 align-items-center\"  >Int\u00e9zeti \u00c9vk\u00f6nyvek<\/h5>\n                        <\/div>\n                        \n                    <\/div>\n                <\/div>\n\n            <\/div>\n        <\/a>\n    <\/div>    <div class =\"col  mb-2 card-wrapper\">\n        <a class=\"d-flex flex-fill card-link-warapper m-md-1\" href=\"https:\/\/semmelweis.hu\/pharmacology\/a-farmakologiai-es-farmakoterapias-intezetrol\/munkatarsak\/\">\n            <div class=\"card border border-secondary se-border flex-fill\">\n                <div class=\"row no-gutters mx-0 d-flex flex-nowrap flex-md-wrap align-items-center\">\n                    <div class =\"  col-5 col-md-12  d-none  d-md-none d-md-none  bg-image  card-image justify-content-center\">\n                        <img class='wp-post-image img-fluid landscape' src='https:\/\/semmelweis.hu\/pharmacology\/wp-content\/themes\/se18\/dist\/images\/svg\/bg-image.svg' \/>\n                    <\/div>\n                    <div class=\"card-body  col flex-column  col-md-12 p-0\">\n                        <div class=\"line-clamp-box p-3\">\n                            <h5 class=\"ml-0 ml-sm-1 mt-2 align-items-center\"  >Munkat\u00e1rsak<\/h5>\n                        <\/div>\n                        \n                    <\/div>\n                <\/div>\n\n            <\/div>\n        <\/a>\n    <\/div>        <\/div>\n    <\/section>\n<p>&nbsp;<\/p>\n\r\n        [slb_exclude]\r\n        <div class=\"row galeria-wrapper mx-0 h-auto\">\r\n            <div class=\"col-9 pl-0 pr-2\">\r\n            <span class=\"gallery-item frame\">\r\n\t\t\t\t<div class=\"galeria-left-img\"><a href=\"https:\/\/semmelweis.hu\/pharmacology\/files\/2019\/02\/auditory-brainstem-response-setup.jpg\"><img src=https:\/\/semmelweis.hu\/pharmacology\/files\/2019\/02\/auditory-brainstem-response-setup.jpg  \r\n                            alt=\"\" \r\n                            class=\"attachment-sote-gallery-big size-sote-gallery-big\" \r\n                            srcset=\"https:\/\/semmelweis.hu\/pharmacology\/files\/2019\/02\/auditory-brainstem-response-setup-300x166.jpg 300w, https:\/\/semmelweis.hu\/pharmacology\/files\/2019\/02\/auditory-brainstem-response-setup-768x425.jpg 768w, https:\/\/semmelweis.hu\/pharmacology\/files\/2019\/02\/auditory-brainstem-response-setup-477x264.jpg 477w, https:\/\/semmelweis.hu\/pharmacology\/files\/2019\/02\/auditory-brainstem-response-setup.jpg 1011w\" ><\/a><\/div>\r\n            <\/span>\r\n\r\n            <\/div>\r\n\r\n\t\t\t<div class=\"col-3 pl-0 pr-0\">\r\n\t\t\t\t<div class=\"galeria-right-img d-flex justify-content-between flex-column h-100 w-100 px-0 mx-0 \">\r\n                <div class=\"galeria-box\">\r\n\t\t\t\t\t<h3 class=\"galeria-title\">Gal\u00e9ria<\/h3>\r\n\t\t\t\t\t<div class=\"galeria-subtitle\">\r\n\r\n\t\t\t\t\t\t<div class=\"galeria-page-counter\"><span>7<\/span>k\u00e9p<\/div>\r\n                    <\/div> <\/div>\r\n                    <span class=\"gallery-item frame d-none d-md-flex\">\r\n\t\t\t\t\t<div class=\"galeria-small-img mt-0\"><a href=\"https:\/\/semmelweis.hu\/pharmacology\/files\/2019\/03\/20190325_KisallatMuto-2.jpg\"><img src=https:\/\/semmelweis.hu\/pharmacology\/files\/2019\/03\/20190325_KisallatMuto-2.jpg \r\n                                alt=\"\"  \r\n                                class=\"attachment-sote-gallery-small size-sote-gallery-small\" \r\n                                srcset=\"https:\/\/semmelweis.hu\/pharmacology\/files\/2019\/03\/20190325_KisallatMuto-2-300x169.jpg 300w, https:\/\/semmelweis.hu\/pharmacology\/files\/2019\/03\/20190325_KisallatMuto-2-768x432.jpg 768w, https:\/\/semmelweis.hu\/pharmacology\/files\/2019\/03\/20190325_KisallatMuto-2.jpg 1024w, https:\/\/semmelweis.hu\/pharmacology\/files\/2019\/03\/20190325_KisallatMuto-2-469x264.jpg 469w\" ><\/a><\/div>\r\n                    <\/span>\r\n                    <span class=\"gallery-item frame d-none d-md-flex\">\r\n\t\t\t\t\t<div class=\"galeria-small-img mt-0\"><a href=\"https:\/\/semmelweis.hu\/pharmacology\/files\/2018\/03\/hallaslab_invivo_box.png\"><img src=https:\/\/semmelweis.hu\/pharmacology\/files\/2018\/03\/hallaslab_invivo_box.png \r\n                                alt=\"\" \r\n                                class=\"attachment-sote-gallery-small size-sote-gallery-small\" \r\n                                srcset=\"https:\/\/semmelweis.hu\/pharmacology\/files\/2018\/03\/hallaslab_invivo_box-300x112.png 300w, https:\/\/semmelweis.hu\/pharmacology\/files\/2018\/03\/hallaslab_invivo_box-580x217.png 580w, https:\/\/semmelweis.hu\/pharmacology\/files\/2018\/03\/hallaslab_invivo_box.png 697w\" ><\/a><\/div>\r\n                    <\/span>\r\n\r\n                <\/div>\r\n\r\n            <\/div>\r\n\r\n            <span class=\"gallery-item\"><div class=\"hidden\"><a href=\"https:\/\/semmelweis.hu\/pharmacology\/files\/2019\/02\/viselkedes5.jpg\">\r\n        <img src=https:\/\/semmelweis.hu\/pharmacology\/files\/2019\/02\/viselkedes5.jpg alt=\"\" class=\"attachment-sote-gallery-big size-sote-gallery-big\" srcset=\"https:\/\/semmelweis.hu\/pharmacology\/files\/2019\/02\/viselkedes5-300x225.jpg 300w, https:\/\/semmelweis.hu\/pharmacology\/files\/2019\/02\/viselkedes5-352x264.jpg 352w, https:\/\/semmelweis.hu\/pharmacology\/files\/2019\/02\/viselkedes5.jpg 578w\" >\r\n        <\/a><\/div><\/span><span class=\"gallery-item\"><div class=\"hidden\"><a href=\"https:\/\/semmelweis.hu\/pharmacology\/files\/2019\/02\/viselkedes3.jpg\">\r\n        <img src=https:\/\/semmelweis.hu\/pharmacology\/files\/2019\/02\/viselkedes3.jpg alt=\"\" class=\"attachment-sote-gallery-big size-sote-gallery-big\" srcset=\"https:\/\/semmelweis.hu\/pharmacology\/files\/2019\/02\/viselkedes3-300x168.jpg 300w, https:\/\/semmelweis.hu\/pharmacology\/files\/2019\/02\/viselkedes3-768x431.jpg 768w, https:\/\/semmelweis.hu\/pharmacology\/files\/2019\/02\/viselkedes3-1024x575.jpg 1024w, https:\/\/semmelweis.hu\/pharmacology\/files\/2019\/02\/viselkedes3-470x264.jpg 470w\" >\r\n        <\/a><\/div><\/span><span class=\"gallery-item\"><div class=\"hidden\"><a href=\"https:\/\/semmelweis.hu\/pharmacology\/files\/2019\/02\/viselkedes2.jpg\">\r\n        <img src=https:\/\/semmelweis.hu\/pharmacology\/files\/2019\/02\/viselkedes2.jpg alt=\"\" class=\"attachment-sote-gallery-big size-sote-gallery-big\" srcset=\"https:\/\/semmelweis.hu\/pharmacology\/files\/2019\/02\/viselkedes2-300x225.jpg 300w, https:\/\/semmelweis.hu\/pharmacology\/files\/2019\/02\/viselkedes2-352x264.jpg 352w, https:\/\/semmelweis.hu\/pharmacology\/files\/2019\/02\/viselkedes2.jpg 425w\" >\r\n        <\/a><\/div><\/span><span class=\"gallery-item\"><div class=\"hidden\"><a href=\"https:\/\/semmelweis.hu\/pharmacology\/files\/2019\/02\/viselkedes1.jpg\">\r\n        <img src=https:\/\/semmelweis.hu\/pharmacology\/files\/2019\/02\/viselkedes1.jpg alt=\"\" class=\"attachment-sote-gallery-big size-sote-gallery-big\" srcset=\"https:\/\/semmelweis.hu\/pharmacology\/files\/2019\/02\/viselkedes1-300x264.jpg 300w, https:\/\/semmelweis.hu\/pharmacology\/files\/2019\/02\/viselkedes1.jpg 757w\" >\r\n        <\/a><\/div><\/span>\r\n            <\/div>\r\n\r\n            [\/slb_exclude]\r\n\t\n<p>&nbsp;<\/p>\n","protected":false},"excerpt":{"rendered":"<p>K\u00f6sz\u00f6nt\u00f6m a Farmakol\u00f3giai \u00e9s Farmakoter\u00e1pi\u00e1s Int\u00e9zet weboldal\u00e1n. Int\u00e9zet\u00fcnk oktat\u00e1si tev\u00e9kenys\u00e9ge mag\u00e1ban foglalja a farmakol\u00f3gia alapjainak, a klinikai farmakol\u00f3gi\u00e1nak, valamint egy\u00e9b hazai \u00e9s nemzetk\u00f6zi kurzusoknak az oktat\u00e1s\u00e1t a IV. \u00e9ves orvos- \u00e9s fogorvostan-hallgat\u00f3k, valamint posztgradu\u00e1lis hallgat\u00f3k sz\u00e1m\u00e1ra, magyar, angol \u00e9s n\u00e9met nyelven egyar\u00e1nt. <\/p>\n<p>Alap- \u00e9s transzl\u00e1ci\u00f3s kutat\u00e1saink, illetve klinikai vizsg\u00e1lataink a farmakol\u00f3gia sz\u00e1mos ter\u00fclet\u00e9t fel\u00f6lelik, bele\u00e9rtve a kardiovaszkul\u00e1ris, viselked\u00e9sfarmakol\u00f3giai, bioinformatikai \u00e9s gasztrointesztin\u00e1lis vizsg\u00e1latokat. Az int\u00e9zet nemzetk\u00f6zi h\u00edr\u0171 tudom\u00e1nyos m\u0171hely, nev\u00e9hez f\u0171z\u0151dik a deprenyl felfedez\u00e9se, mely t\u00f6bb, mint 60 orsz\u00e1gban van forgalomban.<\/p>\n<p>Prof. Dr. Ferdinandy P\u00e9ter<br \/>\nigazgat\u00f3<\/p>\n","protected":false},"author":101016,"featured_media":12459,"parent":0,"menu_order":0,"comment_status":"closed","ping_status":"closed","template":"","meta":{"_acf_changed":false,"footnotes":""},"categories":[],"tags":[],"class_list":["post-2861","page","type-page","status-publish","has-post-thumbnail","hentry"],"acf":[],"_links":{"self":[{"href":"https:\/\/semmelweis.hu\/pharmacology\/wp-json\/wp\/v2\/pages\/2861","targetHints":{"allow":["GET"]}}],"collection":[{"href":"https:\/\/semmelweis.hu\/pharmacology\/wp-json\/wp\/v2\/pages"}],"about":[{"href":"https:\/\/semmelweis.hu\/pharmacology\/wp-json\/wp\/v2\/types\/page"}],"author":[{"embeddable":true,"href":"https:\/\/semmelweis.hu\/pharmacology\/wp-json\/wp\/v2\/users\/101016"}],"replies":[{"embeddable":true,"href":"https:\/\/semmelweis.hu\/pharmacology\/wp-json\/wp\/v2\/comments?post=2861"}],"version-history":[{"count":12,"href":"https:\/\/semmelweis.hu\/pharmacology\/wp-json\/wp\/v2\/pages\/2861\/revisions"}],"predecessor-version":[{"id":15488,"href":"https:\/\/semmelweis.hu\/pharmacology\/wp-json\/wp\/v2\/pages\/2861\/revisions\/15488"}],"wp:featuredmedia":[{"embeddable":true,"href":"https:\/\/semmelweis.hu\/pharmacology\/wp-json\/wp\/v2\/media\/12459"}],"wp:attachment":[{"href":"https:\/\/semmelweis.hu\/pharmacology\/wp-json\/wp\/v2\/media?parent=2861"}],"wp:term":[{"taxonomy":"category","embeddable":true,"href":"https:\/\/semmelweis.hu\/pharmacology\/wp-json\/wp\/v2\/categories?post=2861"},{"taxonomy":"post_tag","embeddable":true,"href":"https:\/\/semmelweis.hu\/pharmacology\/wp-json\/wp\/v2\/tags?post=2861"}],"curies":[{"name":"wp","href":"https:\/\/api.w.org\/{rel}","templated":true}]}}