{"id":15240,"date":"2025-10-14T15:14:37","date_gmt":"2025-10-14T13:14:37","guid":{"rendered":"https:\/\/semmelweis.hu\/pharmacology\/?page_id=15240"},"modified":"2026-02-09T13:13:37","modified_gmt":"2026-02-09T12:13:37","slug":"endothelial-cell-and-er-mitochondria-signalling-in-myocardial-infarction-associated-microvascular-obstruction","status":"publish","type":"page","link":"https:\/\/semmelweis.hu\/pharmacology\/en\/research\/grants\/endothelial-cell-and-er-mitochondria-signalling-in-myocardial-infarction-associated-microvascular-obstruction\/","title":{"rendered":"Endothelial cell and ER-mitochondria signalling in myocardial infarction-associated microvascular obstruction"},"content":{"rendered":"<div class=\"lead\" style=\"text-align: center\">Endothelial cell and ER-mitochondria signalling in myocardial infarction-associated microvascular obstruction<\/div>\n<div>\u00a0<\/div>\n<table style=\"border-collapse: collapse;width: 100%\">\n<tbody>\n<tr>\n<td style=\"width: 50%\">Grant:<\/td>\n<td style=\"width: 50%\">FK-OTKA (FK 146163)<\/td>\n<\/tr>\n<tr>\n<td style=\"width: 50%\">Amount of support:<\/td>\n<td style=\"width: 50%\">44.000.000 Ft<\/td>\n<\/tr>\n<tr>\n<td style=\"width: 50%\">Duration:<\/td>\n<td style=\"width: 50%\">2024. 01. 01.-2027. 12. 31.<\/td>\n<\/tr>\n<tr>\n<td style=\"width: 50%\">Principal investigator:<\/td>\n<td style=\"width: 50%\">M\u00f3rotz G\u00e1bor, Phd<\/td>\n<\/tr>\n<\/tbody>\n<\/table>\n<p>&nbsp;<\/p>\n<p><strong>Summary<\/strong><\/p>\n<p>Our research aims to better understand the pathological mechanisms behind heart attack. A key focus of our work is to identify new therapeutic targets and develop new therapeutic approaches to treat these health problems. Heart attack is the leading cause of death worldwide. Although there are treatments that can reopen blocked arteries and restore blood flow to the heart, a paradoxical consequence of these interventions is that the re-flow of blood often damages the cells in the walls of small blood vessels, causing blockages in the microarteries in the heart. This blockage is also called microvascular obstruction. Extensive microvascular obstruction increases the risk of rehospitalization and further life-threatening events. One of the problems scientists face when designing treatments for microvascular obstruction is that this event is accompanied by impairment of several cellular function in the same time, so it is not clear which damaged function should be targeted therapeutically. Many of these defective processes are controlled by the communication between two cellular structures, namely mitochondria and the endoplasmic reticulum (ER). Our research focuses on the details of pathological changes in the relationship between these two cellular organelles.<\/p>\n<p><strong>Participating leading researchers, collaboration partners, universities, companies <\/strong><\/p>\n<p>Dr. Zsuzsanna Darula, HCEMM, HUN-REN Biological Research Centre, Proteomics Laboratory<\/p>\n<p>Dr. Ferhan Ayaydin, HCEMM, University of Szeged, Functional Cell Biology and Immunology Laboratory<\/p>\n<p>Prof. Mikl\u00f3s Kellermayer, Dr. Gy\u00f6rgy T\u00f6r\u00f6k, Semmelweis University, Institute of Biophysics and Radiation Biology<\/p>\n<p>Dr. Tam\u00e1s Visnovitz, Semmelweis University, Institute of Genetics, Cell and Immunobiology<\/p>\n<p><strong>Applied methods and tools<\/strong><\/p>\n<p>We apply advanced cell- and molecular biological methods to our research, thus we use various molecular cloning methods, cell line cultivation, protein isolation and separation, and detection of protein-protein interactions. We complement our cellular studies with a variety of fluorescent histological examination methods. We also use the most advanced super-resolution and electron microscopic imaging techniques to follow changes in our samples in the size range of a few tens of nanometers. We develop our own computer programs for the analysis of microscopic images.<\/p>\n<p><strong>Pictures<\/strong><\/p>\n\r\n        [slb_exclude]\r\n        <div class=\"row galeria-wrapper mx-0 h-auto\">\r\n            <div class=\"col-9 pl-0 pr-2\">\r\n            <span class=\"gallery-item frame\">\r\n\t\t\t\t<div class=\"galeria-left-img\"><a href=\"https:\/\/semmelweis.hu\/pharmacology\/files\/2025\/10\/otka-fk-mg3-scaled.jpg\"><img src=https:\/\/semmelweis.hu\/pharmacology\/files\/2025\/10\/otka-fk-mg3-scaled.jpg  \r\n                            alt=\"\" \r\n                            class=\"attachment-sote-gallery-big size-sote-gallery-big\" \r\n                            srcset=\"https:\/\/semmelweis.hu\/pharmacology\/files\/2025\/10\/otka-fk-mg3-400x267.jpg 400w, https:\/\/semmelweis.hu\/pharmacology\/files\/2025\/10\/otka-fk-mg3-1024x683.jpg 1024w, https:\/\/semmelweis.hu\/pharmacology\/files\/2025\/10\/otka-fk-mg3-768x512.jpg 768w, https:\/\/semmelweis.hu\/pharmacology\/files\/2025\/10\/otka-fk-mg3-1536x1024.jpg 1536w, https:\/\/semmelweis.hu\/pharmacology\/files\/2025\/10\/otka-fk-mg3-2048x1365.jpg 2048w, https:\/\/semmelweis.hu\/pharmacology\/files\/2025\/10\/otka-fk-mg3-753x502.jpg 753w, https:\/\/semmelweis.hu\/pharmacology\/files\/2025\/10\/otka-fk-mg3-203x135.jpg 203w\" ><\/a><\/div>\r\n            <\/span>\r\n\r\n            <\/div>\r\n\r\n\t\t\t<div class=\"col-3 pl-0 pr-0\">\r\n\t\t\t\t<div class=\"galeria-right-img d-flex justify-content-between flex-column h-100 w-100 px-0 mx-0 \">\r\n                <div class=\"galeria-box\">\r\n\t\t\t\t\t<h3 class=\"galeria-title\">Gal\u00e9ria<\/h3>\r\n\t\t\t\t\t<div class=\"galeria-subtitle\">\r\n\r\n\t\t\t\t\t\t<div class=\"galeria-page-counter\"><span>3<\/span>k\u00e9p<\/div>\r\n                    <\/div> <\/div>\r\n                    <span class=\"gallery-item frame d-none d-md-flex\">\r\n\t\t\t\t\t<div class=\"galeria-small-img mt-0\"><a href=\"https:\/\/semmelweis.hu\/pharmacology\/files\/2025\/10\/otka-fk-mg2-scaled.jpg\"><img src=https:\/\/semmelweis.hu\/pharmacology\/files\/2025\/10\/otka-fk-mg2-scaled.jpg \r\n                                alt=\"\"  \r\n                                class=\"attachment-sote-gallery-small size-sote-gallery-small\" \r\n                                srcset=\"https:\/\/semmelweis.hu\/pharmacology\/files\/2025\/10\/otka-fk-mg2-400x267.jpg 400w, https:\/\/semmelweis.hu\/pharmacology\/files\/2025\/10\/otka-fk-mg2-1024x683.jpg 1024w, https:\/\/semmelweis.hu\/pharmacology\/files\/2025\/10\/otka-fk-mg2-768x512.jpg 768w, https:\/\/semmelweis.hu\/pharmacology\/files\/2025\/10\/otka-fk-mg2-1536x1024.jpg 1536w, https:\/\/semmelweis.hu\/pharmacology\/files\/2025\/10\/otka-fk-mg2-2048x1365.jpg 2048w, https:\/\/semmelweis.hu\/pharmacology\/files\/2025\/10\/otka-fk-mg2-753x502.jpg 753w, https:\/\/semmelweis.hu\/pharmacology\/files\/2025\/10\/otka-fk-mg2-203x135.jpg 203w\" ><\/a><\/div>\r\n                    <\/span>\r\n                    <span class=\"gallery-item frame d-none d-md-flex\">\r\n\t\t\t\t\t<div class=\"galeria-small-img mt-0\"><a href=\"https:\/\/semmelweis.hu\/pharmacology\/files\/2025\/10\/otka-fk-mg1-scaled.jpg\"><img src=https:\/\/semmelweis.hu\/pharmacology\/files\/2025\/10\/otka-fk-mg1-scaled.jpg \r\n                                alt=\"\" \r\n                                class=\"attachment-sote-gallery-small size-sote-gallery-small\" \r\n                                srcset=\"https:\/\/semmelweis.hu\/pharmacology\/files\/2025\/10\/otka-fk-mg1-400x267.jpg 400w, https:\/\/semmelweis.hu\/pharmacology\/files\/2025\/10\/otka-fk-mg1-1024x683.jpg 1024w, https:\/\/semmelweis.hu\/pharmacology\/files\/2025\/10\/otka-fk-mg1-768x512.jpg 768w, https:\/\/semmelweis.hu\/pharmacology\/files\/2025\/10\/otka-fk-mg1-1536x1024.jpg 1536w, https:\/\/semmelweis.hu\/pharmacology\/files\/2025\/10\/otka-fk-mg1-2048x1365.jpg 2048w, https:\/\/semmelweis.hu\/pharmacology\/files\/2025\/10\/otka-fk-mg1-753x502.jpg 753w, https:\/\/semmelweis.hu\/pharmacology\/files\/2025\/10\/otka-fk-mg1-203x135.jpg 203w\" ><\/a><\/div>\r\n                    <\/span>\r\n\r\n                <\/div>\r\n\r\n            <\/div>\r\n\r\n            \r\n            <\/div>\r\n\r\n            [\/slb_exclude]\r\n\t\n<p><strong>Mission and benefits<\/strong><\/p>\n<p>Our goal is to contribute to reducing the risk of heart failure and rehospitalization in patients affected by myocardial infarction, which is considered the leading disease world-wide. Correcting the cellular and molecular processes we investigate represents a new therapeutic target for these patients, which can positively affect many functions that have been damaged during myocardial infarction. In this way, unravelling the underlying pathological mechanisms may pave the way for much-needed new, innovative therapeutic approaches.<\/p>\n","protected":false},"excerpt":{"rendered":"<p>Endothelial cell and ER-mitochondria signalling in myocardial infarction-associated microvascular obstruction \u00a0 Grant: FK-OTKA (FK 146163) Amount of support: 44.000.000 Ft Duration: 2024. 01. 01.-2027. 12. 31. Principal investigator: M\u00f3rotz G\u00e1bor, Phd &nbsp; Summary Our research aims to better understand the pathological mechanisms behind heart attack. A key focus of our work is to identify new &hellip;<\/p>\n","protected":false},"author":102427,"featured_media":0,"parent":15124,"menu_order":10,"comment_status":"closed","ping_status":"closed","template":"","meta":{"_acf_changed":false,"footnotes":""},"categories":[],"tags":[],"class_list":["post-15240","page","type-page","status-publish","hentry"],"acf":[],"_links":{"self":[{"href":"https:\/\/semmelweis.hu\/pharmacology\/wp-json\/wp\/v2\/pages\/15240","targetHints":{"allow":["GET"]}}],"collection":[{"href":"https:\/\/semmelweis.hu\/pharmacology\/wp-json\/wp\/v2\/pages"}],"about":[{"href":"https:\/\/semmelweis.hu\/pharmacology\/wp-json\/wp\/v2\/types\/page"}],"author":[{"embeddable":true,"href":"https:\/\/semmelweis.hu\/pharmacology\/wp-json\/wp\/v2\/users\/102427"}],"replies":[{"embeddable":true,"href":"https:\/\/semmelweis.hu\/pharmacology\/wp-json\/wp\/v2\/comments?post=15240"}],"version-history":[{"count":1,"href":"https:\/\/semmelweis.hu\/pharmacology\/wp-json\/wp\/v2\/pages\/15240\/revisions"}],"predecessor-version":[{"id":15241,"href":"https:\/\/semmelweis.hu\/pharmacology\/wp-json\/wp\/v2\/pages\/15240\/revisions\/15241"}],"up":[{"embeddable":true,"href":"https:\/\/semmelweis.hu\/pharmacology\/wp-json\/wp\/v2\/pages\/15124"}],"wp:attachment":[{"href":"https:\/\/semmelweis.hu\/pharmacology\/wp-json\/wp\/v2\/media?parent=15240"}],"wp:term":[{"taxonomy":"category","embeddable":true,"href":"https:\/\/semmelweis.hu\/pharmacology\/wp-json\/wp\/v2\/categories?post=15240"},{"taxonomy":"post_tag","embeddable":true,"href":"https:\/\/semmelweis.hu\/pharmacology\/wp-json\/wp\/v2\/tags?post=15240"}],"curies":[{"name":"wp","href":"https:\/\/api.w.org\/{rel}","templated":true}]}}