{"id":15235,"date":"2025-10-14T15:11:53","date_gmt":"2025-10-14T13:11:53","guid":{"rendered":"https:\/\/semmelweis.hu\/pharmacology\/?page_id=15235"},"modified":"2026-02-09T12:49:43","modified_gmt":"2026-02-09T11:49:43","slug":"endothel-sejtek-es-er-mitokondrium-jelatvitel-szivinfarktushoz-kapcsolodo-mikrovaszkularis-obstrukcioban","status":"publish","type":"page","link":"https:\/\/semmelweis.hu\/pharmacology\/kutatas\/palyazatok\/endothel-sejtek-es-er-mitokondrium-jelatvitel-szivinfarktushoz-kapcsolodo-mikrovaszkularis-obstrukcioban\/","title":{"rendered":"Endothel sejtek \u00e9s ER-mitokondrium jel\u00e1tvitel sz\u00edvinfarktushoz kapcsol\u00f3d\u00f3 mikrovaszkul\u00e1ris obstrukci\u00f3ban"},"content":{"rendered":"<div class=\"lead\" style=\"text-align: center\">Endothel sejtek \u00e9s ER-mitokondrium jel\u00e1tvitel sz\u00edvinfarktushoz kapcsol\u00f3d\u00f3 mikrovaszkul\u00e1ris obstrukci\u00f3ban<\/div>\n<div>\u00a0<\/div>\n<table style=\"border-collapse: collapse;width: 100%\">\n<tbody>\n<tr>\n<td style=\"width: 50%\">P\u00e1ly\u00e1zat:<\/td>\n<td style=\"width: 50%\">FK-OTKA (FK 146163)<\/td>\n<\/tr>\n<tr>\n<td style=\"width: 50%\">T\u00e1mogat\u00e1si \u00f6sszeg:<\/td>\n<td style=\"width: 50%\">44.000.000 Ft<\/td>\n<\/tr>\n<tr>\n<td style=\"width: 50%\">Id\u0151tartam:<\/td>\n<td style=\"width: 50%\">2024. 01. 01.-2027. 12. 31.<\/td>\n<\/tr>\n<tr>\n<td style=\"width: 50%\">Vezet\u0151 kutat\u00f3:<\/td>\n<td style=\"width: 50%\">Dr. M\u00f3rotz G\u00e1bor<\/td>\n<\/tr>\n<\/tbody>\n<\/table>\n<p>&nbsp;<\/p>\n<p><strong>Szakmai \u00f6sszefoglal\u00f3 <\/strong><\/p>\n<p>Kutat\u00e1saink c\u00e9lja a sz\u00edvinfarktus m\u00f6g\u00f6tt \u00e1ll\u00f3 k\u00f3ros mechanimusok jobb meg\u00e9rt\u00e9se. Kiemelt ir\u00e1nyvonal munk\u00e1nkban \u00faj ter\u00e1pi\u00e1s c\u00e9lpontok azonos\u00edt\u00e1sa \u00e9s \u00faj ter\u00e1pi\u00e1s megk\u00f6zel\u00edt\u00e9sek fejleszt\u00e9se ezen eg\u00e9szs\u00e9gi probl\u00e9m\u00e1k gy\u00f3gy\u00edt\u00e1s\u00e1ra. A sz\u00edvinfarktus a leggyakoribb hal\u00e1loz\u00e1si ok vil\u00e1gszerte. B\u00e1r l\u00e9teznek olyan kezel\u00e9sek, amelyek \u00fajra megnyitj\u00e1k az elz\u00e1r\u00f3dott art\u00e9ri\u00e1t \u00e9s helyre\u00e1ll\u00edtj\u00e1k a v\u00e9r\u00e1raml\u00e1st a sz\u00edvben, azonban ezen beavatkoz\u00e1sok paradox k\u00f6vetkezm\u00e9nye sok esetben, hogy a v\u00e9r \u00fajb\u00f3li \u00e1raml\u00e1sa k\u00e1ros\u00edtja a kis erek fal\u00e1ban l\u00e9v\u0151 sejteket, ami a sz\u00edvben l\u00e9v\u0151 mikroart\u00e9ri\u00e1k elz\u00e1r\u00f3d\u00e1s\u00e1t okozza. Ezt a blok\u00e1dot mikrovaszkul\u00e1ris obstrukci\u00f3nak is nevezik. A kiterjedt mikrovaszkul\u00e1ris obstrukci\u00f3 n\u00f6veli az \u00fajb\u00f3li k\u00f3rh\u00e1zba ker\u00fcl\u00e9s \u00e9s a tov\u00e1bbi \u00e9letvesz\u00e9lyes esem\u00e9nyek es\u00e9ly\u00e9t. A tud\u00f3sok egyik probl\u00e9m\u00e1ja a mikrovaszkul\u00e1ris obstrukci\u00f3 kezel\u00e9s\u00e9nek megtervez\u00e9sekor az, hogy ez az esem\u00e9ny sejtfunkci\u00f3 k\u00e1rosod\u00e1s\u00e1val j\u00e1r egy\u00fctt, ez\u00e9rt nem vil\u00e1gos, hogy a ter\u00e1pi\u00e1val melyik k\u00e1rosodott funkci\u00f3t c\u00e9lozz\u00e1k meg. E k\u00e1rosodott folyamatok k\u00f6z\u00fcl sokat k\u00e9t sejtstrukt\u00fara, nevezetesen a mitokondriumok \u00e9s az endoplazmatikus retikulum (ER) egym\u00e1ssal folytatott kommunik\u00e1ci\u00f3ja ir\u00e1ny\u00edt. Kutat\u00e1saink homlokter\u00e9ben ezen k\u00e9t sejtszervecske kapcsolat\u00e1ban bek\u00f6vetkez\u0151 k\u00f3ros elv\u00e1ltoz\u00e1sok r\u00e9szleteinek vizsg\u00e1lata \u00e1ll.<\/p>\n<p><strong>R\u00e9sztvev\u0151 kiemelt kutat\u00f3k, kollabor\u00e1ci\u00f3s partnerek, egyetemek, c\u00e9gek<\/strong><\/p>\n<p>Dr. Darula Zsuzsanna HCEMM \u00e9s HUN-REN SzBK Proteomikai Laborat\u00f3rium<\/p>\n<p>Dr. Ayaydin Ferhan HCEMM \u00e9s SzTE Funkcion\u00e1lis Sejtbiol\u00f3gia \u00e9s Immunol\u00f3gia Laborat\u00f3rium<\/p>\n<p>Prof. Kellermayer Mikl\u00f3s, Dr. T\u00f6r\u00f6k Gy\u00f6rgy SE, Biofizikai \u00e9s Sug\u00e1rbiol\u00f3giai Int\u00e9zet<\/p>\n<p>Dr. Visnovitz Tam\u00e1s SE, Genetikai, Sejt- \u00e9s Immunbiol\u00f3giai Int\u00e9zet<\/p>\n<p><strong>Alkalmazott m\u00f3dszerek, eszk\u00f6z\u00f6k <\/strong><\/p>\n<p>Kutat\u00e1sainkhoz modern sejt- \u00e9s molekul\u00e1ris biol\u00f3giai m\u00f3dszereket alkalmazunk, \u00edgy haszn\u00e1lunk k\u00fcl\u00f6nb\u00f6z\u0151 molekul\u00e1ris kl\u00f3noz\u00e1si m\u00f3dszereket, sejtvonalak teny\u00e9szt\u00e9s\u00e9t, feh\u00e9rj\u00e9k izol\u00e1l\u00e1s\u00e1t, elv\u00e1laszt\u00e1s\u00e1t \u00e9s feh\u00e9rje-feh\u00e9rje kapcsolatok kimutat\u00e1s\u00e1t. A sejtes vizsg\u00e1latokat v\u00e1ltozatos fluoreszcens sz\u00f6vettani vizsg\u00e1l\u00f3 m\u00f3dszerekkel eg\u00e9sz\u00edtj\u00fck ki. A legfejlettebb szuperfelbont\u00e1s\u00fa \u00e9s elektronmikroszk\u00f3pos k\u00e9palkot\u00e1si technik\u00e1kat vessz\u00fck ig\u00e9nybe mint\u00e1inkban n\u00e9h\u00e1ny t\u00edz nanom\u00e9ter m\u00e9rettartom\u00e1nyban l\u00e9v\u0151 v\u00e1ltoz\u00e1sok k\u00f6vet\u00e9s\u00e9hez. A mikroszk\u00f3pos k\u00e9pek elemz\u00e9s\u00e9hez saj\u00e1t programokat fejleszt\u00fcnk.<\/p>\n<p><strong>K\u00e9pek <\/strong><\/p>\n\r\n        [slb_exclude]\r\n        <div class=\"row galeria-wrapper mx-0 h-auto\">\r\n            <div class=\"col-9 pl-0 pr-2\">\r\n            <span class=\"gallery-item frame\">\r\n\t\t\t\t<div class=\"galeria-left-img\"><a href=\"https:\/\/semmelweis.hu\/pharmacology\/files\/2025\/10\/otka-fk-mg3-scaled.jpg\"><img src=https:\/\/semmelweis.hu\/pharmacology\/files\/2025\/10\/otka-fk-mg3-scaled.jpg  \r\n                            alt=\"\" \r\n                            class=\"attachment-sote-gallery-big size-sote-gallery-big\" \r\n                            srcset=\"https:\/\/semmelweis.hu\/pharmacology\/files\/2025\/10\/otka-fk-mg3-400x267.jpg 400w, https:\/\/semmelweis.hu\/pharmacology\/files\/2025\/10\/otka-fk-mg3-1024x683.jpg 1024w, https:\/\/semmelweis.hu\/pharmacology\/files\/2025\/10\/otka-fk-mg3-768x512.jpg 768w, https:\/\/semmelweis.hu\/pharmacology\/files\/2025\/10\/otka-fk-mg3-1536x1024.jpg 1536w, https:\/\/semmelweis.hu\/pharmacology\/files\/2025\/10\/otka-fk-mg3-2048x1365.jpg 2048w, https:\/\/semmelweis.hu\/pharmacology\/files\/2025\/10\/otka-fk-mg3-753x502.jpg 753w, https:\/\/semmelweis.hu\/pharmacology\/files\/2025\/10\/otka-fk-mg3-203x135.jpg 203w\" ><\/a><\/div>\r\n            <\/span>\r\n\r\n            <\/div>\r\n\r\n\t\t\t<div class=\"col-3 pl-0 pr-0\">\r\n\t\t\t\t<div class=\"galeria-right-img d-flex justify-content-between flex-column h-100 w-100 px-0 mx-0 \">\r\n                <div class=\"galeria-box\">\r\n\t\t\t\t\t<h3 class=\"galeria-title\">Gal\u00e9ria<\/h3>\r\n\t\t\t\t\t<div class=\"galeria-subtitle\">\r\n\r\n\t\t\t\t\t\t<div class=\"galeria-page-counter\"><span>3<\/span>k\u00e9p<\/div>\r\n                    <\/div> <\/div>\r\n                    <span class=\"gallery-item frame d-none d-md-flex\">\r\n\t\t\t\t\t<div class=\"galeria-small-img mt-0\"><a href=\"https:\/\/semmelweis.hu\/pharmacology\/files\/2025\/10\/otka-fk-mg2-scaled.jpg\"><img src=https:\/\/semmelweis.hu\/pharmacology\/files\/2025\/10\/otka-fk-mg2-scaled.jpg \r\n                                alt=\"\"  \r\n                                class=\"attachment-sote-gallery-small size-sote-gallery-small\" \r\n                                srcset=\"https:\/\/semmelweis.hu\/pharmacology\/files\/2025\/10\/otka-fk-mg2-400x267.jpg 400w, https:\/\/semmelweis.hu\/pharmacology\/files\/2025\/10\/otka-fk-mg2-1024x683.jpg 1024w, https:\/\/semmelweis.hu\/pharmacology\/files\/2025\/10\/otka-fk-mg2-768x512.jpg 768w, https:\/\/semmelweis.hu\/pharmacology\/files\/2025\/10\/otka-fk-mg2-1536x1024.jpg 1536w, https:\/\/semmelweis.hu\/pharmacology\/files\/2025\/10\/otka-fk-mg2-2048x1365.jpg 2048w, https:\/\/semmelweis.hu\/pharmacology\/files\/2025\/10\/otka-fk-mg2-753x502.jpg 753w, https:\/\/semmelweis.hu\/pharmacology\/files\/2025\/10\/otka-fk-mg2-203x135.jpg 203w\" ><\/a><\/div>\r\n                    <\/span>\r\n                    <span class=\"gallery-item frame d-none d-md-flex\">\r\n\t\t\t\t\t<div class=\"galeria-small-img mt-0\"><a href=\"https:\/\/semmelweis.hu\/pharmacology\/files\/2025\/10\/otka-fk-mg1-scaled.jpg\"><img src=https:\/\/semmelweis.hu\/pharmacology\/files\/2025\/10\/otka-fk-mg1-scaled.jpg \r\n                                alt=\"\" \r\n                                class=\"attachment-sote-gallery-small size-sote-gallery-small\" \r\n                                srcset=\"https:\/\/semmelweis.hu\/pharmacology\/files\/2025\/10\/otka-fk-mg1-400x267.jpg 400w, https:\/\/semmelweis.hu\/pharmacology\/files\/2025\/10\/otka-fk-mg1-1024x683.jpg 1024w, https:\/\/semmelweis.hu\/pharmacology\/files\/2025\/10\/otka-fk-mg1-768x512.jpg 768w, https:\/\/semmelweis.hu\/pharmacology\/files\/2025\/10\/otka-fk-mg1-1536x1024.jpg 1536w, https:\/\/semmelweis.hu\/pharmacology\/files\/2025\/10\/otka-fk-mg1-2048x1365.jpg 2048w, https:\/\/semmelweis.hu\/pharmacology\/files\/2025\/10\/otka-fk-mg1-753x502.jpg 753w, https:\/\/semmelweis.hu\/pharmacology\/files\/2025\/10\/otka-fk-mg1-203x135.jpg 203w\" ><\/a><\/div>\r\n                    <\/span>\r\n\r\n                <\/div>\r\n\r\n            <\/div>\r\n\r\n            \r\n            <\/div>\r\n\r\n            [\/slb_exclude]\r\n\t\n<p><strong>K\u00fcldet\u00e9s \u00e9s hasznosul\u00e1s<\/strong><\/p>\n<p>C\u00e9lunk hozz\u00e1j\u00e1rulni ahhoz, hogy a vil\u00e1gszinten vezet\u0151 megbeteged\u00e9sk\u00e9nt sz\u00e1mon tartott sz\u00edvinfarktus \u00e1ltal \u00e9rintett betegekn\u00e9l kialakul\u00f3 sz\u00edvel\u00e9gtelens\u00e9g \u00e9s \u00fajb\u00f3li k\u00f3rh\u00e1zi kezel\u00e9s es\u00e9lye cs\u00f6kkenjen. Az \u00e1ltalunk vizsg\u00e1lt sejtes \u00e9s molekul\u00e1ris folyamatok korrig\u00e1l\u00e1sa \u00faj ter\u00e1pi\u00e1s c\u00e9lpontot jelent ezen betegek sz\u00e1m\u00e1ra, amely pozit\u00edvan befoly\u00e1solhat sz\u00e1mos olyan funkci\u00f3t, amely a sz\u00edvinfarktus sor\u00e1n k\u00e1rt szenvedett. Ily m\u00f3don, a h\u00e1tt\u00e9rben \u00e1ll\u00f3 k\u00f3ros mechanizmusok megfejt\u00e9se utat nyithat az \u00e9get\u0151en sz\u00fcks\u00e9ges \u00faj, innovat\u00edv ter\u00e1pi\u00e1s megk\u00f6zel\u00edt\u00e9sek fel\u00e9.<\/p>\n","protected":false},"excerpt":{"rendered":"<p>Endothel sejtek \u00e9s ER-mitokondrium jel\u00e1tvitel sz\u00edvinfarktushoz kapcsol\u00f3d\u00f3 mikrovaszkul\u00e1ris obstrukci\u00f3ban \u00a0 P\u00e1ly\u00e1zat: FK-OTKA (FK 146163) T\u00e1mogat\u00e1si \u00f6sszeg: 44.000.000 Ft Id\u0151tartam: 2024. 01. 01.-2027. 12. 31. Vezet\u0151 kutat\u00f3: Dr. M\u00f3rotz G\u00e1bor &nbsp; Szakmai \u00f6sszefoglal\u00f3 Kutat\u00e1saink c\u00e9lja a sz\u00edvinfarktus m\u00f6g\u00f6tt \u00e1ll\u00f3 k\u00f3ros mechanimusok jobb meg\u00e9rt\u00e9se. Kiemelt ir\u00e1nyvonal munk\u00e1nkban \u00faj ter\u00e1pi\u00e1s c\u00e9lpontok azonos\u00edt\u00e1sa \u00e9s \u00faj ter\u00e1pi\u00e1s megk\u00f6zel\u00edt\u00e9sek fejleszt\u00e9se ezen &hellip;<\/p>\n","protected":false},"author":102427,"featured_media":0,"parent":15122,"menu_order":10,"comment_status":"closed","ping_status":"closed","template":"","meta":{"_acf_changed":false,"footnotes":""},"categories":[],"tags":[],"class_list":["post-15235","page","type-page","status-publish","hentry"],"acf":[],"_links":{"self":[{"href":"https:\/\/semmelweis.hu\/pharmacology\/wp-json\/wp\/v2\/pages\/15235","targetHints":{"allow":["GET"]}}],"collection":[{"href":"https:\/\/semmelweis.hu\/pharmacology\/wp-json\/wp\/v2\/pages"}],"about":[{"href":"https:\/\/semmelweis.hu\/pharmacology\/wp-json\/wp\/v2\/types\/page"}],"author":[{"embeddable":true,"href":"https:\/\/semmelweis.hu\/pharmacology\/wp-json\/wp\/v2\/users\/102427"}],"replies":[{"embeddable":true,"href":"https:\/\/semmelweis.hu\/pharmacology\/wp-json\/wp\/v2\/comments?post=15235"}],"version-history":[{"count":1,"href":"https:\/\/semmelweis.hu\/pharmacology\/wp-json\/wp\/v2\/pages\/15235\/revisions"}],"predecessor-version":[{"id":15239,"href":"https:\/\/semmelweis.hu\/pharmacology\/wp-json\/wp\/v2\/pages\/15235\/revisions\/15239"}],"up":[{"embeddable":true,"href":"https:\/\/semmelweis.hu\/pharmacology\/wp-json\/wp\/v2\/pages\/15122"}],"wp:attachment":[{"href":"https:\/\/semmelweis.hu\/pharmacology\/wp-json\/wp\/v2\/media?parent=15235"}],"wp:term":[{"taxonomy":"category","embeddable":true,"href":"https:\/\/semmelweis.hu\/pharmacology\/wp-json\/wp\/v2\/categories?post=15235"},{"taxonomy":"post_tag","embeddable":true,"href":"https:\/\/semmelweis.hu\/pharmacology\/wp-json\/wp\/v2\/tags?post=15235"}],"curies":[{"name":"wp","href":"https:\/\/api.w.org\/{rel}","templated":true}]}}