{"id":15224,"date":"2025-10-14T14:48:17","date_gmt":"2025-10-14T12:48:17","guid":{"rendered":"https:\/\/semmelweis.hu\/pharmacology\/?page_id=15224"},"modified":"2026-02-09T12:49:42","modified_gmt":"2026-02-09T11:49:42","slug":"uj-gyulladasos-mechanizmusok-a-szivelegtelenseg-kialakulasaban","status":"publish","type":"page","link":"https:\/\/semmelweis.hu\/pharmacology\/kutatas\/palyazatok\/uj-gyulladasos-mechanizmusok-a-szivelegtelenseg-kialakulasaban\/","title":{"rendered":"\u00daj gyullad\u00e1sos mechanizmusok a sz\u00edvel\u00e9gtelens\u00e9g kialakul\u00e1s\u00e1ban"},"content":{"rendered":"<div class=\"lead\" style=\"text-align: center\">\u00daj gyullad\u00e1sos mechanizmusok a sz\u00edvel\u00e9gtelens\u00e9g kialakul\u00e1s\u00e1ban<\/div>\n<div>\u00a0<\/div>\n<table style=\"border-collapse: collapse;width: 100%\">\n<tbody>\n<tr>\n<td style=\"width: 50%\">P\u00e1ly\u00e1zat:<\/td>\n<td style=\"width: 50%\">OTKA-FK_VZ_2020<\/td>\n<\/tr>\n<tr>\n<td style=\"width: 50%\">T\u00e1mogat\u00e1si \u00f6sszeg:<\/td>\n<td style=\"width: 50%\">40.000.000 HUF<\/td>\n<\/tr>\n<tr>\n<td style=\"width: 50%\">Id\u0151tartam:<\/td>\n<td style=\"width: 50%\">2020. 11. 01. \u2013 2025. 11. 30.<\/td>\n<\/tr>\n<tr>\n<td style=\"width: 50%\">Vezet\u0151 kutat\u00f3:<\/td>\n<td style=\"width: 50%\">Dr. Varga Zolt\u00e1n, PhD<\/td>\n<\/tr>\n<\/tbody>\n<\/table>\n<p>&nbsp;<\/p>\n<p><strong>Szakmai \u00f6sszefoglal\u00f3<\/strong><\/p>\n<p>A sz\u00edvel\u00e9gtelens\u00e9g vil\u00e1gszerte az egyik vezet\u0151 hal\u00e1loz\u00e1si ok, melynek kimenetele a korszer\u0171 kezel\u00e9sek ellen\u00e9re is kedvez\u0151tlen. A betegs\u00e9g sor\u00e1n a szervezet k\u00fcl\u00f6nb\u00f6z\u0151 m\u00f3dokon pr\u00f3b\u00e1lja ellens\u00falyozni a sz\u00edvm\u0171k\u00f6d\u00e9s roml\u00e1s\u00e1t, ugyanakkor ezek a mechanizmusok hossz\u00fa t\u00e1von a sz\u00edv kimer\u00fcl\u00e9s\u00e9hez \u00e9s tov\u00e1bbi k\u00e1rosod\u00e1s\u00e1hoz vezetnek. Jelen kutat\u00e1s c\u00e9lja a betegs\u00e9g h\u00e1tter\u00e9ben \u00e1ll\u00f3 folyamatok m\u00e9lyebb meg\u00e9rt\u00e9se \u00e9s \u00faj ter\u00e1pi\u00e1s lehet\u0151s\u00e9gek felt\u00e1r\u00e1sa. Kiemelten vizsg\u00e1ljuk a mell\u00e9kvese szerep\u00e9t, ezen bel\u00fcl k\u00e9t f\u0151 kompenz\u00e1ci\u00f3s mechanizmus \u2013 a fokozott hormontermel\u00e9s \u00e9s a gyullad\u00e1sos folyamatok \u2013 k\u00f6lcs\u00f6nhat\u00e1s\u00e1nak sz\u00edvm\u0171k\u00f6d\u00e9sre gyakorolt hat\u00e1s\u00e1t. Kor\u00e1bbi \u00e1llatk\u00eds\u00e9rleteinkben meglep\u0151en sok gyullad\u00e1sos eredet\u0171, makrof\u00e1g-szer\u0171 sejtet tal\u00e1ltunk a mell\u00e9kves\u00e9ben, valamint jelent\u0151sen emelkedett bizonyos gyullad\u00e1sos g\u00e9nek kifejez\u0151d\u00e9se. Ez felveti annak lehet\u0151s\u00e9g\u00e9t, hogy a helyi gyullad\u00e1s fokozza a mell\u00e9kvese hormontermel\u00e9s\u00e9t, ami tov\u00e1bb s\u00falyosb\u00edthatja a sz\u00edvel\u00e9gtelens\u00e9get. E komplex k\u00f6lcs\u00f6nhat\u00e1sok felt\u00e9rk\u00e9pez\u00e9se seg\u00edthet \u00faj ter\u00e1pi\u00e1s c\u00e9lpontok azonos\u00edt\u00e1s\u00e1ban, ami hossz\u00fa t\u00e1von jav\u00edthatja a betegek \u00e9letmin\u0151s\u00e9g\u00e9t \u00e9s t\u00fal\u00e9l\u00e9si es\u00e9lyeit.<\/p>\n<p><strong>R\u00e9sztvev\u0151 kiemelt kutat\u00f3k, kollabor\u00e1ci\u00f3s partnerek, egyetemek, c\u00e9gek<\/strong><\/p>\n<p>A kutat\u00e1s a Semmelweis Egyetem Farmakol\u00f3giai \u00e9s Farmakoter\u00e1pi\u00e1s Int\u00e9zetben zajlik. A kutat\u00e1s vezet\u0151je Dr. Varga Zolt\u00e1n, szakmai tan\u00e1csad\u00f3ja Prof. Ferdinandy P\u00e9ter. <em>In Vivo<\/em> feladatok\u00e9rt felel\u0151s Dr. On\u00f3di Zs\u00f3fia, Dr. T\u00f3th Vikt\u00f3ria \u00e9s Heged\u0171s Zsombor; <em>In Vitro<\/em> k\u00eds\u00e9rleteket Dr. Sayour Viktor Nabil, Dr. M\u00f3rotz G\u00e1bor, \u00e9s Kov\u00e1cs Andrea v\u00e9gzik.<\/p>\n<p><strong>Alkalmazott m\u00f3dszerek, eszk\u00f6z\u00f6k <\/strong><\/p>\n<p>Laborat\u00f3riumunk felszerelts\u00e9ge kiemelked\u0151, rendelkez\u00fcnk sz\u00e1mos molekul\u00e1ris biol\u00f3giai \u00e9s sejtbiol\u00f3giai k\u00eds\u00e9rletek <em>(pl. qRT-PCR, Western Blot, \u00e1raml\u00e1si citometria, sz\u00f6vettani m\u00f3dszerek, sejtteny\u00e9szt\u00e9si m\u00f3dszerek)<\/em> elv\u00e9gz\u00e9s\u00e9hez sz\u00fcks\u00e9ges eszk\u00f6zzel. Emellett egy teljesen felszerelt \u00e1llath\u00e1zi l\u00e9tes\u00edtm\u00e9ny is rendelkez\u00e9s\u00fcnkre \u00e1ll az <em>in vivo<\/em> k\u00eds\u00e9rletek kivitelez\u00e9s\u00e9re.<\/p>\n<p><strong>K\u00e9pek<\/strong><\/p>\n\r\n        [slb_exclude]\r\n        <div class=\"row galeria-wrapper mx-0 h-auto\">\r\n            <div class=\"col-9 pl-0 pr-2\">\r\n            <span class=\"gallery-item frame\">\r\n\t\t\t\t<div class=\"galeria-left-img\"><a href=\"https:\/\/semmelweis.hu\/pharmacology\/files\/2025\/10\/otka-fk-vz1-scaled.jpg\"><img src=https:\/\/semmelweis.hu\/pharmacology\/files\/2025\/10\/otka-fk-vz1-scaled.jpg  \r\n                            alt=\"\" \r\n                            class=\"attachment-sote-gallery-big size-sote-gallery-big\" \r\n                            srcset=\"https:\/\/semmelweis.hu\/pharmacology\/files\/2025\/10\/otka-fk-vz1-400x267.jpg 400w, https:\/\/semmelweis.hu\/pharmacology\/files\/2025\/10\/otka-fk-vz1-1024x683.jpg 1024w, https:\/\/semmelweis.hu\/pharmacology\/files\/2025\/10\/otka-fk-vz1-768x512.jpg 768w, https:\/\/semmelweis.hu\/pharmacology\/files\/2025\/10\/otka-fk-vz1-1536x1024.jpg 1536w, https:\/\/semmelweis.hu\/pharmacology\/files\/2025\/10\/otka-fk-vz1-2048x1365.jpg 2048w, https:\/\/semmelweis.hu\/pharmacology\/files\/2025\/10\/otka-fk-vz1-753x502.jpg 753w, https:\/\/semmelweis.hu\/pharmacology\/files\/2025\/10\/otka-fk-vz1-203x135.jpg 203w\" ><\/a><\/div>\r\n            <\/span>\r\n\r\n            <\/div>\r\n\r\n\t\t\t<div class=\"col-3 pl-0 pr-0\">\r\n\t\t\t\t<div class=\"galeria-right-img d-flex justify-content-between flex-column h-100 w-100 px-0 mx-0 \">\r\n                <div class=\"galeria-box\">\r\n\t\t\t\t\t<h3 class=\"galeria-title\">Gal\u00e9ria<\/h3>\r\n\t\t\t\t\t<div class=\"galeria-subtitle\">\r\n\r\n\t\t\t\t\t\t<div class=\"galeria-page-counter\"><span>4<\/span>k\u00e9p<\/div>\r\n                    <\/div> <\/div>\r\n                    <span class=\"gallery-item frame d-none d-md-flex\">\r\n\t\t\t\t\t<div class=\"galeria-small-img mt-0\"><a href=\"https:\/\/semmelweis.hu\/pharmacology\/files\/2025\/10\/otka-fk-vz2-scaled.jpg\"><img src=https:\/\/semmelweis.hu\/pharmacology\/files\/2025\/10\/otka-fk-vz2-scaled.jpg \r\n                                alt=\"\"  \r\n                                class=\"attachment-sote-gallery-small size-sote-gallery-small\" \r\n                                srcset=\"https:\/\/semmelweis.hu\/pharmacology\/files\/2025\/10\/otka-fk-vz2-400x267.jpg 400w, https:\/\/semmelweis.hu\/pharmacology\/files\/2025\/10\/otka-fk-vz2-1024x683.jpg 1024w, https:\/\/semmelweis.hu\/pharmacology\/files\/2025\/10\/otka-fk-vz2-768x512.jpg 768w, https:\/\/semmelweis.hu\/pharmacology\/files\/2025\/10\/otka-fk-vz2-1536x1024.jpg 1536w, https:\/\/semmelweis.hu\/pharmacology\/files\/2025\/10\/otka-fk-vz2-2048x1365.jpg 2048w, https:\/\/semmelweis.hu\/pharmacology\/files\/2025\/10\/otka-fk-vz2-753x502.jpg 753w, https:\/\/semmelweis.hu\/pharmacology\/files\/2025\/10\/otka-fk-vz2-203x135.jpg 203w\" ><\/a><\/div>\r\n                    <\/span>\r\n                    <span class=\"gallery-item frame d-none d-md-flex\">\r\n\t\t\t\t\t<div class=\"galeria-small-img mt-0\"><a href=\"https:\/\/semmelweis.hu\/pharmacology\/files\/2025\/10\/otka-fk-vz3-scaled.jpg\"><img src=https:\/\/semmelweis.hu\/pharmacology\/files\/2025\/10\/otka-fk-vz3-scaled.jpg \r\n                                alt=\"\" \r\n                                class=\"attachment-sote-gallery-small size-sote-gallery-small\" \r\n                                srcset=\"https:\/\/semmelweis.hu\/pharmacology\/files\/2025\/10\/otka-fk-vz3-400x267.jpg 400w, https:\/\/semmelweis.hu\/pharmacology\/files\/2025\/10\/otka-fk-vz3-1024x683.jpg 1024w, https:\/\/semmelweis.hu\/pharmacology\/files\/2025\/10\/otka-fk-vz3-768x512.jpg 768w, https:\/\/semmelweis.hu\/pharmacology\/files\/2025\/10\/otka-fk-vz3-1536x1024.jpg 1536w, https:\/\/semmelweis.hu\/pharmacology\/files\/2025\/10\/otka-fk-vz3-2048x1365.jpg 2048w, https:\/\/semmelweis.hu\/pharmacology\/files\/2025\/10\/otka-fk-vz3-753x502.jpg 753w, https:\/\/semmelweis.hu\/pharmacology\/files\/2025\/10\/otka-fk-vz3-203x135.jpg 203w\" ><\/a><\/div>\r\n                    <\/span>\r\n\r\n                <\/div>\r\n\r\n            <\/div>\r\n\r\n            <span class=\"gallery-item\"><div class=\"hidden\"><a href=\"https:\/\/semmelweis.hu\/pharmacology\/files\/2025\/10\/otka-fk-vz4-scaled.jpg\">\r\n        <img src=https:\/\/semmelweis.hu\/pharmacology\/files\/2025\/10\/otka-fk-vz4-scaled.jpg alt=\"\" class=\"attachment-sote-gallery-big size-sote-gallery-big\" srcset=\"https:\/\/semmelweis.hu\/pharmacology\/files\/2025\/10\/otka-fk-vz4-400x267.jpg 400w, https:\/\/semmelweis.hu\/pharmacology\/files\/2025\/10\/otka-fk-vz4-1024x683.jpg 1024w, https:\/\/semmelweis.hu\/pharmacology\/files\/2025\/10\/otka-fk-vz4-768x512.jpg 768w, https:\/\/semmelweis.hu\/pharmacology\/files\/2025\/10\/otka-fk-vz4-1536x1024.jpg 1536w, https:\/\/semmelweis.hu\/pharmacology\/files\/2025\/10\/otka-fk-vz4-2048x1365.jpg 2048w, https:\/\/semmelweis.hu\/pharmacology\/files\/2025\/10\/otka-fk-vz4-753x502.jpg 753w, https:\/\/semmelweis.hu\/pharmacology\/files\/2025\/10\/otka-fk-vz4-203x135.jpg 203w\" >\r\n        <\/a><\/div><\/span>\r\n            <\/div>\r\n\r\n            [\/slb_exclude]\r\n\t\n<p><strong>K\u00fcldet\u00e9s \u00e9s hasznosul\u00e1s<\/strong><\/p>\n<p>Kutat\u00e1saink seg\u00edtenek jobban meg\u00e9rteni, hogy a sz\u00edvizom \u00e9s hormon\u00e1lis diszfunkci\u00f3k mik\u00e9nt j\u00e1rulnak hozz\u00e1 a sz\u00edvel\u00e9gtelens\u00e9g kialakul\u00e1s\u00e1hoz \u00e9s s\u00falyosbod\u00e1s\u00e1hoz. Ezen ismeretek \u00faj kezel\u00e9si lehet\u0151s\u00e9gek kidolgoz\u00e1s\u00e1t is el\u0151seg\u00edthetik. A kutat\u00e1s ezzel k\u00f6zvetlen\u00fcl hozz\u00e1j\u00e1rul az egyetem strat\u00e9giai c\u00e9ljaihoz, hiszen innovat\u00edv kutat\u00e1sunk er\u0151s\u00edti int\u00e9zm\u00e9ny\u00fcnk nemzetk\u00f6zi h\u00edrnev\u00e9t, emellett kutat\u00e1sunkat rangos foly\u00f3iratokban jelentetj\u00fck meg.<\/p>\n","protected":false},"excerpt":{"rendered":"<p>\u00daj gyullad\u00e1sos mechanizmusok a sz\u00edvel\u00e9gtelens\u00e9g kialakul\u00e1s\u00e1ban \u00a0 P\u00e1ly\u00e1zat: OTKA-FK_VZ_2020 T\u00e1mogat\u00e1si \u00f6sszeg: 40.000.000 HUF Id\u0151tartam: 2020. 11. 01. \u2013 2025. 11. 30. Vezet\u0151 kutat\u00f3: Dr. Varga Zolt\u00e1n, PhD &nbsp; Szakmai \u00f6sszefoglal\u00f3 A sz\u00edvel\u00e9gtelens\u00e9g vil\u00e1gszerte az egyik vezet\u0151 hal\u00e1loz\u00e1si ok, melynek kimenetele a korszer\u0171 kezel\u00e9sek ellen\u00e9re is kedvez\u0151tlen. A betegs\u00e9g sor\u00e1n a szervezet k\u00fcl\u00f6nb\u00f6z\u0151 m\u00f3dokon pr\u00f3b\u00e1lja ellens\u00falyozni &hellip;<\/p>\n","protected":false},"author":102427,"featured_media":0,"parent":15122,"menu_order":9,"comment_status":"closed","ping_status":"closed","template":"","meta":{"_acf_changed":false,"footnotes":""},"categories":[],"tags":[],"class_list":["post-15224","page","type-page","status-publish","hentry"],"acf":[],"_links":{"self":[{"href":"https:\/\/semmelweis.hu\/pharmacology\/wp-json\/wp\/v2\/pages\/15224","targetHints":{"allow":["GET"]}}],"collection":[{"href":"https:\/\/semmelweis.hu\/pharmacology\/wp-json\/wp\/v2\/pages"}],"about":[{"href":"https:\/\/semmelweis.hu\/pharmacology\/wp-json\/wp\/v2\/types\/page"}],"author":[{"embeddable":true,"href":"https:\/\/semmelweis.hu\/pharmacology\/wp-json\/wp\/v2\/users\/102427"}],"replies":[{"embeddable":true,"href":"https:\/\/semmelweis.hu\/pharmacology\/wp-json\/wp\/v2\/comments?post=15224"}],"version-history":[{"count":4,"href":"https:\/\/semmelweis.hu\/pharmacology\/wp-json\/wp\/v2\/pages\/15224\/revisions"}],"predecessor-version":[{"id":15231,"href":"https:\/\/semmelweis.hu\/pharmacology\/wp-json\/wp\/v2\/pages\/15224\/revisions\/15231"}],"up":[{"embeddable":true,"href":"https:\/\/semmelweis.hu\/pharmacology\/wp-json\/wp\/v2\/pages\/15122"}],"wp:attachment":[{"href":"https:\/\/semmelweis.hu\/pharmacology\/wp-json\/wp\/v2\/media?parent=15224"}],"wp:term":[{"taxonomy":"category","embeddable":true,"href":"https:\/\/semmelweis.hu\/pharmacology\/wp-json\/wp\/v2\/categories?post=15224"},{"taxonomy":"post_tag","embeddable":true,"href":"https:\/\/semmelweis.hu\/pharmacology\/wp-json\/wp\/v2\/tags?post=15224"}],"curies":[{"name":"wp","href":"https:\/\/api.w.org\/{rel}","templated":true}]}}