{"id":15217,"date":"2025-10-14T14:31:48","date_gmt":"2025-10-14T12:31:48","guid":{"rendered":"https:\/\/semmelweis.hu\/pharmacology\/?page_id=15217"},"modified":"2026-02-09T12:49:42","modified_gmt":"2026-02-09T11:49:42","slug":"rejtett-kardiotoxicitas-es-kardioprotekcio-vizsgalata-transzlacios-sejtkultura-modelleken","status":"publish","type":"page","link":"https:\/\/semmelweis.hu\/pharmacology\/kutatas\/palyazatok\/rejtett-kardiotoxicitas-es-kardioprotekcio-vizsgalata-transzlacios-sejtkultura-modelleken\/","title":{"rendered":"Rejtett kardiotoxicit\u00e1s \u00e9s kardioprotekci\u00f3 vizsg\u00e1lata transzl\u00e1ci\u00f3s sejtkult\u00fara modelleken"},"content":{"rendered":"<div class=\"lead\" style=\"text-align: center\">Rejtett kardiotoxicit\u00e1s \u00e9s kardioprotekci\u00f3 vizsg\u00e1lata transzl\u00e1ci\u00f3s sejtkult\u00fara modelleken<\/div>\n<div>\u00a0<\/div>\n<div>\n<table style=\"border-collapse: collapse;width: 100%\">\n<tbody>\n<tr>\n<td style=\"width: 50%\">P\u00e1ly\u00e1zat:<\/td>\n<td style=\"width: 50%\">K_21-OTKA (K 139237)<\/td>\n<\/tr>\n<tr>\n<td style=\"width: 50%\">T\u00e1mogat\u00e1s \u00f6sszege:<\/td>\n<td style=\"width: 50%\">45.983.000 Ft<\/td>\n<\/tr>\n<tr>\n<td style=\"width: 50%\">Id\u0151tartam:<\/td>\n<td style=\"width: 50%\">2021.09.01-2025.12.31<\/td>\n<\/tr>\n<tr>\n<td style=\"width: 50%\">Vezet\u0151 kutat\u00f3:<\/td>\n<td style=\"width: 50%\">Dr. G\u00f6rbe Anik\u00f3<\/td>\n<\/tr>\n<\/tbody>\n<\/table>\n<\/div>\n<p>&nbsp;<\/p>\n<p><strong>Szakmai \u00f6sszefoglal\u00f3 <\/strong><\/p>\n<p>Az iszk\u00e9mi\u00e1s sz\u00edvbetegs\u00e9gek a vezet\u0151 hal\u00e1lokok k\u00f6z\u00e9 tartoznak. B\u00e1r intenz\u00edv kutat\u00e1sok folynak, \u00e1tt\u00f6r\u0151 eredm\u00e9ny m\u00e9g nem sz\u00fcletett a megel\u0151z\u00e9s\u00e9ben. Emellett a sz\u00e9les k\u00f6rben haszn\u00e1lt gy\u00f3gyszerek nem v\u00e1rt, s\u00falyos sz\u00edvk\u00e1ros\u00edt\u00f3 mell\u00e9khat\u00e1sokat okozhatnak, k\u00fcl\u00f6n\u00f6sen azokn\u00e1l, akik m\u00e1r sz\u00edvbetegek vagy m\u00e1s kr\u00f3nikus betegs\u00e9gben szenvednek (rejtett kardiotoxicit\u00e1s).<\/p>\n<p>Kutat\u00e1sunk f\u00f3kusz\u00e1ban egy forgalomb\u00f3l kivont, sz\u00edvre k\u00e1ros hat\u00e1s\u00fa gy\u00f3gyszer \u00e1ll, melynek vizsg\u00e1lat\u00e1n kereszt\u00fcl c\u00e9lunk fontos szab\u00e1lyoz\u00f3 molekul\u00e1k \u00e9s \u00faj ter\u00e1pi\u00e1s c\u00e9lpontok azonos\u00edt\u00e1sa. Ennek \u00e9rdek\u00e9ben laborat\u00f3riumi k\u00f6r\u00fclm\u00e9nyek k\u00f6z\u00f6tt k\u00fcl\u00f6nb\u00f6z\u0151 sz\u00edvizomsejt-t\u00edpusokon modellezz\u00fck az oxig\u00e9nhi\u00e1nyos \u00e1llapotot, lehet\u0151v\u00e9 t\u00e9ve a gy\u00f3gyszerek toxikus \u00e9s potenci\u00e1lisan v\u00e9d\u0151 hat\u00e1sainak tesztel\u00e9s\u00e9t. A gy\u00f3gyszerek sz\u00edvizomsz\u00f6vetre gyakorolt hat\u00e1sait a sejtekben zajl\u00f3 folyamatok szintj\u00e9n elemezz\u00fck, keresve a lehets\u00e9ges gy\u00f3gyszermolekula-jel\u00f6lteket \u00e9s gy\u00f3gyszerc\u00e9lpontokat. A kulcsmolekul\u00e1k hat\u00e1sait sz\u00edvizomsejteken valid\u00e1ljuk, igazolva azok el\u0151nyos vagy k\u00e1ros tulajdons\u00e1gait.<\/p>\n<p>Ezek a vizsg\u00e1latok lehet\u0151v\u00e9 teszik egy olyan tesztel\u00e9si rendszer kidolgoz\u00e1s\u00e1t, amely a gy\u00f3gyszerfejleszt\u00e9s korai szakasz\u00e1ban, m\u00e9g a betegeken v\u00e9gzett tesztek el\u0151tt alkalmas a gy\u00f3gyszerjel\u00f6ltek biztons\u00e1gosabb kiv\u00e1laszt\u00e1s\u00e1ra. Emellett c\u00e9lunk \u00faj, a sz\u00edv iszk\u00e9mi\u00e1s k\u00e1rosod\u00e1sa elleni v\u00e9delmet ny\u00fajt\u00f3 molekul\u00e1k felfedez\u00e9se \u00e9s a sz\u00edvre \u00e1rtalmas vegy\u00fcletek kisz\u0171r\u00e9se, ami jelent\u0151s el\u0151rel\u00e9p\u00e9st hozhat a ter\u00e1pi\u00e1ban.<\/p>\n<p><strong>R\u00e9sztvev\u0151 kiemeltebb kutat\u00f3k, kollabor\u00e1ci\u00f3s partnerek, egyetemek, c\u00e9gek <\/strong><\/p>\n<p>A projekt vezet\u0151je, Dr. G\u00f6rbe Anik\u00f3, egyetemi docens, a Semmelweis Egyetem Farmakol\u00f3giai \u00e9s Farmakoter\u00e1pi\u00e1s Int\u00e9zet\u00e9nek igazgat\u00f3helyettese. A hum\u00e1n-induk\u00e1lt pluripotens \u0151ssejtekb\u0151l differenci\u00e1lt kardiomiocit\u00e1k vizsg\u00e1lat\u00e1t a HUN-REN-TTK Molekul\u00e1ris Sejtbiol\u00f3giai Kutat\u00f3csoportj\u00e1val egy\u00fcttm\u0171k\u00f6d\u00e9sben v\u00e9gezz\u00fck. A p\u00e1ly\u00e1zat sor\u00e1n szoros egy\u00fcttm\u0171k\u00f6d\u00e9sben vagy a Pharmahungary Grouppal is, amely egy innovat\u00edv preklinikai kutat\u00e1sokban r\u00e9sztvev\u0151 c\u00e9g.<\/p>\n<p><strong>Alkalmazott m\u00f3dszerek, eszk\u00f6z\u00f6k <\/strong><\/p>\n<p>RNS szekven\u00e1l\u00e1ssal vizsg\u00e1ljuk a m\u00e1r igazolt kardiotoxicit\u00e1ssal rendelkez\u0151 gy\u00f3gyszerrel kezelt I\/R patk\u00e1ny modell\u00fcnkben a sz\u00edv mikroRNS \u00e9s mRNS expresszi\u00f3s profilj\u00e1t. <em>In vitro<\/em>, primer izol\u00e1lt patk\u00e1ny kardiomiocit\u00e1kon \u00e9s kardiomiocita ir\u00e1nyba differenci\u00e1lt hum\u00e1n iPS \u00e9s AC16 kardiomiocita sejtvonalon szimul\u00e1lt I\/R modell be\u00e1ll\u00edt\u00e1sa. H\u00e1l\u00f3zatos bioinformatikai m\u00f3dszerekkel felt\u00e1rjuk a mell\u00e9khat\u00e1s\u00e9rt felel\u0151s g\u00e9nexpresszi\u00f3s v\u00e1ltoz\u00e1sokat, \u00e9s eredm\u00e9nyeinket valid\u00e1ljuk qPCR \u00e9s Western blot seg\u00edts\u00e9g\u00e9vel. A rejtett kardiotoxicit\u00e1s hat\u00e1s\u00e1nak vizsg\u00e1lata hiperkoleszterin\u00e9mia jelenl\u00e9t\u00e9ben is elv\u00e9gezz\u00fck <em>in vitro<\/em> sejtkult\u00fara modellen.<\/p>\n<p><strong>K\u00e9pek<\/strong><\/p>\n\r\n        [slb_exclude]\r\n        <div class=\"row galeria-wrapper mx-0 h-auto\">\r\n            <div class=\"col-9 pl-0 pr-2\">\r\n            <span class=\"gallery-item frame\">\r\n\t\t\t\t<div class=\"galeria-left-img\"><a href=\"https:\/\/semmelweis.hu\/pharmacology\/files\/2025\/10\/otka-k-ga2.png\"><img src=https:\/\/semmelweis.hu\/pharmacology\/files\/2025\/10\/otka-k-ga2.png  \r\n                            alt=\"\" \r\n                            class=\"attachment-sote-gallery-big size-sote-gallery-big\" \r\n                            srcset=\"https:\/\/semmelweis.hu\/pharmacology\/files\/2025\/10\/otka-k-ga2-400x225.png 400w, https:\/\/semmelweis.hu\/pharmacology\/files\/2025\/10\/otka-k-ga2.png 639w\" ><\/a><\/div>\r\n            <\/span>\r\n\r\n            <\/div>\r\n\r\n\t\t\t<div class=\"col-3 pl-0 pr-0\">\r\n\t\t\t\t<div class=\"galeria-right-img d-flex justify-content-between flex-column h-100 w-100 px-0 mx-0 \">\r\n                <div class=\"galeria-box\">\r\n\t\t\t\t\t<h3 class=\"galeria-title\">Gal\u00e9ria<\/h3>\r\n\t\t\t\t\t<div class=\"galeria-subtitle\">\r\n\r\n\t\t\t\t\t\t<div class=\"galeria-page-counter\"><span>2<\/span>k\u00e9p<\/div>\r\n                    <\/div> <\/div>\r\n                    <span class=\"gallery-item frame d-none d-md-flex\">\r\n\t\t\t\t\t<div class=\"galeria-small-img mt-0\"><a href=\"https:\/\/semmelweis.hu\/pharmacology\/files\/2025\/10\/otka-k-ga1.png\"><img src=https:\/\/semmelweis.hu\/pharmacology\/files\/2025\/10\/otka-k-ga1.png \r\n                                alt=\"\"  \r\n                                class=\"attachment-sote-gallery-small size-sote-gallery-small\" \r\n                                srcset=\"https:\/\/semmelweis.hu\/pharmacology\/files\/2025\/10\/otka-k-ga1-400x225.png 400w, https:\/\/semmelweis.hu\/pharmacology\/files\/2025\/10\/otka-k-ga1.png 636w\" ><\/a><\/div>\r\n                    <\/span>\r\n                    <span class=\"gallery-item frame d-none d-md-flex\">\r\n\t\t\t\t\t<div class=\"galeria-small-img mt-0\"><img src=https:\/\/semmelweis.hu\/pharmacology\/wp-content\/themes\/se18\/dist\/images\/100x100.svg \r\n                                alt=\"\" \r\n                                class=\"attachment-sote-gallery-small size-sote-gallery-small\" \r\n                                srcset=\"\" ><\/div>\r\n                    <\/span>\r\n\r\n                <\/div>\r\n\r\n            <\/div>\r\n\r\n            \r\n            <\/div>\r\n\r\n            [\/slb_exclude]\r\n\t\n<p><strong>K\u00fcldet\u00e9s \u00e9s hasznosul\u00e1s<\/strong><\/p>\n<p>A piacra ker\u00fclt gy\u00f3gyszerek visszavon\u00e1s\u00e1nak gyakori oka a s\u00falyos mell\u00e9khat\u00e1sok k\u00e9s\u0151i felismer\u00e9se, ami vesz\u00e9lyezteti a betegeket \u00e9s n\u00f6veli a gy\u00f3gyszerfejleszt\u00e9s k\u00f6lts\u00e9geit. Jelen kutat\u00e1s egy ismert kardiotoxikus gy\u00f3gyszer hat\u00e1smechanizmus\u00e1nak vizsg\u00e1lat\u00e1n kereszt\u00fcl kulcsfontoss\u00e1g\u00fa molekul\u00e1k \u00e9s mechanizmusok azonos\u00edt\u00e1s\u00e1t c\u00e9lozza meg. Ennek preklinikai vizsg\u00e1lata seg\u00edtheti hat\u00e9konyabb gy\u00f3gyszerfejleszt\u00e9si strat\u00e9gi\u00e1k kidolgoz\u00e1s\u00e1t \u00e9s a gy\u00f3gyszerek mell\u00e9khat\u00e1sainak korai felt\u00e1r\u00e1s\u00e1t.<\/p>\n","protected":false},"excerpt":{"rendered":"<p>Rejtett kardiotoxicit\u00e1s \u00e9s kardioprotekci\u00f3 vizsg\u00e1lata transzl\u00e1ci\u00f3s sejtkult\u00fara modelleken \u00a0 P\u00e1ly\u00e1zat: K_21-OTKA (K 139237) T\u00e1mogat\u00e1s \u00f6sszege: 45.983.000 Ft Id\u0151tartam: 2021.09.01-2025.12.31 Vezet\u0151 kutat\u00f3: Dr. G\u00f6rbe Anik\u00f3 &nbsp; Szakmai \u00f6sszefoglal\u00f3 Az iszk\u00e9mi\u00e1s sz\u00edvbetegs\u00e9gek a vezet\u0151 hal\u00e1lokok k\u00f6z\u00e9 tartoznak. B\u00e1r intenz\u00edv kutat\u00e1sok folynak, \u00e1tt\u00f6r\u0151 eredm\u00e9ny m\u00e9g nem sz\u00fcletett a megel\u0151z\u00e9s\u00e9ben. Emellett a sz\u00e9les k\u00f6rben haszn\u00e1lt gy\u00f3gyszerek nem v\u00e1rt, s\u00falyos &hellip;<\/p>\n","protected":false},"author":102427,"featured_media":0,"parent":15122,"menu_order":8,"comment_status":"closed","ping_status":"closed","template":"","meta":{"_acf_changed":false,"footnotes":""},"categories":[],"tags":[],"class_list":["post-15217","page","type-page","status-publish","hentry"],"acf":[],"_links":{"self":[{"href":"https:\/\/semmelweis.hu\/pharmacology\/wp-json\/wp\/v2\/pages\/15217","targetHints":{"allow":["GET"]}}],"collection":[{"href":"https:\/\/semmelweis.hu\/pharmacology\/wp-json\/wp\/v2\/pages"}],"about":[{"href":"https:\/\/semmelweis.hu\/pharmacology\/wp-json\/wp\/v2\/types\/page"}],"author":[{"embeddable":true,"href":"https:\/\/semmelweis.hu\/pharmacology\/wp-json\/wp\/v2\/users\/102427"}],"replies":[{"embeddable":true,"href":"https:\/\/semmelweis.hu\/pharmacology\/wp-json\/wp\/v2\/comments?post=15217"}],"version-history":[{"count":2,"href":"https:\/\/semmelweis.hu\/pharmacology\/wp-json\/wp\/v2\/pages\/15217\/revisions"}],"predecessor-version":[{"id":15273,"href":"https:\/\/semmelweis.hu\/pharmacology\/wp-json\/wp\/v2\/pages\/15217\/revisions\/15273"}],"up":[{"embeddable":true,"href":"https:\/\/semmelweis.hu\/pharmacology\/wp-json\/wp\/v2\/pages\/15122"}],"wp:attachment":[{"href":"https:\/\/semmelweis.hu\/pharmacology\/wp-json\/wp\/v2\/media?parent=15217"}],"wp:term":[{"taxonomy":"category","embeddable":true,"href":"https:\/\/semmelweis.hu\/pharmacology\/wp-json\/wp\/v2\/categories?post=15217"},{"taxonomy":"post_tag","embeddable":true,"href":"https:\/\/semmelweis.hu\/pharmacology\/wp-json\/wp\/v2\/tags?post=15217"}],"curies":[{"name":"wp","href":"https:\/\/api.w.org\/{rel}","templated":true}]}}