{"id":15214,"date":"2025-10-13T16:12:57","date_gmt":"2025-10-13T14:12:57","guid":{"rendered":"https:\/\/semmelweis.hu\/pharmacology\/?page_id=15214"},"modified":"2026-02-09T13:13:34","modified_gmt":"2026-02-09T12:13:34","slug":"the-effect-of-metabolic-diseases-on-extracellular-vesicle-based-signaling-in-the-cardiovascular-system","status":"publish","type":"page","link":"https:\/\/semmelweis.hu\/pharmacology\/en\/research\/grants\/the-effect-of-metabolic-diseases-on-extracellular-vesicle-based-signaling-in-the-cardiovascular-system\/","title":{"rendered":"The Effect of Metabolic Diseases on Extracellular Vesicle-Based Signaling in the Cardiovascular System"},"content":{"rendered":"<div class=\"lead\" style=\"text-align: center\">The Effect of Metabolic Diseases on Extracellular Vesicle-Based Signaling in the Cardiovascular System<\/div>\n<div>\u00a0<\/div>\n<table style=\"border-collapse: collapse;width: 100%;height: 132px\">\n<tbody>\n<tr style=\"height: 33px\">\n<td style=\"width: 50%;height: 33px\">Grant:<\/td>\n<td style=\"width: 50%;height: 33px\">K_21-OTKA (K 139105)<\/td>\n<\/tr>\n<tr style=\"height: 33px\">\n<td style=\"width: 50%;height: 33px\">Amount of support:<\/td>\n<td style=\"width: 50%;height: 33px\">46.960.000 Ft<\/td>\n<\/tr>\n<tr style=\"height: 33px\">\n<td style=\"width: 50%;height: 33px\">Duration:<\/td>\n<td style=\"width: 50%;height: 33px\">2021.09.01-2026.07.31<\/td>\n<\/tr>\n<tr style=\"height: 33px\">\n<td style=\"width: 50%;height: 33px\">Principal investigator:<\/td>\n<td style=\"width: 50%;height: 33px\">Zolt\u00e1n Giricz, PharmD, PhD<\/td>\n<\/tr>\n<\/tbody>\n<\/table>\n<p>&nbsp;<\/p>\n<p><strong>Summary<\/strong><\/p>\n<p>Obesity and high blood lipid levels are closely associated with heart disease. Extracellular vesicles (EVs) are small particles released from various cell types, including heart cells and stem cells. During intercellular communication, EVs deliver information to target cells that can promote tissue regeneration and survival. However, the content of these EVs can change in the context of obesity.<\/p>\n<p>In our research, we investigate the role of EVs in obesity-related heart diseases. We place special emphasis on exploring the diagnostic and therapeutic potential of EVs, particularly regarding their ability to stimulate cardiac tissue regeneration. Our goal is to assess the beneficial effects of stem cell-derived EVs in cases of myocardial infarction. However, under conditions of obesity, EVs may behave differently or less effectively. Therefore, we also examine how obesity affects EVs and their biological activity.<\/p>\n<p><strong>Participating leading researchers, collaboration partners, universities, companies <\/strong><\/p>\n<p>Part of our studies has been carried out in collaboration with the Institute of Biophysics and Radiation Biology at Semmelweis University.<br \/>\nThe isolation and maintenance of stem cells are conducted in collaboration with the Mesenchymal Stem Cell (MSC) Laboratory of the Department of Internal Medicine and Hematology at Semmelweis University, led by Dr. L\u00e1szl\u00f3 Cerven\u00e1k.<\/p>\n<p><strong>Applied methods and tools <\/strong><\/p>\n<p>In our investigations, we employ world-class <em>in vitro<\/em> techniques to determine the quantity and the protein, nucleic acid, and lipid composition of EVs. The quantity of EVs is measured using nanoparticle tracking analysis (NTA); protein composition is examined by western blot and mass spectrometry; and nucleic acid composition is analyzed using polymerase chain reaction (PCR).<br \/>\nTo study the functional effects of EVs in living systems, we have developed several <em>in vitro<\/em> methods using live-cell confocal microscopy and luminescence-based plate reader assays.<\/p>\n<p><strong>Pictures<\/strong><\/p>\n\r\n        [slb_exclude]\r\n        <div class=\"row galeria-wrapper mx-0 h-auto\">\r\n            <div class=\"col-9 pl-0 pr-2\">\r\n            <span class=\"gallery-item frame\">\r\n\t\t\t\t<div class=\"galeria-left-img\"><a href=\"https:\/\/semmelweis.hu\/pharmacology\/files\/2025\/10\/otka-k-gz1-scaled.jpg\"><img src=https:\/\/semmelweis.hu\/pharmacology\/files\/2025\/10\/otka-k-gz1-scaled.jpg  \r\n                            alt=\"\" \r\n                            class=\"attachment-sote-gallery-big size-sote-gallery-big\" \r\n                            srcset=\"https:\/\/semmelweis.hu\/pharmacology\/files\/2025\/10\/otka-k-gz1-400x267.jpg 400w, https:\/\/semmelweis.hu\/pharmacology\/files\/2025\/10\/otka-k-gz1-1024x683.jpg 1024w, https:\/\/semmelweis.hu\/pharmacology\/files\/2025\/10\/otka-k-gz1-768x512.jpg 768w, https:\/\/semmelweis.hu\/pharmacology\/files\/2025\/10\/otka-k-gz1-1536x1024.jpg 1536w, https:\/\/semmelweis.hu\/pharmacology\/files\/2025\/10\/otka-k-gz1-2048x1365.jpg 2048w, https:\/\/semmelweis.hu\/pharmacology\/files\/2025\/10\/otka-k-gz1-753x502.jpg 753w, https:\/\/semmelweis.hu\/pharmacology\/files\/2025\/10\/otka-k-gz1-203x135.jpg 203w\" ><\/a><\/div>\r\n            <\/span>\r\n\r\n            <\/div>\r\n\r\n\t\t\t<div class=\"col-3 pl-0 pr-0\">\r\n\t\t\t\t<div class=\"galeria-right-img d-flex justify-content-between flex-column h-100 w-100 px-0 mx-0 \">\r\n                <div class=\"galeria-box\">\r\n\t\t\t\t\t<h3 class=\"galeria-title\">Gal\u00e9ria<\/h3>\r\n\t\t\t\t\t<div class=\"galeria-subtitle\">\r\n\r\n\t\t\t\t\t\t<div class=\"galeria-page-counter\"><span>3<\/span>k\u00e9p<\/div>\r\n                    <\/div> <\/div>\r\n                    <span class=\"gallery-item frame d-none d-md-flex\">\r\n\t\t\t\t\t<div class=\"galeria-small-img mt-0\"><a href=\"https:\/\/semmelweis.hu\/pharmacology\/files\/2025\/10\/otka-k-gz2.png\"><img src=https:\/\/semmelweis.hu\/pharmacology\/files\/2025\/10\/otka-k-gz2.png \r\n                                alt=\"\"  \r\n                                class=\"attachment-sote-gallery-small size-sote-gallery-small\" \r\n                                srcset=\"https:\/\/semmelweis.hu\/pharmacology\/files\/2025\/10\/otka-k-gz2-400x224.png 400w, https:\/\/semmelweis.hu\/pharmacology\/files\/2025\/10\/otka-k-gz2-1024x572.png 1024w, https:\/\/semmelweis.hu\/pharmacology\/files\/2025\/10\/otka-k-gz2-768x429.png 768w, https:\/\/semmelweis.hu\/pharmacology\/files\/2025\/10\/otka-k-gz2-753x421.png 753w, https:\/\/semmelweis.hu\/pharmacology\/files\/2025\/10\/otka-k-gz2.png 1267w\" ><\/a><\/div>\r\n                    <\/span>\r\n                    <span class=\"gallery-item frame d-none d-md-flex\">\r\n\t\t\t\t\t<div class=\"galeria-small-img mt-0\"><a href=\"https:\/\/semmelweis.hu\/pharmacology\/files\/2025\/10\/otka-k-gz3.png\"><img src=https:\/\/semmelweis.hu\/pharmacology\/files\/2025\/10\/otka-k-gz3.png \r\n                                alt=\"\" \r\n                                class=\"attachment-sote-gallery-small size-sote-gallery-small\" \r\n                                srcset=\"https:\/\/semmelweis.hu\/pharmacology\/files\/2025\/10\/otka-k-gz3-400x211.png 400w, https:\/\/semmelweis.hu\/pharmacology\/files\/2025\/10\/otka-k-gz3-1024x540.png 1024w, https:\/\/semmelweis.hu\/pharmacology\/files\/2025\/10\/otka-k-gz3-768x405.png 768w, https:\/\/semmelweis.hu\/pharmacology\/files\/2025\/10\/otka-k-gz3-1536x810.png 1536w, https:\/\/semmelweis.hu\/pharmacology\/files\/2025\/10\/otka-k-gz3-753x397.png 753w, https:\/\/semmelweis.hu\/pharmacology\/files\/2025\/10\/otka-k-gz3.png 1594w\" ><\/a><\/div>\r\n                    <\/span>\r\n\r\n                <\/div>\r\n\r\n            <\/div>\r\n\r\n            \r\n            <\/div>\r\n\r\n            [\/slb_exclude]\r\n\t\n<p><strong>Mission and benefits<\/strong><\/p>\n<p>Our research may open new avenues for EV-based approaches that could lead to breakthroughs in the treatment of heart failure in obese patients. The results may contribute to the initiation of new drug development programs in the field of stem cell-derived regenerative EV therapy and shed light on key factors necessary for improving the clinical applicability of EVs.<\/p>\n","protected":false},"excerpt":{"rendered":"<p>The Effect of Metabolic Diseases on Extracellular Vesicle-Based Signaling in the Cardiovascular System \u00a0 Grant: K_21-OTKA (K 139105) Amount of support: 46.960.000 Ft Duration: 2021.09.01-2026.07.31 Principal investigator: Zolt\u00e1n Giricz, PharmD, PhD &nbsp; Summary Obesity and high blood lipid levels are closely associated with heart disease. Extracellular vesicles (EVs) are small particles released from various cell &hellip;<\/p>\n","protected":false},"author":102427,"featured_media":0,"parent":15124,"menu_order":7,"comment_status":"closed","ping_status":"closed","template":"","meta":{"_acf_changed":false,"footnotes":""},"categories":[],"tags":[],"class_list":["post-15214","page","type-page","status-publish","hentry"],"acf":[],"_links":{"self":[{"href":"https:\/\/semmelweis.hu\/pharmacology\/wp-json\/wp\/v2\/pages\/15214","targetHints":{"allow":["GET"]}}],"collection":[{"href":"https:\/\/semmelweis.hu\/pharmacology\/wp-json\/wp\/v2\/pages"}],"about":[{"href":"https:\/\/semmelweis.hu\/pharmacology\/wp-json\/wp\/v2\/types\/page"}],"author":[{"embeddable":true,"href":"https:\/\/semmelweis.hu\/pharmacology\/wp-json\/wp\/v2\/users\/102427"}],"replies":[{"embeddable":true,"href":"https:\/\/semmelweis.hu\/pharmacology\/wp-json\/wp\/v2\/comments?post=15214"}],"version-history":[{"count":3,"href":"https:\/\/semmelweis.hu\/pharmacology\/wp-json\/wp\/v2\/pages\/15214\/revisions"}],"predecessor-version":[{"id":15269,"href":"https:\/\/semmelweis.hu\/pharmacology\/wp-json\/wp\/v2\/pages\/15214\/revisions\/15269"}],"up":[{"embeddable":true,"href":"https:\/\/semmelweis.hu\/pharmacology\/wp-json\/wp\/v2\/pages\/15124"}],"wp:attachment":[{"href":"https:\/\/semmelweis.hu\/pharmacology\/wp-json\/wp\/v2\/media?parent=15214"}],"wp:term":[{"taxonomy":"category","embeddable":true,"href":"https:\/\/semmelweis.hu\/pharmacology\/wp-json\/wp\/v2\/categories?post=15214"},{"taxonomy":"post_tag","embeddable":true,"href":"https:\/\/semmelweis.hu\/pharmacology\/wp-json\/wp\/v2\/tags?post=15214"}],"curies":[{"name":"wp","href":"https:\/\/api.w.org\/{rel}","templated":true}]}}