{"id":15211,"date":"2025-10-13T16:11:04","date_gmt":"2025-10-13T14:11:04","guid":{"rendered":"https:\/\/semmelweis.hu\/pharmacology\/?page_id=15211"},"modified":"2026-02-09T12:49:41","modified_gmt":"2026-02-09T11:49:41","slug":"metabolikus-betegsegek-hatasa-az-extracellularis-vezikula-alapu-jelatvitelre-a-kardiovaszkularis-rendszerben","status":"publish","type":"page","link":"https:\/\/semmelweis.hu\/pharmacology\/kutatas\/palyazatok\/metabolikus-betegsegek-hatasa-az-extracellularis-vezikula-alapu-jelatvitelre-a-kardiovaszkularis-rendszerben\/","title":{"rendered":"Metabolikus betegs\u00e9gek hat\u00e1sa az extracellul\u00e1ris vezikula alap\u00fa jel\u00e1tvitelre a kardiovaszkul\u00e1ris rendszerben"},"content":{"rendered":"<div class=\"lead\" style=\"text-align: center\">Metabolikus betegs\u00e9gek hat\u00e1sa az extracellul\u00e1ris vezikula alap\u00fa jel\u00e1tvitelre a kardiovaszkul\u00e1ris rendszerben<\/div>\n<div>\u00a0<\/div>\n<table style=\"border-collapse: collapse;width: 100%\">\n<tbody>\n<tr>\n<td style=\"width: 50%\">P\u00e1ly\u00e1zat:<\/td>\n<td style=\"width: 50%\">K_21-OTKA (K 139105)<\/td>\n<\/tr>\n<tr>\n<td style=\"width: 50%\">T\u00e1mogat\u00e1si \u00f6sszeg:<\/td>\n<td style=\"width: 50%\">46.960.000 Ft<\/td>\n<\/tr>\n<tr>\n<td style=\"width: 50%\">Id\u0151tartam:<\/td>\n<td style=\"width: 50%\">2021.09.01-2026.07.31<\/td>\n<\/tr>\n<tr>\n<td style=\"width: 50%\">Vezet\u0151 kutat\u00f3:<\/td>\n<td style=\"width: 50%\">Dr. Giricz Zolt\u00e1n<\/td>\n<\/tr>\n<\/tbody>\n<\/table>\n<p>&nbsp;<\/p>\n<p><strong>Szakmai \u00f6sszefoglal\u00f3<\/strong><\/p>\n<p>Az elh\u00edz\u00e1s \u00e9s a magas v\u00e9rzs\u00edr szint szoros kapcsolatban \u00e1ll a sz\u00edvbetegs\u00e9gekkel. Az extracellul\u00e1ris vezikulumok (EV) olyan kism\u00e9ret\u0171 r\u00e9szecsk\u00e9k, amelyek k\u00fcl\u00f6nf\u00e9le sejtekb\u0151l &#8211; \u00edgy sz\u00edv- vagy ak\u00e1r \u0151ssejtekb\u0151l &#8211; szabadulnak fel. Az EV-k a sejtek k\u00f6z\u00f6tti kommunik\u00e1ci\u00f3 sor\u00e1n olyan inform\u00e1ci\u00f3kat sz\u00e1ll\u00edtanak a c\u00e9lsejtek sz\u00e1m\u00e1ra, amelyek seg\u00edthetik a sz\u00f6vet regener\u00e1ci\u00f3j\u00e1t \u00e9s t\u00fal\u00e9l\u00e9s\u00e9t. Ezen EV-k tartalma azonban megv\u00e1ltozhat elh\u00edz\u00e1s sor\u00e1n.<\/p>\n<p>Kutat\u00e1sunk sor\u00e1n megvizsg\u00e1ljuk az EV-k szerep\u00e9t az elh\u00edz\u00e1ssal kapcsolatos sz\u00edvbetegs\u00e9gekben. Nagy hangs\u00falyt fektett\u00fcnk az EV-k diagnosztikai \u00e9s ter\u00e1pi\u00e1s felhaszn\u00e1l\u00e1si lehet\u0151s\u00e9geinek vizsg\u00e1lat\u00e1ra, k\u00fcl\u00f6n\u00f6s tekintettel a sz\u00edvsz\u00f6vet regener\u00e1ci\u00f3s k\u00e9pess\u00e9g\u00e9nek serkent\u00e9s\u00e9ben. C\u00e9lunk, hogy felm\u00e9rj\u00fck az \u0151ssejtekb\u0151l sz\u00e1rmaz\u00f3 EV-k j\u00f3t\u00e9kony hat\u00e1s\u00e1t sz\u00edvinfarktus eset\u00e9n. Azonban elh\u00edz\u00e1s sor\u00e1n az EV-k m\u00e1sk\u00e9nt vagy kev\u00e9sb\u00e9 hat\u00e9konyan viselkedhetnek. Ez\u00e9rt vizsg\u00e1ljuk az elh\u00edz\u00e1s hat\u00e1s\u00e1t is az EV-kre \u00e9s azok hat\u00e1s\u00e1ra.<\/p>\n<p><strong>R\u00e9sztvev\u0151 kiemelt kutat\u00f3k, kollabor\u00e1ci\u00f3s partnerek, egyetemek, c\u00e9gek <\/strong><\/p>\n<p>A vizsg\u00e1latok egy r\u00e9sz\u00e9t a Semmelweis Egyetem Biofizikai \u00e9s Sug\u00e1rbiol\u00f3giai Int\u00e9zet\u00e9vel egy\u00fcttm\u0171k\u00f6d\u00e9sben v\u00e9gezt\u00fck el.<\/p>\n<p>Az \u0151ssejtek izol\u00e1l\u00e1sa, valamint azok fenntart\u00e1sa a Semmelweis Egyetem Belgy\u00f3gy\u00e1szati \u00e9s Hematol\u00f3gi\u00e1j\u00e1n tal\u00e1lhat\u00f3, Dr. Cerven\u00e1k L\u00e1szl\u00f3 vezet\u00e9s\u00e9vel m\u0171k\u00f6d\u0151 mezenchym\u00e1lis \u0151ssejt (MSC) laborat\u00f3riummal kollabor\u00e1ci\u00f3ban t\u00f6rt\u00e9nik.<\/p>\n<p><strong>Alkalmazott m\u00f3dszerek, eszk\u00f6z\u00f6k <\/strong><\/p>\n<p>Vizsg\u00e1lataink sor\u00e1n vil\u00e1gsz\u00ednvonal\u00fa in vitro m\u00f3dszereket haszn\u00e1lunk az EV-k mennyis\u00e9g\u00e9nek, feh\u00e9rje, nukleinsav, valamint lipid \u00f6sszet\u00e9tel\u00e9nek meghat\u00e1roz\u00e1s\u00e1ra. Az EV-k mennyis\u00e9g\u00e9t nanoparticle tracking analysis (NTA), a feh\u00e9rje\u00f6sszet\u00e9telt western blot \u00e9s t\u00f6megspektroszk\u00f3pia, m\u00edg a nukleinsav \u00f6sszet\u00e9telt polimer\u00e1z l\u00e1ncreakci\u00f3 (PCR) nev\u0171 m\u00f3dszerekkel vizsg\u00e1ltuk.<\/p>\n<p>Az EV-k \u00e1ltal kifejtett hat\u00e1s funkcion\u00e1lis, \u00e9l\u0151 rendszereken t\u00f6rt\u00e9n\u0151 vizsg\u00e1lat\u00e1hoz kifejlesztett\u00fcnk sz\u00e1mos \u00e9l\u0151 sejteken v\u00e9gzett konfok\u00e1lis mikroszk\u00f3pi\u00e1s \u00e9s f\u00e9nykibocs\u00e1jt\u00e1son alap\u00fal\u00f3, \u00fagynevezett lemez leolvas\u00f3 (plate reader) seg\u00edts\u00e9g\u00e9vel detekt\u00e1lt m\u00f3dszert.<\/p>\n<p><strong>K\u00e9pek<\/strong><\/p>\n\r\n        [slb_exclude]\r\n        <div class=\"row galeria-wrapper mx-0 h-auto\">\r\n            <div class=\"col-9 pl-0 pr-2\">\r\n            <span class=\"gallery-item frame\">\r\n\t\t\t\t<div class=\"galeria-left-img\"><a href=\"https:\/\/semmelweis.hu\/pharmacology\/files\/2025\/10\/otka-k-gz1-scaled.jpg\"><img src=https:\/\/semmelweis.hu\/pharmacology\/files\/2025\/10\/otka-k-gz1-scaled.jpg  \r\n                            alt=\"\" \r\n                            class=\"attachment-sote-gallery-big size-sote-gallery-big\" \r\n                            srcset=\"https:\/\/semmelweis.hu\/pharmacology\/files\/2025\/10\/otka-k-gz1-400x267.jpg 400w, https:\/\/semmelweis.hu\/pharmacology\/files\/2025\/10\/otka-k-gz1-1024x683.jpg 1024w, https:\/\/semmelweis.hu\/pharmacology\/files\/2025\/10\/otka-k-gz1-768x512.jpg 768w, https:\/\/semmelweis.hu\/pharmacology\/files\/2025\/10\/otka-k-gz1-1536x1024.jpg 1536w, https:\/\/semmelweis.hu\/pharmacology\/files\/2025\/10\/otka-k-gz1-2048x1365.jpg 2048w, https:\/\/semmelweis.hu\/pharmacology\/files\/2025\/10\/otka-k-gz1-753x502.jpg 753w, https:\/\/semmelweis.hu\/pharmacology\/files\/2025\/10\/otka-k-gz1-203x135.jpg 203w\" ><\/a><\/div>\r\n            <\/span>\r\n\r\n            <\/div>\r\n\r\n\t\t\t<div class=\"col-3 pl-0 pr-0\">\r\n\t\t\t\t<div class=\"galeria-right-img d-flex justify-content-between flex-column h-100 w-100 px-0 mx-0 \">\r\n                <div class=\"galeria-box\">\r\n\t\t\t\t\t<h3 class=\"galeria-title\">Gal\u00e9ria<\/h3>\r\n\t\t\t\t\t<div class=\"galeria-subtitle\">\r\n\r\n\t\t\t\t\t\t<div class=\"galeria-page-counter\"><span>3<\/span>k\u00e9p<\/div>\r\n                    <\/div> <\/div>\r\n                    <span class=\"gallery-item frame d-none d-md-flex\">\r\n\t\t\t\t\t<div class=\"galeria-small-img mt-0\"><a href=\"https:\/\/semmelweis.hu\/pharmacology\/files\/2025\/10\/otka-k-gz2.png\"><img src=https:\/\/semmelweis.hu\/pharmacology\/files\/2025\/10\/otka-k-gz2.png \r\n                                alt=\"\"  \r\n                                class=\"attachment-sote-gallery-small size-sote-gallery-small\" \r\n                                srcset=\"https:\/\/semmelweis.hu\/pharmacology\/files\/2025\/10\/otka-k-gz2-400x224.png 400w, https:\/\/semmelweis.hu\/pharmacology\/files\/2025\/10\/otka-k-gz2-1024x572.png 1024w, https:\/\/semmelweis.hu\/pharmacology\/files\/2025\/10\/otka-k-gz2-768x429.png 768w, https:\/\/semmelweis.hu\/pharmacology\/files\/2025\/10\/otka-k-gz2-753x421.png 753w, https:\/\/semmelweis.hu\/pharmacology\/files\/2025\/10\/otka-k-gz2.png 1267w\" ><\/a><\/div>\r\n                    <\/span>\r\n                    <span class=\"gallery-item frame d-none d-md-flex\">\r\n\t\t\t\t\t<div class=\"galeria-small-img mt-0\"><a href=\"https:\/\/semmelweis.hu\/pharmacology\/files\/2025\/10\/otka-k-gz3.png\"><img src=https:\/\/semmelweis.hu\/pharmacology\/files\/2025\/10\/otka-k-gz3.png \r\n                                alt=\"\" \r\n                                class=\"attachment-sote-gallery-small size-sote-gallery-small\" \r\n                                srcset=\"https:\/\/semmelweis.hu\/pharmacology\/files\/2025\/10\/otka-k-gz3-400x211.png 400w, https:\/\/semmelweis.hu\/pharmacology\/files\/2025\/10\/otka-k-gz3-1024x540.png 1024w, https:\/\/semmelweis.hu\/pharmacology\/files\/2025\/10\/otka-k-gz3-768x405.png 768w, https:\/\/semmelweis.hu\/pharmacology\/files\/2025\/10\/otka-k-gz3-1536x810.png 1536w, https:\/\/semmelweis.hu\/pharmacology\/files\/2025\/10\/otka-k-gz3-753x397.png 753w, https:\/\/semmelweis.hu\/pharmacology\/files\/2025\/10\/otka-k-gz3.png 1594w\" ><\/a><\/div>\r\n                    <\/span>\r\n\r\n                <\/div>\r\n\r\n            <\/div>\r\n\r\n            \r\n            <\/div>\r\n\r\n            [\/slb_exclude]\r\n\t\n<p><strong>K\u00fcldet\u00e9s \u00e9s hasznosul\u00e1s<\/strong><\/p>\n<p>Kutat\u00e1sunk \u00faj lehet\u0151s\u00e9geket nyithatnak olyan EV-alap\u00fa m\u00f3dszerek sz\u00e1m\u00e1ra, melyek \u00e1tt\u00f6r\u00e9shez vezethetnek az elh\u00edzott betegekben kialakul\u00f3 sz\u00edvel\u00e9gtelens\u00e9g kezel\u00e9s\u00e9ben. Eredm\u00e9nyeink hozz\u00e1j\u00e1rulhatnak \u00faj gy\u00f3gyszerfejleszt\u00e9si programok ind\u00edt\u00e1s\u00e1hoz az \u0151ssejtb\u0151l sz\u00e1rmaz\u00f3 regenerat\u00edv EV-ter\u00e1pia ter\u00fclet\u00e9n, valamint r\u00e1vil\u00e1g\u00edthatnak olyan kulcsfontoss\u00e1g\u00fa t\u00e9nyez\u0151kre, melyek sz\u00fcks\u00e9gesek lehetnek az EV-k sikeresebb klinikai alkalmazhat\u00f3s\u00e1g\u00e1hoz.<\/p>\n<p>&nbsp;<\/p>\n","protected":false},"excerpt":{"rendered":"<p>Metabolikus betegs\u00e9gek hat\u00e1sa az extracellul\u00e1ris vezikula alap\u00fa jel\u00e1tvitelre a kardiovaszkul\u00e1ris rendszerben \u00a0 P\u00e1ly\u00e1zat: K_21-OTKA (K 139105) T\u00e1mogat\u00e1si \u00f6sszeg: 46.960.000 Ft Id\u0151tartam: 2021.09.01-2026.07.31 Vezet\u0151 kutat\u00f3: Dr. Giricz Zolt\u00e1n &nbsp; Szakmai \u00f6sszefoglal\u00f3 Az elh\u00edz\u00e1s \u00e9s a magas v\u00e9rzs\u00edr szint szoros kapcsolatban \u00e1ll a sz\u00edvbetegs\u00e9gekkel. Az extracellul\u00e1ris vezikulumok (EV) olyan kism\u00e9ret\u0171 r\u00e9szecsk\u00e9k, amelyek k\u00fcl\u00f6nf\u00e9le sejtekb\u0151l &#8211; \u00edgy sz\u00edv- &hellip;<\/p>\n","protected":false},"author":102427,"featured_media":0,"parent":15122,"menu_order":7,"comment_status":"closed","ping_status":"closed","template":"","meta":{"_acf_changed":false,"footnotes":""},"categories":[],"tags":[],"class_list":["post-15211","page","type-page","status-publish","hentry"],"acf":[],"_links":{"self":[{"href":"https:\/\/semmelweis.hu\/pharmacology\/wp-json\/wp\/v2\/pages\/15211","targetHints":{"allow":["GET"]}}],"collection":[{"href":"https:\/\/semmelweis.hu\/pharmacology\/wp-json\/wp\/v2\/pages"}],"about":[{"href":"https:\/\/semmelweis.hu\/pharmacology\/wp-json\/wp\/v2\/types\/page"}],"author":[{"embeddable":true,"href":"https:\/\/semmelweis.hu\/pharmacology\/wp-json\/wp\/v2\/users\/102427"}],"replies":[{"embeddable":true,"href":"https:\/\/semmelweis.hu\/pharmacology\/wp-json\/wp\/v2\/comments?post=15211"}],"version-history":[{"count":4,"href":"https:\/\/semmelweis.hu\/pharmacology\/wp-json\/wp\/v2\/pages\/15211\/revisions"}],"predecessor-version":[{"id":15270,"href":"https:\/\/semmelweis.hu\/pharmacology\/wp-json\/wp\/v2\/pages\/15211\/revisions\/15270"}],"up":[{"embeddable":true,"href":"https:\/\/semmelweis.hu\/pharmacology\/wp-json\/wp\/v2\/pages\/15122"}],"wp:attachment":[{"href":"https:\/\/semmelweis.hu\/pharmacology\/wp-json\/wp\/v2\/media?parent=15211"}],"wp:term":[{"taxonomy":"category","embeddable":true,"href":"https:\/\/semmelweis.hu\/pharmacology\/wp-json\/wp\/v2\/categories?post=15211"},{"taxonomy":"post_tag","embeddable":true,"href":"https:\/\/semmelweis.hu\/pharmacology\/wp-json\/wp\/v2\/tags?post=15211"}],"curies":[{"name":"wp","href":"https:\/\/api.w.org\/{rel}","templated":true}]}}