{"id":15206,"date":"2025-10-13T15:52:13","date_gmt":"2025-10-13T13:52:13","guid":{"rendered":"https:\/\/semmelweis.hu\/pharmacology\/?page_id=15206"},"modified":"2026-02-09T12:49:41","modified_gmt":"2026-02-09T11:49:41","slug":"a-gyulladasos-mechanizmusok-szerepe-a-szivelegtelenseg-es-a-nem-alkoholos-szteatohepatitisz-okozta-szivizom-karosodasban","status":"publish","type":"page","link":"https:\/\/semmelweis.hu\/pharmacology\/kutatas\/palyazatok\/a-gyulladasos-mechanizmusok-szerepe-a-szivelegtelenseg-es-a-nem-alkoholos-szteatohepatitisz-okozta-szivizom-karosodasban\/","title":{"rendered":"A gyullad\u00e1sos mechanizmusok szerepe a sz\u00edvel\u00e9gtelens\u00e9g \u00e9s a nem alkoholos szteatohepatitisz okozta sz\u00edvizom-k\u00e1rosod\u00e1sban"},"content":{"rendered":"<div class=\"lead\" style=\"text-align: center\">A gyullad\u00e1sos mechanizmusok szerepe a sz\u00edvel\u00e9gtelens\u00e9g \u00e9s a nem alkoholos szteatohepatitisz okozta sz\u00edvizom-k\u00e1rosod\u00e1sban<\/div>\n<div>\u00a0<\/div>\n<div>\n<table style=\"border-collapse: collapse;width: 100%\">\n<tbody>\n<tr>\n<td style=\"width: 50%\">P\u00e1ly\u00e1zat:<\/td>\n<td style=\"width: 50%\">FIKP2018 &#8211; HCEMM (No 739593)<\/td>\n<\/tr>\n<tr>\n<td style=\"width: 50%\">T\u00e1mogat\u00e1si \u00f6sszeg:<\/td>\n<td style=\"width: 50%\">125.000.000 Ft (2019-2025)<\/td>\n<\/tr>\n<tr>\n<td style=\"width: 50%\">Id\u0151tartam:<\/td>\n<td style=\"width: 50%\">2019. m\u00e1jus 1. \u2013 2025. \u00e1prilis 30.<\/td>\n<\/tr>\n<tr>\n<td style=\"width: 50%\">Vezet\u0151 kutat\u00f3:<\/td>\n<td style=\"width: 50%\">Dr. Varga Zolt\u00e1n<\/td>\n<\/tr>\n<\/tbody>\n<\/table>\n<\/div>\n<p>&nbsp;<\/p>\n<p><strong>Szakmai \u00f6sszefoglal\u00f3<\/strong><\/p>\n<p>A sz\u00edvel\u00e9gtelens\u00e9g s\u00falyos, gyakran \u00e9letvesz\u00e9lyes \u00e1llapot, amely a sz\u00edv m\u0171k\u00f6d\u00e9s\u00e9nek fokozatos roml\u00e1s\u00e1val j\u00e1r. Egyre t\u00f6bb bizony\u00edt\u00e9k utal arra, hogy a gyullad\u00e1sos folyamatok kulcsszerepet j\u00e1tszanak ebben a folyamatban. Hasonl\u00f3 gyullad\u00e1sos mechanizmusok figyelhet\u0151k meg a nem alkoholos szteatohepatitisz (NASH) eset\u00e9ben is, amely a k\u00f3ros elh\u00edz\u00e1s \u00e9s cukorbetegs\u00e9g k\u00f6vetkezm\u00e9nyek\u00e9nt alakul ki, \u00e9s szint\u00e9n k\u00e1ros\u00edtja a sz\u00edvizmot. Kutat\u00e1sunk c\u00e9lja felt\u00e1rni, hogy ezek a gyullad\u00e1sos mechanizmusok mik\u00e9nt j\u00e1rulnak hozz\u00e1 a sz\u00edvizom diszfunkci\u00f3 kialakul\u00e1s\u00e1hoz.<\/p>\n<p>A kardiovaszkul\u00e1ris betegs\u00e9gek v\u00e9gst\u00e1dium\u00e1t jelent\u0151 sz\u00edvel\u00e9gtelens\u00e9g kialakul\u00e1s\u00e1ban a gyullad\u00e1sos folyamatok alapvet\u0151 szerepet j\u00e1tszanak. A nem alkoholos szteatohepatitisz (NASH) \u2014 amely az elh\u00edz\u00e1s \u00e9s a 2-es t\u00edpus\u00fa cukorbetegs\u00e9g gyakori sz\u00f6v\u0151dm\u00e9nye \u2014 szint\u00e9n kr\u00f3nikus gyullad\u00e1ssal j\u00e1r, \u00e9s bizony\u00edtottan \u00f6sszef\u00fcgg a sz\u00edvizom funkci\u00f3zavar\u00e1val. Kutat\u00f3csoportunk c\u00e9lja ezen k\u00f3rk\u00e9pek k\u00f6z\u00f6s gyullad\u00e1sos mechanizmusainak felt\u00e9rk\u00e9pez\u00e9se, hogy jobban meg\u00e9rthess\u00fck a sz\u00edvizom-k\u00e1rosod\u00e1s h\u00e1tter\u00e9t. Eredm\u00e9nyeink hozz\u00e1j\u00e1rulhatnak \u00faj ter\u00e1pi\u00e1s c\u00e9lpontok azonos\u00edt\u00e1s\u00e1hoz, amelyek seg\u00edthetnek a sz\u00edvel\u00e9gtelens\u00e9g megel\u0151z\u00e9s\u00e9ben \u00e9s kezel\u00e9s\u00e9ben.<\/p>\n<p><strong>R\u00e9sztvev\u0151 kiemelt kutat\u00f3k, kollabor\u00e1ci\u00f3s partnerek, egyetemek, c\u00e9gek<\/strong><\/p>\n<p>A kutat\u00e1st a HCEMM Nonprofit Kft. Kardiometabolikus Immunol\u00f3gia Kutat\u00f3csoportja v\u00e9gzi (l. Munkat\u00e1rsak \u00e9s Kutat\u00f3csoportok), Dr. Varga Zolt\u00e1n vezet\u00e9s\u00e9vel. A munk\u00e1ba t\u00f6bb hazai \u00e9s nemzetk\u00f6zi egyetem, valamint kutat\u00f3int\u00e9zet kapcsol\u00f3dik be, multidiszciplin\u00e1ris megk\u00f6zel\u00edt\u00e9ssel, a kardiol\u00f3gia, immunol\u00f3gia \u00e9s metabolikus betegs\u00e9gek ter\u00fclet\u00e9r\u0151l.<\/p>\n<p><strong>Alkalmazott m\u00f3dszerek, eszk\u00f6z\u00f6k<\/strong><\/p>\n<p>\u00a0A vizsg\u00e1latok sor\u00e1n korszer\u0171 molekul\u00e1ris biol\u00f3giai, sejtbiol\u00f3giai \u00e9s immunol\u00f3giai m\u00f3dszereket alkalmazunk, t\u00f6bbek k\u00f6z\u00f6tt g\u00e9nexpresszi\u00f3s elemz\u00e9seket, citokin-profiloz\u00e1st, \u00e1llatk\u00eds\u00e9rletes modelleket \u00e9s k\u00e9palkot\u00f3 elj\u00e1r\u00e1sokat a sz\u00edvizom-funkci\u00f3 vizsg\u00e1lat\u00e1ra. E technol\u00f3gi\u00e1k lehet\u0151v\u00e9 teszik a gyullad\u00e1sos folyamatok pontos felt\u00e9rk\u00e9pez\u00e9s\u00e9t.<\/p>\n<p><strong>K\u00e9pek<\/strong><\/p>\n\r\n        [slb_exclude]\r\n        <div class=\"row galeria-wrapper mx-0 h-auto\">\r\n            <div class=\"col-9 pl-0 pr-2\">\r\n            <span class=\"gallery-item frame\">\r\n\t\t\t\t<div class=\"galeria-left-img\"><a href=\"https:\/\/semmelweis.hu\/pharmacology\/files\/2025\/10\/lend1-scaled.jpg\"><img src=https:\/\/semmelweis.hu\/pharmacology\/files\/2025\/10\/lend1-scaled.jpg  \r\n                            alt=\"\" \r\n                            class=\"attachment-sote-gallery-big size-sote-gallery-big\" \r\n                            srcset=\"https:\/\/semmelweis.hu\/pharmacology\/files\/2025\/10\/lend1-400x267.jpg 400w, https:\/\/semmelweis.hu\/pharmacology\/files\/2025\/10\/lend1-1024x683.jpg 1024w, https:\/\/semmelweis.hu\/pharmacology\/files\/2025\/10\/lend1-768x512.jpg 768w, https:\/\/semmelweis.hu\/pharmacology\/files\/2025\/10\/lend1-1536x1024.jpg 1536w, https:\/\/semmelweis.hu\/pharmacology\/files\/2025\/10\/lend1-2048x1366.jpg 2048w, https:\/\/semmelweis.hu\/pharmacology\/files\/2025\/10\/lend1-753x502.jpg 753w, https:\/\/semmelweis.hu\/pharmacology\/files\/2025\/10\/lend1-203x135.jpg 203w\" ><\/a><\/div>\r\n            <\/span>\r\n\r\n            <\/div>\r\n\r\n\t\t\t<div class=\"col-3 pl-0 pr-0\">\r\n\t\t\t\t<div class=\"galeria-right-img d-flex justify-content-between flex-column h-100 w-100 px-0 mx-0 \">\r\n                <div class=\"galeria-box\">\r\n\t\t\t\t\t<h3 class=\"galeria-title\">Gal\u00e9ria<\/h3>\r\n\t\t\t\t\t<div class=\"galeria-subtitle\">\r\n\r\n\t\t\t\t\t\t<div class=\"galeria-page-counter\"><span>3<\/span>k\u00e9p<\/div>\r\n                    <\/div> <\/div>\r\n                    <span class=\"gallery-item frame d-none d-md-flex\">\r\n\t\t\t\t\t<div class=\"galeria-small-img mt-0\"><a href=\"https:\/\/semmelweis.hu\/pharmacology\/files\/2025\/10\/lend2-scaled.jpg\"><img src=https:\/\/semmelweis.hu\/pharmacology\/files\/2025\/10\/lend2-scaled.jpg \r\n                                alt=\"\"  \r\n                                class=\"attachment-sote-gallery-small size-sote-gallery-small\" \r\n                                srcset=\"https:\/\/semmelweis.hu\/pharmacology\/files\/2025\/10\/lend2-400x267.jpg 400w, https:\/\/semmelweis.hu\/pharmacology\/files\/2025\/10\/lend2-1024x683.jpg 1024w, https:\/\/semmelweis.hu\/pharmacology\/files\/2025\/10\/lend2-768x512.jpg 768w, https:\/\/semmelweis.hu\/pharmacology\/files\/2025\/10\/lend2-1536x1024.jpg 1536w, https:\/\/semmelweis.hu\/pharmacology\/files\/2025\/10\/lend2-2048x1365.jpg 2048w, https:\/\/semmelweis.hu\/pharmacology\/files\/2025\/10\/lend2-753x502.jpg 753w, https:\/\/semmelweis.hu\/pharmacology\/files\/2025\/10\/lend2-203x135.jpg 203w\" ><\/a><\/div>\r\n                    <\/span>\r\n                    <span class=\"gallery-item frame d-none d-md-flex\">\r\n\t\t\t\t\t<div class=\"galeria-small-img mt-0\"><a href=\"https:\/\/semmelweis.hu\/pharmacology\/files\/2025\/10\/lend3-scaled.jpg\"><img src=https:\/\/semmelweis.hu\/pharmacology\/files\/2025\/10\/lend3-scaled.jpg \r\n                                alt=\"\" \r\n                                class=\"attachment-sote-gallery-small size-sote-gallery-small\" \r\n                                srcset=\"https:\/\/semmelweis.hu\/pharmacology\/files\/2025\/10\/lend3-267x400.jpg 267w, https:\/\/semmelweis.hu\/pharmacology\/files\/2025\/10\/lend3-683x1024.jpg 683w, https:\/\/semmelweis.hu\/pharmacology\/files\/2025\/10\/lend3-768x1152.jpg 768w, https:\/\/semmelweis.hu\/pharmacology\/files\/2025\/10\/lend3-1024x1536.jpg 1024w, https:\/\/semmelweis.hu\/pharmacology\/files\/2025\/10\/lend3-1365x2048.jpg 1365w, https:\/\/semmelweis.hu\/pharmacology\/files\/2025\/10\/lend3-753x1130.jpg 753w, https:\/\/semmelweis.hu\/pharmacology\/files\/2025\/10\/lend3-scaled.jpg 1707w\" ><\/a><\/div>\r\n                    <\/span>\r\n\r\n                <\/div>\r\n\r\n            <\/div>\r\n\r\n            \r\n            <\/div>\r\n\r\n            [\/slb_exclude]\r\n\t\n<p><strong>K\u00fcldet\u00e9s \u00e9s hasznosul\u00e1s<\/strong><\/p>\n<p>Kutat\u00e1sunk c\u00e9lja a sz\u00edvel\u00e9gtelens\u00e9g \u00e9s a metabolikus eredet\u0171 sz\u00edvizom-k\u00e1rosod\u00e1s gyullad\u00e1sos h\u00e1tter\u00e9nek felt\u00e1r\u00e1sa, amely hossz\u00fa t\u00e1von hozz\u00e1j\u00e1rulhat a hat\u00e9konyabb megel\u0151z\u00e9shez \u00e9s kezel\u00e9si lehet\u0151s\u00e9gekhez. Eredm\u00e9nyeink illeszkednek az egyetem \u00e9s a HCEMM strat\u00e9giai c\u00e9ljaihoz, melyek k\u00f6z\u00e9ppontj\u00e1ban a n\u00e9pbetegs\u00e9gek (pl. sz\u00edv- \u00e9s \u00e9rrendszeri, metabolikus k\u00f3rk\u00e9pek) innovat\u00edv kutat\u00e1sa \u00e1ll.<\/p>\n","protected":false},"excerpt":{"rendered":"<p>A gyullad\u00e1sos mechanizmusok szerepe a sz\u00edvel\u00e9gtelens\u00e9g \u00e9s a nem alkoholos szteatohepatitisz okozta sz\u00edvizom-k\u00e1rosod\u00e1sban \u00a0 P\u00e1ly\u00e1zat: FIKP2018 &#8211; HCEMM (No 739593) T\u00e1mogat\u00e1si \u00f6sszeg: 125.000.000 Ft (2019-2025) Id\u0151tartam: 2019. m\u00e1jus 1. \u2013 2025. \u00e1prilis 30. Vezet\u0151 kutat\u00f3: Dr. Varga Zolt\u00e1n &nbsp; Szakmai \u00f6sszefoglal\u00f3 A sz\u00edvel\u00e9gtelens\u00e9g s\u00falyos, gyakran \u00e9letvesz\u00e9lyes \u00e1llapot, amely a sz\u00edv m\u0171k\u00f6d\u00e9s\u00e9nek fokozatos roml\u00e1s\u00e1val j\u00e1r. Egyre &hellip;<\/p>\n","protected":false},"author":102427,"featured_media":0,"parent":15122,"menu_order":6,"comment_status":"closed","ping_status":"closed","template":"","meta":{"_acf_changed":false,"footnotes":""},"categories":[],"tags":[],"class_list":["post-15206","page","type-page","status-publish","hentry"],"acf":[],"_links":{"self":[{"href":"https:\/\/semmelweis.hu\/pharmacology\/wp-json\/wp\/v2\/pages\/15206","targetHints":{"allow":["GET"]}}],"collection":[{"href":"https:\/\/semmelweis.hu\/pharmacology\/wp-json\/wp\/v2\/pages"}],"about":[{"href":"https:\/\/semmelweis.hu\/pharmacology\/wp-json\/wp\/v2\/types\/page"}],"author":[{"embeddable":true,"href":"https:\/\/semmelweis.hu\/pharmacology\/wp-json\/wp\/v2\/users\/102427"}],"replies":[{"embeddable":true,"href":"https:\/\/semmelweis.hu\/pharmacology\/wp-json\/wp\/v2\/comments?post=15206"}],"version-history":[{"count":1,"href":"https:\/\/semmelweis.hu\/pharmacology\/wp-json\/wp\/v2\/pages\/15206\/revisions"}],"predecessor-version":[{"id":15207,"href":"https:\/\/semmelweis.hu\/pharmacology\/wp-json\/wp\/v2\/pages\/15206\/revisions\/15207"}],"up":[{"embeddable":true,"href":"https:\/\/semmelweis.hu\/pharmacology\/wp-json\/wp\/v2\/pages\/15122"}],"wp:attachment":[{"href":"https:\/\/semmelweis.hu\/pharmacology\/wp-json\/wp\/v2\/media?parent=15206"}],"wp:term":[{"taxonomy":"category","embeddable":true,"href":"https:\/\/semmelweis.hu\/pharmacology\/wp-json\/wp\/v2\/categories?post=15206"},{"taxonomy":"post_tag","embeddable":true,"href":"https:\/\/semmelweis.hu\/pharmacology\/wp-json\/wp\/v2\/tags?post=15206"}],"curies":[{"name":"wp","href":"https:\/\/api.w.org\/{rel}","templated":true}]}}