{"id":15197,"date":"2025-10-13T15:34:45","date_gmt":"2025-10-13T13:34:45","guid":{"rendered":"https:\/\/semmelweis.hu\/pharmacology\/?page_id=15197"},"modified":"2026-02-09T12:49:38","modified_gmt":"2026-02-09T11:49:38","slug":"kardiologiai-es-onko-kardiologiai-betegsegek-molekularis-mechanizmusa-valamint-terapias-es-diagnosztikai-celu-vizsgalata","status":"publish","type":"page","link":"https:\/\/semmelweis.hu\/pharmacology\/kutatas\/palyazatok\/kardiologiai-es-onko-kardiologiai-betegsegek-molekularis-mechanizmusa-valamint-terapias-es-diagnosztikai-celu-vizsgalata\/","title":{"rendered":"Kardiol\u00f3giai \u00e9s onko-kardiol\u00f3giai betegs\u00e9gek molekul\u00e1ris mechanizmusa, valamint ter\u00e1pi\u00e1s \u00e9s diagnosztikai c\u00e9l\u00fa vizsg\u00e1lata"},"content":{"rendered":"<div class=\"lead\" style=\"text-align: center\">Kardiol\u00f3giai \u00e9s onko-kardiol\u00f3giai betegs\u00e9gek molekul\u00e1ris mechanizmusa, valamint ter\u00e1pi\u00e1s \u00e9s diagnosztikai c\u00e9l\u00fa vizsg\u00e1lata<\/div>\n<div>\u00a0<\/div>\n<table style=\"border-collapse: collapse;width: 100%\">\n<tbody>\n<tr>\n<td style=\"width: 50%\">P\u00e1ly\u00e1zat:<\/td>\n<td style=\"width: 50%\">Lend\u00fclet I. program (LP-2021-14)<\/td>\n<\/tr>\n<tr>\n<td style=\"width: 50%\">T\u00e1mogat\u00e1si \u00f6sszeg:<\/td>\n<td style=\"width: 50%\">180.002.000 Ft (2021\u20132026)<\/td>\n<\/tr>\n<tr>\n<td style=\"width: 50%\">Id\u0151tartam:<\/td>\n<td style=\"width: 50%\">2021. december 1. \u2013 2026. november 30.<\/td>\n<\/tr>\n<tr>\n<td style=\"width: 50%\">Vezet\u0151 kutat\u00f3:<\/td>\n<td style=\"width: 50%\">Dr. Varga Zolt\u00e1n<\/td>\n<\/tr>\n<\/tbody>\n<\/table>\n<p>&nbsp;<\/p>\n<p><strong>Szakmai \u00f6sszefoglal\u00f3<\/strong><\/p>\n<p>A kardiol\u00f3giai \u00e9s onkol\u00f3giai betegs\u00e9gek k\u00f6z\u00f6tti kapcsolat egyre nagyobb figyelmet kap, k\u00fcl\u00f6n\u00f6sen az \u00faj immunter\u00e1pi\u00e1s daganatellenes kezel\u00e9sek bevezet\u00e9s\u00e9vel. Ezek a gy\u00f3gyszerek ugyan \u00e1tt\u00f6r\u00e9st hoztak az onkol\u00f3gi\u00e1ban, azonban s\u00falyos sz\u00edvizomgyullad\u00e1st, sz\u00edvel\u00e9gtelens\u00e9get \u00e9s \u00e9relmeszesed\u00e9st is okozhatnak. Kutat\u00e1sunk c\u00e9lja felt\u00e1rni, mik\u00e9nt k\u00e1ros\u00edtj\u00e1k ezek a ter\u00e1pi\u00e1k a sz\u00edvizmot, kik a legvesz\u00e9lyeztetettebb betegek, \u00e9s hogyan lehetne ezt a mell\u00e9khat\u00e1st megel\u0151zni vagy kezelni. Emellett vizsg\u00e1ljuk, hogy a sz\u00edvel\u00e9gtelens\u00e9gben szenved\u0151 betegekben mi\u00e9rt alakulnak ki gyakrabban bizonyos daganatok, \u00e9s hogy a jelenleg alkalmazott sz\u00edvel\u00e9gtelens\u00e9g elleni gy\u00f3gyszerek hogyan befoly\u00e1solj\u00e1k a daganatok rizik\u00f3j\u00e1t.<\/p>\n<p>A projekt c\u00e9lja a kardiol\u00f3giai \u00e9s onkol\u00f3giai betegs\u00e9gek k\u00f6z\u00f6tti molekul\u00e1ris kapcsolatok felt\u00e9rk\u00e9pez\u00e9se. Kiemelt figyelmet ford\u00edtunk az immunellen\u0151rz\u00e9si pontokat g\u00e1tl\u00f3 daganatellenes immunter\u00e1pi\u00e1k kardiol\u00f3giai mell\u00e9khat\u00e1saira, mint p\u00e9ld\u00e1ul a sz\u00edvizomgyullad\u00e1s \u00e9s a sz\u00edvel\u00e9gtelens\u00e9g. Vizsg\u00e1ljuk, hogy mely betegekben alakul ki ez a toxicit\u00e1s, valamint keres\u00fcnk klinikailag alkalmazhat\u00f3 ter\u00e1pi\u00e1s megold\u00e1sokat. Tov\u00e1bbi c\u00e9lunk felt\u00e1rni, mi\u00e9rt hajlamosabbak a sz\u00edvel\u00e9gtelens\u00e9gben szenved\u0151 betegek bizonyos daganatok kialakul\u00e1s\u00e1ra, illetve hogy a sz\u00edvel\u00e9gtelens\u00e9g kezel\u00e9s\u00e9re haszn\u00e1lt gy\u00f3gyszerek k\u00f6z\u00fcl melyek befoly\u00e1solhatj\u00e1k kedvez\u0151en a daganatkock\u00e1zatot. A kutat\u00e1s eredm\u00e9nyei hozz\u00e1j\u00e1rulhatnak a daganatos \u00e9s sz\u00edv- \u00e9s \u00e9rrendszeri betegs\u00e9gek hat\u00e9konyabb kezel\u00e9s\u00e9hez.<\/p>\n<p><strong>R\u00e9sztvev\u0151 kiemelt kutat\u00f3k, kollabor\u00e1ci\u00f3s partnerek, egyetemek, c\u00e9gek<br \/>\n<\/strong><\/p>\n<p>A kutat\u00e1st a Magyar Tudom\u00e1nyos Akad\u00e9mia t\u00e1mogat\u00e1s\u00e1val, a Farmakol\u00f3giai \u00e9s Farmakoter\u00e1pi\u00e1s Int\u00e9zetben m\u0171k\u00f6d\u0151 kutat\u00f3csoport v\u00e9gzi, Dr. Varga Zolt\u00e1n vezet\u00e9s\u00e9vel. A projektben t\u00f6bb klinikai \u00e9s alapkutat\u00e1si partner is r\u00e9szt vesz, kardiol\u00f3giai, onkol\u00f3giai, immunol\u00f3giai \u00e9s farmakol\u00f3giai ter\u00fcletekr\u0151l.<\/p>\n<p><strong>Alkalmazott m\u00f3dszerek, eszk\u00f6z\u00f6k<\/strong><\/p>\n<p>A kutat\u00e1s sor\u00e1n modern molekul\u00e1ris \u00e9s sejtbiol\u00f3giai technik\u00e1kat alkalmazunk, bele\u00e9rtve a g\u00e9nexpresszi\u00f3s vizsg\u00e1latokat, proteomikai elemz\u00e9seket, in vitro \u00e9s in vivo modelleket, valamint klinikai mint\u00e1k elemz\u00e9s\u00e9t. E m\u00f3dszerek lehet\u0151v\u00e9 teszik a kardiotoxicit\u00e1s \u00e9s daganatk\u00e9pz\u0151d\u00e9s m\u00f6g\u00f6tti mechanizmusok r\u00e9szletes felt\u00e9rk\u00e9pez\u00e9s\u00e9t.<\/p>\n<p><strong>K\u00e9pek<\/strong><\/p>\n\r\n        [slb_exclude]\r\n        <div class=\"row galeria-wrapper mx-0 h-auto\">\r\n            <div class=\"col-9 pl-0 pr-2\">\r\n            <span class=\"gallery-item frame\">\r\n\t\t\t\t<div class=\"galeria-left-img\"><a href=\"https:\/\/semmelweis.hu\/pharmacology\/files\/2025\/10\/lend1-scaled.jpg\"><img src=https:\/\/semmelweis.hu\/pharmacology\/files\/2025\/10\/lend1-scaled.jpg  \r\n                            alt=\"\" \r\n                            class=\"attachment-sote-gallery-big size-sote-gallery-big\" \r\n                            srcset=\"https:\/\/semmelweis.hu\/pharmacology\/files\/2025\/10\/lend1-400x267.jpg 400w, https:\/\/semmelweis.hu\/pharmacology\/files\/2025\/10\/lend1-1024x683.jpg 1024w, https:\/\/semmelweis.hu\/pharmacology\/files\/2025\/10\/lend1-768x512.jpg 768w, https:\/\/semmelweis.hu\/pharmacology\/files\/2025\/10\/lend1-1536x1024.jpg 1536w, https:\/\/semmelweis.hu\/pharmacology\/files\/2025\/10\/lend1-2048x1366.jpg 2048w, https:\/\/semmelweis.hu\/pharmacology\/files\/2025\/10\/lend1-753x502.jpg 753w, https:\/\/semmelweis.hu\/pharmacology\/files\/2025\/10\/lend1-203x135.jpg 203w\" ><\/a><\/div>\r\n            <\/span>\r\n\r\n            <\/div>\r\n\r\n\t\t\t<div class=\"col-3 pl-0 pr-0\">\r\n\t\t\t\t<div class=\"galeria-right-img d-flex justify-content-between flex-column h-100 w-100 px-0 mx-0 \">\r\n                <div class=\"galeria-box\">\r\n\t\t\t\t\t<h3 class=\"galeria-title\">Gal\u00e9ria<\/h3>\r\n\t\t\t\t\t<div class=\"galeria-subtitle\">\r\n\r\n\t\t\t\t\t\t<div class=\"galeria-page-counter\"><span>3<\/span>k\u00e9p<\/div>\r\n                    <\/div> <\/div>\r\n                    <span class=\"gallery-item frame d-none d-md-flex\">\r\n\t\t\t\t\t<div class=\"galeria-small-img mt-0\"><a href=\"https:\/\/semmelweis.hu\/pharmacology\/files\/2025\/10\/lend2-scaled.jpg\"><img src=https:\/\/semmelweis.hu\/pharmacology\/files\/2025\/10\/lend2-scaled.jpg \r\n                                alt=\"\"  \r\n                                class=\"attachment-sote-gallery-small size-sote-gallery-small\" \r\n                                srcset=\"https:\/\/semmelweis.hu\/pharmacology\/files\/2025\/10\/lend2-400x267.jpg 400w, https:\/\/semmelweis.hu\/pharmacology\/files\/2025\/10\/lend2-1024x683.jpg 1024w, https:\/\/semmelweis.hu\/pharmacology\/files\/2025\/10\/lend2-768x512.jpg 768w, https:\/\/semmelweis.hu\/pharmacology\/files\/2025\/10\/lend2-1536x1024.jpg 1536w, https:\/\/semmelweis.hu\/pharmacology\/files\/2025\/10\/lend2-2048x1365.jpg 2048w, https:\/\/semmelweis.hu\/pharmacology\/files\/2025\/10\/lend2-753x502.jpg 753w, https:\/\/semmelweis.hu\/pharmacology\/files\/2025\/10\/lend2-203x135.jpg 203w\" ><\/a><\/div>\r\n                    <\/span>\r\n                    <span class=\"gallery-item frame d-none d-md-flex\">\r\n\t\t\t\t\t<div class=\"galeria-small-img mt-0\"><a href=\"https:\/\/semmelweis.hu\/pharmacology\/files\/2025\/10\/lend3-scaled.jpg\"><img src=https:\/\/semmelweis.hu\/pharmacology\/files\/2025\/10\/lend3-scaled.jpg \r\n                                alt=\"\" \r\n                                class=\"attachment-sote-gallery-small size-sote-gallery-small\" \r\n                                srcset=\"https:\/\/semmelweis.hu\/pharmacology\/files\/2025\/10\/lend3-267x400.jpg 267w, https:\/\/semmelweis.hu\/pharmacology\/files\/2025\/10\/lend3-683x1024.jpg 683w, https:\/\/semmelweis.hu\/pharmacology\/files\/2025\/10\/lend3-768x1152.jpg 768w, https:\/\/semmelweis.hu\/pharmacology\/files\/2025\/10\/lend3-1024x1536.jpg 1024w, https:\/\/semmelweis.hu\/pharmacology\/files\/2025\/10\/lend3-1365x2048.jpg 1365w, https:\/\/semmelweis.hu\/pharmacology\/files\/2025\/10\/lend3-753x1130.jpg 753w, https:\/\/semmelweis.hu\/pharmacology\/files\/2025\/10\/lend3-scaled.jpg 1707w\" ><\/a><\/div>\r\n                    <\/span>\r\n\r\n                <\/div>\r\n\r\n            <\/div>\r\n\r\n            \r\n            <\/div>\r\n\r\n            [\/slb_exclude]\r\n\t\n<p><strong>K\u00fcldet\u00e9s \u00e9s hasznosul\u00e1s<\/strong><\/p>\n<p>A projekt c\u00e9lja, hogy felt\u00e1rja a daganatellenes ter\u00e1pi\u00e1k sz\u00edvre gyakorolt k\u00e1ros hat\u00e1sait \u00e9s \u00faj kezel\u00e9si strat\u00e9gi\u00e1kat dolgozzon ki ezek megel\u0151z\u00e9s\u00e9re. A kutat\u00e1s hozz\u00e1j\u00e1rul a sz\u00edv- \u00e9s \u00e9rrendszeri betegs\u00e9gek \u00e9s daganatok hat\u00e9konyabb kezel\u00e9s\u00e9hez, \u00f6sszhangban az egyetem \u00e9s a MTA strat\u00e9giai c\u00e9ljaival, melyek a n\u00e9pbetegs\u00e9gek innovat\u00edv kutat\u00e1s\u00e1ra \u00e9s a transzl\u00e1ci\u00f3s medicina fejleszt\u00e9s\u00e9re ir\u00e1nyulnak.<\/p>\n","protected":false},"excerpt":{"rendered":"<p>Kardiol\u00f3giai \u00e9s onko-kardiol\u00f3giai betegs\u00e9gek molekul\u00e1ris mechanizmusa, valamint ter\u00e1pi\u00e1s \u00e9s diagnosztikai c\u00e9l\u00fa vizsg\u00e1lata \u00a0 P\u00e1ly\u00e1zat: Lend\u00fclet I. program (LP-2021-14) T\u00e1mogat\u00e1si \u00f6sszeg: 180.002.000 Ft (2021\u20132026) Id\u0151tartam: 2021. december 1. \u2013 2026. november 30. Vezet\u0151 kutat\u00f3: Dr. Varga Zolt\u00e1n &nbsp; Szakmai \u00f6sszefoglal\u00f3 A kardiol\u00f3giai \u00e9s onkol\u00f3giai betegs\u00e9gek k\u00f6z\u00f6tti kapcsolat egyre nagyobb figyelmet kap, k\u00fcl\u00f6n\u00f6sen az \u00faj immunter\u00e1pi\u00e1s daganatellenes &hellip;<\/p>\n","protected":false},"author":102427,"featured_media":0,"parent":15122,"menu_order":5,"comment_status":"closed","ping_status":"closed","template":"","meta":{"_acf_changed":false,"footnotes":""},"categories":[],"tags":[],"class_list":["post-15197","page","type-page","status-publish","hentry"],"acf":[],"_links":{"self":[{"href":"https:\/\/semmelweis.hu\/pharmacology\/wp-json\/wp\/v2\/pages\/15197","targetHints":{"allow":["GET"]}}],"collection":[{"href":"https:\/\/semmelweis.hu\/pharmacology\/wp-json\/wp\/v2\/pages"}],"about":[{"href":"https:\/\/semmelweis.hu\/pharmacology\/wp-json\/wp\/v2\/types\/page"}],"author":[{"embeddable":true,"href":"https:\/\/semmelweis.hu\/pharmacology\/wp-json\/wp\/v2\/users\/102427"}],"replies":[{"embeddable":true,"href":"https:\/\/semmelweis.hu\/pharmacology\/wp-json\/wp\/v2\/comments?post=15197"}],"version-history":[{"count":2,"href":"https:\/\/semmelweis.hu\/pharmacology\/wp-json\/wp\/v2\/pages\/15197\/revisions"}],"predecessor-version":[{"id":15202,"href":"https:\/\/semmelweis.hu\/pharmacology\/wp-json\/wp\/v2\/pages\/15197\/revisions\/15202"}],"up":[{"embeddable":true,"href":"https:\/\/semmelweis.hu\/pharmacology\/wp-json\/wp\/v2\/pages\/15122"}],"wp:attachment":[{"href":"https:\/\/semmelweis.hu\/pharmacology\/wp-json\/wp\/v2\/media?parent=15197"}],"wp:term":[{"taxonomy":"category","embeddable":true,"href":"https:\/\/semmelweis.hu\/pharmacology\/wp-json\/wp\/v2\/categories?post=15197"},{"taxonomy":"post_tag","embeddable":true,"href":"https:\/\/semmelweis.hu\/pharmacology\/wp-json\/wp\/v2\/tags?post=15197"}],"curies":[{"name":"wp","href":"https:\/\/api.w.org\/{rel}","templated":true}]}}