{"id":15157,"date":"2025-10-09T16:05:59","date_gmt":"2025-10-09T14:05:59","guid":{"rendered":"https:\/\/semmelweis.hu\/pharmacology\/?page_id=15157"},"modified":"2026-02-09T13:13:31","modified_gmt":"2026-02-09T12:13:31","slug":"microrna-therapy-development-for-cardiometabolic-and-oncological-diseases","status":"publish","type":"page","link":"https:\/\/semmelweis.hu\/pharmacology\/en\/research\/grants\/microrna-therapy-development-for-cardiometabolic-and-oncological-diseases\/","title":{"rendered":"MicroRNA therapy development for cardiometabolic and oncological diseases"},"content":{"rendered":"<div class=\"lead\" style=\"text-align: center\">MicroRNA therapy development for cardiometabolic and oncological diseases<\/div>\n<div>\u00a0<\/div>\n<table style=\"border-collapse: collapse;width: 100%\">\n<tbody>\n<tr>\n<td style=\"width: 50%\">Grant:<\/td>\n<td style=\"width: 50%\">Semmelweis Momentum Programme 2024<\/td>\n<\/tr>\n<tr>\n<td style=\"width: 50%\">Amount of support:<\/td>\n<td style=\"width: 50%\">50.000.000 Ft<\/td>\n<\/tr>\n<tr>\n<td style=\"width: 50%\">Duration:<\/td>\n<td style=\"width: 50%\">2024.07.15-2025.07.15<\/td>\n<\/tr>\n<tr>\n<td style=\"width: 50%\">Principal investigator:<\/td>\n<td style=\"width: 50%\">P\u00e9ter Ferdinandy, MD, PhD, DSc, MBA<\/td>\n<\/tr>\n<\/tbody>\n<\/table>\n<p>&nbsp;<\/p>\n<p><strong>Summary <\/strong><\/p>\n<p>The project aims to exploit the therapeutic potential of microRNAs in the treatment of cardiovascular diseases and malignancies. As post-transcriptional gene regulators, microRNAs target complex molecular targets and may provide the basis for effective cardioprotective and oncological therapies. The focus of research is on the discovery and development of ProtectomiRs, cardioprotective microRNA molecules that would be targeted to cells by chemical optimisation and extracellular vesicles. In addition, the identification of anti-tumour miRNA oligonucleotides by bioinformatics methods and the demonstration of their efficacy is a priority. An innovative element of the project is the use of machine learning to predict perturbations in the microRNA target network, which can help identify molecular targets for new drug candidates.<\/p>\n<p><strong>Participating leading researchers, collaboration partners, universities, companies <\/strong><\/p>\n<p>P\u00e9ter Ferdinandy, MD, PhD, DSc, MBA is Vice Rector for Science and Innovation at Semmelweis University, Senior Lecturer at the Institute of Pharmacology and Pharmacotherapy, and Doctor of the Hungarian Academy of Sciences. President of the Hungarian Society of Experimental and Clinical Pharmacology and founder of the Pharmahungary Group. He has been listed several times on the list of the world&#8217;s most influential scientists. His research group focuses on the identification of cardioprotective drug targets in ischemic heart disease, led by Anik\u00f3 G\u00f6rbe, MD, PhD, the role of extracellular vesicles in cardiometabolic diseases, and the role of Zolt\u00e1n Giricz, PharmD, PhD the study of inflammatory factors in cardiovascular and metabolic diseases led by Zolt\u00e1n Varga, MD, PhD, and the development of bioinformatics methods in the field of drug targets and pharmacovigilance with the expertise of Bence \u00c1gg, MD, PhD.<\/p>\n<p><strong>Applied methods and tools <\/strong><\/p>\n<p>The project will use a variety of modern tools and methods. These include a special computer software for the analysis of microRNAs, laboratory and animal studies, and the chemical analysis and development of drug molecules. The microRNAs are loaded into extracellular vesicles for targeted delivery to cells and verified by various molecular measurements. We are also developing computer programs that use artificial intelligence to predict the relationships between microRNAs and their targets. We evaluate the results using statistical methods to draw reliable and accurate conclusions.<\/p>\n<p><strong>Pictures<\/strong><\/p>\n\r\n        [slb_exclude]\r\n        <div class=\"row galeria-wrapper mx-0 h-auto\">\r\n            <div class=\"col-9 pl-0 pr-2\">\r\n            <span class=\"gallery-item frame\">\r\n\t\t\t\t<div class=\"galeria-left-img\"><a href=\"https:\/\/semmelweis.hu\/pharmacology\/files\/2025\/10\/bl1-scaled.jpg\"><img src=https:\/\/semmelweis.hu\/pharmacology\/files\/2025\/10\/bl1-scaled.jpg  \r\n                            alt=\"\" \r\n                            class=\"attachment-sote-gallery-big size-sote-gallery-big\" \r\n                            srcset=\"https:\/\/semmelweis.hu\/pharmacology\/files\/2025\/10\/bl1-400x267.jpg 400w, https:\/\/semmelweis.hu\/pharmacology\/files\/2025\/10\/bl1-1024x683.jpg 1024w, https:\/\/semmelweis.hu\/pharmacology\/files\/2025\/10\/bl1-768x512.jpg 768w, https:\/\/semmelweis.hu\/pharmacology\/files\/2025\/10\/bl1-1536x1024.jpg 1536w, https:\/\/semmelweis.hu\/pharmacology\/files\/2025\/10\/bl1-2048x1365.jpg 2048w, https:\/\/semmelweis.hu\/pharmacology\/files\/2025\/10\/bl1-753x502.jpg 753w, https:\/\/semmelweis.hu\/pharmacology\/files\/2025\/10\/bl1-203x135.jpg 203w\" ><\/a><\/div>\r\n            <\/span>\r\n\r\n            <\/div>\r\n\r\n\t\t\t<div class=\"col-3 pl-0 pr-0\">\r\n\t\t\t\t<div class=\"galeria-right-img d-flex justify-content-between flex-column h-100 w-100 px-0 mx-0 \">\r\n                <div class=\"galeria-box\">\r\n\t\t\t\t\t<h3 class=\"galeria-title\">Gal\u00e9ria<\/h3>\r\n\t\t\t\t\t<div class=\"galeria-subtitle\">\r\n\r\n\t\t\t\t\t\t<div class=\"galeria-page-counter\"><span>3<\/span>k\u00e9p<\/div>\r\n                    <\/div> <\/div>\r\n                    <span class=\"gallery-item frame d-none d-md-flex\">\r\n\t\t\t\t\t<div class=\"galeria-small-img mt-0\"><a href=\"https:\/\/semmelweis.hu\/pharmacology\/files\/2025\/10\/bl2-scaled.jpg\"><img src=https:\/\/semmelweis.hu\/pharmacology\/files\/2025\/10\/bl2-scaled.jpg \r\n                                alt=\"\"  \r\n                                class=\"attachment-sote-gallery-small size-sote-gallery-small\" \r\n                                srcset=\"https:\/\/semmelweis.hu\/pharmacology\/files\/2025\/10\/bl2-400x267.jpg 400w, https:\/\/semmelweis.hu\/pharmacology\/files\/2025\/10\/bl2-1024x683.jpg 1024w, https:\/\/semmelweis.hu\/pharmacology\/files\/2025\/10\/bl2-768x512.jpg 768w, https:\/\/semmelweis.hu\/pharmacology\/files\/2025\/10\/bl2-1536x1024.jpg 1536w, https:\/\/semmelweis.hu\/pharmacology\/files\/2025\/10\/bl2-2048x1365.jpg 2048w, https:\/\/semmelweis.hu\/pharmacology\/files\/2025\/10\/bl2-753x502.jpg 753w, https:\/\/semmelweis.hu\/pharmacology\/files\/2025\/10\/bl2-203x135.jpg 203w\" ><\/a><\/div>\r\n                    <\/span>\r\n                    <span class=\"gallery-item frame d-none d-md-flex\">\r\n\t\t\t\t\t<div class=\"galeria-small-img mt-0\"><a href=\"https:\/\/semmelweis.hu\/pharmacology\/files\/2025\/10\/bl3-scaled.jpg\"><img src=https:\/\/semmelweis.hu\/pharmacology\/files\/2025\/10\/bl3-scaled.jpg \r\n                                alt=\"\" \r\n                                class=\"attachment-sote-gallery-small size-sote-gallery-small\" \r\n                                srcset=\"https:\/\/semmelweis.hu\/pharmacology\/files\/2025\/10\/bl3-400x267.jpg 400w, https:\/\/semmelweis.hu\/pharmacology\/files\/2025\/10\/bl3-1024x683.jpg 1024w, https:\/\/semmelweis.hu\/pharmacology\/files\/2025\/10\/bl3-768x512.jpg 768w, https:\/\/semmelweis.hu\/pharmacology\/files\/2025\/10\/bl3-1536x1024.jpg 1536w, https:\/\/semmelweis.hu\/pharmacology\/files\/2025\/10\/bl3-2048x1365.jpg 2048w, https:\/\/semmelweis.hu\/pharmacology\/files\/2025\/10\/bl3-753x502.jpg 753w, https:\/\/semmelweis.hu\/pharmacology\/files\/2025\/10\/bl3-203x135.jpg 203w\" ><\/a><\/div>\r\n                    <\/span>\r\n\r\n                <\/div>\r\n\r\n            <\/div>\r\n\r\n            \r\n            <\/div>\r\n\r\n            [\/slb_exclude]\r\n\t\n<p><strong>Mission and benefits<\/strong><\/p>\n<p>Our research aims to develop new microRNA-based drugs to treat heart disease and cancer more effectively. These innovative therapies could help us better understand how diseases work and enable more personalized treatment. Our work fits in with the University&#8217;s goals of supporting scientific advances, innovation and contributing to better healthcare, while strengthening international collaborations.<\/p>\n","protected":false},"excerpt":{"rendered":"<p>MicroRNA therapy development for cardiometabolic and oncological diseases \u00a0 Grant: Semmelweis Momentum Programme 2024 Amount of support: 50.000.000 Ft Duration: 2024.07.15-2025.07.15 Principal investigator: P\u00e9ter Ferdinandy, MD, PhD, DSc, MBA &nbsp; Summary The project aims to exploit the therapeutic potential of microRNAs in the treatment of cardiovascular diseases and malignancies. As post-transcriptional gene regulators, microRNAs target &hellip;<\/p>\n","protected":false},"author":102427,"featured_media":0,"parent":15124,"menu_order":3,"comment_status":"closed","ping_status":"closed","template":"","meta":{"_acf_changed":false,"footnotes":""},"categories":[],"tags":[],"class_list":["post-15157","page","type-page","status-publish","hentry"],"acf":[],"_links":{"self":[{"href":"https:\/\/semmelweis.hu\/pharmacology\/wp-json\/wp\/v2\/pages\/15157","targetHints":{"allow":["GET"]}}],"collection":[{"href":"https:\/\/semmelweis.hu\/pharmacology\/wp-json\/wp\/v2\/pages"}],"about":[{"href":"https:\/\/semmelweis.hu\/pharmacology\/wp-json\/wp\/v2\/types\/page"}],"author":[{"embeddable":true,"href":"https:\/\/semmelweis.hu\/pharmacology\/wp-json\/wp\/v2\/users\/102427"}],"replies":[{"embeddable":true,"href":"https:\/\/semmelweis.hu\/pharmacology\/wp-json\/wp\/v2\/comments?post=15157"}],"version-history":[{"count":3,"href":"https:\/\/semmelweis.hu\/pharmacology\/wp-json\/wp\/v2\/pages\/15157\/revisions"}],"predecessor-version":[{"id":15193,"href":"https:\/\/semmelweis.hu\/pharmacology\/wp-json\/wp\/v2\/pages\/15157\/revisions\/15193"}],"up":[{"embeddable":true,"href":"https:\/\/semmelweis.hu\/pharmacology\/wp-json\/wp\/v2\/pages\/15124"}],"wp:attachment":[{"href":"https:\/\/semmelweis.hu\/pharmacology\/wp-json\/wp\/v2\/media?parent=15157"}],"wp:term":[{"taxonomy":"category","embeddable":true,"href":"https:\/\/semmelweis.hu\/pharmacology\/wp-json\/wp\/v2\/categories?post=15157"},{"taxonomy":"post_tag","embeddable":true,"href":"https:\/\/semmelweis.hu\/pharmacology\/wp-json\/wp\/v2\/tags?post=15157"}],"curies":[{"name":"wp","href":"https:\/\/api.w.org\/{rel}","templated":true}]}}