{"id":15155,"date":"2025-10-09T16:04:42","date_gmt":"2025-10-09T14:04:42","guid":{"rendered":"https:\/\/semmelweis.hu\/pharmacology\/?page_id=15155"},"modified":"2026-02-09T12:49:37","modified_gmt":"2026-02-09T11:49:37","slug":"mikrorns-terapia-fejlesztes-kardiometabolikus-es-onkologiai-megbetegedesek-eseten","status":"publish","type":"page","link":"https:\/\/semmelweis.hu\/pharmacology\/kutatas\/palyazatok\/mikrorns-terapia-fejlesztes-kardiometabolikus-es-onkologiai-megbetegedesek-eseten\/","title":{"rendered":"MikroRNS ter\u00e1pia fejleszt\u00e9s kardiometabolikus \u00e9s onkol\u00f3giai megbeteged\u00e9sek eset\u00e9n"},"content":{"rendered":"<div class=\"lead\" style=\"text-align: center\">MikroRNS ter\u00e1pia fejleszt\u00e9s kardiometabolikus \u00e9s onkol\u00f3giai megbeteged\u00e9sek eset\u00e9n<\/div>\n<div>\u00a0<\/div>\n<table style=\"border-collapse: collapse;width: 100%\">\n<tbody>\n<tr>\n<td style=\"width: 50%\">P\u00e1ly\u00e1zat:<\/td>\n<td style=\"width: 50%\">Semmelweis Lend\u00fclet Program 2024<\/td>\n<\/tr>\n<tr>\n<td style=\"width: 50%\">T\u00e1mogat\u00e1si \u00f6sszeg:<\/td>\n<td style=\"width: 50%\">50.000.000 Ft<\/td>\n<\/tr>\n<tr>\n<td style=\"width: 50%\">Id\u0151tartam:<\/td>\n<td style=\"width: 50%\">2024.07.15-2025.07.15<\/td>\n<\/tr>\n<tr>\n<td style=\"width: 50%\">Vezet\u0151 kutat\u00f3:<\/td>\n<td style=\"width: 50%\">Prof. Dr. Ferdinandy P\u00e9ter<\/td>\n<\/tr>\n<\/tbody>\n<\/table>\n<p>&nbsp;<\/p>\n<p><strong>Szakmai \u00f6sszefoglal\u00f3 <\/strong><\/p>\n<p>A projekt c\u00e9lja a mikroRNS-ek ter\u00e1pi\u00e1s potenci\u00e1lj\u00e1nak kihaszn\u00e1l\u00e1sa sz\u00edv- \u00e9s \u00e9rrendszeri betegs\u00e9gek, valamint rosszindulat\u00fa daganatok kezel\u00e9s\u00e9ben. A mikroRNS-ek poszttranszkripci\u00f3s g\u00e9nszab\u00e1lyoz\u00f3k\u00e9nt komplex molekul\u00e1ris c\u00e9lpontokat \u00e9rintenek, \u00edgy hat\u00e9kony kardioprotekt\u00edv \u00e9s onkol\u00f3giai ter\u00e1pi\u00e1k alapj\u00e1t k\u00e9pezhetik. A kutat\u00e1s f\u00f3kusz\u00e1ban a ProtectomiR-ek, azaz kardioprotekt\u00edv mikroRNS molekul\u00e1k felfedez\u00e9se \u00e9s fejleszt\u00e9se \u00e1ll, melyeket k\u00e9miai optimaliz\u00e1l\u00e1ssal \u00e9s extracellul\u00e1ris vezikul\u00e1k seg\u00edts\u00e9g\u00e9vel c\u00e9lzottan juttatn\u00e1nak el a sejtekhez. Emellett daganat ellenes miRNS oligonukleotidok azonos\u00edt\u00e1sa bioinformatikai m\u00f3dszerekkel, valamint hat\u00e1soss\u00e1guk igazol\u00e1sa is kiemelt feladat. A projekt innovat\u00edv eleme a g\u00e9pi tanul\u00e1s alkalmaz\u00e1sa a mikroRNS-target h\u00e1l\u00f3zat perturb\u00e1ci\u00f3inak el\u0151rejelz\u00e9s\u00e9re, amely el\u0151seg\u00edtheti \u00faj gy\u00f3gyszerjel\u00f6ltek molekul\u00e1ris c\u00e9lpontjainak azonos\u00edt\u00e1s\u00e1t.<\/p>\n<p><strong>R\u00e9sztvev\u0151 kiemelt kutat\u00f3k, kollabor\u00e1ci\u00f3s partnerek, egyetemek, c\u00e9gek<\/strong><\/p>\n<p>Dr. Ferdinandy P\u00e9ter a Semmelweis Egyetem tudom\u00e1nyos \u00e9s innov\u00e1ci\u00f3s rektorhelyettese, a Farmakol\u00f3giai \u00e9s Farmakoter\u00e1pi\u00e1s Int\u00e9zet vezet\u0151 egyetemi tan\u00e1ra, valamint a Magyar Tudom\u00e1nyos Akad\u00e9mia doktora. A Magyar K\u00eds\u00e9rletes \u00e9s Klinikai Farmakol\u00f3giai T\u00e1rsas\u00e1g eln\u00f6ke \u00e9s a Pharmahungary c\u00e9gcsoport alap\u00edt\u00f3ja. T\u00f6bbsz\u00f6r szerepelt a vil\u00e1g legbefoly\u00e1sosabb tud\u00f3sainak list\u00e1j\u00e1n. Kutat\u00f3csoportja kiemelt ter\u00fcletei k\u00f6z\u00e9 tartozik az iszk\u00e9mi\u00e1s sz\u00edvbetegs\u00e9g kardioprotekt\u00edv gy\u00f3gyszerc\u00e9lpontjainak azonos\u00edt\u00e1sa, amelyet Dr. G\u00f6rbe Anik\u00f3 vezet, az extracellul\u00e1ris vezikul\u00e1k szerep\u00e9nek vizsg\u00e1lata kardiometabolikus betegs\u00e9gekben Dr. Giricz Zolt\u00e1n ir\u00e1ny\u00edt\u00e1s\u00e1val, a gyullad\u00e1sos faktorok vizsg\u00e1lata kardiovaszkul\u00e1ris \u00e9s metabolikus betegs\u00e9gekben Dr. Varga Zolt\u00e1n vezet\u00e9s\u00e9vel, valamint a bioinformatikai m\u00f3dszerek fejleszt\u00e9se a gy\u00f3gyszerc\u00e9lpontok \u00e9s farmakovigilancia ter\u00fclet\u00e9n Dr. \u00c1gg Bence szak\u00e9rtelm\u00e9vel.<\/p>\n<p><strong>Alkalmazott m\u00f3dszerek, eszk\u00f6z\u00f6k <\/strong><\/p>\n<p>A projektben k\u00fcl\u00f6nf\u00e9le modern eszk\u00f6z\u00f6ket \u00e9s m\u00f3dszereket haszn\u00e1lunk. Ezek k\u00f6z\u00e9 tartozik egy speci\u00e1lis sz\u00e1m\u00edt\u00f3g\u00e9pes szoftver a mikroRNS-ek elemz\u00e9s\u00e9re, laborat\u00f3riumi \u00e9s \u00e1llatk\u00eds\u00e9rletes vizsg\u00e1latok, valamint a gy\u00f3gyszermolekul\u00e1k k\u00e9miai vizsg\u00e1lata \u00e9s fejleszt\u00e9se. Emellett sz\u00e1m\u00edt\u00f3g\u00e9pes programokat fejleszt\u00fcnk, amelyek mesters\u00e9ges intelligenci\u00e1t haszn\u00e1lnak a mikroRNS-ek \u00e9s c\u00e9lpontjaik k\u00f6z\u00f6tti kapcsolatok el\u0151rejelz\u00e9s\u00e9re. Az eredm\u00e9nyeket statisztikai m\u00f3dszerekkel \u00e9rt\u00e9kelj\u00fck, hogy megb\u00edzhat\u00f3 \u00e9s pontos k\u00f6vetkeztet\u00e9seket vonhassunk le a kutat\u00e1s sor\u00e1n.<\/p>\n<p><strong>K\u00e9pek<\/strong><\/p>\n\r\n        [slb_exclude]\r\n        <div class=\"row galeria-wrapper mx-0 h-auto\">\r\n            <div class=\"col-9 pl-0 pr-2\">\r\n            <span class=\"gallery-item frame\">\r\n\t\t\t\t<div class=\"galeria-left-img\"><a href=\"https:\/\/semmelweis.hu\/pharmacology\/files\/2025\/10\/bl1-scaled.jpg\"><img src=https:\/\/semmelweis.hu\/pharmacology\/files\/2025\/10\/bl1-scaled.jpg  \r\n                            alt=\"\" \r\n                            class=\"attachment-sote-gallery-big size-sote-gallery-big\" \r\n                            srcset=\"https:\/\/semmelweis.hu\/pharmacology\/files\/2025\/10\/bl1-400x267.jpg 400w, https:\/\/semmelweis.hu\/pharmacology\/files\/2025\/10\/bl1-1024x683.jpg 1024w, https:\/\/semmelweis.hu\/pharmacology\/files\/2025\/10\/bl1-768x512.jpg 768w, https:\/\/semmelweis.hu\/pharmacology\/files\/2025\/10\/bl1-1536x1024.jpg 1536w, https:\/\/semmelweis.hu\/pharmacology\/files\/2025\/10\/bl1-2048x1365.jpg 2048w, https:\/\/semmelweis.hu\/pharmacology\/files\/2025\/10\/bl1-753x502.jpg 753w, https:\/\/semmelweis.hu\/pharmacology\/files\/2025\/10\/bl1-203x135.jpg 203w\" ><\/a><\/div>\r\n            <\/span>\r\n\r\n            <\/div>\r\n\r\n\t\t\t<div class=\"col-3 pl-0 pr-0\">\r\n\t\t\t\t<div class=\"galeria-right-img d-flex justify-content-between flex-column h-100 w-100 px-0 mx-0 \">\r\n                <div class=\"galeria-box\">\r\n\t\t\t\t\t<h3 class=\"galeria-title\">Gal\u00e9ria<\/h3>\r\n\t\t\t\t\t<div class=\"galeria-subtitle\">\r\n\r\n\t\t\t\t\t\t<div class=\"galeria-page-counter\"><span>3<\/span>k\u00e9p<\/div>\r\n                    <\/div> <\/div>\r\n                    <span class=\"gallery-item frame d-none d-md-flex\">\r\n\t\t\t\t\t<div class=\"galeria-small-img mt-0\"><a href=\"https:\/\/semmelweis.hu\/pharmacology\/files\/2025\/10\/bl2-scaled.jpg\"><img src=https:\/\/semmelweis.hu\/pharmacology\/files\/2025\/10\/bl2-scaled.jpg \r\n                                alt=\"\"  \r\n                                class=\"attachment-sote-gallery-small size-sote-gallery-small\" \r\n                                srcset=\"https:\/\/semmelweis.hu\/pharmacology\/files\/2025\/10\/bl2-400x267.jpg 400w, https:\/\/semmelweis.hu\/pharmacology\/files\/2025\/10\/bl2-1024x683.jpg 1024w, https:\/\/semmelweis.hu\/pharmacology\/files\/2025\/10\/bl2-768x512.jpg 768w, https:\/\/semmelweis.hu\/pharmacology\/files\/2025\/10\/bl2-1536x1024.jpg 1536w, https:\/\/semmelweis.hu\/pharmacology\/files\/2025\/10\/bl2-2048x1365.jpg 2048w, https:\/\/semmelweis.hu\/pharmacology\/files\/2025\/10\/bl2-753x502.jpg 753w, https:\/\/semmelweis.hu\/pharmacology\/files\/2025\/10\/bl2-203x135.jpg 203w\" ><\/a><\/div>\r\n                    <\/span>\r\n                    <span class=\"gallery-item frame d-none d-md-flex\">\r\n\t\t\t\t\t<div class=\"galeria-small-img mt-0\"><a href=\"https:\/\/semmelweis.hu\/pharmacology\/files\/2025\/10\/bl3-scaled.jpg\"><img src=https:\/\/semmelweis.hu\/pharmacology\/files\/2025\/10\/bl3-scaled.jpg \r\n                                alt=\"\" \r\n                                class=\"attachment-sote-gallery-small size-sote-gallery-small\" \r\n                                srcset=\"https:\/\/semmelweis.hu\/pharmacology\/files\/2025\/10\/bl3-400x267.jpg 400w, https:\/\/semmelweis.hu\/pharmacology\/files\/2025\/10\/bl3-1024x683.jpg 1024w, https:\/\/semmelweis.hu\/pharmacology\/files\/2025\/10\/bl3-768x512.jpg 768w, https:\/\/semmelweis.hu\/pharmacology\/files\/2025\/10\/bl3-1536x1024.jpg 1536w, https:\/\/semmelweis.hu\/pharmacology\/files\/2025\/10\/bl3-2048x1365.jpg 2048w, https:\/\/semmelweis.hu\/pharmacology\/files\/2025\/10\/bl3-753x502.jpg 753w, https:\/\/semmelweis.hu\/pharmacology\/files\/2025\/10\/bl3-203x135.jpg 203w\" ><\/a><\/div>\r\n                    <\/span>\r\n\r\n                <\/div>\r\n\r\n            <\/div>\r\n\r\n            \r\n            <\/div>\r\n\r\n            [\/slb_exclude]\r\n\t\n<p><strong>K\u00fcldet\u00e9s \u00e9s hasznosul\u00e1s<\/strong><\/p>\n<p>Kutat\u00e1sunk c\u00e9lja, hogy \u00faj mikroRNS-alap\u00fa gy\u00f3gyszereket fejlessz\u00fcnk ki a sz\u00edvbetegs\u00e9gek \u00e9s a r\u00e1k hat\u00e9konyabb kezel\u00e9s\u00e9re. Ezek az innovat\u00edv ter\u00e1pi\u00e1k seg\u00edthetnek jobban meg\u00e9rteni a betegs\u00e9gek m\u0171k\u00f6d\u00e9s\u00e9t, \u00e9s szem\u00e9lyre szabottabb kezel\u00e9st tesznek lehet\u0151v\u00e9. Munk\u00e1nk illeszkedik az egyetem c\u00e9ljaihoz, hiszen t\u00e1mogatja a tudom\u00e1nyos fejl\u0151d\u00e9st, az \u00faj\u00edt\u00e1sokat, \u00e9s hozz\u00e1j\u00e1rul az eg\u00e9szs\u00e9g\u00fcgy jobb\u00e1 t\u00e9tel\u00e9hez, mik\u00f6zben er\u0151s\u00edti a nemzetk\u00f6zi egy\u00fcttm\u0171k\u00f6d\u00e9seket is.<\/p>\n","protected":false},"excerpt":{"rendered":"<p>MikroRNS ter\u00e1pia fejleszt\u00e9s kardiometabolikus \u00e9s onkol\u00f3giai megbeteged\u00e9sek eset\u00e9n \u00a0 P\u00e1ly\u00e1zat: Semmelweis Lend\u00fclet Program 2024 T\u00e1mogat\u00e1si \u00f6sszeg: 50.000.000 Ft Id\u0151tartam: 2024.07.15-2025.07.15 Vezet\u0151 kutat\u00f3: Prof. Dr. Ferdinandy P\u00e9ter &nbsp; Szakmai \u00f6sszefoglal\u00f3 A projekt c\u00e9lja a mikroRNS-ek ter\u00e1pi\u00e1s potenci\u00e1lj\u00e1nak kihaszn\u00e1l\u00e1sa sz\u00edv- \u00e9s \u00e9rrendszeri betegs\u00e9gek, valamint rosszindulat\u00fa daganatok kezel\u00e9s\u00e9ben. A mikroRNS-ek poszttranszkripci\u00f3s g\u00e9nszab\u00e1lyoz\u00f3k\u00e9nt komplex molekul\u00e1ris c\u00e9lpontokat \u00e9rintenek, \u00edgy hat\u00e9kony &hellip;<\/p>\n","protected":false},"author":102427,"featured_media":0,"parent":15122,"menu_order":3,"comment_status":"closed","ping_status":"closed","template":"","meta":{"_acf_changed":false,"footnotes":""},"categories":[],"tags":[],"class_list":["post-15155","page","type-page","status-publish","hentry"],"acf":[],"_links":{"self":[{"href":"https:\/\/semmelweis.hu\/pharmacology\/wp-json\/wp\/v2\/pages\/15155","targetHints":{"allow":["GET"]}}],"collection":[{"href":"https:\/\/semmelweis.hu\/pharmacology\/wp-json\/wp\/v2\/pages"}],"about":[{"href":"https:\/\/semmelweis.hu\/pharmacology\/wp-json\/wp\/v2\/types\/page"}],"author":[{"embeddable":true,"href":"https:\/\/semmelweis.hu\/pharmacology\/wp-json\/wp\/v2\/users\/102427"}],"replies":[{"embeddable":true,"href":"https:\/\/semmelweis.hu\/pharmacology\/wp-json\/wp\/v2\/comments?post=15155"}],"version-history":[{"count":2,"href":"https:\/\/semmelweis.hu\/pharmacology\/wp-json\/wp\/v2\/pages\/15155\/revisions"}],"predecessor-version":[{"id":15192,"href":"https:\/\/semmelweis.hu\/pharmacology\/wp-json\/wp\/v2\/pages\/15155\/revisions\/15192"}],"up":[{"embeddable":true,"href":"https:\/\/semmelweis.hu\/pharmacology\/wp-json\/wp\/v2\/pages\/15122"}],"wp:attachment":[{"href":"https:\/\/semmelweis.hu\/pharmacology\/wp-json\/wp\/v2\/media?parent=15155"}],"wp:term":[{"taxonomy":"category","embeddable":true,"href":"https:\/\/semmelweis.hu\/pharmacology\/wp-json\/wp\/v2\/categories?post=15155"},{"taxonomy":"post_tag","embeddable":true,"href":"https:\/\/semmelweis.hu\/pharmacology\/wp-json\/wp\/v2\/tags?post=15155"}],"curies":[{"name":"wp","href":"https:\/\/api.w.org\/{rel}","templated":true}]}}