{"id":15150,"date":"2025-10-09T16:00:06","date_gmt":"2025-10-09T14:00:06","guid":{"rendered":"https:\/\/semmelweis.hu\/pharmacology\/?page_id=15150"},"modified":"2026-02-09T12:49:37","modified_gmt":"2026-02-09T11:49:37","slug":"egy-ai-alapu-gyogyszerkutatasi-platform-kifejlesztese-mikrorns-terapia-a-kardiometabolikus-es-onkologiai-betegsegek-eseteben","status":"publish","type":"page","link":"https:\/\/semmelweis.hu\/pharmacology\/kutatas\/palyazatok\/egy-ai-alapu-gyogyszerkutatasi-platform-kifejlesztese-mikrorns-terapia-a-kardiometabolikus-es-onkologiai-betegsegek-eseteben\/","title":{"rendered":"Egy AI-alap\u00fa gy\u00f3gyszerkutat\u00e1si platform kifejleszt\u00e9se: mikroRNS-ter\u00e1pia a kardiometabolikus \u00e9s onkol\u00f3giai betegs\u00e9gek eset\u00e9ben"},"content":{"rendered":"<div class=\"lead\" style=\"text-align: center\">Egy AI-alap\u00fa gy\u00f3gyszerkutat\u00e1si platform kifejleszt\u00e9se: mikroRNS-ter\u00e1pia a kardiometabolikus \u00e9s onkol\u00f3giai betegs\u00e9gek eset\u00e9ben<\/div>\n<div>\u00a0<\/div>\n<table style=\"border-collapse: collapse;width: 100%\">\n<tbody>\n<tr>\n<td style=\"width: 50%\">P\u00e1ly\u00e1zat:<\/td>\n<td style=\"width: 50%\">2024-1.2.3-HU-RIZONT &#8211; HU-RIZONT NEMZETK\u00d6ZI KIV\u00c1L\u00d3S\u00c1GI KUTAT\u00c1SI EGY\u00dcTTM\u0170K\u00d6D\u00c9SI PROGRAM<\/td>\n<\/tr>\n<tr>\n<td style=\"width: 50%\">T\u00e1mogat\u00e1si \u00f6sszeg:<\/td>\n<td style=\"width: 50%\">400.000.000 Ft<\/td>\n<\/tr>\n<tr>\n<td style=\"width: 50%\">Id\u0151tartam:<\/td>\n<td style=\"width: 50%\">2025.03.01-2028.02.29<\/td>\n<\/tr>\n<tr>\n<td style=\"width: 50%\">Vezet\u0151 kutat\u00f3:<\/td>\n<td style=\"width: 50%\">Prof. Dr. Ferdinandy P\u00e9ter<\/td>\n<\/tr>\n<\/tbody>\n<\/table>\n<p>&nbsp;<\/p>\n<p><strong>Szakmai \u00f6sszefoglal\u00f3 <\/strong><\/p>\n<p>A projekt c\u00e9lja, hogy \u00faj, hat\u00e9kony kezel\u00e9seket fejlesszen ki az iszk\u00e9mi\u00e1s sz\u00edvbetegs\u00e9gek, p\u00e9ld\u00e1ul a sz\u00edvinfarktus \u00e9s az azt k\u00f6vet\u0151 sz\u00edvel\u00e9gtelens\u00e9g, valamint k\u00fcl\u00f6nb\u00f6z\u0151 r\u00e1kos megbeteged\u00e9sek sz\u00e1m\u00e1ra. A kutat\u00e1s a mikroRNS-ekre (miRNS), olyan kis m\u00e9ret\u0171 molekul\u00e1kra f\u00f3kusz\u00e1l, amelyek egyszerre t\u00f6bb g\u00e9nt k\u00e9pesek szab\u00e1lyozni, \u00e9s \u00edgy \u00f6sszetett betegs\u00e9gek kezel\u00e9s\u00e9ben \u00edg\u00e9retesek lehetnek. Ezeket a molekul\u00e1kat ProtectomiR-eknek nevezz\u00fck, amelyek k\u00fcl\u00f6n\u00f6sen a sz\u00edv v\u00e9delm\u00e9ben j\u00e1tszhatnak fontos szerepet. Emellett \u00faj r\u00e1kellenes miRNS-ek, az AntitumiR-ek felfedez\u00e9s\u00e9re is t\u00f6reksz\u00fcnk, mesters\u00e9ges intelligencia seg\u00edts\u00e9g\u00e9vel. A projekt sor\u00e1n optimaliz\u00e1ljuk ezeknek a molekul\u00e1knak a k\u00e9miai szerkezet\u00e9t \u00e9s c\u00e9lzott eljuttat\u00e1s\u00e1t a sejtekhez pl. extracellul\u00e1ris vezikul\u00e1k seg\u00edts\u00e9g\u00e9vel. Emellett egy speci\u00e1lis szoftvert fejleszt\u00fcnk, amely t\u00e1mogatja a mikroRNS-alap\u00fa gy\u00f3gyszerek kutat\u00e1s\u00e1t, el\u0151seg\u00edtve ezzel \u00faj, hat\u00e9kony ter\u00e1pi\u00e1k kifejleszt\u00e9s\u00e9t a k\u00e9s\u0151i preklinikai f\u00e1zisokig.<\/p>\n<p><strong>R\u00e9sztvev\u0151 kiemelt kutat\u00f3k, kollabor\u00e1ci\u00f3s partnerek, egyetemek, c\u00e9gek <\/strong><\/p>\n<p>Dr. Ferdinandy P\u00e9ter a Semmelweis Egyetem tudom\u00e1nyos \u00e9s innov\u00e1ci\u00f3s rektorhelyettese, a Farmakol\u00f3giai \u00e9s Farmakoter\u00e1pi\u00e1s Int\u00e9zet vezet\u0151 egyetemi tan\u00e1ra, valamint a Magyar Tudom\u00e1nyos Akad\u00e9mia doktora. A Magyar K\u00eds\u00e9rletes \u00e9s Klinikai Farmakol\u00f3giai T\u00e1rsas\u00e1g eln\u00f6ke \u00e9s a Pharmahungary c\u00e9gcsoport alap\u00edt\u00f3ja. T\u00f6bbsz\u00f6r szerepelt a vil\u00e1g legbefoly\u00e1sosabb tud\u00f3sainak list\u00e1j\u00e1n. Kutat\u00f3csoportja kiemelt ter\u00fcletei k\u00f6z\u00e9 tartozik az iszk\u00e9mi\u00e1s sz\u00edvbetegs\u00e9g kardioprotekt\u00edv gy\u00f3gyszerc\u00e9lpontjainak azonos\u00edt\u00e1sa, amelyet Dr. G\u00f6rbe Anik\u00f3 vezet, emellett a miRNS-alap\u00fa ter\u00e1pi\u00e1k \u00e9s prec\u00edzi\u00f3s onkol\u00f3giai vizsg\u00e1latok szak\u00e9rt\u0151je is. Prof. Rainer Schulz vezet\u0151 szerepet t\u00f6lt be a sz\u00edvizom iszk\u00e9mi\u00e1s\/reperf\u00fazi\u00f3s k\u00e1rosod\u00e1s\u00e1nak kutat\u00e1s\u00e1ban, k\u00fcl\u00f6n\u00f6s tekintettel a mitokondri\u00e1lis reakt\u00edv oxig\u00e9nfajokra \u00e9s \u00faj kezel\u00e9si strat\u00e9gi\u00e1kra. T\u00f6bb mint 470 publik\u00e1ci\u00f3ja \u00e9s magas h-indexe (98) nemzetk\u00f6zi elismer\u00e9st t\u00fckr\u00f6z. Prof. Manuel Mayr jelent\u0151s hozz\u00e1j\u00e1rul\u00e1st tett a kardiovaszkul\u00e1ris mikroRNS-kutat\u00e1shoz \u00e9s proteomikai elemz\u00e9sekhez, amelyek seg\u00edtik a miRNS-c\u00e9lpontok azonos\u00edt\u00e1s\u00e1t. T\u00f6bb mint 270 cikk szerz\u0151je, h-indexe 102.<\/p>\n<p><strong>Alkalmazott m\u00f3dszerek, eszk\u00f6z\u00f6k<\/strong><\/p>\n<p>A kutat\u00e1s sor\u00e1n transzkriptomikai h\u00e1l\u00f3zatokat elemz\u00fcnk, \u00e9s preklinikai <em>in silico, in vitro<\/em>, valamint in vivo vizsg\u00e1latokat v\u00e9gz\u00fcnk kis\u00e1llatmodelleken. A ter\u00e1pi\u00e1s miRNS-ek c\u00e9lzott sz\u00e1ll\u00edt\u00e1s\u00e1t extracellul\u00e1ris vezikul\u00e1k (EV) seg\u00edts\u00e9g\u00e9vel optimaliz\u00e1ljuk. Emellett bioinformatikai \u00e9s g\u00e9pi tanul\u00e1si algoritmusokat alkalmazunk \u00faj, kardioprotekt\u00edv ProtectomiR-ek \u00e9s r\u00e1kellenes AntitumiR-ek azonos\u00edt\u00e1s\u00e1ra \u00e9s fejleszt\u00e9s\u00e9re. A miRNS hat\u00f3anyag-kutat\u00f3 szoftver (miRNAI) fejleszt\u00e9se t\u00e1mogatja a gy\u00f3gyszerkutat\u00e1st h\u00e1l\u00f3zatdinamikai \u00e9s g\u00e9pi tanul\u00e1si m\u00f3dszerekkel.<\/p>\n<p><strong>K\u00e9pek<\/strong><\/p>\n\r\n        [slb_exclude]\r\n        <div class=\"row galeria-wrapper mx-0 h-auto\">\r\n            <div class=\"col-9 pl-0 pr-2\">\r\n            <span class=\"gallery-item frame\">\r\n\t\t\t\t<div class=\"galeria-left-img\"><a href=\"https:\/\/semmelweis.hu\/pharmacology\/files\/2025\/10\/hr1-scaled.jpg\"><img src=https:\/\/semmelweis.hu\/pharmacology\/files\/2025\/10\/hr1-scaled.jpg  \r\n                            alt=\"\" \r\n                            class=\"attachment-sote-gallery-big size-sote-gallery-big\" \r\n                            srcset=\"https:\/\/semmelweis.hu\/pharmacology\/files\/2025\/10\/hr1-400x267.jpg 400w, https:\/\/semmelweis.hu\/pharmacology\/files\/2025\/10\/hr1-1024x683.jpg 1024w, https:\/\/semmelweis.hu\/pharmacology\/files\/2025\/10\/hr1-768x512.jpg 768w, https:\/\/semmelweis.hu\/pharmacology\/files\/2025\/10\/hr1-1536x1024.jpg 1536w, https:\/\/semmelweis.hu\/pharmacology\/files\/2025\/10\/hr1-2048x1365.jpg 2048w, https:\/\/semmelweis.hu\/pharmacology\/files\/2025\/10\/hr1-753x502.jpg 753w, https:\/\/semmelweis.hu\/pharmacology\/files\/2025\/10\/hr1-203x135.jpg 203w\" ><\/a><\/div>\r\n            <\/span>\r\n\r\n            <\/div>\r\n\r\n\t\t\t<div class=\"col-3 pl-0 pr-0\">\r\n\t\t\t\t<div class=\"galeria-right-img d-flex justify-content-between flex-column h-100 w-100 px-0 mx-0 \">\r\n                <div class=\"galeria-box\">\r\n\t\t\t\t\t<h3 class=\"galeria-title\">Gal\u00e9ria<\/h3>\r\n\t\t\t\t\t<div class=\"galeria-subtitle\">\r\n\r\n\t\t\t\t\t\t<div class=\"galeria-page-counter\"><span>3<\/span>k\u00e9p<\/div>\r\n                    <\/div> <\/div>\r\n                    <span class=\"gallery-item frame d-none d-md-flex\">\r\n\t\t\t\t\t<div class=\"galeria-small-img mt-0\"><a href=\"https:\/\/semmelweis.hu\/pharmacology\/files\/2025\/10\/hr2-scaled.jpg\"><img src=https:\/\/semmelweis.hu\/pharmacology\/files\/2025\/10\/hr2-scaled.jpg \r\n                                alt=\"\"  \r\n                                class=\"attachment-sote-gallery-small size-sote-gallery-small\" \r\n                                srcset=\"https:\/\/semmelweis.hu\/pharmacology\/files\/2025\/10\/hr2-400x267.jpg 400w, https:\/\/semmelweis.hu\/pharmacology\/files\/2025\/10\/hr2-1024x683.jpg 1024w, https:\/\/semmelweis.hu\/pharmacology\/files\/2025\/10\/hr2-768x512.jpg 768w, https:\/\/semmelweis.hu\/pharmacology\/files\/2025\/10\/hr2-1536x1024.jpg 1536w, https:\/\/semmelweis.hu\/pharmacology\/files\/2025\/10\/hr2-2048x1365.jpg 2048w, https:\/\/semmelweis.hu\/pharmacology\/files\/2025\/10\/hr2-753x502.jpg 753w, https:\/\/semmelweis.hu\/pharmacology\/files\/2025\/10\/hr2-203x135.jpg 203w\" ><\/a><\/div>\r\n                    <\/span>\r\n                    <span class=\"gallery-item frame d-none d-md-flex\">\r\n\t\t\t\t\t<div class=\"galeria-small-img mt-0\"><a href=\"https:\/\/semmelweis.hu\/pharmacology\/files\/2025\/10\/hr3-scaled.jpg\"><img src=https:\/\/semmelweis.hu\/pharmacology\/files\/2025\/10\/hr3-scaled.jpg \r\n                                alt=\"\" \r\n                                class=\"attachment-sote-gallery-small size-sote-gallery-small\" \r\n                                srcset=\"https:\/\/semmelweis.hu\/pharmacology\/files\/2025\/10\/hr3-400x267.jpg 400w, https:\/\/semmelweis.hu\/pharmacology\/files\/2025\/10\/hr3-1024x683.jpg 1024w, https:\/\/semmelweis.hu\/pharmacology\/files\/2025\/10\/hr3-768x512.jpg 768w, https:\/\/semmelweis.hu\/pharmacology\/files\/2025\/10\/hr3-1536x1024.jpg 1536w, https:\/\/semmelweis.hu\/pharmacology\/files\/2025\/10\/hr3-2048x1365.jpg 2048w, https:\/\/semmelweis.hu\/pharmacology\/files\/2025\/10\/hr3-753x502.jpg 753w, https:\/\/semmelweis.hu\/pharmacology\/files\/2025\/10\/hr3-203x135.jpg 203w\" ><\/a><\/div>\r\n                    <\/span>\r\n\r\n                <\/div>\r\n\r\n            <\/div>\r\n\r\n            \r\n            <\/div>\r\n\r\n            [\/slb_exclude]\r\n\t\n<p><strong style=\"font-size: 1rem\">K\u00fcldet\u00e9s \u00e9s hasznosul\u00e1s<\/strong><\/p>\n<p>Kutat\u00e1sunk k\u00fcldet\u00e9se, hogy innovat\u00edv mikroRNS-alap\u00fa ter\u00e1pi\u00e1kat fejlessz\u00fcnk ki az iszk\u00e9mi\u00e1s sz\u00edvbetegs\u00e9gek \u00e9s rosszindulat\u00fa daganatok kezel\u00e9s\u00e9re, amelyek jelenleg kiel\u00e9g\u00edtetlen klinikai ig\u00e9nyeket c\u00e9loznak meg. A projekt sor\u00e1n mesters\u00e9ges intelligencia \u00e9s bioinformatikai m\u00f3dszerek seg\u00edts\u00e9g\u00e9vel \u00faj gy\u00f3gyszerjel\u00f6lteket fedez\u00fcnk fel \u00e9s fejleszt\u00fcnk, el\u0151seg\u00edtve a szem\u00e9lyre szabott \u00e9s hat\u00e9konyabb kezel\u00e9seket. Munk\u00e1nk szorosan illeszkedik az egyetem strat\u00e9giai c\u00e9ljaihoz, t\u00e1mogatva a tudom\u00e1nyos kiv\u00e1l\u00f3s\u00e1got, az innov\u00e1ci\u00f3t \u00e9s a transzl\u00e1ci\u00f3s kutat\u00e1st, valamint hozz\u00e1j\u00e1rul az eg\u00e9szs\u00e9g\u00fcgyi ell\u00e1t\u00e1s fejleszt\u00e9s\u00e9hez \u00e9s a nemzetk\u00f6zi egy\u00fcttm\u0171k\u00f6d\u00e9sek er\u0151s\u00edt\u00e9s\u00e9hez.<\/p>\n","protected":false},"excerpt":{"rendered":"<p>Egy AI-alap\u00fa gy\u00f3gyszerkutat\u00e1si platform kifejleszt\u00e9se: mikroRNS-ter\u00e1pia a kardiometabolikus \u00e9s onkol\u00f3giai betegs\u00e9gek eset\u00e9ben \u00a0 P\u00e1ly\u00e1zat: 2024-1.2.3-HU-RIZONT &#8211; HU-RIZONT NEMZETK\u00d6ZI KIV\u00c1L\u00d3S\u00c1GI KUTAT\u00c1SI EGY\u00dcTTM\u0170K\u00d6D\u00c9SI PROGRAM T\u00e1mogat\u00e1si \u00f6sszeg: 400.000.000 Ft Id\u0151tartam: 2025.03.01-2028.02.29 Vezet\u0151 kutat\u00f3: Prof. Dr. Ferdinandy P\u00e9ter &nbsp; Szakmai \u00f6sszefoglal\u00f3 A projekt c\u00e9lja, hogy \u00faj, hat\u00e9kony kezel\u00e9seket fejlesszen ki az iszk\u00e9mi\u00e1s sz\u00edvbetegs\u00e9gek, p\u00e9ld\u00e1ul a sz\u00edvinfarktus \u00e9s az azt &hellip;<\/p>\n","protected":false},"author":102427,"featured_media":0,"parent":15122,"menu_order":2,"comment_status":"closed","ping_status":"closed","template":"","meta":{"_acf_changed":false,"footnotes":""},"categories":[],"tags":[],"class_list":["post-15150","page","type-page","status-publish","hentry"],"acf":[],"_links":{"self":[{"href":"https:\/\/semmelweis.hu\/pharmacology\/wp-json\/wp\/v2\/pages\/15150","targetHints":{"allow":["GET"]}}],"collection":[{"href":"https:\/\/semmelweis.hu\/pharmacology\/wp-json\/wp\/v2\/pages"}],"about":[{"href":"https:\/\/semmelweis.hu\/pharmacology\/wp-json\/wp\/v2\/types\/page"}],"author":[{"embeddable":true,"href":"https:\/\/semmelweis.hu\/pharmacology\/wp-json\/wp\/v2\/users\/102427"}],"replies":[{"embeddable":true,"href":"https:\/\/semmelweis.hu\/pharmacology\/wp-json\/wp\/v2\/comments?post=15150"}],"version-history":[{"count":5,"href":"https:\/\/semmelweis.hu\/pharmacology\/wp-json\/wp\/v2\/pages\/15150\/revisions"}],"predecessor-version":[{"id":15187,"href":"https:\/\/semmelweis.hu\/pharmacology\/wp-json\/wp\/v2\/pages\/15150\/revisions\/15187"}],"up":[{"embeddable":true,"href":"https:\/\/semmelweis.hu\/pharmacology\/wp-json\/wp\/v2\/pages\/15122"}],"wp:attachment":[{"href":"https:\/\/semmelweis.hu\/pharmacology\/wp-json\/wp\/v2\/media?parent=15150"}],"wp:term":[{"taxonomy":"category","embeddable":true,"href":"https:\/\/semmelweis.hu\/pharmacology\/wp-json\/wp\/v2\/categories?post=15150"},{"taxonomy":"post_tag","embeddable":true,"href":"https:\/\/semmelweis.hu\/pharmacology\/wp-json\/wp\/v2\/tags?post=15150"}],"curies":[{"name":"wp","href":"https:\/\/api.w.org\/{rel}","templated":true}]}}