{"id":15146,"date":"2025-10-09T15:44:10","date_gmt":"2025-10-09T13:44:10","guid":{"rendered":"https:\/\/semmelweis.hu\/pharmacology\/?page_id=15146"},"modified":"2026-02-09T13:13:31","modified_gmt":"2026-02-09T12:13:31","slug":"the-future-health-competence-centre-at-semmelweis-university","status":"publish","type":"page","link":"https:\/\/semmelweis.hu\/pharmacology\/en\/research\/grants\/the-future-health-competence-centre-at-semmelweis-university\/","title":{"rendered":"The Future Health Competence Centre at Semmelweis University"},"content":{"rendered":"<div class=\"lead\" style=\"text-align: center\">The Future Health Competence Centre at Semmelweis University<\/div>\n<div>\u00a0<\/div>\n<div>\n<table style=\"border-collapse: collapse;width: 100%\">\n<tbody>\n<tr>\n<td style=\"width: 50%\">Grant:<\/td>\n<td style=\"width: 50%\">Establishing and developing competence centres, (2022-1.1.1-KK-2022-00005)<\/td>\n<\/tr>\n<tr>\n<td style=\"width: 50%\">Amount of support:<\/td>\n<td style=\"width: 50%\">473.356.490 Ft<\/td>\n<\/tr>\n<tr>\n<td style=\"width: 50%\">Duration:<\/td>\n<td style=\"width: 50%\">2023.04.01- 2027.03.31<\/td>\n<\/tr>\n<tr>\n<td style=\"width: 50%\">Principal investigator:<\/td>\n<td style=\"width: 50%\">Anik\u00f3 G\u00f6rbe, MD, PhD<\/td>\n<\/tr>\n<\/tbody>\n<\/table>\n<\/div>\n<div>\u00a0<\/div>\n<div><strong style=\"font-size: 1rem\">Summary<\/strong><\/div>\n<div>\n<p>The aim of the project is to develop a computer tool, the Combination Calculator, to help determine which drug combinations are most effective for cancer patients. It will be developed using laboratory cell lines to test the effects of the treatments suggested by the calculator. This will be done by molecular analysis and drug testing (e.g. cell viability, drug sensitivity). The goal is to lay the foundation for the future of personalised anticancer therapies by comparing computer predictions with experimental results.<\/p>\n<p>The aim of the project is to produce mesenchymal stem cells for therapeutic use and to build the infrastructure and technology to support this. As part of this, a clean room laboratory (TTL) will be designed and built to enable the production of human umbilical cord-derived stem cells. In parallel, Semmelweis University experts will develop the manufacturing processes in an existing laboratory to ensure a smooth transfer. The project will also include detailed studies on the properties of the cells and their extracellular vesicles. Once the manufacturing technology has been transferred, pre-clinical trials will begin, followed by the first clinical trials if the results are successful. The long-term goal of the research is to develop stem cell-based therapies that effectively support the immune system and have regenerative and cardioprotective effects.<\/p>\n<p><strong>Participating leading researchers, collaboration partners, universities, companies <\/strong><\/p>\n<p>The project is led Anik\u00f3 G\u00f6rbe, Associate Professor and Deputy Director of the Institute of Pharmacology and Pharmacotherapy at Semmelweis University. We are collaborating with the teams led by L\u00e1szl\u00f3 Cenev\u00e1k at the Department of Internal Medicine and Haematology and Kriszti\u00e1n N\u00e9meth at the Department of Dermatology, Nematology and Dermatroncology of Semmelweis University. Within the consortium, we are collaborating with Genomate Health Kft, a leading Hungarian biotechnology company developing precision oncology solutions to support personalised anticancer therapies, and Richter Gedeon Nyrt, one of Hungary&#8217;s largest pharmaceutical companies, which is active internationally in the field of innovative drug development.<\/p>\n<p><strong>Applied methods and tools<\/strong><\/p>\n<p>The project will use state-of-the-art laboratory and biotechnological methods, including stem cell isolation, cell viability and cytotoxicity assays (e.g. IC50, AUC) and molecular characterisation. For cell analysis we use flow cytometry, ELISA assays and in vitro and in vivo model systems. In addition, isolation and characterisation of extracellular vesicles and omics-based molecular assays (e.g. microarray) are performed. The project will also include the construction of a clean room laboratory for development and the provision of a GMP-compliant manufacturing environment.<\/p>\n<p><strong>Pictures <\/strong><\/p>\n\r\n        [slb_exclude]\r\n        <div class=\"row galeria-wrapper mx-0 h-auto\">\r\n            <div class=\"col-9 pl-0 pr-2\">\r\n            <span class=\"gallery-item frame\">\r\n\t\t\t\t<div class=\"galeria-left-img\"><a href=\"https:\/\/semmelweis.hu\/pharmacology\/files\/2025\/10\/kk1-scaled.jpg\"><img src=https:\/\/semmelweis.hu\/pharmacology\/files\/2025\/10\/kk1-scaled.jpg  \r\n                            alt=\"\" \r\n                            class=\"attachment-sote-gallery-big size-sote-gallery-big\" \r\n                            srcset=\"https:\/\/semmelweis.hu\/pharmacology\/files\/2025\/10\/kk1-400x267.jpg 400w, https:\/\/semmelweis.hu\/pharmacology\/files\/2025\/10\/kk1-1024x683.jpg 1024w, https:\/\/semmelweis.hu\/pharmacology\/files\/2025\/10\/kk1-768x512.jpg 768w, https:\/\/semmelweis.hu\/pharmacology\/files\/2025\/10\/kk1-1536x1024.jpg 1536w, https:\/\/semmelweis.hu\/pharmacology\/files\/2025\/10\/kk1-2048x1365.jpg 2048w, https:\/\/semmelweis.hu\/pharmacology\/files\/2025\/10\/kk1-753x502.jpg 753w, https:\/\/semmelweis.hu\/pharmacology\/files\/2025\/10\/kk1-203x135.jpg 203w\" ><\/a><\/div>\r\n            <\/span>\r\n\r\n            <\/div>\r\n\r\n\t\t\t<div class=\"col-3 pl-0 pr-0\">\r\n\t\t\t\t<div class=\"galeria-right-img d-flex justify-content-between flex-column h-100 w-100 px-0 mx-0 \">\r\n                <div class=\"galeria-box\">\r\n\t\t\t\t\t<h3 class=\"galeria-title\">Gal\u00e9ria<\/h3>\r\n\t\t\t\t\t<div class=\"galeria-subtitle\">\r\n\r\n\t\t\t\t\t\t<div class=\"galeria-page-counter\"><span>2<\/span>k\u00e9p<\/div>\r\n                    <\/div> <\/div>\r\n                    <span class=\"gallery-item frame d-none d-md-flex\">\r\n\t\t\t\t\t<div class=\"galeria-small-img mt-0\"><a href=\"https:\/\/semmelweis.hu\/pharmacology\/files\/2025\/10\/kk2.jpg\"><img src=https:\/\/semmelweis.hu\/pharmacology\/files\/2025\/10\/kk2.jpg \r\n                                alt=\"\"  \r\n                                class=\"attachment-sote-gallery-small size-sote-gallery-small\" \r\n                                srcset=\"https:\/\/semmelweis.hu\/pharmacology\/files\/2025\/10\/kk2-400x239.jpg 400w, https:\/\/semmelweis.hu\/pharmacology\/files\/2025\/10\/kk2.jpg 500w\" ><\/a><\/div>\r\n                    <\/span>\r\n                    <span class=\"gallery-item frame d-none d-md-flex\">\r\n\t\t\t\t\t<div class=\"galeria-small-img mt-0\"><img src=https:\/\/semmelweis.hu\/pharmacology\/wp-content\/themes\/se18\/dist\/images\/100x100.svg \r\n                                alt=\"\" \r\n                                class=\"attachment-sote-gallery-small size-sote-gallery-small\" \r\n                                srcset=\"\" ><\/div>\r\n                    <\/span>\r\n\r\n                <\/div>\r\n\r\n            <\/div>\r\n\r\n            \r\n            <\/div>\r\n\r\n            [\/slb_exclude]\r\n\t\n<p><strong>Mission and benefits<\/strong><\/p>\n<p>Our research aims to develop new personalised cellular and drug therapies for the treatment of cancer and regenerative diseases. We will build state-of-the-art laboratory infrastructure and use innovative methods to test stem cells and drug combinations. This work will strengthen Semmelweis University&#8217;s research excellence, support patient-centred innovation and contribute to international collaborations, while also providing training opportunities.<\/p><\/div>\n","protected":false},"excerpt":{"rendered":"<p>The Future Health Competence Centre at Semmelweis University \u00a0 Grant: Establishing and developing competence centres, (2022-1.1.1-KK-2022-00005) Amount of support: 473.356.490 Ft Duration: 2023.04.01- 2027.03.31 Principal investigator: Anik\u00f3 G\u00f6rbe, MD, PhD \u00a0 Summary The aim of the project is to develop a computer tool, the Combination Calculator, to help determine which drug combinations are most effective &hellip;<\/p>\n","protected":false},"author":102427,"featured_media":0,"parent":15124,"menu_order":1,"comment_status":"closed","ping_status":"closed","template":"","meta":{"_acf_changed":false,"footnotes":""},"categories":[],"tags":[],"class_list":["post-15146","page","type-page","status-publish","hentry"],"acf":[],"_links":{"self":[{"href":"https:\/\/semmelweis.hu\/pharmacology\/wp-json\/wp\/v2\/pages\/15146","targetHints":{"allow":["GET"]}}],"collection":[{"href":"https:\/\/semmelweis.hu\/pharmacology\/wp-json\/wp\/v2\/pages"}],"about":[{"href":"https:\/\/semmelweis.hu\/pharmacology\/wp-json\/wp\/v2\/types\/page"}],"author":[{"embeddable":true,"href":"https:\/\/semmelweis.hu\/pharmacology\/wp-json\/wp\/v2\/users\/102427"}],"replies":[{"embeddable":true,"href":"https:\/\/semmelweis.hu\/pharmacology\/wp-json\/wp\/v2\/comments?post=15146"}],"version-history":[{"count":7,"href":"https:\/\/semmelweis.hu\/pharmacology\/wp-json\/wp\/v2\/pages\/15146\/revisions"}],"predecessor-version":[{"id":15258,"href":"https:\/\/semmelweis.hu\/pharmacology\/wp-json\/wp\/v2\/pages\/15146\/revisions\/15258"}],"up":[{"embeddable":true,"href":"https:\/\/semmelweis.hu\/pharmacology\/wp-json\/wp\/v2\/pages\/15124"}],"wp:attachment":[{"href":"https:\/\/semmelweis.hu\/pharmacology\/wp-json\/wp\/v2\/media?parent=15146"}],"wp:term":[{"taxonomy":"category","embeddable":true,"href":"https:\/\/semmelweis.hu\/pharmacology\/wp-json\/wp\/v2\/categories?post=15146"},{"taxonomy":"post_tag","embeddable":true,"href":"https:\/\/semmelweis.hu\/pharmacology\/wp-json\/wp\/v2\/tags?post=15146"}],"curies":[{"name":"wp","href":"https:\/\/api.w.org\/{rel}","templated":true}]}}