{"id":15144,"date":"2025-10-09T15:42:19","date_gmt":"2025-10-09T13:42:19","guid":{"rendered":"https:\/\/semmelweis.hu\/pharmacology\/?page_id=15144"},"modified":"2026-02-09T12:49:37","modified_gmt":"2026-02-09T11:49:37","slug":"a-jovo-egeszsegipari-kompetencia-kozpontja-a-semmelweis-egyetemen","status":"publish","type":"page","link":"https:\/\/semmelweis.hu\/pharmacology\/kutatas\/palyazatok\/a-jovo-egeszsegipari-kompetencia-kozpontja-a-semmelweis-egyetemen\/","title":{"rendered":"A J\u00f6v\u0151 Eg\u00e9szs\u00e9gipari Kompetencia K\u00f6zpontja a Semmelweis Egyetemen"},"content":{"rendered":"<div class=\"lead\" style=\"text-align: center\">A J\u00f6v\u0151 Eg\u00e9szs\u00e9gipari Kompetencia K\u00f6zpontja a Semmelweis Egyetemen<\/div>\n<div>\u00a0<\/div>\n<table style=\"border-collapse: collapse;width: 100%;height: 132px\">\n<tbody>\n<tr style=\"height: 33px\">\n<td style=\"width: 50%;height: 33px\">P\u00e1ly\u00e1zat:<\/td>\n<td style=\"width: 50%;height: 33px\">Kompetencia K\u00f6zpontok l\u00e9trehoz\u00e1sa \u00e9s fejleszt\u00e9se (2022-1.1.1-KK-2022-00005)<\/td>\n<\/tr>\n<tr style=\"height: 33px\">\n<td style=\"width: 50%;height: 33px\">T\u00e1mogat\u00e1si \u00f6sszeg:<\/td>\n<td style=\"width: 50%;height: 33px\">473.356.490 Ft<\/td>\n<\/tr>\n<tr style=\"height: 33px\">\n<td style=\"width: 50%;height: 33px\">Id\u0151tartam:<\/td>\n<td style=\"width: 50%;height: 33px\">2023.04.01- 2027.03.31<\/td>\n<\/tr>\n<tr style=\"height: 33px\">\n<td style=\"width: 50%;height: 33px\">Vezet\u0151 kutat\u00f3:<\/td>\n<td style=\"width: 50%;height: 33px\">Dr. G\u00f6rbe Anik\u00f3<\/td>\n<\/tr>\n<\/tbody>\n<\/table>\n<p>&nbsp;<\/p>\n<p><strong>Szakmai \u00f6sszefoglal\u00f3 <\/strong><\/p>\n<p>A projekt c\u00e9lja egy olyan sz\u00e1m\u00edt\u00f3g\u00e9pes eszk\u00f6z, a Kombin\u00e1ci\u00f3 Kalkul\u00e1tor fejleszt\u00e9se, amely seg\u00edt meghat\u00e1rozni, hogy daganatos betegek eset\u00e9ben mely gy\u00f3gyszer-kombin\u00e1ci\u00f3k lehetnek a leghat\u00e9konyabbak. A fejleszt\u00e9s sor\u00e1n laborat\u00f3riumi sejtvonalakon vizsg\u00e1ljuk a kalkul\u00e1tor \u00e1ltal javasolt kezel\u00e9sek hat\u00e1s\u00e1t. Ezt molekul\u00e1ris elemz\u00e9sekkel \u00e9s gy\u00f3gyszertesztekkel (pl. sejtek \u00e9letk\u00e9pess\u00e9ge, gy\u00f3gyszer\u00e9rz\u00e9kenys\u00e9g) v\u00e9gezz\u00fck. A c\u00e9l az, hogy a sz\u00e1m\u00edt\u00f3g\u00e9pes el\u0151rejelz\u00e9sek \u00e9s a k\u00eds\u00e9rleti eredm\u00e9nyek \u00f6sszevet\u00e9s\u00e9vel megalapozzuk a szem\u00e9lyre szabott daganatellenes ter\u00e1pi\u00e1k j\u00f6v\u0151j\u00e9t.<\/p>\n<p>A projekt c\u00e9lja ter\u00e1pi\u00e1s c\u00e9lra alkalmazhat\u00f3 mesenchym\u00e1lis \u0151ssejtek el\u0151\u00e1ll\u00edt\u00e1sa, valamint ennek infrastruktur\u00e1lis \u00e9s technol\u00f3giai h\u00e1tter\u00e9nek ki\u00e9p\u00edt\u00e9se. Ennek r\u00e9szek\u00e9nt megtervez\u00e9sre \u00e9s kialak\u00edt\u00e1sra ker\u00fcl egy tisztat\u00e9ri laborat\u00f3rium (TTL), amely lehet\u0151v\u00e9 teszi k\u00f6ld\u00f6kzsin\u00f3rb\u00f3l sz\u00e1rmaz\u00f3 hum\u00e1n \u0151ssejtek el\u0151\u00e1ll\u00edt\u00e1s\u00e1t. Ezzel p\u00e1rhuzamosan a Semmelweis Egyetem szakemberei a gy\u00e1rt\u00e1si elj\u00e1r\u00e1sokat m\u00e1r megl\u00e9v\u0151 laborat\u00f3riumban fejlesztik, hogy az \u00e1tad\u00e1s g\u00f6rd\u00fcl\u00e9kenyen t\u00f6rt\u00e9njen. A projekt sor\u00e1n a sejtek \u00e9s az azokb\u00f3l sz\u00e1rmaz\u00f3 extracellul\u00e1ris vezikul\u00e1k tulajdons\u00e1gait r\u00e9szletesen vizsg\u00e1lj\u00e1k. A kutat\u00e1s c\u00e9lja hossz\u00fa t\u00e1von olyan \u0151ssejt-alap\u00fa ter\u00e1pi\u00e1k kidolgoz\u00e1sa, amelyek hat\u00e9konyan t\u00e1mogatj\u00e1k az immunrendszert, illetve regenerat\u00edv \u00e9s sz\u00edvv\u00e9d\u0151 hat\u00e1sokat is kifejtenek.<\/p>\n<p><strong>R\u00e9sztvev\u0151 kiemelt kutat\u00f3k, kollabor\u00e1ci\u00f3s partnerek, egyetemek, c\u00e9gek<\/strong><\/p>\n<p>A projekt vezet\u0151je, Dr. G\u00f6rbe Anik\u00f3, egyetemi docens, a Semmelweis Egyetem Farmakol\u00f3giai \u00e9s Farmakoter\u00e1pi\u00e1s Int\u00e9zet\u00e9nek igazgat\u00f3helyettese. A p\u00e1ly\u00e1zat sor\u00e1n egy\u00fcttm\u0171k\u00f6d\u00fcnk a Semmelweis Egyetem Belgy\u00f3gy\u00e1szati \u00e9s Hematol\u00f3giai Klinik\u00e1j\u00e1n Cenev\u00e1k L\u00e1szl\u00f3, valamint a B\u0151r-, Nemik\u00f3rtani \u00e9s B\u0151ronkol\u00f3giai Klinik\u00e1n N\u00e9meth Kriszti\u00e1n vezet\u00e9s\u00e9vel m\u0171k\u00f6d\u0151 csoportokkal. Konzorciumon bel\u00fcl egy\u00fcttm\u0171k\u00f6d\u00fcnk a Genomate Health Kft-vel, amely egy vezet\u0151 magyar biotechnol\u00f3giai v\u00e1llalat, amely prec\u00edzi\u00f3s onkol\u00f3giai megold\u00e1sokat fejleszt a szem\u00e9lyre szabott daganatellenes ter\u00e1pi\u00e1k t\u00e1mogat\u00e1s\u00e1ra, valamint a Richter Gedeon Nyrt.-vel, Magyarorsz\u00e1g egyik legnagyobb gy\u00f3gyszeripari c\u00e9g\u00e9vel, amely nemzetk\u00f6zi szinten is akt\u00edv az innovat\u00edv gy\u00f3gyszerfejleszt\u00e9s ter\u00fclet\u00e9n.<\/p>\n<p><strong>Alkalmazott m\u00f3dszerek, eszk\u00f6z\u00f6k <\/strong><\/p>\n<p>A projekt sor\u00e1n korszer\u0171 laborat\u00f3riumi \u00e9s biotechnol\u00f3giai m\u00f3dszereket alkalmazunk, t\u00f6bbek k\u00f6z\u00f6tt \u0151ssejtizol\u00e1l\u00e1st, sejt\u00e9letk\u00e9pess\u00e9gi \u00e9s citotoxicit\u00e1si teszteket (pl. IC50, AUC), valamint molekul\u00e1ris karakteriz\u00e1l\u00e1st. A sejtek vizsg\u00e1lat\u00e1hoz flow citometri\u00e1t, ELISA-teszteket, illetve in vitro \u00e9s in vivo modellrendszereket haszn\u00e1lunk. Emellett extracellul\u00e1ris vezikul\u00e1k izol\u00e1l\u00e1sa \u00e9s jellemz\u00e9se, valamint omics alap\u00fa molekul\u00e1ris vizsg\u00e1latok (pl. microarray) is t\u00f6rt\u00e9nnek. A fejleszt\u00e9shez sz\u00fcks\u00e9ges tisztat\u00e9ri laborat\u00f3rium ki\u00e9p\u00edt\u00e9se \u00e9s a GMP-kompatibilis gy\u00e1rt\u00e1si k\u00f6rnyezet biztos\u00edt\u00e1sa is a projekt r\u00e9sze.<\/p>\n<p><strong>K\u00e9pek<\/strong><\/p>\n\r\n        [slb_exclude]\r\n        <div class=\"row galeria-wrapper mx-0 h-auto\">\r\n            <div class=\"col-9 pl-0 pr-2\">\r\n            <span class=\"gallery-item frame\">\r\n\t\t\t\t<div class=\"galeria-left-img\"><a href=\"https:\/\/semmelweis.hu\/pharmacology\/files\/2025\/10\/kk1-scaled.jpg\"><img src=https:\/\/semmelweis.hu\/pharmacology\/files\/2025\/10\/kk1-scaled.jpg  \r\n                            alt=\"\" \r\n                            class=\"attachment-sote-gallery-big size-sote-gallery-big\" \r\n                            srcset=\"https:\/\/semmelweis.hu\/pharmacology\/files\/2025\/10\/kk1-400x267.jpg 400w, https:\/\/semmelweis.hu\/pharmacology\/files\/2025\/10\/kk1-1024x683.jpg 1024w, https:\/\/semmelweis.hu\/pharmacology\/files\/2025\/10\/kk1-768x512.jpg 768w, https:\/\/semmelweis.hu\/pharmacology\/files\/2025\/10\/kk1-1536x1024.jpg 1536w, https:\/\/semmelweis.hu\/pharmacology\/files\/2025\/10\/kk1-2048x1365.jpg 2048w, https:\/\/semmelweis.hu\/pharmacology\/files\/2025\/10\/kk1-753x502.jpg 753w, https:\/\/semmelweis.hu\/pharmacology\/files\/2025\/10\/kk1-203x135.jpg 203w\" ><\/a><\/div>\r\n            <\/span>\r\n\r\n            <\/div>\r\n\r\n\t\t\t<div class=\"col-3 pl-0 pr-0\">\r\n\t\t\t\t<div class=\"galeria-right-img d-flex justify-content-between flex-column h-100 w-100 px-0 mx-0 \">\r\n                <div class=\"galeria-box\">\r\n\t\t\t\t\t<h3 class=\"galeria-title\">Gal\u00e9ria<\/h3>\r\n\t\t\t\t\t<div class=\"galeria-subtitle\">\r\n\r\n\t\t\t\t\t\t<div class=\"galeria-page-counter\"><span>2<\/span>k\u00e9p<\/div>\r\n                    <\/div> <\/div>\r\n                    <span class=\"gallery-item frame d-none d-md-flex\">\r\n\t\t\t\t\t<div class=\"galeria-small-img mt-0\"><a href=\"https:\/\/semmelweis.hu\/pharmacology\/files\/2025\/10\/kk2.jpg\"><img src=https:\/\/semmelweis.hu\/pharmacology\/files\/2025\/10\/kk2.jpg \r\n                                alt=\"\"  \r\n                                class=\"attachment-sote-gallery-small size-sote-gallery-small\" \r\n                                srcset=\"https:\/\/semmelweis.hu\/pharmacology\/files\/2025\/10\/kk2-400x239.jpg 400w, https:\/\/semmelweis.hu\/pharmacology\/files\/2025\/10\/kk2.jpg 500w\" ><\/a><\/div>\r\n                    <\/span>\r\n                    <span class=\"gallery-item frame d-none d-md-flex\">\r\n\t\t\t\t\t<div class=\"galeria-small-img mt-0\"><img src=https:\/\/semmelweis.hu\/pharmacology\/wp-content\/themes\/se18\/dist\/images\/100x100.svg \r\n                                alt=\"\" \r\n                                class=\"attachment-sote-gallery-small size-sote-gallery-small\" \r\n                                srcset=\"\" ><\/div>\r\n                    <\/span>\r\n\r\n                <\/div>\r\n\r\n            <\/div>\r\n\r\n            \r\n            <\/div>\r\n\r\n            [\/slb_exclude]\r\n\t\n<p><strong>K\u00fcldet\u00e9s \u00e9s hasznosul\u00e1s<\/strong><\/p>\n<p>Kutat\u00e1sunk c\u00e9lja \u00faj, szem\u00e9lyre szabott sejtes \u00e9s gy\u00f3gyszeres ter\u00e1pi\u00e1k fejleszt\u00e9se a daganatos \u00e9s regenerat\u00edv betegs\u00e9gek kezel\u00e9s\u00e9re. A projekt sor\u00e1n korszer\u0171 laborat\u00f3riumi infrastrukt\u00far\u00e1t \u00e9p\u00edt\u00fcnk ki, \u00e9s innovat\u00edv m\u00f3dszerekkel vizsg\u00e1ljuk az \u0151ssejteket \u00e9s gy\u00f3gyszer-kombin\u00e1ci\u00f3kat. Ez a munka er\u0151s\u00edti a Semmelweis Egyetem kutat\u00e1si kiv\u00e1l\u00f3s\u00e1g\u00e1t, t\u00e1mogatja a betegk\u00f6zpont\u00fa innov\u00e1ci\u00f3kat, \u00e9s hozz\u00e1j\u00e1rul a nemzetk\u00f6zi egy\u00fcttm\u0171k\u00f6d\u00e9sekhez, mik\u00f6zben k\u00e9pz\u00e9si lehet\u0151s\u00e9geket is biztos\u00edt.<\/p>\n","protected":false},"excerpt":{"rendered":"<p>A J\u00f6v\u0151 Eg\u00e9szs\u00e9gipari Kompetencia K\u00f6zpontja a Semmelweis Egyetemen \u00a0 P\u00e1ly\u00e1zat: Kompetencia K\u00f6zpontok l\u00e9trehoz\u00e1sa \u00e9s fejleszt\u00e9se (2022-1.1.1-KK-2022-00005) T\u00e1mogat\u00e1si \u00f6sszeg: 473.356.490 Ft Id\u0151tartam: 2023.04.01- 2027.03.31 Vezet\u0151 kutat\u00f3: Dr. G\u00f6rbe Anik\u00f3 &nbsp; Szakmai \u00f6sszefoglal\u00f3 A projekt c\u00e9lja egy olyan sz\u00e1m\u00edt\u00f3g\u00e9pes eszk\u00f6z, a Kombin\u00e1ci\u00f3 Kalkul\u00e1tor fejleszt\u00e9se, amely seg\u00edt meghat\u00e1rozni, hogy daganatos betegek eset\u00e9ben mely gy\u00f3gyszer-kombin\u00e1ci\u00f3k lehetnek a leghat\u00e9konyabbak. A &hellip;<\/p>\n","protected":false},"author":102427,"featured_media":0,"parent":15122,"menu_order":1,"comment_status":"closed","ping_status":"closed","template":"","meta":{"_acf_changed":false,"footnotes":""},"categories":[],"tags":[],"class_list":["post-15144","page","type-page","status-publish","hentry"],"acf":[],"_links":{"self":[{"href":"https:\/\/semmelweis.hu\/pharmacology\/wp-json\/wp\/v2\/pages\/15144","targetHints":{"allow":["GET"]}}],"collection":[{"href":"https:\/\/semmelweis.hu\/pharmacology\/wp-json\/wp\/v2\/pages"}],"about":[{"href":"https:\/\/semmelweis.hu\/pharmacology\/wp-json\/wp\/v2\/types\/page"}],"author":[{"embeddable":true,"href":"https:\/\/semmelweis.hu\/pharmacology\/wp-json\/wp\/v2\/users\/102427"}],"replies":[{"embeddable":true,"href":"https:\/\/semmelweis.hu\/pharmacology\/wp-json\/wp\/v2\/comments?post=15144"}],"version-history":[{"count":5,"href":"https:\/\/semmelweis.hu\/pharmacology\/wp-json\/wp\/v2\/pages\/15144\/revisions"}],"predecessor-version":[{"id":15257,"href":"https:\/\/semmelweis.hu\/pharmacology\/wp-json\/wp\/v2\/pages\/15144\/revisions\/15257"}],"up":[{"embeddable":true,"href":"https:\/\/semmelweis.hu\/pharmacology\/wp-json\/wp\/v2\/pages\/15122"}],"wp:attachment":[{"href":"https:\/\/semmelweis.hu\/pharmacology\/wp-json\/wp\/v2\/media?parent=15144"}],"wp:term":[{"taxonomy":"category","embeddable":true,"href":"https:\/\/semmelweis.hu\/pharmacology\/wp-json\/wp\/v2\/categories?post=15144"},{"taxonomy":"post_tag","embeddable":true,"href":"https:\/\/semmelweis.hu\/pharmacology\/wp-json\/wp\/v2\/tags?post=15144"}],"curies":[{"name":"wp","href":"https:\/\/api.w.org\/{rel}","templated":true}]}}