{"id":15116,"date":"2025-10-09T14:54:05","date_gmt":"2025-10-09T12:54:05","guid":{"rendered":"https:\/\/semmelweis.hu\/pharmacology\/?page_id=15116"},"modified":"2026-02-09T13:13:30","modified_gmt":"2026-02-09T12:13:30","slug":"national-cardiovascular-laboratory","status":"publish","type":"page","link":"https:\/\/semmelweis.hu\/pharmacology\/en\/research\/grants\/national-cardiovascular-laboratory\/","title":{"rendered":"National Cardiovascular Laboratory"},"content":{"rendered":"<div class=\"lead\" style=\"text-align: center\">National Cardiovascular Laboratory<\/div>\n<div>\u00a0<\/div>\n<table style=\"border-collapse: collapse;width: 100%\">\n<tbody>\n<tr>\n<td style=\"width: 50%\">Grant:<\/td>\n<td style=\"width: 50%\">National Cardiovascular Laboratory, RRF-2.3.1-21-2022-00003<\/td>\n<\/tr>\n<tr>\n<td style=\"width: 50%\">Amount of support:<\/td>\n<td style=\"width: 50%\">1.237.500.000 Ft<\/td>\n<\/tr>\n<tr>\n<td style=\"width: 50%\">Duration:<\/td>\n<td style=\"width: 50%\">2022.03.01-2026.02.28<\/td>\n<\/tr>\n<tr>\n<td style=\"width: 50%\">Principal investigator:<\/td>\n<td style=\"width: 50%\">P\u00e9ter Ferdinandy, MD, PhD, DSc, MBA<\/td>\n<\/tr>\n<\/tbody>\n<\/table>\n<p>&nbsp;<\/p>\n<p><strong>Summary <\/strong><\/p>\n<p>The aim of the project is to develop the diagnosis and treatment of cardiovascular diseases and to investigate cardiovascular drugs. Our institute is involved in the consortium project with a few sub-tasks. We perform studies in the field of drug target discovery and repositioning. Of particular importance is the development of microRNA-based therapies and the accurate modelling of their effects using artificial intelligence. Research will focus on uncovering the hidden cardiac adverse effects of drugs, developing new test systems and monitoring the cardiovascular risk of existing drugs. They are also developing the isolation and diagnostic application of extracellular vesicles, such as exosomes, which can serve as important biomarkers for the early detection and treatment of heart disease. The programme also aims to prepare for clinical application and market exploitation.<\/p>\n<p><strong>Participating leading researchers, collaboration partners, universities, companies <\/strong><\/p>\n<p>Dr. P\u00e9ter Ferdinandy is Vice Rector for Science and Innovation at Semmelweis University, Senior Lecturer at the Institute of Pharmacology and Pharmacotherapy, and Doctor of the Hungarian Academy of Sciences. President of the Hungarian Society of Experimental and Clinical Pharmacology and founder of the Pharmahungary Group. He has been listed several times on the list of the world&#8217;s most influential scientists. His research group focuses on the identification of cardioprotective drug targets in ischemic heart disease, led by Dr. Anik\u00f3 G\u00f6rbe, the role of extracellular vesicles in cardiometabolic diseases, and the role of Dr. Zolt\u00e1n Giricz, the study of inflammatory factors in cardiovascular and metabolic diseases led by Zolt\u00e1n Varga, and the development of bioinformatics methods in the field of drug targets and pharmacovigilance with the expertise of Bence \u00c1gg, M.D. Dr. Anik\u00f3 G\u00f6rbe is also an expert in miRNA-based therapies and precision oncology trials.<\/p>\n<p><strong>Applied methods and tools <\/strong><\/p>\n<p>To identify drug targets, we use various biochemical and molecular biological in vitro methods. We use primary isolated cell cultures and cell lines in our in vitro assay systems. We use chemical modifications for microRNA research and in vivo pharmacokinetic and proof of concept studies. The impact of microRNA therapies will be investigated using in silico network dynamics models and artificial intelligence-based omics data analysis. We are also developing the isolation of extracellular vesicles using size exclusion and immunoaffinity methods to validate diagnostic panels. We use in vitro and in vivo platforms to test cardiotoxicity<\/p>\n<p><strong>Pictures<\/strong><\/p>\n\r\n        [slb_exclude]\r\n        <div class=\"row galeria-wrapper mx-0 h-auto\">\r\n            <div class=\"col-9 pl-0 pr-2\">\r\n            <span class=\"gallery-item frame\">\r\n\t\t\t\t<div class=\"galeria-left-img\"><a href=\"https:\/\/semmelweis.hu\/pharmacology\/files\/2025\/10\/nkl1-scaled.jpg\"><img src=https:\/\/semmelweis.hu\/pharmacology\/files\/2025\/10\/nkl1-scaled.jpg  \r\n                            alt=\"\" \r\n                            class=\"attachment-sote-gallery-big size-sote-gallery-big\" \r\n                            srcset=\"https:\/\/semmelweis.hu\/pharmacology\/files\/2025\/10\/nkl1-400x267.jpg 400w, https:\/\/semmelweis.hu\/pharmacology\/files\/2025\/10\/nkl1-1024x683.jpg 1024w, https:\/\/semmelweis.hu\/pharmacology\/files\/2025\/10\/nkl1-768x512.jpg 768w, https:\/\/semmelweis.hu\/pharmacology\/files\/2025\/10\/nkl1-1536x1024.jpg 1536w, https:\/\/semmelweis.hu\/pharmacology\/files\/2025\/10\/nkl1-2048x1365.jpg 2048w, https:\/\/semmelweis.hu\/pharmacology\/files\/2025\/10\/nkl1-753x502.jpg 753w, https:\/\/semmelweis.hu\/pharmacology\/files\/2025\/10\/nkl1-203x135.jpg 203w\" ><\/a><\/div>\r\n            <\/span>\r\n\r\n            <\/div>\r\n\r\n\t\t\t<div class=\"col-3 pl-0 pr-0\">\r\n\t\t\t\t<div class=\"galeria-right-img d-flex justify-content-between flex-column h-100 w-100 px-0 mx-0 \">\r\n                <div class=\"galeria-box\">\r\n\t\t\t\t\t<h3 class=\"galeria-title\">Gal\u00e9ria<\/h3>\r\n\t\t\t\t\t<div class=\"galeria-subtitle\">\r\n\r\n\t\t\t\t\t\t<div class=\"galeria-page-counter\"><span>3<\/span>k\u00e9p<\/div>\r\n                    <\/div> <\/div>\r\n                    <span class=\"gallery-item frame d-none d-md-flex\">\r\n\t\t\t\t\t<div class=\"galeria-small-img mt-0\"><a href=\"https:\/\/semmelweis.hu\/pharmacology\/files\/2025\/10\/nkl2-scaled.jpg\"><img src=https:\/\/semmelweis.hu\/pharmacology\/files\/2025\/10\/nkl2-scaled.jpg \r\n                                alt=\"\"  \r\n                                class=\"attachment-sote-gallery-small size-sote-gallery-small\" \r\n                                srcset=\"https:\/\/semmelweis.hu\/pharmacology\/files\/2025\/10\/nkl2-400x267.jpg 400w, https:\/\/semmelweis.hu\/pharmacology\/files\/2025\/10\/nkl2-1024x683.jpg 1024w, https:\/\/semmelweis.hu\/pharmacology\/files\/2025\/10\/nkl2-768x512.jpg 768w, https:\/\/semmelweis.hu\/pharmacology\/files\/2025\/10\/nkl2-1536x1024.jpg 1536w, https:\/\/semmelweis.hu\/pharmacology\/files\/2025\/10\/nkl2-2048x1365.jpg 2048w, https:\/\/semmelweis.hu\/pharmacology\/files\/2025\/10\/nkl2-753x502.jpg 753w, https:\/\/semmelweis.hu\/pharmacology\/files\/2025\/10\/nkl2-203x135.jpg 203w\" ><\/a><\/div>\r\n                    <\/span>\r\n                    <span class=\"gallery-item frame d-none d-md-flex\">\r\n\t\t\t\t\t<div class=\"galeria-small-img mt-0\"><a href=\"https:\/\/semmelweis.hu\/pharmacology\/files\/2025\/10\/nkl3-scaled.jpg\"><img src=https:\/\/semmelweis.hu\/pharmacology\/files\/2025\/10\/nkl3-scaled.jpg \r\n                                alt=\"\" \r\n                                class=\"attachment-sote-gallery-small size-sote-gallery-small\" \r\n                                srcset=\"https:\/\/semmelweis.hu\/pharmacology\/files\/2025\/10\/nkl3-400x267.jpg 400w, https:\/\/semmelweis.hu\/pharmacology\/files\/2025\/10\/nkl3-1024x683.jpg 1024w, https:\/\/semmelweis.hu\/pharmacology\/files\/2025\/10\/nkl3-768x512.jpg 768w, https:\/\/semmelweis.hu\/pharmacology\/files\/2025\/10\/nkl3-1536x1024.jpg 1536w, https:\/\/semmelweis.hu\/pharmacology\/files\/2025\/10\/nkl3-2048x1365.jpg 2048w, https:\/\/semmelweis.hu\/pharmacology\/files\/2025\/10\/nkl3-753x502.jpg 753w, https:\/\/semmelweis.hu\/pharmacology\/files\/2025\/10\/nkl3-203x135.jpg 203w\" ><\/a><\/div>\r\n                    <\/span>\r\n\r\n                <\/div>\r\n\r\n            <\/div>\r\n\r\n            \r\n            <\/div>\r\n\r\n            [\/slb_exclude]\r\n\t\n<p><strong>Mission and benefits<\/strong><\/p>\n<p>The mission of the research is to facilitate the early detection and effective treatment of cardiovascular diseases through the development of innovative in vitro models and microRNA-based therapies. This will contribute to the safer use of cardiovascular drugs, the detection of hidden side effects and the promotion of personalized medicine. The programme is in line with the University&#8217;s strategic objectives of strengthening health innovation and translational research and increasing societal utility in the prevention and treatment of cardiovascular diseases. In this way, research will support national and international health priorities and contribute to the development of the Hungarian healthcare system.<\/p>\n","protected":false},"excerpt":{"rendered":"<p>National Cardiovascular Laboratory \u00a0 Grant: National Cardiovascular Laboratory, RRF-2.3.1-21-2022-00003 Amount of support: 1.237.500.000 Ft Duration: 2022.03.01-2026.02.28 Principal investigator: P\u00e9ter Ferdinandy, MD, PhD, DSc, MBA &nbsp; Summary The aim of the project is to develop the diagnosis and treatment of cardiovascular diseases and to investigate cardiovascular drugs. Our institute is involved in the consortium project with &hellip;<\/p>\n","protected":false},"author":102427,"featured_media":0,"parent":15124,"menu_order":0,"comment_status":"closed","ping_status":"closed","template":"","meta":{"_acf_changed":false,"footnotes":""},"categories":[],"tags":[],"class_list":["post-15116","page","type-page","status-publish","hentry"],"acf":[],"_links":{"self":[{"href":"https:\/\/semmelweis.hu\/pharmacology\/wp-json\/wp\/v2\/pages\/15116","targetHints":{"allow":["GET"]}}],"collection":[{"href":"https:\/\/semmelweis.hu\/pharmacology\/wp-json\/wp\/v2\/pages"}],"about":[{"href":"https:\/\/semmelweis.hu\/pharmacology\/wp-json\/wp\/v2\/types\/page"}],"author":[{"embeddable":true,"href":"https:\/\/semmelweis.hu\/pharmacology\/wp-json\/wp\/v2\/users\/102427"}],"replies":[{"embeddable":true,"href":"https:\/\/semmelweis.hu\/pharmacology\/wp-json\/wp\/v2\/comments?post=15116"}],"version-history":[{"count":4,"href":"https:\/\/semmelweis.hu\/pharmacology\/wp-json\/wp\/v2\/pages\/15116\/revisions"}],"predecessor-version":[{"id":15179,"href":"https:\/\/semmelweis.hu\/pharmacology\/wp-json\/wp\/v2\/pages\/15116\/revisions\/15179"}],"up":[{"embeddable":true,"href":"https:\/\/semmelweis.hu\/pharmacology\/wp-json\/wp\/v2\/pages\/15124"}],"wp:attachment":[{"href":"https:\/\/semmelweis.hu\/pharmacology\/wp-json\/wp\/v2\/media?parent=15116"}],"wp:term":[{"taxonomy":"category","embeddable":true,"href":"https:\/\/semmelweis.hu\/pharmacology\/wp-json\/wp\/v2\/categories?post=15116"},{"taxonomy":"post_tag","embeddable":true,"href":"https:\/\/semmelweis.hu\/pharmacology\/wp-json\/wp\/v2\/tags?post=15116"}],"curies":[{"name":"wp","href":"https:\/\/api.w.org\/{rel}","templated":true}]}}