{"id":14120,"date":"2024-09-25T09:38:27","date_gmt":"2024-09-25T07:38:27","guid":{"rendered":"https:\/\/semmelweis.hu\/pharmacology\/?page_id=14120"},"modified":"2024-09-25T09:38:43","modified_gmt":"2024-09-25T07:38:43","slug":"impressum","status":"publish","type":"page","link":"https:\/\/semmelweis.hu\/pharmacology\/en\/impressum\/","title":{"rendered":"Impressum"},"content":{"rendered":"<p><strong>Responsible publisher:<\/strong><\/p>\n<p><strong>Unit name:<\/strong> Department of Pharmacology and Pharmacotherapy<\/p>\n<p><strong>Head of Unit:<\/strong> Prof. Dr. P\u00e9ter Ferdinandy<\/p>\n<p><strong>Website Editor:<\/strong> M\u00e1t\u00e9 V\u00e1czy-F\u00f6ldi, M\u00e1rta Szab\u00f3<\/p>\n<p><strong>E-mail to the website editor:<\/strong><\/p>\n","protected":false},"excerpt":{"rendered":"<p>Responsible publisher:<br \/>\nUnit name: Department of Pharmacology and Pharmacotherapy<br \/>\nHead of Unit: Prof. Dr. P\u00e9ter Ferdinandy<br \/>\nWebsite Editor: M\u00e1t\u00e9 V\u00e1czy-F\u00f6ldi, M\u00e1rta Szab\u00f3<br \/>\nE-mail to the website editor:<\/p>\n","protected":false},"author":102322,"featured_media":0,"parent":0,"menu_order":0,"comment_status":"closed","ping_status":"closed","template":"","meta":{"_acf_changed":false,"footnotes":""},"categories":[],"tags":[],"class_list":["post-14120","page","type-page","status-publish","hentry"],"acf":[],"_links":{"self":[{"href":"https:\/\/semmelweis.hu\/pharmacology\/wp-json\/wp\/v2\/pages\/14120","targetHints":{"allow":["GET"]}}],"collection":[{"href":"https:\/\/semmelweis.hu\/pharmacology\/wp-json\/wp\/v2\/pages"}],"about":[{"href":"https:\/\/semmelweis.hu\/pharmacology\/wp-json\/wp\/v2\/types\/page"}],"author":[{"embeddable":true,"href":"https:\/\/semmelweis.hu\/pharmacology\/wp-json\/wp\/v2\/users\/102322"}],"replies":[{"embeddable":true,"href":"https:\/\/semmelweis.hu\/pharmacology\/wp-json\/wp\/v2\/comments?post=14120"}],"version-history":[{"count":2,"href":"https:\/\/semmelweis.hu\/pharmacology\/wp-json\/wp\/v2\/pages\/14120\/revisions"}],"predecessor-version":[{"id":14124,"href":"https:\/\/semmelweis.hu\/pharmacology\/wp-json\/wp\/v2\/pages\/14120\/revisions\/14124"}],"wp:attachment":[{"href":"https:\/\/semmelweis.hu\/pharmacology\/wp-json\/wp\/v2\/media?parent=14120"}],"wp:term":[{"taxonomy":"category","embeddable":true,"href":"https:\/\/semmelweis.hu\/pharmacology\/wp-json\/wp\/v2\/categories?post=14120"},{"taxonomy":"post_tag","embeddable":true,"href":"https:\/\/semmelweis.hu\/pharmacology\/wp-json\/wp\/v2\/tags?post=14120"}],"curies":[{"name":"wp","href":"https:\/\/api.w.org\/{rel}","templated":true}]}}