{"id":13542,"date":"2024-05-10T11:44:41","date_gmt":"2024-05-10T09:44:41","guid":{"rendered":"https:\/\/semmelweis.hu\/pharmacology\/?page_id=13542"},"modified":"2025-02-06T14:10:20","modified_gmt":"2025-02-06T13:10:20","slug":"neurotranszlacios-es-neuromodulacios-kutatocsoport","status":"publish","type":"page","link":"https:\/\/semmelweis.hu\/pharmacology\/kutatas\/neurotranszlacios-es-neuromodulacios-kutatocsoport\/","title":{"rendered":"Neurotranszl\u00e1ci\u00f3s \u00e9s neuromodul\u00e1ci\u00f3s kutat\u00f3csoport"},"content":{"rendered":"<p><strong>Alcsoportok<\/strong><\/p>\n<p><a href=\"https:\/\/semmelweis.hu\/pharmacology\/kutatas\/neurotranszlacios-es-neuromodulacios-kutatocsoport\/viselkedesfarmakologiai-es-fajdalom-kutatocsoport\/\">Viselked\u00e9sfarmakol\u00f3giai \u00e9s F\u00e1jdalom Kutat\u00f3csoport<\/a><br \/>\n<iframe loading=\"lazy\" src=\"\/\/www.youtube.com\/embed\/AQUBvURaWeQ\" width=\"560\" height=\"314\"><\/iframe><\/p>\n<p>&nbsp;<\/p>\n<p><a href=\"https:\/\/semmelweis.hu\/pharmacology\/kutatas\/neurotranszlacios-es-neuromodulacios-kutatocsoport\/viselkedesfarma-kutatocsoport\/\">Kognit\u00edv Transzl\u00e1ci\u00f3s Viselked\u00e9sfarmakol\u00f3giai Kutat\u00f3csoport<\/a><br \/>\n<iframe loading=\"lazy\" src=\"\/\/www.youtube.com\/embed\/WBC9kWCAfZw\" width=\"560\" height=\"314\"><\/iframe><\/p>\n<p>&nbsp;<\/p>\n<p>Tov\u00e1bbi r\u00e9szletek kutat\u00e1sainkr\u00f3l az egyes munkacsoportok oldalain tal\u00e1lhat\u00f3.<\/p>\n","protected":false},"excerpt":{"rendered":"<p>Alcsoportok<br \/>\n<a href=\"https:\/\/semmelweis.hu\/pharmacology\/kutatas\/neurotranszlacios-es-neuromodulacios-kutatocsoport\/viselkedesfarmakologiai-es-fajdalom-kutatocsoport\/\">Viselked\u00e9sfarmakol\u00f3giai \u00e9s F\u00e1jdalom Kutat\u00f3csoport<\/a><\/p>\n<p>&nbsp;<br \/>\n<a href=\"https:\/\/semmelweis.hu\/pharmacology\/kutatas\/neurotranszlacios-es-neuromodulacios-kutatocsoport\/viselkedesfarma-kutatocsoport\/\">Kognit\u00edv Transzl\u00e1ci\u00f3s Viselked\u00e9sfarmakol\u00f3giai Kutat\u00f3csoport<\/a><\/p>\n<p>&nbsp;<br \/>\nTov\u00e1bbi r\u00e9szletek kutat\u00e1sainkr\u00f3l az egyes munkacsoportok oldalain tal\u00e1lhat\u00f3.<\/p>\n","protected":false},"author":102374,"featured_media":0,"parent":14,"menu_order":2,"comment_status":"closed","ping_status":"closed","template":"","meta":{"_acf_changed":false,"footnotes":""},"categories":[],"tags":[],"class_list":["post-13542","page","type-page","status-publish","hentry"],"acf":[],"_links":{"self":[{"href":"https:\/\/semmelweis.hu\/pharmacology\/wp-json\/wp\/v2\/pages\/13542","targetHints":{"allow":["GET"]}}],"collection":[{"href":"https:\/\/semmelweis.hu\/pharmacology\/wp-json\/wp\/v2\/pages"}],"about":[{"href":"https:\/\/semmelweis.hu\/pharmacology\/wp-json\/wp\/v2\/types\/page"}],"author":[{"embeddable":true,"href":"https:\/\/semmelweis.hu\/pharmacology\/wp-json\/wp\/v2\/users\/102374"}],"replies":[{"embeddable":true,"href":"https:\/\/semmelweis.hu\/pharmacology\/wp-json\/wp\/v2\/comments?post=13542"}],"version-history":[{"count":4,"href":"https:\/\/semmelweis.hu\/pharmacology\/wp-json\/wp\/v2\/pages\/13542\/revisions"}],"predecessor-version":[{"id":14593,"href":"https:\/\/semmelweis.hu\/pharmacology\/wp-json\/wp\/v2\/pages\/13542\/revisions\/14593"}],"up":[{"embeddable":true,"href":"https:\/\/semmelweis.hu\/pharmacology\/wp-json\/wp\/v2\/pages\/14"}],"wp:attachment":[{"href":"https:\/\/semmelweis.hu\/pharmacology\/wp-json\/wp\/v2\/media?parent=13542"}],"wp:term":[{"taxonomy":"category","embeddable":true,"href":"https:\/\/semmelweis.hu\/pharmacology\/wp-json\/wp\/v2\/categories?post=13542"},{"taxonomy":"post_tag","embeddable":true,"href":"https:\/\/semmelweis.hu\/pharmacology\/wp-json\/wp\/v2\/tags?post=13542"}],"curies":[{"name":"wp","href":"https:\/\/api.w.org\/{rel}","templated":true}]}}