{"id":13248,"date":"2024-03-11T11:07:25","date_gmt":"2024-03-11T10:07:25","guid":{"rendered":"https:\/\/semmelweis.hu\/pharmacology\/?page_id=13248"},"modified":"2025-11-13T10:37:37","modified_gmt":"2025-11-13T09:37:37","slug":"oktatasfejlesztesi-palyazatok","status":"publish","type":"page","link":"https:\/\/semmelweis.hu\/pharmacology\/oktatas\/oktatasfejlesztesi-palyazatok\/","title":{"rendered":"Oktat\u00e1sfejleszt\u00e9si p\u00e1ly\u00e1zatok"},"content":{"rendered":"<div class=\"w-100\"><a href=\"https:\/\/semmelweis.hu\/pharmacology\/files\/2024\/03\/RRF-kedvezmenyezetti-infoblokk-keretes-1.jpg\"><img loading=\"lazy\" decoding=\"async\" class=\"size-full wp-image-13249 aligncenter\" src=\"https:\/\/semmelweis.hu\/pharmacology\/files\/2024\/03\/RRF-kedvezmenyezetti-infoblokk-keretes-1.jpg\" alt=\"\" width=\"1081\" height=\"326\" srcset=\"https:\/\/semmelweis.hu\/pharmacology\/files\/2024\/03\/RRF-kedvezmenyezetti-infoblokk-keretes-1.jpg 1081w, https:\/\/semmelweis.hu\/pharmacology\/files\/2024\/03\/RRF-kedvezmenyezetti-infoblokk-keretes-1-400x121.jpg 400w, https:\/\/semmelweis.hu\/pharmacology\/files\/2024\/03\/RRF-kedvezmenyezetti-infoblokk-keretes-1-1024x309.jpg 1024w, https:\/\/semmelweis.hu\/pharmacology\/files\/2024\/03\/RRF-kedvezmenyezetti-infoblokk-keretes-1-768x232.jpg 768w, https:\/\/semmelweis.hu\/pharmacology\/files\/2024\/03\/RRF-kedvezmenyezetti-infoblokk-keretes-1-753x227.jpg 753w\" sizes=\"auto, (max-width: 1081px) 100vw, 1081px\" \/><\/a><\/div>\n<p>&nbsp;<\/p>\n<p style=\"text-align: justify;\">Az <strong>RRF-2.1.2-21-2022-00010<\/strong> A gyakorlati orvosk\u00e9pz\u00e9s fejleszt\u00e9se a Semmelweis Egyetemen c\u00edm\u0171 projekt keret\u00e9ben a fels\u0151oktat\u00e1si k\u00e9pz\u00e9sek gyakorlatorient\u00e1lt k\u00e9pz\u00e9s- \u00e9s tartalomfejleszt\u00e9se c\u00e9llal a Farmakol\u00f3giai \u00e9s Farmakoter\u00e1pi\u00e1s Int\u00e9zet h\u00e1rom elnyert alprojekttel vesz r\u00e9szt:<\/p>\n<ul style=\"text-align: justify;\">\n<li>Flipped classroom megk\u00f6zel\u00edt\u00e9s alkalmaz\u00e1sa a harmad\u00e9ves Farmakol\u00f3gia I-II. t\u00e1rgy gyakorlati oktat\u00e1s\u00e1ban;<\/li>\n<\/ul>\n<ul style=\"text-align: justify;\">\n<li>Farmakol\u00f3giai core concept \u2013ek kidolgoz\u00e1sa a harmad\u00e9ves Farmakol\u00f3gia I-II. t\u00e1rgy oktat\u00e1s\u00e1ban;<\/li>\n<\/ul>\n<ul style=\"text-align: justify;\">\n<li>M\u00e9r\u00e9s-\u00e9rt\u00e9kel\u00e9si gyakorlat kialak\u00edt\u00e1sa a Moodle Level-up! rendszere seg\u00edts\u00e9g\u00e9vel a Klinikai farmakol\u00f3gia blokkban.<\/li>\n<\/ul>\n","protected":false},"excerpt":{"rendered":"<p><a href=\"https:\/\/semmelweis.hu\/pharmacology\/files\/2024\/03\/RRF-kedvezmenyezetti-infoblokk-keretes-1.jpg\"><\/a> &nbsp; Az RRF-2.1.2-21-2022-00010 A gyakorlati orvosk\u00e9pz\u00e9s fejleszt\u00e9se a Semmelweis Egyetemen c\u00edm\u0171 projekt keret\u00e9ben a fels\u0151oktat\u00e1si k\u00e9pz\u00e9sek gyakorlatorient\u00e1lt k\u00e9pz\u00e9s- \u00e9s tartalomfejleszt\u00e9se c\u00e9llal a Farmakol\u00f3giai \u00e9s Farmakoter\u00e1pi\u00e1s Int\u00e9zet h\u00e1rom elnyert alprojekttel vesz r\u00e9szt: Flipped classroom megk\u00f6zel\u00edt\u00e9s alkalmaz\u00e1sa a harmad\u00e9ves Farmakol\u00f3gia I-II. t\u00e1rgy gyakorlati oktat\u00e1s\u00e1ban; Farmakol\u00f3giai core concept \u2013ek kidolgoz\u00e1sa a harmad\u00e9ves Farmakol\u00f3gia I-II. t\u00e1rgy oktat\u00e1s\u00e1ban; M\u00e9r\u00e9s-\u00e9rt\u00e9kel\u00e9si gyakorlat &hellip;<\/p>\n","protected":false},"author":101941,"featured_media":0,"parent":12,"menu_order":5,"comment_status":"closed","ping_status":"closed","template":"","meta":{"_acf_changed":false,"footnotes":""},"categories":[],"tags":[],"class_list":["post-13248","page","type-page","status-publish","hentry"],"acf":[],"_links":{"self":[{"href":"https:\/\/semmelweis.hu\/pharmacology\/wp-json\/wp\/v2\/pages\/13248","targetHints":{"allow":["GET"]}}],"collection":[{"href":"https:\/\/semmelweis.hu\/pharmacology\/wp-json\/wp\/v2\/pages"}],"about":[{"href":"https:\/\/semmelweis.hu\/pharmacology\/wp-json\/wp\/v2\/types\/page"}],"author":[{"embeddable":true,"href":"https:\/\/semmelweis.hu\/pharmacology\/wp-json\/wp\/v2\/users\/101941"}],"replies":[{"embeddable":true,"href":"https:\/\/semmelweis.hu\/pharmacology\/wp-json\/wp\/v2\/comments?post=13248"}],"version-history":[{"count":4,"href":"https:\/\/semmelweis.hu\/pharmacology\/wp-json\/wp\/v2\/pages\/13248\/revisions"}],"predecessor-version":[{"id":15399,"href":"https:\/\/semmelweis.hu\/pharmacology\/wp-json\/wp\/v2\/pages\/13248\/revisions\/15399"}],"up":[{"embeddable":true,"href":"https:\/\/semmelweis.hu\/pharmacology\/wp-json\/wp\/v2\/pages\/12"}],"wp:attachment":[{"href":"https:\/\/semmelweis.hu\/pharmacology\/wp-json\/wp\/v2\/media?parent=13248"}],"wp:term":[{"taxonomy":"category","embeddable":true,"href":"https:\/\/semmelweis.hu\/pharmacology\/wp-json\/wp\/v2\/categories?post=13248"},{"taxonomy":"post_tag","embeddable":true,"href":"https:\/\/semmelweis.hu\/pharmacology\/wp-json\/wp\/v2\/tags?post=13248"}],"curies":[{"name":"wp","href":"https:\/\/api.w.org\/{rel}","templated":true}]}}