{"id":13069,"date":"2024-01-19T10:37:24","date_gmt":"2024-01-19T09:37:24","guid":{"rendered":"https:\/\/semmelweis.hu\/pharmacology\/?page_id=13069"},"modified":"2024-12-12T11:11:47","modified_gmt":"2024-12-12T10:11:47","slug":"teaching-assistants-of-the-department-of-pharmacology","status":"publish","type":"page","link":"https:\/\/semmelweis.hu\/pharmacology\/en\/students-research\/teaching-assistants-of-the-department-of-pharmacology\/","title":{"rendered":"Teaching Assistants of the Department of Pharmacology"},"content":{"rendered":"<h3>2024\/25<\/h3>\n<ol>\n<li>J\u00falia Marianna K\u00e1rp\u00e1ti\u00a0<\/li>\n<li>Petra Hegyeshalmi\u00a0<\/li>\n<li>Ad\u00e9l Kiricsi\u00a0<\/li>\n<li>Krist\u00f3f Koll\u00e1r\u00a0<\/li>\n<li>Krist\u00f3f K\u00f3rodi\u00a0<\/li>\n<li>Dorka Ny\u00e1ry\u00a0<\/li>\n<li>Marcell Ol\u00e1h\u00a0<\/li>\n<li>Art\u00far T\u00f3th\u00a0<\/li>\n<li>Bogl\u00e1rka T\u00f3th<\/li>\n<li>Ayano Yoshida<\/li>\n<li>Choi Alim<\/li>\n<li>Ipek Yazici<\/li>\n<li>Mohammadmehdi Hamdizadeh<\/li>\n<li>PARK Junhoo<\/li>\n<li>Minseo Song<\/li>\n<li>Leylinaz Safaeihavadaragh\u00a0<\/li>\n<li>Sungwoon Kim (Peter)<\/li>\n<li>Mobina Nick<\/li>\n<li>Zoabi Tareq<\/li>\n<li>Kasbary Alexander KM<\/li>\n<li>Pigareva Valeria<\/li>\n<li>Enrique Mandado<\/li>\n<li>Negin Abdollahy<\/li>\n<li>Negin Jabbary<\/li>\n<li>Sadaf Jokar<\/li>\n<li>Lennart Buss<\/li>\n<li>Marco Himsel<\/li>\n<li>Ipek Sahin<\/li>\n<li>Ma\u00ebl Cleff<\/li>\n<li>Tabea Viktoria Reiner<\/li>\n<li>Gina Lee<\/li>\n<\/ol>\n<h3>2023\/24<\/h3>\n<ol>\n<li>Dianati Samarin Mohsen<\/li>\n<li>Kiarash Kalantar<\/li>\n<li>Boldizs\u00e1r Csernai<\/li>\n<li>Petra Hegyeshalmi<\/li>\n<li>Barna P\u00e9ter Hegyi<\/li>\n<li>Ad\u00e9l Kiricsi<\/li>\n<li>Krist\u00f3f Koll\u00e1r<\/li>\n<li>Marcell Ol\u00e1h<\/li>\n<li>Eszter Szaniszl\u00f3<\/li>\n<li>Art\u00far T\u00f3th<\/li>\n<li>Bogl\u00e1rka T\u00f3th<\/li>\n<li>Aamna Khan<\/li>\n<li>Alexander KM Kasbary<\/li>\n<li>Alim Choi<\/li>\n<li>Amir Mohammad Tarazi<\/li>\n<li>Bo Young Lee<\/li>\n<li>Ceysu Ay<\/li>\n<li>Golnar Broumandbardsiri<\/li>\n<li>Junmoo Park<\/li>\n<li>Jeonghyoun Lee<\/li>\n<li>Joong Min Lee<\/li>\n<li>Zare Mahan<\/li>\n<li>Nik Ravesh Mobina<\/li>\n<li>Nir Levy<\/li>\n<li>Seongjin Oh<\/li>\n<li>Sangjukta Sarkar<\/li>\n<li>Seyed Shina Banihashemi<\/li>\n<li>Sun June Park<\/li>\n<li>Yunsang Jo<\/li>\n<li>Yixuan Zeng<\/li>\n<li>Tareq Zoabi<\/li>\n<li>Valeria Pigareva<\/li>\n<li>Johanna Gorkisch<\/li>\n<li>Mael Cleff<\/li>\n<li>Marco Himsel<\/li>\n<li>Ipek Sahin<\/li>\n<li>Tabea Reiner<\/li>\n<\/ol>\n<h3>2022\/2023<\/h3>\n<ol>\n<li>Tian Huimin<\/li>\n<li>Katarina Ilankovic<\/li>\n<li>Koncz Petra<\/li>\n<li>Kevin Babayigit<\/li>\n<li>Art\u00far T\u00f3th<\/li>\n<li>Eszter Szaniszl\u00f3<\/li>\n<li>Boldizs\u00e1r Csernai<\/li>\n<li>Sz\u00fcgyi Levente<\/li>\n<li>Sangjukta Sarkar<\/li>\n<li>Vedant Zaveri<\/li>\n<li>Sun June Park<\/li>\n<li>Chan Ju Baek<\/li>\n<li>Yixuan Zeng<\/li>\n<li>Bo Young Lee<\/li>\n<li>Varun Kakkar<\/li>\n<li>Ceysu Ay<\/li>\n<li>Jeonghyoun Lee<\/li>\n<li>Nir Levy<\/li>\n<li>Tareq Zoabi<\/li>\n<li>Valeria Pigareva<\/li>\n<li>Sangheon Lee<\/li>\n<li>Omer Abraham<\/li>\n<li>Sirus Hosseini-Begtary<\/li>\n<li>Johanna Gorkisch<\/li>\n<li>Hannah Elisabeth Rothermundt<\/li>\n<\/ol>\n<h3>2021\/2022<\/h3>\n<ol>\n<li>Tian Huimin<\/li>\n<li>Szabolcs Z\u00f3lyomi<\/li>\n<li>Eszter V\u00e9n<\/li>\n<li>Petra S\u00f3lymos<\/li>\n<li>Judit Bogn\u00e1r<\/li>\n<li>R\u00e9ka Ehrenberger<\/li>\n<li>Petra Koncz<\/li>\n<li>Katalin Gy\u0151ri<\/li>\n<li>Kriszti\u00e1n G\u00e1lv\u00f6lgyi<\/li>\n<li>B\u00e1lint K\u00f6v\u00e9r<\/li>\n<li>Blanka Lehel<\/li>\n<li>Rita Farkas<\/li>\n<li>Aoibheann Browne<\/li>\n<li>Cynthia Alexandra Hunn<\/li>\n<li>Hwang Siyun<\/li>\n<li>Kristin Marker<\/li>\n<li>Mohammad Ali Khozeimeh<\/li>\n<li>Paniz Mokhtari Kojouri<\/li>\n<li>P\u00e1l Botond S\u00edk<\/li>\n<li>Vedant Zaveri<\/li>\n<li>Pascale Jung<\/li>\n<li>Vera Brenner<\/li>\n<\/ol>\n<h3>2020\/2021<\/h3>\n<ol>\n<li>Judit Bogn\u00e1r<\/li>\n<li>Olivia Bottlik<\/li>\n<li>R\u00e9ka Ehrenberger<\/li>\n<li>Lili Guly\u00e1s<\/li>\n<li>Blanka Lehel<\/li>\n<li>M\u00e1rton Makai<\/li>\n<li>Lili Gabriella Moln\u00e1r<\/li>\n<li>G\u00e1bor Orb\u00e1n<\/li>\n<li>Tian Huimin<\/li>\n<li>Zita Zsombor<\/li>\n<li>Tal Shapira<\/li>\n<li>Hoo Eun Park<\/li>\n<li>Parwin Hasan<\/li>\n<li>Marco Hoffmann<\/li>\n<li>Sophie Felderhoff<\/li>\n<\/ol>\n<h3>2019\/2020<\/h3>\n<ol>\n<li>Silje Braten<\/li>\n<li>Carlotta Sapienza<\/li>\n<li>Helene Soberg<\/li>\n<li>Sabatini Roberta<\/li>\n<li>Ingy Jabry<\/li>\n<li>Avideh Afshar<\/li>\n<li>Cho Namki<\/li>\n<li>Amirsalar Broumandbandsiri<\/li>\n<li>Viktoria Huh Reese Larsen<\/li>\n<li>Lili Gabriella Moln\u00e1r<\/li>\n<li>Anna Be\u00e1ta Csepregi<\/li>\n<li>K\u00e1lm\u00e1n Nagy-Czirok<\/li>\n<li>Tam\u00e1s Gergely<\/li>\n<li>Kinga M\u00e1t\u00e9<\/li>\n<li>Viktor Nabil Sayour<\/li>\n<li>D\u00e1vid \u00c1rp\u00e1d Kar\u00e1di<\/li>\n<li>Piroska Judit Kiss<\/li>\n<li>M\u00f3nika Cebula<\/li>\n<li>B\u00f3ra Blanka Lengyel<\/li>\n<li>Vikt\u00f3ria Bea Horv\u00e1th<\/li>\n<li>Zs\u00f3fia Luca Szalai<\/li>\n<li>Bernadett Angela Karsai CzuCzumanoff<\/li>\n<li>Vikt\u00f3ria Kis-Orha<\/li>\n<li>D\u00e1niel M\u00e1t\u00e9<\/li>\n<li>Bence \u00c1ron Benedikti<\/li>\n<li>Felix Matkey<\/li>\n<li>Lukas Haberland<\/li>\n<li>Julian Weingartner<\/li>\n<li>Maximilian Sch\u00f6nharl<\/li>\n<li>Maximilian M\u0151rsdorf<\/li>\n<\/ol>\n<h3>2018\/2019<\/h3>\n<ol>\n<li>Laura Alm\u00e1si<\/li>\n<li>Aukrust Sverre Grover<\/li>\n<li>Avideh Afshar<\/li>\n<li>Benjamin Dahlberg<\/li>\n<li>Clare Scanlon<\/li>\n<li>Orsolya De\u00e1k<\/li>\n<li>Domokos G\u00e1l<\/li>\n<li>Tam\u00e1s Gergely<\/li>\n<li>Bal\u00e1zs Juh\u00e1sz<\/li>\n<li>Kinga M\u00e1t\u00e9<\/li>\n<li>Petra N\u00e1dasdi<\/li>\n<li>Roberta Sabatini<\/li>\n<li>Viktor Sajtos<\/li>\n<li>Viktor Nabil Sayour<\/li>\n<li>Zs\u00f3fia Szab\u00f3<\/li>\n<\/ol>\n<h3>2017\/2018<\/h3>\n<ol>\n<li>Andrea Cs\u00e1sz\u00e1r<\/li>\n<li>Tam\u00e1s D\u00e1niel Cs\u0171ry<\/li>\n<li>Orsolya De\u00e1k<\/li>\n<li>Domokos G\u00e1l<\/li>\n<li>Bal\u00e1zs Juh\u00e1sz<\/li>\n<li>Dil\u00e1n M\u00e1rk Karim<\/li>\n<li>Viktor Sajtos<\/li>\n<li>Judit Simon<\/li>\n<li>Zs\u00f3fia Szab\u00f3<\/li>\n<li>D\u00e1vid Szili<\/li>\n<li>Annam\u00e1ria Eszter Vicze<\/li>\n<\/ol>\n<h3>2016\/2017<\/h3>\n<ol>\n<li>Tam\u00e1s Dienes<\/li>\n<li>Dil\u00e1n Karim<\/li>\n<li>Szilvia Bianka L\u00e1szl\u00f3<\/li>\n<li>Petra Anna Nagy<\/li>\n<li>Zs\u00f3fia \u00d3nodi<\/li>\n<li>Judit Simon<\/li>\n<li>Anna Vicze<\/li>\n<\/ol>\n<h3>2015\/2016<\/h3>\n<ol>\n<li>Zs\u00f3fia \u00d3nodi<\/li>\n<li>Andr\u00e1s Szab\u00f3<\/li>\n<li>Sebesty\u00e9n Tuza<\/li>\n<li>Tam\u00e1s Dienes<\/li>\n<li>Dorottya Krisk\u00f3<\/li>\n<li>Andr\u00e1s Makkos<\/li>\n<li>Petra Anna Nagy<\/li>\n<\/ol>\n<h3>2014\/2015<\/h3>\n<ol>\n<li>Anik\u00f3 Balogh<\/li>\n<li>Bal\u00e1zs Czak\u00f3<\/li>\n<li>Dorottya G\u00f3dor<\/li>\n<li>Dorottya Krisk\u00f3<\/li>\n<li>Andr\u00e1s Szab\u00f3<\/li>\n<li>Sebesty\u00e9n Tuza<\/li>\n<li>Andr\u00e1s Makkos<\/li>\n<\/ol>\n<h3>2013\/2014<\/h3>\n<ol>\n<li>Anik\u00f3 Balogh<\/li>\n<li>Bal\u00e1zs Czak\u00f3<\/li>\n<li>Dorottya G\u00f3dor<\/li>\n<li>Krisztina Koll\u00e1r<\/li>\n<li>Enik\u0151 Szab\u00f3<\/li>\n<\/ol>\n<h3>2012\/2013<\/h3>\n<ol>\n<li>Anita Becker<\/li>\n<li>\u00c1gnes Feh\u00e9r<\/li>\n<li>M\u00e1t\u00e9 Magyar<\/li>\n<\/ol>\n<h3>2011\/2012<\/h3>\n<ol>\n<li>\u00c1gnes Feh\u00e9r<\/li>\n<li>Adrienn Hanuska<\/li>\n<li>\u00c1gnes Kov\u00e1cs<\/li>\n<\/ol>\n","protected":false},"excerpt":{"rendered":"<p>2024\/25 J\u00falia Marianna K\u00e1rp\u00e1ti\u00a0 Petra Hegyeshalmi\u00a0 Ad\u00e9l Kiricsi\u00a0 Krist\u00f3f Koll\u00e1r\u00a0 Krist\u00f3f K\u00f3rodi\u00a0 Dorka Ny\u00e1ry\u00a0 Marcell Ol\u00e1h\u00a0 Art\u00far T\u00f3th\u00a0 Bogl\u00e1rka T\u00f3th Ayano Yoshida Choi Alim Ipek Yazici Mohammadmehdi Hamdizadeh PARK Junhoo Minseo Song Leylinaz Safaeihavadaragh\u00a0 Sungwoon Kim (Peter) Mobina Nick Zoabi Tareq Kasbary Alexander KM Pigareva Valeria Enrique Mandado Negin Abdollahy Negin Jabbary Sadaf Jokar Lennart &hellip;<\/p>\n","protected":false},"author":102322,"featured_media":0,"parent":990,"menu_order":5,"comment_status":"closed","ping_status":"closed","template":"","meta":{"_acf_changed":false,"footnotes":""},"categories":[],"tags":[],"class_list":["post-13069","page","type-page","status-publish","hentry"],"acf":[],"_links":{"self":[{"href":"https:\/\/semmelweis.hu\/pharmacology\/wp-json\/wp\/v2\/pages\/13069","targetHints":{"allow":["GET"]}}],"collection":[{"href":"https:\/\/semmelweis.hu\/pharmacology\/wp-json\/wp\/v2\/pages"}],"about":[{"href":"https:\/\/semmelweis.hu\/pharmacology\/wp-json\/wp\/v2\/types\/page"}],"author":[{"embeddable":true,"href":"https:\/\/semmelweis.hu\/pharmacology\/wp-json\/wp\/v2\/users\/102322"}],"replies":[{"embeddable":true,"href":"https:\/\/semmelweis.hu\/pharmacology\/wp-json\/wp\/v2\/comments?post=13069"}],"version-history":[{"count":7,"href":"https:\/\/semmelweis.hu\/pharmacology\/wp-json\/wp\/v2\/pages\/13069\/revisions"}],"predecessor-version":[{"id":14558,"href":"https:\/\/semmelweis.hu\/pharmacology\/wp-json\/wp\/v2\/pages\/13069\/revisions\/14558"}],"up":[{"embeddable":true,"href":"https:\/\/semmelweis.hu\/pharmacology\/wp-json\/wp\/v2\/pages\/990"}],"wp:attachment":[{"href":"https:\/\/semmelweis.hu\/pharmacology\/wp-json\/wp\/v2\/media?parent=13069"}],"wp:term":[{"taxonomy":"category","embeddable":true,"href":"https:\/\/semmelweis.hu\/pharmacology\/wp-json\/wp\/v2\/categories?post=13069"},{"taxonomy":"post_tag","embeddable":true,"href":"https:\/\/semmelweis.hu\/pharmacology\/wp-json\/wp\/v2\/tags?post=13069"}],"curies":[{"name":"wp","href":"https:\/\/api.w.org\/{rel}","templated":true}]}}