{"id":12107,"date":"2023-03-07T11:22:18","date_gmt":"2023-03-07T10:22:18","guid":{"rendered":"https:\/\/semmelweis.hu\/pharmacology\/?page_id=12107"},"modified":"2026-01-30T14:31:03","modified_gmt":"2026-01-30T13:31:03","slug":"stress-distress-and-eustress-history-and-modern-understanding","status":"publish","type":"page","link":"https:\/\/semmelweis.hu\/pharmacology\/en\/education\/postgraduate-courses\/stress-distress-and-eustress-history-and-modern-understanding\/","title":{"rendered":"Stress, distress and eustress: history and modern understanding"},"content":{"rendered":"<p style=\"text-align: justify\"><span style=\"font-family: arial, helvetica, sans-serif;font-size: 10pt\">A Farmakol\u00f3giai \u00e9s Farmakoter\u00e1pi\u00e1s Int\u00e9zet szervez\u00e9s\u00e9ben\u00a0 2020. \u00e1prilis 14-17 k\u00f6zt ker\u00fcl megszervez\u00e9sre a &#8222;Stressz, distressz, eustressz:\u00a0 Selye J\u00e1nost\u00f3l\u00a0 a stressz modern \u00e9rtelmez\u00e9s\u00e9ig<strong>&#8221; <\/strong>cim\u0171 Doktori Kurzus (kurzus vezet\u0151k: Dr.Gyires Kl\u00e1ra, Dr.Szab\u00f3 S\u00e1ndor), melyen\u00a0 jeles hazai el\u0151ad\u00f3k mellett t\u00f6bb k\u00fclf\u00f6ldi, nemzetk\u00f6zileg elismert\u00a0 kutat\u00f3 is szerepel, t\u00f6bbek k\u00f6z\u00f6tt Selye J\u00e1nos volt doktori hallgat\u00f3i: Szab\u00f3 S\u00e1ndor\u00a0 (University of California, Irvine, School of Medicine,\u00a0 SE Farmakol\u00f3giai \u00e9s Farmakoter\u00e1pi\u00e1s Int\u00e9zet vend\u00e9gprofesszora) \u00e9s Somogyi \u00c1rp\u00e1d (Life Sciences Institute, Brussel) professzorok;\u00a0 valamint Ludmilla Filaretova az Orosz Akad\u00e9mia rendes tagja, a szentp\u00e9terv\u00e1ri Pavlov \u00c9lettani Int\u00e9zet igazgat\u00f3ja.\u00a0 A kurzus r\u00e9szletes programja magyar \u00e9s angol nyelven megtal\u00e1lhat\u00f3 a Doktori Iskola honlapj\u00e1n is: https:\/\/semmelweis.hu\/wp-content\/phd\/phd_live\/<\/span><\/p>\n<p><span style=\"font-family: arial, helvetica, sans-serif;font-size: 10pt\"><strong>R\u00e9szletes tematika:<\/strong><\/span><\/p>\n<p style=\"text-align: center\"><strong>\u00a0\u00a0\u00a0<span style=\"font-family: arial, helvetica, sans-serif;font-size: 10pt\">\u00a0\u00a0\u00a0\u00a0\u00a0\u00a0\u00a0\u00a0\u00a0\u00a0\u00a0\u00a0 Stressz, distressz, eustressz: \u00a0Selye J\u00e1nost\u00f3l \u00a0a stressz modern \u00e9rtelmez\u00e9s\u00e9ig.<\/span><\/strong><\/p>\n<p style=\"text-align: center\"><span style=\"font-family: arial, helvetica, sans-serif;font-size: 10pt\">V\u00e1ltoztasd \u00e1t a distresszt\u00a0 eustressz\u00e9.<\/span><\/p>\n<p style=\"text-align: center\"><span style=\"font-family: arial, helvetica, sans-serif;font-size: 10pt\"><strong>Kurzusvezet\u0151k:<\/strong> <\/span><br \/>\n<span style=\"font-family: arial, helvetica, sans-serif;font-size: 10pt\">Prof. Dr. Gyires Kl\u00e1ra,\u00a0 Prof. Dr. Szab\u00f3 S\u00e1ndor<\/span><\/p>\n<p style=\"text-align: center\"><span style=\"font-family: arial, helvetica, sans-serif;font-size: 10pt\"><strong>2020.<\/strong><\/span><\/p>\n<p><span style=\"font-family: arial, helvetica, sans-serif;font-size: 10pt\"><strong>\u00c1prilis 14<\/strong><\/span><\/p>\n<p><span style=\"font-family: arial, helvetica, sans-serif;font-size: 10pt\"><strong>11.50h-2h<br \/>\n<\/strong>Prof. K. Gyires, Prof. S. Szab\u00f3<\/span><\/p>\n<p><span style=\"font-family: arial, helvetica, sans-serif;font-size: 10pt\"><strong>Bevezet\u0151 gondolatok<\/strong><\/span><\/p>\n<p><span style=\"font-family: arial, helvetica, sans-serif;font-size: 10pt\"><strong>\u00a0<\/strong><strong>12-13.30h<\/strong><\/span><\/p>\n<p><span style=\"font-family: arial, helvetica, sans-serif;font-size: 10pt\">Prof. Szab\u00f3 S\u00e1ndor (University of California, Irvine, School of Medicine,\u00a0 SE Farmakol\u00f3giai \u00e9s Farmakoter\u00e1pi\u00e1s Int\u00e9zet vend\u00e9gprofesszora)<\/span><\/p>\n<p><span style=\"font-family: arial, helvetica, sans-serif;font-size: 10pt\"><strong>Bevezet\u00e9s, stressz, distressz, eustressz.<\/strong><\/span><\/p>\n<p><span style=\"font-family: arial, helvetica, sans-serif;font-size: 10pt\"><strong>14.-15.30h <\/strong><\/span><\/p>\n<p><span style=\"font-family: arial, helvetica, sans-serif;font-size: 10pt\">Prof. Helyes Zsuzsanna\u00a0 (P\u00e9csi Tudom\u00e1nyegyetem, \u00c1ltal\u00e1nos Orvostudim\u00e1nyi Kar, Farmakol\u00f3giai \u00e9s Farmakoter\u00e1piai Int\u00e9zet)<\/span><\/p>\n<p><span style=\"font-family: arial, helvetica, sans-serif;font-size: 10pt\"><strong>Stressz \u00e9s f\u00e1jdalom<\/strong><\/span><\/p>\n<p><span style=\"font-family: arial, helvetica, sans-serif;font-size: 10pt\"><strong>15.40-17.10h<\/strong><\/span><\/p>\n<p><span style=\"font-family: arial, helvetica, sans-serif;font-size: 10pt\">Prof. Dr. Zelena D\u00f3ra\u00a0 (MTA KOKI, Budapest)<\/span><\/p>\n<p><span style=\"font-family: arial, helvetica, sans-serif;font-size: 10pt\"><strong>A stressz hormonok: CRF, ACTH, glucocorticoidok \u00e9lettana, farmakol\u00f3gi\u00e1ja.<\/strong><\/span><\/p>\n<p><span style=\"font-family: arial, helvetica, sans-serif;font-size: 10pt\"><strong>17.20.-18.50h<\/strong><\/span><\/p>\n<p><span style=\"font-family: arial, helvetica, sans-serif;font-size: 10pt\">Prof. Somogyi \u00c1rp\u00e1d (Life Sciences Institute, Brussel)<\/span><\/p>\n<p><span style=\"font-family: arial, helvetica, sans-serif;font-size: 10pt\"><strong>Selye, the grandmaster of creativity and \u200eoriginality.<\/strong><\/span><\/p>\n<p><strong>\u00a0<\/strong><\/p>\n<p><span style=\"font-family: arial, helvetica, sans-serif;font-size: 10pt\"><strong>\u00c1prilis 15<\/strong><\/span><\/p>\n<p><span style=\"font-family: arial, helvetica, sans-serif;font-size: 10pt\"><strong>\u00a0<\/strong><strong>12.30-14.00h<\/strong><\/span><\/p>\n<p><span style=\"font-family: arial, helvetica, sans-serif;font-size: 10pt\">Prof. Ferdinandy P\u00e9ter (SE, Farmakol\u00f3giai \u00e9s Farmakoter\u00e1pi\u00e1s Int\u00e9zet)<\/span><\/p>\n<p><span style=\"font-family: arial, helvetica, sans-serif;font-size: 10pt\">A szivizom endogen adaptaci\u00f3ja az iszk\u00e9mias stressz ellen.<\/span><\/p>\n<p><span style=\"font-family: arial, helvetica, sans-serif;font-size: 10pt\"><strong>\u00a0<\/strong><strong>14.10-15.40h <\/strong><\/span><\/p>\n<p><span style=\"font-family: arial, helvetica, sans-serif;font-size: 10pt\">Prof. Szab\u00f3 S\u00e1ndor \u00e9s Prof.\u00a0 Somogyi \u00c1rp\u00e1d<\/span><\/p>\n<p><span style=\"font-family: arial, helvetica, sans-serif;font-size: 10pt\"><strong>A stressz elm\u00e9let \u00e9s a mell\u00e9kvesek\u00e9reg hormonok klasszifik\u00e1ci\u00f3ja.<br \/>\nMi\u00e9rt nem kapott Selye Nobel d\u00edjat?<\/strong><\/span><\/p>\n<p><span style=\"font-family: arial, helvetica, sans-serif;font-size: 10pt\"><strong>\u00a0<\/strong><strong>15.50-17.20h<\/strong><\/span><\/p>\n<p><span style=\"font-family: arial, helvetica, sans-serif;font-size: 10pt\">Prof. Bitter Istv\u00e1n\u00a0 (SE, Pszichi\u00e1triai Klinika, Budapest)<\/span><\/p>\n<p><span style=\"font-family: arial, helvetica, sans-serif;font-size: 10pt\"><strong>Stressz \u00e9s pszichi\u00e1triai megbeteged\u00e9sek.<\/strong><\/span><\/p>\n<p><span style=\"font-family: arial, helvetica, sans-serif;font-size: 10pt\"><strong>\u00a0<\/strong><strong>17.30-19.00h<\/strong><\/span><\/p>\n<p><span style=\"font-family: arial, helvetica, sans-serif;font-size: 10pt\">Prof. Szab\u00f3 S\u00e1ndor<\/span><\/p>\n<p><span style=\"font-family: arial, helvetica, sans-serif;font-size: 10pt\"><strong>Stressz napjainkban: Stressz az \u00e1llatokon, n\u00f6v\u00e9nyeken \u00e9s sejten bel\u00fcl.<\/strong><\/span><\/p>\n<p>&nbsp;<\/p>\n<p><span style=\"font-family: arial, helvetica, sans-serif;font-size: 10pt\"><strong>\u00c1prilis 16<\/strong><\/span><\/p>\n<p><span style=\"font-family: arial, helvetica, sans-serif;font-size: 10pt\"><strong>12.30-14.00h<\/strong><\/span><\/p>\n<p><span style=\"font-family: arial, helvetica, sans-serif;font-size: 10pt\">Prof. \u00a0Zelena D\u00f3ra<\/span><\/p>\n<p><span style=\"font-family: arial, helvetica, sans-serif;font-size: 10pt\"><strong>K\u00eds\u00e9rletes stressz modellek.<\/strong><\/span><\/p>\n<p><span style=\"font-family: arial, helvetica, sans-serif;font-size: 10pt\"><strong>14.10-15.40h<br \/>\n<\/strong>Prof. Ludmilla Filaretova (Pavov Institute of Physiology, Saintpetersburg)<\/span><\/p>\n<p><span style=\"font-family: arial, helvetica, sans-serif;font-size: 10pt\"><strong>Stress and gastrointestinal tarct: <\/strong><a href=\"https:\/\/www.ncbi.nlm.nih.gov\/pubmed\/25729842\">Dual effects of glucocorticoids on the gastric mucosa<\/a>.<\/span><\/p>\n<p><span style=\"font-family: arial, helvetica, sans-serif;font-size: 10pt\">1<strong>5.50-17.20h <\/strong><\/span><\/p>\n<p><span style=\"font-family: arial, helvetica, sans-serif;font-size: 10pt\">Prof. Ludmilla Filaretova<\/span><\/p>\n<p><span style=\"font-family: arial, helvetica, sans-serif;font-size: 10pt\"><strong>How can glucocorticoids counteract the stress<\/strong><\/span><\/p>\n<p><span style=\"font-family: arial, helvetica, sans-serif;font-size: 10pt\"><strong>17.30-19.00h<\/strong><\/span><\/p>\n<p><span style=\"font-family: arial, helvetica, sans-serif;font-size: 10pt\">Prof. Gyires Kl\u00e1ra (SE, Farmakol\u00f3giai \u00e9s Farmakoter\u00e1pi\u00e1s Int\u00e9zet) &#8211;\u00a0\u00a0 Prof. Filakovszky Janos ( SE, Eg\u00e9szs\u00e9g\u00fcgyi K\u00f6zszolg\u00e1lati Kar, Digit\u00e1lis Eg\u00e9szs\u00e9gtudom\u00e1nyi Int\u00e9zet &#8211; Selye J\u00e1nos Egyetem, Kom\u00e1rom)<\/span><\/p>\n<p><span style=\"font-family: arial, helvetica, sans-serif;font-size: 10pt\"><strong>Stressz induk\u00e1lta hat\u00e1sok a\u00a0 gyomorban ill. a b\u00e9lben<\/strong> (IBD,\u00a0 colitis ulcerosa, Crohn betegs\u00e9g).<\/span><\/p>\n<p><span style=\"font-family: arial, helvetica, sans-serif;font-size: 10pt\"><strong>Stressz \u00e9s neurol\u00f3giai megbeteged\u00e9sek.<\/strong><\/span><\/p>\n<p><span style=\"font-family: arial, helvetica, sans-serif;font-size: 10pt\"><strong>\u00a0<\/strong><\/span><\/p>\n<p><span style=\"font-family: arial, helvetica, sans-serif;font-size: 10pt\"><strong>\u00c1prilis 17<\/strong><\/span><\/p>\n<p><span style=\"font-family: arial, helvetica, sans-serif;font-size: 10pt\"><strong>\u00a0<\/strong><strong>10.30.-12.00h<\/strong><\/span><\/p>\n<p><span style=\"font-family: arial, helvetica, sans-serif;font-size: 10pt\">Prof.\u00a0 T\u00fary Ferenc (SE,\u00a0 Magatart\u00e1studom\u00e1nyi Int\u00e9zet, Budapest)<\/span><\/p>\n<p><span style=\"font-family: arial, helvetica, sans-serif;font-size: 10pt\"><strong>Ev\u00e9szavarok \u00e9s stressz.<\/strong><\/span><\/p>\n<p><span style=\"font-family: arial, helvetica, sans-serif;font-size: 10pt\"><strong>12.10-13.40h <\/strong><\/span><\/p>\n<p><span style=\"font-family: arial, helvetica, sans-serif;font-size: 10pt\">Prof. Farsang Csaba (Szent Imre K\u00f3rh\u00e1z, Budapest)<\/span><\/p>\n<p><span style=\"font-family: arial, helvetica, sans-serif;font-size: 10pt\"><strong>Stressz \u00e9s a magasv\u00e9rnyom\u00e1s.<\/strong><\/span><\/p>\n<p><span style=\"font-family: arial, helvetica, sans-serif;font-size: 10pt\"><strong>14.10 . 15.40h<br \/>\nKerekasztal megbesz\u00e9l\u00e9s <\/strong><\/span><\/p>\n<p><span style=\"font-family: arial, helvetica, sans-serif;font-size: 10pt\">Prof. Szab\u00f3 S\u00e1ndor<\/span><\/p>\n<p><span style=\"font-family: arial, helvetica, sans-serif;font-size: 10pt\"><strong>\u00a0<\/strong><\/span><\/p>\n<p><span style=\"font-family: arial, helvetica, sans-serif;font-size: 10pt\"><strong>Teszt \u00a0vizsga<\/strong><\/span><\/p>\n<p>Aj\u00e1nlott irodalom: Dr. Szab\u00f3 S\u00e1ndor, Dr. Szab\u00f3 Katalin: A stressz 80 \u00e9ve \u00e9s Selye J\u00e1nos egy\u00e9b felfedez\u00e9sei. Medicina Kiad\u00f3, Budapest,\u00a0 2017.<\/p>\n<p>&nbsp;<\/p>\n","protected":false},"excerpt":{"rendered":"<p>A Farmakol\u00f3giai \u00e9s Farmakoter\u00e1pi\u00e1s Int\u00e9zet szervez\u00e9s\u00e9ben\u00a0 2020. \u00e1prilis 14-17 k\u00f6zt ker\u00fcl megszervez\u00e9sre a &#8222;Stressz, distressz, eustressz:\u00a0 Selye J\u00e1nost\u00f3l\u00a0 a stressz modern \u00e9rtelmez\u00e9s\u00e9ig&#8221; cim\u0171 Doktori Kurzus (kurzus vezet\u0151k: Dr.Gyires Kl\u00e1ra, Dr.Szab\u00f3 S\u00e1ndor), melyen\u00a0 jeles hazai el\u0151ad\u00f3k mellett t\u00f6bb k\u00fclf\u00f6ldi, nemzetk\u00f6zileg elismert\u00a0 kutat\u00f3 is szerepel, t\u00f6bbek k\u00f6z\u00f6tt Selye J\u00e1nos volt doktori hallgat\u00f3i: Szab\u00f3 S\u00e1ndor\u00a0 (University of California, &hellip;<\/p>\n","protected":false},"author":101941,"featured_media":0,"parent":974,"menu_order":5,"comment_status":"closed","ping_status":"closed","template":"template-fullwidth.php","meta":{"_acf_changed":false,"footnotes":""},"categories":[750],"tags":[],"class_list":["post-12107","page","type-page","status-publish","hentry","category-past-course"],"acf":[],"_links":{"self":[{"href":"https:\/\/semmelweis.hu\/pharmacology\/wp-json\/wp\/v2\/pages\/12107","targetHints":{"allow":["GET"]}}],"collection":[{"href":"https:\/\/semmelweis.hu\/pharmacology\/wp-json\/wp\/v2\/pages"}],"about":[{"href":"https:\/\/semmelweis.hu\/pharmacology\/wp-json\/wp\/v2\/types\/page"}],"author":[{"embeddable":true,"href":"https:\/\/semmelweis.hu\/pharmacology\/wp-json\/wp\/v2\/users\/101941"}],"replies":[{"embeddable":true,"href":"https:\/\/semmelweis.hu\/pharmacology\/wp-json\/wp\/v2\/comments?post=12107"}],"version-history":[{"count":2,"href":"https:\/\/semmelweis.hu\/pharmacology\/wp-json\/wp\/v2\/pages\/12107\/revisions"}],"predecessor-version":[{"id":15311,"href":"https:\/\/semmelweis.hu\/pharmacology\/wp-json\/wp\/v2\/pages\/12107\/revisions\/15311"}],"up":[{"embeddable":true,"href":"https:\/\/semmelweis.hu\/pharmacology\/wp-json\/wp\/v2\/pages\/974"}],"wp:attachment":[{"href":"https:\/\/semmelweis.hu\/pharmacology\/wp-json\/wp\/v2\/media?parent=12107"}],"wp:term":[{"taxonomy":"category","embeddable":true,"href":"https:\/\/semmelweis.hu\/pharmacology\/wp-json\/wp\/v2\/categories?post=12107"},{"taxonomy":"post_tag","embeddable":true,"href":"https:\/\/semmelweis.hu\/pharmacology\/wp-json\/wp\/v2\/tags?post=12107"}],"curies":[{"name":"wp","href":"https:\/\/api.w.org\/{rel}","templated":true}]}}