{"id":12102,"date":"2023-03-07T11:17:36","date_gmt":"2023-03-07T10:17:36","guid":{"rendered":"https:\/\/semmelweis.hu\/pharmacology\/?page_id=12102"},"modified":"2026-01-30T14:31:09","modified_gmt":"2026-01-30T13:31:09","slug":"pharmacovigilance-in-practice-good-vigilance-practice-2023-october","status":"publish","type":"page","link":"https:\/\/semmelweis.hu\/pharmacology\/en\/education\/postgraduate-courses\/pharmacovigilance-in-practice-good-vigilance-practice-2023-october\/","title":{"rendered":"Pharmacovigilance in practice \u2013 Good Vigilance Practice \u2013 2024. SEPTEMBER"},"content":{"rendered":"<h3>This course is no longer available. <a href=\"https:\/\/semmelweis.hu\/pharmacology\/oktatas\/posztgradualis-tanfolyamok\/pharmacovigilance-in-practice-good-vigilance-practice-2025-september\/\">Click here<\/a> for information about the upcoming course starting in September 2025.<\/h3>\n<p>Semmelweis University offers the &#8222;Pharmacovigilance in practice \u2013 Good Vigilance Practice&#8221; accredited course organized by the Department of Pharmacology and Pharmacotherapy.<\/p>\n<p>The course provides a wide picture of EU and Hungarian regulations in relation to drug, medical device, and food supplements safety. The lecturers have different backgrounds ensuring that the participants receive the most up-to-date information (Academia, Hungarian <span lang=\"EN-GB\">National Institute of Pharmacy and Nutrition (NNGYK), leading regional pharmaceutical companies<\/span>)<\/p>\n<h3><a href=\"https:\/\/forms.office.com\/e\/RdSVBsqRtb?origin=lprLink\"><span style=\"text-decoration: underline\">Application form:<\/span><\/a><\/h3>\n<p><a href=\"https:\/\/semmelweis.hu\/pharmacology\/files\/2024\/04\/application_form_QR.png\"><img loading=\"lazy\" decoding=\"async\" class=\"alignnone wp-image-13420 size-thumbnail\" src=\"https:\/\/semmelweis.hu\/pharmacology\/files\/2024\/04\/application_form_QR-150x150.png\" alt=\"\" width=\"150\" height=\"150\" srcset=\"https:\/\/semmelweis.hu\/pharmacology\/files\/2024\/04\/application_form_QR-150x150.png 150w, https:\/\/semmelweis.hu\/pharmacology\/files\/2024\/04\/application_form_QR-400x400.png 400w, https:\/\/semmelweis.hu\/pharmacology\/files\/2024\/04\/application_form_QR-768x768.png 768w, https:\/\/semmelweis.hu\/pharmacology\/files\/2024\/04\/application_form_QR-753x753.png 753w, https:\/\/semmelweis.hu\/pharmacology\/files\/2024\/04\/application_form_QR.png 800w\" sizes=\"auto, (max-width: 150px) 100vw, 150px\" \/><\/a><\/p>\n<p>Language:\u00a0\u00a0\u00a0\u00a0\u00a0\u00a0\u00a0\u00a0\u00a0\u00a0\u00a0\u00a0 English<\/p>\n<p>Location:\u00a0\u00a0\u00a0\u00a0\u00a0\u00a0\u00a0\u00a0\u00a0\u00a0\u00a0\u00a0 Online: Zoom<\/p>\n<p>Date:\u00a0\u00a0\u00a0\u00a0\u00a0\u00a0\u00a0\u00a0\u00a0\u00a0\u00a0\u00a0\u00a0 2024.09.19 &#8211; 2024.09.20<\/p>\n<p>Price:\u00a0 \u00a0 \u00a0 \u00a0 \u00a0 \u00a0 \u00a0 \u00a0 \u00a0 \u00a0 95 000 HUF<\/p>\n<p>For registration please fill out the following online <a href=\"https:\/\/forms.office.com\/e\/RdSVBsqRtb?origin=lprLink\">application form<\/a>, and\/or contact us via email: <a href=\"mailto:pharma.education@semmelweis.hu\">pharma.education@semmelweis.hu<\/a><\/p>\n<p>Please, do not hesitate to contact us (<a href=\"pharma.education@semmelweis.hu\">pharma.education@semmelweis.hu<\/a>) in case you need further information or have questions.<\/p>\n<p>&nbsp;<\/p>\n<h4><strong>Basic data<\/strong><\/h4>\n\n<table id=\"tablepress-4\" class=\"tablepress tablepress-id-4\">\n<thead>\n<tr class=\"row-1\">\n\t<th class=\"column-1\">Main title<\/th><th class=\"column-2\">Pharmacovigilance in practice \u2013 Good Vigilance Practice<\/th>\n<\/tr>\n<\/thead>\n<tbody class=\"row-striping row-hover\">\n<tr class=\"row-2\">\n\t<td class=\"column-1\">Code number<\/td><td class=\"column-2\"><\/td>\n<\/tr>\n<tr class=\"row-3\">\n\t<td class=\"column-1\">Semester<\/td><td class=\"column-2\">II. semester 2024<\/td>\n<\/tr>\n<tr class=\"row-4\">\n\t<td class=\"column-1\">Nature<\/td><td class=\"column-2\">Optional<\/td>\n<\/tr>\n<tr class=\"row-5\">\n\t<td class=\"column-1\">Condition<\/td><td class=\"column-2\">Qualified program<\/td>\n<\/tr>\n<tr class=\"row-6\">\n\t<td class=\"column-1\">Organizer<\/td><td class=\"column-2\">Semmelweis University, Department of Pharmacology and Pharmacotherapy<\/td>\n<\/tr>\n<tr class=\"row-7\">\n\t<td class=\"column-1\">Contact person<\/td><td class=\"column-2\">Dr. Anik\u00f3 G\u00f6rbe, 2104416\u00a0<\/td>\n<\/tr>\n<tr class=\"row-8\">\n\t<td class=\"column-1\">Target group<\/td><td class=\"column-2\">1. internal medicine | 2. internal medicine angiology | 3. vascular surgery<br \/>\n4. pharmacology | 5. gastroenterology | 6. family medicine<br \/>\n7. neurosurgery | 8. cardiology | 9. hand surgery<br \/>\n10. clinic.lab.exam. (hygiene.) | 11. clinical biochemist | 12. clinical pharmacology<br \/>\n13. clinical oncology | 14. thoracic surgery | 15. molecular biological diagnostician<br \/>\n16. molecular genetic diagnostics | 17. nephrology | 18. neurology<br \/>\n19. neuroradiology | 20. orthopedics | 21. orthopedics and traumatology<br \/>\n22. medical laboratory diagnostics | 23. radiology | 24. rehabilitation medicine<br \/>\n25. rheumatology | 26. surgery | 27. sports medicine<br \/>\n28. heart surgery | 29. traumatology<\/td>\n<\/tr>\n<tr class=\"row-9\">\n\t<td class=\"column-1\">University<\/td><td class=\"column-2\">Vocational and Continuing Education Center of Semmelweis University<\/td>\n<\/tr>\n<tr class=\"row-10\">\n\t<td class=\"column-1\">Accr.point<\/td><td class=\"column-2\">20<\/td>\n<\/tr>\n<tr class=\"row-11\">\n\t<td class=\"column-1\">Start<\/td><td class=\"column-2\">19.09.2024<\/td>\n<\/tr>\n<tr class=\"row-12\">\n\t<td class=\"column-1\">End<\/td><td class=\"column-2\">20.09.2024<\/td>\n<\/tr>\n<tr class=\"row-13\">\n\t<td class=\"column-1\">Location<\/td><td class=\"column-2\">Zoom platform<\/td>\n<\/tr>\n<tr class=\"row-14\">\n\t<td class=\"column-1\">Days<\/td><td class=\"column-2\">2<\/td>\n<\/tr>\n<tr class=\"row-15\">\n\t<td class=\"column-1\">Course hours<\/td><td class=\"column-2\">16<\/td>\n<\/tr>\n<tr class=\"row-16\">\n\t<td class=\"column-1\">Exam<\/td><td class=\"column-2\">yes<\/td>\n<\/tr>\n<tr class=\"row-17\">\n\t<td class=\"column-1\">Price<\/td><td class=\"column-2\">95000 HUF<\/td>\n<\/tr>\n<tr class=\"row-18\">\n\t<td class=\"column-1\">Application deadline<\/td><td class=\"column-2\">13.09.2024<\/td>\n<\/tr>\n<tr class=\"row-19\">\n\t<td class=\"column-1\">Website (more information about the course)<\/td><td class=\"column-2\">https:\/\/semmelweis.hu\/pharmacology\/oktatas\/posztgradualis-tanfolyamok\/a-farmakovigilancia-gyakorlatban-good-vigilance-practice\/<\/td>\n<\/tr>\n<tr class=\"row-20\">\n\t<td class=\"column-1\">Can participants register on the portal?<\/td><td class=\"column-2\">Yes<\/td>\n<\/tr>\n<\/tbody>\n<\/table>\n<!-- #tablepress-4 from cache -->\n<p>&nbsp;<\/p>\n<h4><strong>List of lectures<\/strong><\/h4>\n\n<table id=\"tablepress-5\" class=\"tablepress tablepress-id-5\">\n<thead>\n<tr class=\"row-1\">\n\t<th class=\"column-1\">Index<\/th><th class=\"column-2\">Day<\/th><th class=\"column-3\">Appoint.<\/th><th class=\"column-4\">Duration (min.)<\/th><th class=\"column-5\">Title of the presentation<\/th><th class=\"column-6\">Performer<\/th><th class=\"column-7\">Semmelweis University, Department of Pharmacology and Pharmacotherapy<\/th>\n<\/tr>\n<\/thead>\n<tbody class=\"row-striping row-hover\">\n<tr class=\"row-2\">\n\t<td class=\"column-1\">0.<\/td><td class=\"column-2\">19.09.2024 Thursday<\/td><td class=\"column-3\">08:45<\/td><td class=\"column-4\">15<\/td><td class=\"column-5\">Welcoming and introduction Learning outcome<\/td><td class=\"column-6\">Dr. M\u00e1ty\u00e1s P\u00e9terv\u00e1ri<\/td><td class=\"column-7\">Senior PV Compliance Manager, deputy QPPV; Global Regulatory Science Directorate \u00a0\/ \u00a0Global Patient Safety Department \u00a0\/ \u00a0Global Pharmacovigilance Compliance Unit, Richter Gedeon Plc.<\/td>\n<\/tr>\n<tr class=\"row-3\">\n\t<td class=\"column-1\">1.<\/td><td class=\"column-2\">19.09.2024 Thursday<\/td><td class=\"column-3\">09:00<\/td><td class=\"column-4\">60<\/td><td class=\"column-5\">GVP Modul I \u2013 II Pharmacovigilance systems, Pharmacovigilance system master file<br \/>\nSpecialized topic: Management of PSMF, and PVAs<\/td><td class=\"column-6\">Dr. G\u00e1bor Erdei<\/td><td class=\"column-7\">GMP\/GDP\/GVP Inspector, Hungarian NCA<\/td>\n<\/tr>\n<tr class=\"row-4\">\n\t<td class=\"column-1\">2.<\/td><td class=\"column-2\">19.09.2024 Thursday<\/td><td class=\"column-3\">10:00<\/td><td class=\"column-4\">45<\/td><td class=\"column-5\">GVP Modul III Inspection<\/td><td class=\"column-6\">Hatem Adel Ph.D.<\/td><td class=\"column-7\"><\/td>\n<\/tr>\n<tr class=\"row-5\">\n\t<td class=\"column-1\"><\/td><td class=\"column-2\">19.09.2024 Thursday<\/td><td class=\"column-3\">10:45<\/td><td class=\"column-4\">15<\/td><td class=\"column-5\">BREAK<\/td><td class=\"column-6\"><\/td><td class=\"column-7\">Aurobindo APL Swift Services (Malta) Ltd.<\/td>\n<\/tr>\n<tr class=\"row-6\">\n\t<td class=\"column-1\">3.<\/td><td class=\"column-2\">19.09.2024 Thursday<\/td><td class=\"column-3\">11:00<\/td><td class=\"column-4\">30<\/td><td class=\"column-5\">GVP Modul IV - audits<\/td><td class=\"column-6\">Barbara Reithauser-Ny\u00edri<\/td><td class=\"column-7\">Head of Department, Egis Gy\u00f3gyszergy\u00e1r Zrt.<\/td>\n<\/tr>\n<tr class=\"row-7\">\n\t<td class=\"column-1\">4.<\/td><td class=\"column-2\">19.09.2024 Thursday<\/td><td class=\"column-3\">11:30<\/td><td class=\"column-4\">45<\/td><td class=\"column-5\">GVP Modul V - VII - Risk management systems; Periodic safety update report<\/td><td class=\"column-6\">Dr. Vikt\u00f3ria Kis<\/td><td class=\"column-7\"><\/td>\n<\/tr>\n<tr class=\"row-8\">\n\t<td class=\"column-1\"><\/td><td class=\"column-2\">19.09.2024 Thursday<\/td><td class=\"column-3\">12:15<\/td><td class=\"column-4\">45<\/td><td class=\"column-5\">LUNCH BREAK<\/td><td class=\"column-6\"><\/td><td class=\"column-7\">Case management team leader, Egis Gy\u00f3gyszergy\u00e1r Zrt.<\/td>\n<\/tr>\n<tr class=\"row-9\">\n\t<td class=\"column-1\">5.<\/td><td class=\"column-2\">19.09.2024 Thursday<\/td><td class=\"column-3\">13:00<\/td><td class=\"column-4\">45<\/td><td class=\"column-5\">GVP Modul VI \u2013 Management of reports of suspected adverse reactions<\/td><td class=\"column-6\">Dr. Krist\u00f3f Kov\u00e1cs<\/td><td class=\"column-7\">Semmelweis University, Department of Pharmacology and Pharmacotherapy<\/td>\n<\/tr>\n<tr class=\"row-10\">\n\t<td class=\"column-1\">6.<\/td><td class=\"column-2\">19.09.2024 Thursday<\/td><td class=\"column-3\">13:45<\/td><td class=\"column-4\">60<\/td><td class=\"column-5\">GVP Modul IX \u2013 Signal management<\/td><td class=\"column-6\">Dr. M\u00e1ty\u00e1s P\u00e9terv\u00e1ri<\/td><td class=\"column-7\"><\/td>\n<\/tr>\n<tr class=\"row-11\">\n\t<td class=\"column-1\"><\/td><td class=\"column-2\">19.09.2024 Thursday<\/td><td class=\"column-3\">14:45<\/td><td class=\"column-4\">15<\/td><td class=\"column-5\">BREAK<\/td><td class=\"column-6\"><\/td><td class=\"column-7\">PRAC member, NNGYK<\/td>\n<\/tr>\n<tr class=\"row-12\">\n\t<td class=\"column-1\">7.<\/td><td class=\"column-2\">19.09.2024 Thursday<\/td><td class=\"column-3\">15:00<\/td><td class=\"column-4\">30<\/td><td class=\"column-5\">GVP Modul VIII and X<\/td><td class=\"column-6\">Dr. J\u00falia Pall\u00f3s<\/td><td class=\"column-7\">PRAC member, NNGYK<\/td>\n<\/tr>\n<tr class=\"row-13\">\n\t<td class=\"column-1\">8.<\/td><td class=\"column-2\">19.09.2024 Thursday<\/td><td class=\"column-3\">15:30<\/td><td class=\"column-4\">30<\/td><td class=\"column-5\">GVP Modul XV and XVI<\/td><td class=\"column-6\">Dr. J\u00falia Pall\u00f3s<\/td><td class=\"column-7\">Position\/academic degree<\/td>\n<\/tr>\n<tr class=\"row-14\">\n\t<td class=\"column-1\">Index<\/td><td class=\"column-2\">Day<\/td><td class=\"column-3\">Appoint.<\/td><td class=\"column-4\">Duration (min.)<\/td><td class=\"column-5\">Title of the presentation<\/td><td class=\"column-6\">Performer<\/td><td class=\"column-7\">MTA doctor, Semmelweis University (SU)<\/td>\n<\/tr>\n<tr class=\"row-15\">\n\t<td class=\"column-1\">9.<\/td><td class=\"column-2\">20.09.2024 Friday<\/td><td class=\"column-3\">08:45<\/td><td class=\"column-4\">45<\/td><td class=\"column-5\">Challanges of drug safety considering innovative drug development.<\/td><td class=\"column-6\">Prof. Dr. P\u00e9ter Ferdinandy \/Dr.  Anik\u00f3 G\u00f6rbe<\/td><td class=\"column-7\">university professor\/university associate professor<\/td>\n<\/tr>\n<tr class=\"row-16\">\n\t<td class=\"column-1\">10.<\/td><td class=\"column-2\">20.09.2024 Friday<\/td><td class=\"column-3\">9:30<\/td><td class=\"column-4\">60<\/td><td class=\"column-5\">MDR \u2013 Medical device vigilance, introduction<\/td><td class=\"column-6\">Dr. \u00c1gnes Horv\u00e1th<\/td><td class=\"column-7\">CE Certiso Ltd.<\/td>\n<\/tr>\n<tr class=\"row-17\">\n\t<td class=\"column-1\"><\/td><td class=\"column-2\">20.09.2024 Friday<\/td><td class=\"column-3\">10:30<\/td><td class=\"column-4\">15<\/td><td class=\"column-5\">BREAK<\/td><td class=\"column-6\"><\/td><td class=\"column-7\"><\/td>\n<\/tr>\n<tr class=\"row-18\">\n\t<td class=\"column-1\">11.<\/td><td class=\"column-2\">20.09.2024 Friday<\/td><td class=\"column-3\">10:45<\/td><td class=\"column-4\">45<\/td><td class=\"column-5\">Future data sources for pharmacovigilance use<\/td><td class=\"column-6\">Maurizio Sessa<\/td><td class=\"column-7\"><\/td>\n<\/tr>\n<tr class=\"row-19\">\n\t<td class=\"column-1\">12.<\/td><td class=\"column-2\">20.09.2024 Friday<\/td><td class=\"column-3\">11:30<\/td><td class=\"column-4\">45<\/td><td class=\"column-5\">Artificial intelligence and drug safety<\/td><td class=\"column-6\">Jan Petracek<\/td><td class=\"column-7\">Institute of Pharmacovigilance<\/td>\n<\/tr>\n<tr class=\"row-20\">\n\t<td class=\"column-1\"><\/td><td class=\"column-2\">20.09.2024 Friday<\/td><td class=\"column-3\">12:15<\/td><td class=\"column-4\">45<\/td><td class=\"column-5\">LUNCH BREAK<\/td><td class=\"column-6\"><\/td><td class=\"column-7\"><\/td>\n<\/tr>\n<tr class=\"row-21\">\n\t<td class=\"column-1\">13.<\/td><td class=\"column-2\">20.09.2024 Friday<\/td><td class=\"column-3\">13:00<\/td><td class=\"column-4\">45<\/td><td class=\"column-5\">Ecopharmacovigilance<\/td><td class=\"column-6\">Joan Dsouza<\/td><td class=\"column-7\">ISOP<\/td>\n<\/tr>\n<tr class=\"row-22\">\n\t<td class=\"column-1\">14.<\/td><td class=\"column-2\">20.09.2024 Friday<\/td><td class=\"column-3\">13:45<\/td><td class=\"column-4\">45<\/td><td class=\"column-5\">Engagement of HCP for pharmacovigilance<\/td><td class=\"column-6\">Dr. M\u00e1t\u00e9 \u00c1d\u00e1m Bal\u00e1zs<\/td><td class=\"column-7\">Semmelweis University<\/td>\n<\/tr>\n<tr class=\"row-23\">\n\t<td class=\"column-1\"><\/td><td class=\"column-2\">20.09.2024 Friday<\/td><td class=\"column-3\">14:30<\/td><td class=\"column-4\">15<\/td><td class=\"column-5\">BREAK<\/td><td class=\"column-6\"><\/td><td class=\"column-7\"><\/td>\n<\/tr>\n<tr class=\"row-24\">\n\t<td class=\"column-1\">15.<\/td><td class=\"column-2\">20.09.2024 Friday<\/td><td class=\"column-3\">14:45<\/td><td class=\"column-4\">45<\/td><td class=\"column-5\">Pharmacovigilance map of CEE and Balkan region<\/td><td class=\"column-6\">Dr. M\u00e1ty\u00e1s P\u00e9terv\u00e1ri<\/td><td class=\"column-7\">Semmelweis University, Department of Pharmacology and Pharmacotherapy<\/td>\n<\/tr>\n<tr class=\"row-25\">\n\t<td class=\"column-1\">16.<\/td><td class=\"column-2\">20.09.2024 Friday<\/td><td class=\"column-3\">15:30<\/td><td class=\"column-4\">45<\/td><td class=\"column-5\">Latest scientific pharmacovigilance advancements<\/td><td class=\"column-6\">Dr. Szandra Marton<\/td><td class=\"column-7\">Semmelweis University, Department of Pharmacology and Pharmacotherapy<\/td>\n<\/tr>\n<\/tbody>\n<\/table>\n<!-- #tablepress-5 from cache -->\n<p>&nbsp;<\/p>\n<h4><strong>Vocational college(s)<\/strong><\/h4>\n\n<table id=\"tablepress-6\" class=\"tablepress tablepress-id-6\">\n<thead>\n<tr class=\"row-1\">\n\t<th class=\"column-1\">Numb.<\/th><th class=\"column-2\">Vocational college(s)<\/th>\n<\/tr>\n<\/thead>\n<tbody class=\"row-striping row-hover\">\n<tr class=\"row-2\">\n\t<td class=\"column-1\">1.<\/td><td class=\"column-2\">Internal medicine, endocrinology, diabetes and metabolic diseases<\/td>\n<\/tr>\n<tr class=\"row-3\">\n\t<td class=\"column-1\">2.<\/td><td class=\"column-2\">Angiology and vascular surgery<\/td>\n<\/tr>\n<tr class=\"row-4\">\n\t<td class=\"column-1\">3.<\/td><td class=\"column-2\">Clinical Pharmacology<\/td>\n<\/tr>\n<tr class=\"row-5\">\n\t<td class=\"column-1\">4.<\/td><td class=\"column-2\">Gastroenterological and hepatological<\/td>\n<\/tr>\n<tr class=\"row-6\">\n\t<td class=\"column-1\">5.<\/td><td class=\"column-2\">Home medicine<\/td>\n<\/tr>\n<tr class=\"row-7\">\n\t<td class=\"column-1\">6.<\/td><td class=\"column-2\">Neurosurgery<\/td>\n<\/tr>\n<tr class=\"row-8\">\n\t<td class=\"column-1\">7.<\/td><td class=\"column-2\">Cardiology<\/td>\n<\/tr>\n<tr class=\"row-9\">\n\t<td class=\"column-1\">8.<\/td><td class=\"column-2\">Traumatology and hand surgery<\/td>\n<\/tr>\n<tr class=\"row-10\">\n\t<td class=\"column-1\">9.<\/td><td class=\"column-2\">Medical laboratory<\/td>\n<\/tr>\n<tr class=\"row-11\">\n\t<td class=\"column-1\">10.<\/td><td class=\"column-2\">Oncology and radiation therapy<\/td>\n<\/tr>\n<tr class=\"row-12\">\n\t<td class=\"column-1\">11.<\/td><td class=\"column-2\">Surgery<\/td>\n<\/tr>\n<tr class=\"row-13\">\n\t<td class=\"column-1\">12.<\/td><td class=\"column-2\">Nephrology and dialysis<\/td>\n<\/tr>\n<tr class=\"row-14\">\n\t<td class=\"column-1\">13.<\/td><td class=\"column-2\">Neurological<\/td>\n<\/tr>\n<tr class=\"row-15\">\n\t<td class=\"column-1\">14.<\/td><td class=\"column-2\">Radiological<\/td>\n<\/tr>\n<tr class=\"row-16\">\n\t<td class=\"column-1\">15.<\/td><td class=\"column-2\">Orthopedic<\/td>\n<\/tr>\n<tr class=\"row-17\">\n\t<td class=\"column-1\">16.<\/td><td class=\"column-2\">Rehabilitation, physical medicine and medical aids<\/td>\n<\/tr>\n<tr class=\"row-18\">\n\t<td class=\"column-1\">17.<\/td><td class=\"column-2\">Rheumatology<\/td>\n<\/tr>\n<tr class=\"row-19\">\n\t<td class=\"column-1\">18.<\/td><td class=\"column-2\">Sports health<\/td>\n<\/tr>\n<tr class=\"row-20\">\n\t<td class=\"column-1\">19.<\/td><td class=\"column-2\">Heart surgery<\/td>\n<\/tr>\n<\/tbody>\n<\/table>\n<!-- #tablepress-6 from cache -->\n<p>&nbsp;<\/p>\n<h3><a href=\"https:\/\/semmelweis.hu\/pharmacology\/files\/2024\/09\/Tanfolyam-adatlap_GVP_2024_szept_eng_20240826.pdf\">Download PDF<\/a><\/h3>\n","protected":false},"excerpt":{"rendered":"<p>This course is no longer available. <a href=\"https:\/\/semmelweis.hu\/pharmacology\/oktatas\/posztgradualis-tanfolyamok\/pharmacovigilance-in-practice-good-vigilance-practice-2025-september\/\">Click here<\/a> for information about the upcoming course starting in September 2025. Semmelweis University offers the &#8222;Pharmacovigilance in practice \u2013 Good Vigilance Practice&#8221; accredited course organized by the Department of Pharmacology and Pharmacotherapy. The course provides a wide picture of EU and Hungarian regulations in relation to drug, medical device, and &hellip;<\/p>\n","protected":false},"author":101941,"featured_media":0,"parent":974,"menu_order":2,"comment_status":"closed","ping_status":"closed","template":"template-fullwidth.php","meta":{"_acf_changed":false,"footnotes":""},"categories":[750],"tags":[],"class_list":["post-12102","page","type-page","status-publish","hentry","category-past-course"],"acf":[],"_links":{"self":[{"href":"https:\/\/semmelweis.hu\/pharmacology\/wp-json\/wp\/v2\/pages\/12102","targetHints":{"allow":["GET"]}}],"collection":[{"href":"https:\/\/semmelweis.hu\/pharmacology\/wp-json\/wp\/v2\/pages"}],"about":[{"href":"https:\/\/semmelweis.hu\/pharmacology\/wp-json\/wp\/v2\/types\/page"}],"author":[{"embeddable":true,"href":"https:\/\/semmelweis.hu\/pharmacology\/wp-json\/wp\/v2\/users\/101941"}],"replies":[{"embeddable":true,"href":"https:\/\/semmelweis.hu\/pharmacology\/wp-json\/wp\/v2\/comments?post=12102"}],"version-history":[{"count":3,"href":"https:\/\/semmelweis.hu\/pharmacology\/wp-json\/wp\/v2\/pages\/12102\/revisions"}],"predecessor-version":[{"id":15309,"href":"https:\/\/semmelweis.hu\/pharmacology\/wp-json\/wp\/v2\/pages\/12102\/revisions\/15309"}],"up":[{"embeddable":true,"href":"https:\/\/semmelweis.hu\/pharmacology\/wp-json\/wp\/v2\/pages\/974"}],"wp:attachment":[{"href":"https:\/\/semmelweis.hu\/pharmacology\/wp-json\/wp\/v2\/media?parent=12102"}],"wp:term":[{"taxonomy":"category","embeddable":true,"href":"https:\/\/semmelweis.hu\/pharmacology\/wp-json\/wp\/v2\/categories?post=12102"},{"taxonomy":"post_tag","embeddable":true,"href":"https:\/\/semmelweis.hu\/pharmacology\/wp-json\/wp\/v2\/tags?post=12102"}],"curies":[{"name":"wp","href":"https:\/\/api.w.org\/{rel}","templated":true}]}}