{"id":12,"date":"2012-06-22T09:50:09","date_gmt":"2012-06-22T07:50:09","guid":{"rendered":"http:\/\/semmelweis-egyetem.hu\/farmakoterapia\/?page_id=12"},"modified":"2025-11-13T10:45:17","modified_gmt":"2025-11-13T09:45:17","slug":"oktatas","status":"publish","type":"page","link":"https:\/\/semmelweis.hu\/pharmacology\/oktatas\/","title":{"rendered":"Oktat\u00e1s"},"content":{"rendered":"<div class=\"keretes w-100\">\n<p>Int\u00e9zet\u00fcnk kiemelt szerepet t\u00f6lt be a farmakol\u00f3giai oktat\u00e1sban a <strong>gradu\u00e1lis \u00e9s posztgradu\u00e1lis k\u00e9pz\u00e9s minden szintj\u00e9n<\/strong>. A gradu\u00e1lis k\u00e9pz\u00e9s keret\u00e9ben k\u00e9t f\u00e9l\u00e9ven \u00e1t oktatjuk a farmakol\u00f3gia alapjait \u00e9s a klinikai farmakol\u00f3gi\u00e1t a negyedik \u00e9ves magyar, angol \u00e9s n\u00e9met nyelv\u0171 orvos- \u00e9s fogorvostanhallgat\u00f3k sz\u00e1m\u00e1ra. Az Int\u00e9zet akt\u00edvan r\u00e9szt vesz a szakvizsg\u00e1ztat\u00e1sban, valamint a <strong>doktori (PhD) k\u00e9pz\u00e9sben<\/strong> is, ahol a hallgat\u00f3k lehet\u0151s\u00e9get kapnak a gy\u00f3gyszerek hat\u00e1smechanizmusainak, farmakodin\u00e1mi\u00e1j\u00e1nak \u00e9s farmakokinetik\u00e1j\u00e1nak m\u00e9lyebb megismer\u00e9s\u00e9re. Emellett az Int\u00e9zet fontos szerepet v\u00e1llal a posztgradu\u00e1lis k\u00e9pz\u00e9sben, hozz\u00e1j\u00e1rulva a j\u00f6v\u0151 klinikai farmakol\u00f3gusainak \u00e9s kutat\u00f3inak szakmai fejl\u0151d\u00e9s\u00e9hez.<\/p>\n<\/div>\n<style>\n           #page-grid .card-body > .line-clamp-box.excerpt{\n        width: inherit;\n        max-width: inherit;\n        display:flex;\n        min-height: 2.4em;\n        flex-direction: column;\n        justify-content: space-around;\n        background-color: #D6E4EA;\n        min-height: 3.4rem;\n        font-family: \"Montserrat\", sans-serif;\n    }\n\n    #page-grid a:hover .card-body > .line-clamp-box.excerpt {\n        background-color: #fff;\n        color: #313B40;\n    }\n\n    #page-grid .card-body .line-clamp-box.excerpt section{\n        max-width: inherit;\n        display: -webkit-box;\n        -webkit-line-clamp: 2;\n        -webkit-box-orient: vertical;\n        overflow: hidden;\n        text-overflow: ellipsis;\n        hyphens: auto;\n        margin: auto;\n        \n    }\n    .line-clamp-box.excerpt section, .line-clamp-box.excerpt section p{\n        font-size:0.8em;\n    }\n    \n<\/style>\n    <section id=\"page-grid\">\n        \n        <div class=\"row row-cols-1 row-cols-md-2 row-cols-lg-2 no-gutters mx-0 \">    <div class =\"col  mb-2 card-wrapper\">\n        <a class=\"d-flex flex-fill card-link-warapper m-md-1\" href=\"https:\/\/semmelweis.hu\/pharmacology\/oktatas\/gradualis-oktatas\/\">\n            <div class=\"card border border-secondary se-border flex-fill\">\n                <div class=\"row no-gutters mx-0 d-flex flex-nowrap flex-md-wrap align-items-center\">\n                    <div class =\"  col-5 col-md-12  d-none  d-md-none d-md-none  bg-image  card-image justify-content-center\">\n                        <img class='wp-post-image img-fluid landscape' src='https:\/\/semmelweis.hu\/pharmacology\/wp-content\/themes\/se18\/dist\/images\/svg\/bg-image.svg' \/>\n                    <\/div>\n                    <div class=\"card-body  col flex-column  col-md-12 p-0\">\n                        <div class=\"line-clamp-box p-3\">\n                            <h5 class=\"ml-0 ml-sm-1 mt-2 align-items-center\"  >Gradu\u00e1lis oktat\u00e1s<\/h5>\n                        <\/div>\n                        \n                    <\/div>\n                <\/div>\n\n            <\/div>\n        <\/a>\n    <\/div>    <div class =\"col  mb-2 card-wrapper\">\n        <a class=\"d-flex flex-fill card-link-warapper m-md-1\" href=\"https:\/\/semmelweis.hu\/pharmacology\/oktatas\/posztgradualis-tanfolyamok\/\">\n            <div class=\"card border border-secondary se-border flex-fill\">\n                <div class=\"row no-gutters mx-0 d-flex flex-nowrap flex-md-wrap align-items-center\">\n                    <div class =\"  col-5 col-md-12  d-none  d-md-none d-md-none  bg-image  card-image justify-content-center\">\n                        <img class='wp-post-image img-fluid landscape' src='https:\/\/semmelweis.hu\/pharmacology\/wp-content\/themes\/se18\/dist\/images\/svg\/bg-image.svg' \/>\n                    <\/div>\n                    <div class=\"card-body  col flex-column  col-md-12 p-0\">\n                        <div class=\"line-clamp-box p-3\">\n                            <h5 class=\"ml-0 ml-sm-1 mt-2 align-items-center\"  >Posztgradu\u00e1lis tanfolyamok<\/h5>\n                        <\/div>\n                        \n                    <\/div>\n                <\/div>\n\n            <\/div>\n        <\/a>\n    <\/div>    <div class =\"col  mb-2 card-wrapper\">\n        <a class=\"d-flex flex-fill card-link-warapper m-md-1\" href=\"https:\/\/semmelweis.hu\/pharmacology\/oktatas\/kurzusok\/\">\n            <div class=\"card border border-secondary se-border flex-fill\">\n                <div class=\"row no-gutters mx-0 d-flex flex-nowrap flex-md-wrap align-items-center\">\n                    <div class =\"  col-5 col-md-12  d-none  d-md-none d-md-none  bg-image  card-image justify-content-center\">\n                        <img class='wp-post-image img-fluid landscape' src='https:\/\/semmelweis.hu\/pharmacology\/wp-content\/themes\/se18\/dist\/images\/svg\/bg-image.svg' \/>\n                    <\/div>\n                    <div class=\"card-body  col flex-column  col-md-12 p-0\">\n                        <div class=\"line-clamp-box p-3\">\n                            <h5 class=\"ml-0 ml-sm-1 mt-2 align-items-center\"  >Egy\u00e9b kurzusok<\/h5>\n                        <\/div>\n                        \n                    <\/div>\n                <\/div>\n\n            <\/div>\n        <\/a>\n    <\/div>    <div class =\"col  mb-2 card-wrapper\">\n        <a class=\"d-flex flex-fill card-link-warapper m-md-1\" href=\"https:\/\/semmelweis.hu\/pharmacology\/oktatas\/oktatasfejlesztesi-palyazatok\/\">\n            <div class=\"card border border-secondary se-border flex-fill\">\n                <div class=\"row no-gutters mx-0 d-flex flex-nowrap flex-md-wrap align-items-center\">\n                    <div class =\"  col-5 col-md-12  d-none  d-md-none d-md-none  bg-image  card-image justify-content-center\">\n                        <img class='wp-post-image img-fluid landscape' src='https:\/\/semmelweis.hu\/pharmacology\/wp-content\/themes\/se18\/dist\/images\/svg\/bg-image.svg' \/>\n                    <\/div>\n                    <div class=\"card-body  col flex-column  col-md-12 p-0\">\n                        <div class=\"line-clamp-box p-3\">\n                            <h5 class=\"ml-0 ml-sm-1 mt-2 align-items-center\"  >Oktat\u00e1sfejleszt\u00e9si p\u00e1ly\u00e1zatok<\/h5>\n                        <\/div>\n                        \n                    <\/div>\n                <\/div>\n\n            <\/div>\n        <\/a>\n    <\/div>        <\/div>\n    <\/section>\n","protected":false},"excerpt":{"rendered":"<p>Int\u00e9zet\u00fcnk kiemelt szerepet t\u00f6lt be a farmakol\u00f3giai oktat\u00e1sban a gradu\u00e1lis \u00e9s posztgradu\u00e1lis k\u00e9pz\u00e9s minden szintj\u00e9n. A gradu\u00e1lis k\u00e9pz\u00e9s keret\u00e9ben k\u00e9t f\u00e9l\u00e9ven \u00e1t oktatjuk a farmakol\u00f3gia alapjait \u00e9s a klinikai farmakol\u00f3gi\u00e1t a negyedik \u00e9ves magyar, angol \u00e9s n\u00e9met nyelv\u0171 orvos- \u00e9s fogorvostanhallgat\u00f3k sz\u00e1m\u00e1ra. Az Int\u00e9zet akt\u00edvan r\u00e9szt vesz a szakvizsg\u00e1ztat\u00e1sban, valamint a doktori (PhD) k\u00e9pz\u00e9sben is, &hellip;<\/p>\n","protected":false},"author":12,"featured_media":0,"parent":0,"menu_order":1,"comment_status":"closed","ping_status":"closed","template":"","meta":{"_acf_changed":false,"footnotes":""},"categories":[],"tags":[],"class_list":["post-12","page","type-page","status-publish","hentry"],"acf":[],"_links":{"self":[{"href":"https:\/\/semmelweis.hu\/pharmacology\/wp-json\/wp\/v2\/pages\/12","targetHints":{"allow":["GET"]}}],"collection":[{"href":"https:\/\/semmelweis.hu\/pharmacology\/wp-json\/wp\/v2\/pages"}],"about":[{"href":"https:\/\/semmelweis.hu\/pharmacology\/wp-json\/wp\/v2\/types\/page"}],"author":[{"embeddable":true,"href":"https:\/\/semmelweis.hu\/pharmacology\/wp-json\/wp\/v2\/users\/12"}],"replies":[{"embeddable":true,"href":"https:\/\/semmelweis.hu\/pharmacology\/wp-json\/wp\/v2\/comments?post=12"}],"version-history":[{"count":11,"href":"https:\/\/semmelweis.hu\/pharmacology\/wp-json\/wp\/v2\/pages\/12\/revisions"}],"predecessor-version":[{"id":15403,"href":"https:\/\/semmelweis.hu\/pharmacology\/wp-json\/wp\/v2\/pages\/12\/revisions\/15403"}],"wp:attachment":[{"href":"https:\/\/semmelweis.hu\/pharmacology\/wp-json\/wp\/v2\/media?parent=12"}],"wp:term":[{"taxonomy":"category","embeddable":true,"href":"https:\/\/semmelweis.hu\/pharmacology\/wp-json\/wp\/v2\/categories?post=12"},{"taxonomy":"post_tag","embeddable":true,"href":"https:\/\/semmelweis.hu\/pharmacology\/wp-json\/wp\/v2\/tags?post=12"}],"curies":[{"name":"wp","href":"https:\/\/api.w.org\/{rel}","templated":true}]}}