{"id":11818,"date":"2022-11-07T17:34:23","date_gmt":"2022-11-07T16:34:23","guid":{"rendered":"https:\/\/semmelweis.hu\/pharmacology\/?page_id=11818"},"modified":"2026-02-12T17:27:48","modified_gmt":"2026-02-12T16:27:48","slug":"good-clinical-practice-kozepfoku-klinikai-vizsgalo-online-tanfolyam","status":"publish","type":"page","link":"https:\/\/semmelweis.hu\/pharmacology\/oktatas\/posztgradualis-tanfolyamok\/good-clinical-practice-kozepfoku-klinikai-vizsgalo-online-tanfolyam\/","title":{"rendered":"Good Clinical Practice. K\u00f6z\u00e9pfok\u00fa Klinikai Vizsg\u00e1l\u00f3 Online Tanfolyam &#8211; b\u00e1rmikor el\u00e9rhet\u0151"},"content":{"rendered":"<h6>Jelentkez\u00e9s: <a href=\"https:\/\/forms.office.com\/Pages\/ResponsePage.aspx?id=uJCuuvE5TUOrpmTr1YljVz-0Ln4dqNBIgaCzs5zIzfxUMktCQThGS0xZRVlDWEhFM0ZVNjdBOVk2My4u\">link<\/a><\/h6>\n<p><img loading=\"lazy\" decoding=\"async\" class=\"alignnone wp-image-14895 size-thumbnail\" src=\"https:\/\/semmelweis.hu\/pharmacology\/files\/2025\/06\/GCP_barmikor_QR-150x150.png\" alt=\"\" width=\"150\" height=\"150\" \/><\/p>\n<h6><a href=\"https:\/\/semmelweis.hu\/pharmacology\/files\/2025\/08\/GCP_barmikor_elvegezheto_2025_ii.pdf\" target=\"_blank\" rel=\"noopener\">Let\u00f6lthet\u0151 tanfolyami adatlap<\/a><\/h6>\n<h4 style=\"text-align: left\"><span style=\"font-family: arial, helvetica, sans-serif;font-size: 18pt\"><strong>Alapadatok<\/strong><\/span><\/h4>\n\n<table id=\"tablepress-10\" class=\"tablepress tablepress-id-10\">\n<thead>\n<tr class=\"row-1\">\n\t<th class=\"column-1\">Tanfolyam neve<\/th><th class=\"column-2\">Good Clinical Practice. K\u00f6z\u00e9pfok\u00fa Klinikai Vizsg\u00e1l\u00f3 Tanfolyam<\/th>\n<\/tr>\n<\/thead>\n<tbody class=\"row-striping row-hover\">\n<tr class=\"row-2\">\n\t<td class=\"column-1\">K\u00f3dsz\u00e1m<\/td><td class=\"column-2\">SE-SZTOK\/2025.II\/00033<\/td>\n<\/tr>\n<tr class=\"row-3\">\n\t<td class=\"column-1\">Szemeszter<\/td><td class=\"column-2\">2026.I.f\u00e9l\u00e9v<\/td>\n<\/tr>\n<tr class=\"row-4\">\n\t<td class=\"column-1\">Jelleg<\/td><td class=\"column-2\">Szabadon v\u00e1laszthat\u00f3 (T\u00e1voktat\u00e1s)<\/td>\n<\/tr>\n<tr class=\"row-5\">\n\t<td class=\"column-1\">\u00c1llapot<\/td><td class=\"column-2\">Min\u0151s\u00edtett program<\/td>\n<\/tr>\n<tr class=\"row-6\">\n\t<td class=\"column-1\">Szervez\u0151<\/td><td class=\"column-2\">Semmelweis Egyetem. Farmakol\u00f3giai \u00e9s Farmakoter\u00e1pi\u00e1s Int\u00e9zet<\/td>\n<\/tr>\n<tr class=\"row-7\">\n\t<td class=\"column-1\">Kapcsolattart\u00f3 szem\u00e9ly<\/td><td class=\"column-2\">Dr. G\u00f6rbe Anik\u00f3, 2104416\u00a0<\/td>\n<\/tr>\n<tr class=\"row-8\">\n\t<td class=\"column-1\">C\u00e9lcsoport<\/td><td class=\"column-2\">1. klinikai farmakol\u00f3gia<\/td>\n<\/tr>\n<tr class=\"row-9\">\n\t<td class=\"column-1\">Egyetem<\/td><td class=\"column-2\">Semmelweis Egyetem Szak- \u00e9s Tov\u00e1bbk\u00e9pz\u00e9si K\u00f6zpont<\/td>\n<\/tr>\n<tr class=\"row-10\">\n\t<td class=\"column-1\">Akkr.pont<\/td><td class=\"column-2\">20<\/td>\n<\/tr>\n<tr class=\"row-11\">\n\t<td class=\"column-1\">Kezdete<\/td><td class=\"column-2\">2025.07.01.<\/td>\n<\/tr>\n<tr class=\"row-12\">\n\t<td class=\"column-1\">V\u00e9ge<\/td><td class=\"column-2\">2025.12.31.<\/td>\n<\/tr>\n<tr class=\"row-13\">\n\t<td class=\"column-1\">Helysz\u00edne<\/td><td class=\"column-2\">Online, zoom platform<\/td>\n<\/tr>\n<tr class=\"row-14\">\n\t<td class=\"column-1\">Napok<\/td><td class=\"column-2\">2<\/td>\n<\/tr>\n<tr class=\"row-15\">\n\t<td class=\"column-1\">Tanfolyami \u00f3r\u00e1k<\/td><td class=\"column-2\">17<\/td>\n<\/tr>\n<tr class=\"row-16\">\n\t<td class=\"column-1\">Vizsga<\/td><td class=\"column-2\">nem<\/td>\n<\/tr>\n<tr class=\"row-17\">\n\t<td class=\"column-1\">D\u00edja<\/td><td class=\"column-2\">200000 Ft<\/td>\n<\/tr>\n<tr class=\"row-18\">\n\t<td class=\"column-1\">Jelentkez\u00e9si hat.id\u0151<\/td><td class=\"column-2\">2025.12.17.<\/td>\n<\/tr>\n<tr class=\"row-19\">\n\t<td class=\"column-1\">Megjegyz\u00e9s<\/td><td class=\"column-2\">Orvosi pecs\u00e9tsz\u00e1mmal rendelkez\u0151k az <a href=\"http:\/\/www.oftex.hu\/project_o\/actual_prg\/system\/launch.php?pg=.\/FRAME_main.php&amp;ugrp=2\" rel=\"noopener\" target=\"_blank\">OFTEX<\/a> vagy <a href=\"https:\/\/oftex.hu\/project_o\/actual_prg\/system\/launch.php?pg=.\/FRAME_main.php&amp;ugrp=3\">GYOFTEX<\/a> port\u00e1lon tudnak jelentkezni.<br \/>\n<br \/>\nA tanfolyam elv\u00e9gz\u00e9se k\u00f6telez\u0151 minden klinikai gy\u00f3gyszervizsg\u00e1l\u00f3 klinikus sz\u00e1m\u00e1ra. Aj\u00e1nlott valamennyi gy\u00f3gyszervizsg\u00e1latban r\u00e9sztvev\u0151 egy\u00e9b szakember sz\u00e1m\u00e1ra. A tanfolyam d\u00edja: 200 000 Ft. El\u0151zetes olvasm\u00e1ny: Javasoljuk a Helsinki Deklar\u00e1ci\u00f3 utols\u00f3 meg\u00faj\u00edtott v\u00e1ltozat\u00e1t elolvasni a tanfolyam el\u0151tt. http:\/\/www.ub.edu\/recerca\/Bioetica\/doc\/Declaracio_Helsinki_2013.pdf Ford\u00edt\u00e1sa: LAM 2014:24(3):133-136. A tanfolyam akkredit\u00e1ci\u00f3s pontjainak j\u00f3v\u00e1\u00edr\u00e1s\u00e1hoz, valamint a GCP oklev\u00e9l kiad\u00e1s\u00e1hoz a k\u00f6vetkez\u0151 teljes\u00edt\u00e9sek sz\u00fcks\u00e9gesek: A tanfolyam el\u0151ad\u00e1sainak megtekint\u00e9se, sikeres tesztvizsga \u00e9s befizetett tanfolyami d\u00edj. A tanfolyam online form\u00e1ban v\u00e9gezhet\u0151 el. <\/td>\n<\/tr>\n<tr class=\"row-20\">\n\t<td class=\"column-1\">R\u00e9sztvev\u0151k jelentkezhetnek-e a port\u00e1lon<\/td><td class=\"column-2\">nem<\/td>\n<\/tr>\n<\/tbody>\n<\/table>\n<!-- #tablepress-10 from cache -->\n<h4><span style=\"font-family: arial, helvetica, sans-serif;font-size: 18pt\"><strong>EL\u0150AD\u00c1SOK JEGYZ\u00c9KE<\/strong><\/span><\/h4>\n\n<table id=\"tablepress-11\" class=\"tablepress tablepress-id-11\">\n<thead>\n<tr class=\"row-1\">\n\t<th class=\"column-1\">Sorsz.<\/th><th class=\"column-2\">Nap<\/th><th class=\"column-3\">Id\u0151pont<\/th><th class=\"column-4\">Hossz<\/th><th class=\"column-5\">El\u0151ad\u00e1s c\u00edme<\/th><th class=\"column-6\">El\u0151ad\u00f3<\/th><th class=\"column-7\">Beoszt\u00e1s\/tud. fokozat<\/th>\n<\/tr>\n<\/thead>\n<tbody class=\"row-striping row-hover\">\n<tr class=\"row-2\">\n\t<td class=\"column-1\">1.<\/td><td class=\"column-2\">2024.07.01. h\u00e9tf\u0151<\/td><td class=\"column-3\">08:30<\/td><td class=\"column-4\">45<\/td><td class=\"column-5\">A tanfolyam megnyit\u00e1sa. A gy\u00f3gyszeripar kih\u00edv\u00e1sai a XXI. sz\u00e1zadban<\/td><td class=\"column-6\">Prof. Dr. Ferdinandy P\u00e9ter<\/td><td class=\"column-7\">egyetemi tan\u00e1r, Semmelweis Egyetem<\/td>\n<\/tr>\n<tr class=\"row-3\">\n\t<td class=\"column-1\">2.<\/td><td class=\"column-2\">2024.07.01. h\u00e9tf\u0151<\/td><td class=\"column-3\">09:15<\/td><td class=\"column-4\">45<\/td><td class=\"column-5\">Az NNGYK hat\u00f3s\u00e1g feladatai. A klinikai vizsg\u00e1latok k\u00f6zponti enged\u00e9lyez\u00e9se a 536\/2014\/EU rendelet t\u00fckr\u00e9ben<\/td><td class=\"column-6\">Dr. Hajd\u00fa \u00c1gnes Zita<\/td><td class=\"column-7\">NNGYK Klinikai Kutat\u00e1sok F\u0151oszt\u00e1ly<\/td>\n<\/tr>\n<tr class=\"row-4\">\n\t<td class=\"column-1\">3.<\/td><td class=\"column-2\">2024.07.01. h\u00e9tf\u0151<\/td><td class=\"column-3\">10:00<\/td><td class=\"column-4\">20<\/td><td class=\"column-5\">sz\u00fcnet<\/td><td class=\"column-6\"><\/td><td class=\"column-7\"><\/td>\n<\/tr>\n<tr class=\"row-5\">\n\t<td class=\"column-1\">4.<\/td><td class=\"column-2\">2024.07.01. h\u00e9tf\u0151<\/td><td class=\"column-3\">10:20<\/td><td class=\"column-4\">50<\/td><td class=\"column-5\">Az ETT-KFEB m\u0171k\u00f6d\u00e9se, a klinikai vizsg\u00e1latok szakmai-etikai v\u00e9lem\u00e9nyez\u00e9se az \u00faj fejleszt\u00e9sek t\u00fckr\u00e9ben a 536\/2014\/EU rendelet<\/td><td class=\"column-6\">Prof. Dr. Bitter Istv\u00e1n<\/td><td class=\"column-7\">professor emeritus SE; ETT KFEB eln\u00f6k<\/td>\n<\/tr>\n<tr class=\"row-6\">\n\t<td class=\"column-1\">5.<\/td><td class=\"column-2\">2024.07.01. h\u00e9tf\u0151<\/td><td class=\"column-3\">11:10<\/td><td class=\"column-4\">15<\/td><td class=\"column-5\">GDPR ismertet\u00e9se az etikai szempontok alapj\u00e1n<\/td><td class=\"column-6\">Dr. Hatos Ildik\u00f3<\/td><td class=\"column-7\">ETT adatv\u00e9delmi szakjog\u00e1sz<\/td>\n<\/tr>\n<tr class=\"row-7\">\n\t<td class=\"column-1\">6.<\/td><td class=\"column-2\">2024.07.01. h\u00e9tf\u0151<\/td><td class=\"column-3\">11:25<\/td><td class=\"column-4\">45<\/td><td class=\"column-5\">Orvostechnikai eszk\u00f6z\u00f6k klinikai vizsg\u00e1lat\u00e1nak enged\u00e9lyeztet\u00e9se. Hat\u00f3s\u00e1g tapasztalatai az MDR enged\u00e9lyeztet\u00e9s f\u00fcggv\u00e9ny\u00e9ben.<\/td><td class=\"column-6\">Dr. T\u00edm\u00e1r Krisztina<\/td><td class=\"column-7\">klinikai kutat\u00e1sok szak\u00e9rt\u0151je, NNGYK Orvostechnikai F\u0151oszt\u00e1ly<\/td>\n<\/tr>\n<tr class=\"row-8\">\n\t<td class=\"column-1\">7.<\/td><td class=\"column-2\">2024.07.01. h\u00e9tf\u0151<\/td><td class=\"column-3\">12:10<\/td><td class=\"column-4\">50<\/td><td class=\"column-5\">eb\u00e9dsz\u00fcnet<\/td><td class=\"column-6\"><\/td><td class=\"column-7\"><\/td>\n<\/tr>\n<tr class=\"row-9\">\n\t<td class=\"column-1\">8.<\/td><td class=\"column-2\">2024.07.01. h\u00e9tf\u0151<\/td><td class=\"column-3\">13:00<\/td><td class=\"column-4\">45<\/td><td class=\"column-5\">ETT TUKEB tapasztalatai \u00e9s etikai k\u00f6vetelm\u00e9nyek a beavatkoz\u00e1ssal j\u00e1r\u00f3 hum\u00e1n klinikai kutat\u00e1sok folyamat\u00e1ban. Kutat\u00f3 orvosok \u00e1ltal kezdem\u00e9nyezett hum\u00e1n kutat\u00e1sok enged\u00e9lyeztet\u00e9se<\/td><td class=\"column-6\">Dr. Kardon Tam\u00e1s<\/td><td class=\"column-7\">egyetemi docens, ETT TUKEB titk\u00e1ra<\/td>\n<\/tr>\n<tr class=\"row-10\">\n\t<td class=\"column-1\">9.<\/td><td class=\"column-2\">2024.07.01. h\u00e9tf\u0151<\/td><td class=\"column-3\">13:45<\/td><td class=\"column-4\">60<\/td><td class=\"column-5\">A gy\u00f3gyszer-vizsg\u00e1lati protokoll fel\u00e9p\u00edt\u00e9se.  Komplex trial design, \u00faj t\u00edpus\u00fa protokollok. Investigator\u2019s Brochure tartalma \u00e9s jelent\u0151s\u00e9ge<\/td><td class=\"column-6\">Dr. Kerpel-Fronius S\u00e1ndor<\/td><td class=\"column-7\">egyetemi tan\u00e1r, Semmelweis Egyetem<\/td>\n<\/tr>\n<tr class=\"row-11\">\n\t<td class=\"column-1\">10.<\/td><td class=\"column-2\">2024.07.01. h\u00e9tf\u0151<\/td><td class=\"column-3\">14:45<\/td><td class=\"column-4\">15<\/td><td class=\"column-5\">sz\u00fcnet<\/td><td class=\"column-6\"><\/td><td class=\"column-7\"><\/td>\n<\/tr>\n<tr class=\"row-12\">\n\t<td class=\"column-1\">11.<\/td><td class=\"column-2\">2024.07.01. h\u00e9tf\u0151<\/td><td class=\"column-3\">15:00<\/td><td class=\"column-4\">45<\/td><td class=\"column-5\">Klinikai vizsg\u00e1lati t\u00edpusok, elrendez\u00e9sek. Statisztikai tervez\u00e9s \u00e9s \u00e9rt\u00e9kel\u00e9s<\/td><td class=\"column-6\">Dr. Renczes G\u00e1bor<\/td><td class=\"column-7\">igazgat\u00f3, Auxiliis Pharma Kft.<\/td>\n<\/tr>\n<tr class=\"row-13\">\n\t<td class=\"column-1\">12.<\/td><td class=\"column-2\">2024.07.01. h\u00e9tf\u0151<\/td><td class=\"column-3\">15:45<\/td><td class=\"column-4\">45<\/td><td class=\"column-5\">Nem-k\u00edv\u00e1natos esem\u00e9nyek jelent\u00e9se \u00e9s feldolgoz\u00e1sa. Farmakovigilancia \u00e9s kock\u00e1zat menedzsment<\/td><td class=\"column-6\">Dr. Haj\u00f3s Anna<\/td><td class=\"column-7\">Klinikai Kutat\u00e1sok F\u0151oszt\u00e1ly, NNGYK<\/td>\n<\/tr>\n<tr class=\"row-14\">\n\t<td class=\"column-1\">13.<\/td><td class=\"column-2\">2024.07.02. kedd<\/td><td class=\"column-3\">08:30<\/td><td class=\"column-4\">45<\/td><td class=\"column-5\">Beavatkoz\u00e1ssal nem j\u00e1r\u00f3 vizsg\u00e1latok<\/td><td class=\"column-6\">Dr. Szepesi G\u00e1bor<\/td><td class=\"column-7\">region\u00e1lis igazgat\u00f3, ICON<\/td>\n<\/tr>\n<tr class=\"row-15\">\n\t<td class=\"column-1\">14.<\/td><td class=\"column-2\">2024.07.02. kedd<\/td><td class=\"column-3\">09:15<\/td><td class=\"column-4\">45<\/td><td class=\"column-5\">Klinikai vizsg\u00e1l\u00f3 szerepe, egy\u00fcttm\u0171k\u00f6d\u00e9se \u00e9s felel\u0151ss\u00e9ge a f\u00e1zis I, II \u00e9s III klinikai gy\u00f3gyszervizsg\u00e1latok tudom\u00e1nyos tervez\u00e9s\u00e9ben \u00e9s kivitelez\u00e9s\u00e9ben. Klinikai vizsg\u00e1lati auditok<\/td><td class=\"column-6\">Dr. Tak\u00e1cs Istv\u00e1n<\/td><td class=\"column-7\">egyetemi tan\u00e1r, Semmelweis Egyetem<\/td>\n<\/tr>\n<tr class=\"row-16\">\n\t<td class=\"column-1\">15.<\/td><td class=\"column-2\">2024.07.02. kedd<\/td><td class=\"column-3\">10:00<\/td><td class=\"column-4\">20<\/td><td class=\"column-5\">sz\u00fcnet<\/td><td class=\"column-6\"><\/td><td class=\"column-7\"><\/td>\n<\/tr>\n<tr class=\"row-17\">\n\t<td class=\"column-1\">16.<\/td><td class=\"column-2\">2024.07.02. kedd<\/td><td class=\"column-3\">10:20<\/td><td class=\"column-4\">45<\/td><td class=\"column-5\">Klinikai vizsg\u00e1lati adatgy\u0171jt\u00e9s. A val\u00f3s k\u00f6r\u00fclm\u00e9nyek k\u00f6z\u00f6tt keletkezett adatok jelent\u0151s\u00e9ge a gy\u00f3gyszerfejleszt\u00e9sben, klinikai vizsg\u00e1latok managementje, \u00faj technol\u00f3gi\u00e1k<\/td><td class=\"column-6\">Dr. Bar\u00f3tfi Szabolcs<\/td><td class=\"column-7\">klinikai kutat\u00e1si igazgat\u00f3, MSD Pharma Hungary Kft<\/td>\n<\/tr>\n<tr class=\"row-18\">\n\t<td class=\"column-1\">17.<\/td><td class=\"column-2\">2024.07.02. kedd<\/td><td class=\"column-3\">11:05<\/td><td class=\"column-4\">45<\/td><td class=\"column-5\">Klinikai vizsg\u00e1latok komplex szervez\u00e9se. CRO, CRA, SMO, vizsg\u00e1lati n\u0151v\u00e9r \u00e9s koordin\u00e1tor feladatai \u00e9s felel\u0151ss\u00e9ge<\/td><td class=\"column-6\">Dr. Veres L\u00e1szl\u00f3<\/td><td class=\"column-7\">klinikai kutat\u00e1si igazgat\u00f3, IQVIA<\/td>\n<\/tr>\n<tr class=\"row-19\">\n\t<td class=\"column-1\">18.<\/td><td class=\"column-2\">2024.07.02. kedd<\/td><td class=\"column-3\">11:50<\/td><td class=\"column-4\">45<\/td><td class=\"column-5\">Richter tapasztalatai a hum\u00e1n klinikai vizsg\u00e1latokban: Bioekvivalencia \u00e9s f\u00e1zis I vizsg\u00e1latok<\/td><td class=\"column-6\">Dr. Szatm\u00e1ri Bal\u00e1zs<\/td><td class=\"column-7\">chief medical officer, Richter Gedeon<\/td>\n<\/tr>\n<tr class=\"row-20\">\n\t<td class=\"column-1\">19.<\/td><td class=\"column-2\">2024.07.02. kedd<\/td><td class=\"column-3\">12:35<\/td><td class=\"column-4\">70<\/td><td class=\"column-5\">eb\u00e9dsz\u00fcnet<\/td><td class=\"column-6\"><\/td><td class=\"column-7\"><\/td>\n<\/tr>\n<tr class=\"row-21\">\n\t<td class=\"column-1\">20.<\/td><td class=\"column-2\">2024.07.02. kedd<\/td><td class=\"column-3\">13:45<\/td><td class=\"column-4\">45<\/td><td class=\"column-5\">Szem\u00e9lyre szabott medicina leg\u00fajabb eredm\u00e9nyeinek (vissza) hat\u00e1sa gy\u00f3gyszerfejleszt\u00e9sekre \u00e9s a klinikai vizsg\u00e1latok tervez\u00e9s\u00e9re \u00e9s kivitelez\u00e9s\u00e9re<\/td><td class=\"column-6\">Dr. Pet\u00e1k Istv\u00e1n<\/td><td class=\"column-7\">tudom\u00e1nyos igazgat\u00f3, Oncompass Medicine<\/td>\n<\/tr>\n<tr class=\"row-22\">\n\t<td class=\"column-1\">21.<\/td><td class=\"column-2\">2024.07.02. kedd<\/td><td class=\"column-3\">14:30<\/td><td class=\"column-4\">45<\/td><td class=\"column-5\">Int\u00e9zm\u00e9nyi gy\u00f3gyszert\u00e1rak \u00e9s gy\u00f3gyszer\u00e9szek feladatai \u00e9s felel\u0151ss\u00e9ge a klinikai vizsg\u00e1latokban<\/td><td class=\"column-6\">Dr. Seb\u0151k Szilvia<\/td><td class=\"column-7\">f\u0151gy\u00f3gyszer\u00e9sz, Semmelweis Egyetem<\/td>\n<\/tr>\n<tr class=\"row-23\">\n\t<td class=\"column-1\">22.<\/td><td class=\"column-2\">2024.07.02. kedd<\/td><td class=\"column-3\">15:15<\/td><td class=\"column-4\">15<\/td><td class=\"column-5\">Adatkezel\u00e9s a klinikai vizsg\u00e1latokban a GDPR t\u00fckr\u00e9ben<\/td><td class=\"column-6\">Dr. Sisa D\u00e1niel<\/td><td class=\"column-7\">\u00fcgyv\u00e9d, alap\u00edt\u00f3 tag Sisa \u00e9s Jo\u00f3sz \u00dcgyv\u00e9di Iroda<\/td>\n<\/tr>\n<tr class=\"row-24\">\n\t<td class=\"column-1\">23.<\/td><td class=\"column-2\">2024.07.02. kedd<\/td><td class=\"column-3\">15:30<\/td><td class=\"column-4\">15<\/td><td class=\"column-5\">sz\u00fcnet<\/td><td class=\"column-6\"><\/td><td class=\"column-7\"><\/td>\n<\/tr>\n<tr class=\"row-25\">\n\t<td class=\"column-1\">24.<\/td><td class=\"column-2\">2024.07.02. kedd<\/td><td class=\"column-3\">15:45<\/td><td class=\"column-4\">45<\/td><td class=\"column-5\">Kerekasztal megbesz\u00e9l\u00e9s \u2013 k\u00e9rd\u00e9sek \u00e9s v\u00e1laszok: Dr. Kerpel-Fr\u00f3nius S\u00e1ndor, Dr. Pet\u00e1k Istv\u00e1n, Dr. Tarnai Julianna, Dr. T\u00edm\u00e1r Krisztina, Dr. Kardon Tam\u00e1s, Prof. Dr. Bitter Istv\u00e1n<\/td><td class=\"column-6\">Prof. Dr. Ferdinandy P\u00e9ter<\/td><td class=\"column-7\">egyetemi tan\u00e1r, Semmelweis Egyetem<\/td>\n<\/tr>\n<tr class=\"row-26\">\n\t<td class=\"column-1\">25.<\/td><td class=\"column-2\">2024.07.02. kedd<\/td><td class=\"column-3\">16:30<\/td><td class=\"column-4\">45<\/td><td class=\"column-5\">Tesztvizsga (online Moodle-rendszeren kereszt\u00fcl)<\/td><td class=\"column-6\">Dr. G\u00f6rbe Anik\u00f3<\/td><td class=\"column-7\">egyetemi docens, Semmelweis Egyetem<\/td>\n<\/tr>\n<\/tbody>\n<\/table>\n<!-- #tablepress-11 from cache -->\n<h4><span style=\"font-family: arial, helvetica, sans-serif;font-size: 18pt\"><strong style=\"font-size: 18pt\">SZAKMAI KOLL\u00c9GIUM(OK)<\/strong><\/span><\/h4>\n\n<table id=\"tablepress-12\" class=\"tablepress tablepress-id-12\">\n<thead>\n<tr class=\"row-1\">\n\t<th class=\"column-1\">Sorsz.<\/th><th class=\"column-2\">Szakmai koll\u00e9gium<\/th>\n<\/tr>\n<\/thead>\n<tbody class=\"row-striping row-hover\">\n<tr class=\"row-2\">\n\t<td class=\"column-1\">1.<\/td><td class=\"column-2\">Klinikai Farmakol\u00f3gia<\/td>\n<\/tr>\n<\/tbody>\n<\/table>\n<!-- #tablepress-12 from cache -->\n","protected":false},"excerpt":{"rendered":"<p>Jelentkez\u00e9s: <a href=\"https:\/\/forms.office.com\/Pages\/ResponsePage.aspx?id=uJCuuvE5TUOrpmTr1YljVz-0Ln4dqNBIgaCzs5zIzfxUMktCQThGS0xZRVlDWEhFM0ZVNjdBOVk2My4u\">link<\/a><\/p>\n<p><a href=\"https:\/\/semmelweis.hu\/pharmacology\/files\/2025\/08\/GCP_barmikor_elvegezheto_2025_ii.pdf\" target=\"_blank\" rel=\"noopener\">Let\u00f6lthet\u0151 tanfolyami adatlap<\/a><br \/>\nAlapadatok<\/p>\n<p>EL\u0150AD\u00c1SOK JEGYZ\u00c9KE<\/p>\n<p>SZAKMAI KOLL\u00c9GIUM(OK)<\/p>\n","protected":false},"author":101941,"featured_media":0,"parent":83,"menu_order":0,"comment_status":"closed","ping_status":"closed","template":"template-fullwidth.php","meta":{"_acf_changed":false,"footnotes":""},"categories":[754],"tags":[],"class_list":["post-11818","page","type-page","status-publish","hentry","category-jelenlegi-tanfolyam"],"acf":[],"_links":{"self":[{"href":"https:\/\/semmelweis.hu\/pharmacology\/wp-json\/wp\/v2\/pages\/11818","targetHints":{"allow":["GET"]}}],"collection":[{"href":"https:\/\/semmelweis.hu\/pharmacology\/wp-json\/wp\/v2\/pages"}],"about":[{"href":"https:\/\/semmelweis.hu\/pharmacology\/wp-json\/wp\/v2\/types\/page"}],"author":[{"embeddable":true,"href":"https:\/\/semmelweis.hu\/pharmacology\/wp-json\/wp\/v2\/users\/101941"}],"replies":[{"embeddable":true,"href":"https:\/\/semmelweis.hu\/pharmacology\/wp-json\/wp\/v2\/comments?post=11818"}],"version-history":[{"count":10,"href":"https:\/\/semmelweis.hu\/pharmacology\/wp-json\/wp\/v2\/pages\/11818\/revisions"}],"predecessor-version":[{"id":15354,"href":"https:\/\/semmelweis.hu\/pharmacology\/wp-json\/wp\/v2\/pages\/11818\/revisions\/15354"}],"up":[{"embeddable":true,"href":"https:\/\/semmelweis.hu\/pharmacology\/wp-json\/wp\/v2\/pages\/83"}],"wp:attachment":[{"href":"https:\/\/semmelweis.hu\/pharmacology\/wp-json\/wp\/v2\/media?parent=11818"}],"wp:term":[{"taxonomy":"category","embeddable":true,"href":"https:\/\/semmelweis.hu\/pharmacology\/wp-json\/wp\/v2\/categories?post=11818"},{"taxonomy":"post_tag","embeddable":true,"href":"https:\/\/semmelweis.hu\/pharmacology\/wp-json\/wp\/v2\/tags?post=11818"}],"curies":[{"name":"wp","href":"https:\/\/api.w.org\/{rel}","templated":true}]}}