{"id":11591,"date":"2022-09-02T09:54:47","date_gmt":"2022-09-02T07:54:47","guid":{"rendered":"https:\/\/semmelweis.hu\/pharmacology\/?page_id=11591"},"modified":"2024-09-12T14:35:59","modified_gmt":"2024-09-12T12:35:59","slug":"unbiased-omics-based-network-theoretic-interactome-analysis-for-drug-target-identification-in-cardiovascular-diseases","status":"publish","type":"page","link":"https:\/\/semmelweis.hu\/pharmacology\/en\/research\/cardiovascular-and-metabolic-research-group\/bioinformatics-in-systems-biology-and-pharmacovigilance\/unbiased-omics-based-network-theoretic-interactome-analysis-for-drug-target-identification-in-cardiovascular-diseases\/","title":{"rendered":"Unbiased, omics-based network theoretic interactome analysis for drug target identification in cardiovascular diseases"},"content":{"rendered":"<p>To be able to discover novel drug targets we aim to develop software based on network theoretic approaches that are capable to identify mediators and pathways involved in the pathomechanism of various cardiovascular diseases by the analysis of datasets assessed with high throughput molecular biological techniques (e.g. microarray, RNA-seq) of samples gathered from small and large animal models of the studied cardiovascular disorders. Our main focus is the analysis of the transcriptomics datasets, including microRNA fingerprints.<\/p>\n<p>Learning opportunities:<\/p>\n<ul>\n<li>Bioinformatics methodologies<\/li>\n<li>Analysis of raw RNA sequencing data<\/li>\n<li>Biostatistics<\/li>\n<li>Writing R and UNIX\/Linux shell scripts<\/li>\n<li>Network theory<\/li>\n<\/ul>\n<p><strong>1.1. MicroRNA-target interaction network analysis<\/strong><\/p>\n<p>Project leader: <u>Bettina Benczik, MSc<\/u><\/p>\n<p style=\"text-align: justify\">We aim to develop software based on network theoretic approaches that are capable of identifying mediators and pathways involved in the pathomechanism of various cardiovascular diseases by the analysis of datasets assessed with high throughput molecular biological techniques (e.g. microarray, RNA-seq) of samples gathered from small and large animal models of the studied cardiovascular disorders. Our main focus is the analysis of the transcriptomics datasets, including microRNA fingerprints.<\/p>\n<p style=\"text-align: justify\">MicroRNAs (miRNAs) are short (18-24 nt) RNA sequences that could decrease the expression of various target genes both on the messenger RNA (mRNA) and the protein level. As miRNAs could have multiple hundreds of targets, and also one mRNA could be regulated by dozens of miRNAs the post-transcriptional regulatory network of miRNAs are extremely complex (Figure 1). Therefore, to understand and predict the effect of changes in the miRNA expression profiles measured by the so called omics (global, high throughput) methodologies, sophisticated bioinformatics and network theoretic approaches are necessary.<\/p>\n<p style=\"text-align: justify\">In this project we aim to develop, implement and utilize such network theoretic models to efficiently search for drug target candidates in various cardiovascular diseases.<\/p>\n<p style=\"text-align: justify\">We also aim to make it possible for researchers without previous bioinformatics experiences to analyze miRNA expression datasets with user friendly tools. For this purpose our team in collaboration with the <a href=\"http:\/\/www.pharmahungary.com\/\">Pharmahungary Group<\/a> has developed the <a href=\"https:\/\/mirnatarget.com\/\">miRNAtarget.com<\/a> web application, which could be used to predict common targets of differentially expressed miRNAs.<\/p>\n<p><img loading=\"lazy\" decoding=\"async\" class=\"aligncenter size-full wp-image-11630\" src=\"https:\/\/semmelweis.hu\/pharmacology\/files\/2022\/09\/41598_2018_27740_Fig2_HTML.jpg\" alt=\"\" width=\"1650\" height=\"1189\" srcset=\"https:\/\/semmelweis.hu\/pharmacology\/files\/2022\/09\/41598_2018_27740_Fig2_HTML.jpg 1650w, https:\/\/semmelweis.hu\/pharmacology\/files\/2022\/09\/41598_2018_27740_Fig2_HTML-300x216.jpg 300w, https:\/\/semmelweis.hu\/pharmacology\/files\/2022\/09\/41598_2018_27740_Fig2_HTML-1024x738.jpg 1024w, https:\/\/semmelweis.hu\/pharmacology\/files\/2022\/09\/41598_2018_27740_Fig2_HTML-768x553.jpg 768w, https:\/\/semmelweis.hu\/pharmacology\/files\/2022\/09\/41598_2018_27740_Fig2_HTML-366x264.jpg 366w, https:\/\/semmelweis.hu\/pharmacology\/files\/2022\/09\/41598_2018_27740_Fig2_HTML-1536x1107.jpg 1536w\" sizes=\"auto, (max-width: 1650px) 100vw, 1650px\" \/><\/p>\n<p style=\"text-align: justify\">Figure 1. An example of miRNA-target interaction network. Downregulated, upregulated miRNAs and mRNAs are indicated in green, red and blue, respectively. Dark blue represents mRNAs with at least 4 target interactions. (\u00c1gg et al, Sci Rep 2018)<\/p>\n<p><strong>1.2. Bioinformatics analysis of RNA sequencing datasets<\/strong><\/p>\n<p>Project leader: <u>Dr. Barnab\u00e1s V\u00e1radi, MD<\/u><\/p>\n<p style=\"text-align: justify\">The starting point for an unbiased, hypothesis-free analysis of various diseases is the assessment of global transcriptomics profiles. Nowadays the most well-established and most cost-effective approach for transcriptomics measurements is RNA sequencing. RNA sequencing produces huge raw datasets, which need to be analyzed by various bioinformatics methods.<\/p>\n<p style=\"text-align: justify\">Our group is continuously developing, adapting and utilizing bioinformatics and statistical methodologies to be able to better understand RNA sequencing results.<\/p>\n<p>Our aims are to develop tools to be able:<\/p>\n<ul>\n<li>to integrate and analyze data from RNA sequencing and other sources<\/li>\n<li>to facilitate data interpretation by dimensionality reduction and customized distance metrics (Figure 2.)<\/li>\n<li>to visualize results to facilitate hypothesis generation<\/li>\n<\/ul>\n<p><img loading=\"lazy\" decoding=\"async\" class=\"aligncenter size-full wp-image-11593\" src=\"https:\/\/semmelweis.hu\/pharmacology\/files\/2022\/09\/Picture2-scaled.jpg\" alt=\"\" width=\"2560\" height=\"1436\" srcset=\"https:\/\/semmelweis.hu\/pharmacology\/files\/2022\/09\/Picture2-scaled.jpg 2560w, https:\/\/semmelweis.hu\/pharmacology\/files\/2022\/09\/Picture2-300x168.jpg 300w, https:\/\/semmelweis.hu\/pharmacology\/files\/2022\/09\/Picture2-1024x575.jpg 1024w, https:\/\/semmelweis.hu\/pharmacology\/files\/2022\/09\/Picture2-768x431.jpg 768w, https:\/\/semmelweis.hu\/pharmacology\/files\/2022\/09\/Picture2-470x264.jpg 470w, https:\/\/semmelweis.hu\/pharmacology\/files\/2022\/09\/Picture2-1536x862.jpg 1536w, https:\/\/semmelweis.hu\/pharmacology\/files\/2022\/09\/Picture2-2048x1149.jpg 2048w\" sizes=\"auto, (max-width: 2560px) 100vw, 2560px\" \/><\/p>\n<p style=\"text-align: justify\">Figure 2. Radar plot with the dissimilarity of the Gene Ontology term-based functional expression vectors of cardiac cell lines and primary cultures compared to the corresponding reference tissue in human, rat and mouse species (On\u00f3di et al, J Mol Cell Cardiol 2022)<\/p>\n<p>Publications in the field:<\/p>\n<ul>\n<li style=\"text-align: justify\">Varga ZV, \u00c1gg B, Ferdinandy P. miR-125b is a protectomiR: A rising star for acute cardioprotection. J Mol Cell Cardiol. 2018 Feb;115:51-53.<\/li>\n<li style=\"text-align: justify\">Schulz R, \u00c1gg B, Ferdinandy P. Survival pathways in cardiac conditioning: individual data vs. meta-analyses. What do we learn? Basic Res Cardiol. 2017 Nov 21;113(1):4.<\/li>\n<li style=\"text-align: justify\">Perrino C, Barab\u00e1si AL, Condorelli G, Davidson SM, De Windt L, Dimmeler S, Engel FB, Hausenloy DJ, Hill JA, Van Laake LW, Lecour S, Leor J, Madonna R, Mayr M, Prunier F, Sluijter JPG, Schulz R, Thum T, Ytrehus K, Ferdinandy P. Epigenomic and transcriptomic approaches in the post-genomic era: path to novel targets for diagnosis and therapy of the ischaemic heart? Position Paper of the European Society of Cardiology Working Group on Cellular Biology of the Heart. Cardiovasc Res. 2017 Jun 1;113(7):725-736.<\/li>\n<li style=\"text-align: justify\">\u00c1gg B, Baranyai T, Makkos A, Vet\u0151 B, Farag\u00f3 N, Zvara \u00c1, Giricz Z, Veres DV, Csermely P, Ar\u00e1nyi T, Pusk\u00e1s LG, Varga ZV, Ferdinandy P. MicroRNA interactome analysis predicts post-transcriptional regulation of ADRB2 and PPP3R1 in the hypercholesterolemic myocardium. Sci Rep. 2018 Jul 4;8(1):10134.<\/li>\n<li style=\"text-align: justify\">Bencsik P, Kiss K, \u00c1gg B, Ba\u00e1n JA, \u00c1goston G, Varga A, G\u00f6m\u00f6ri K, Mendler L, Farag\u00f3 N, Zvara \u00c1, S\u00e1ntha P, Pusk\u00e1s LG, Jancs\u00f3 G, Ferdinandy P. Sensory Neuropathy Affects Cardiac miRNA Expression Network Targeting IGF-1, SLC2a-12, EIF-4e, and ULK-2 mRNAs. Int J Mol Sci. 2019 Feb 25;20(4):991.<\/li>\n<li style=\"text-align: justify\">S\u00e1ghy \u00c9, V\u00f6r\u00f6s I, \u00c1gg B, Kiss B, Koncsos G, Varga ZV, G\u00f6rbe A, Giricz Z, Schulz R, Ferdinandy P. Cardiac miRNA Expression and their mRNA Targets in a Rat Model of Prediabetes. Int J Mol Sci. 2020 Mar 20;21(6):2128.<\/li>\n<li style=\"text-align: justify\">Schreckenberg R, Klein J, Kutsche HS, Schulz R, G\u00f6m\u00f6ri K, Bencsik P, Benczik B, \u00c1gg B, S\u00e1ghy \u00c9, Ferdinandy P, Schl\u00fcter KD. Ischaemic post-conditioning in rats: Responder and non-responder differ in transcriptome of mitochondrial proteins. J Cell Mol Med. 2020 May;24(10):5528-5541.<\/li>\n<li>R\u00f3ka B, Tod P, Kaucs\u00e1r T, Bukosza \u00c9N, V\u00f6r\u00f6s I, Varga ZV, Petrovich B, \u00c1gg B, Ferdinandy P, Sz\u00e9n\u00e1si G, Hamar P. Delayed Contralateral Nephrectomy Halted Post-Ischemic Renal Fibrosis Progression and Inhibited the Ischemia-Induced Fibromir Upregulation in Mice. Biomedicines. 2021 Jul 14;9(7):815.<\/li>\n<li style=\"text-align: justify\">Makkos A, \u00c1gg B, Petrovich B, Varga ZV, G\u00f6rbe A, Ferdinandy P. Systematic review and network analysis of microRNAs involved in cardioprotection against myocardial ischemia\/reperfusion injury and infarction: Involvement of redox signalling. Free Radic Biol Med. 2021 Aug 20;172:237-251.<\/li>\n<li style=\"text-align: justify\">Makkos A, \u00c1gg B, Varga ZV, Giricz Z, Gy\u00f6ngy\u00f6si M, Lukovic D, Schulz R, Bartekov\u00e1 M, G\u00f6rbe A, Ferdinandy P. Molecular Network Approach Reveals Rictor as a Central Target of Cardiac ProtectomiRs. Int J Mol Sci. 2021 Sep 2;22(17):9539.<\/li>\n<li style=\"text-align: justify\">V\u00f6r\u00f6s I, S\u00e1ghy \u00c9, Poh\u00f3czky K, Makkos A, On\u00f3di Z, Brenner GB, Baranyai T, \u00c1gg B, V\u00e1radi B, Kem\u00e9ny \u00c1, Leszek P, G\u00f6rbe A, Varga ZV, Giricz Z, Schulz R, Helyes Z, Ferdinandy P. Somatostatin and Its Receptors in Myocardial Ischemia\/Reperfusion Injury and Cardioprotection. Front Pharmacol. 2021 Nov 5;12:663655.<\/li>\n<li style=\"text-align: justify\">G\u00e1sp\u00e1r R, G\u00f6m\u00f6ri K, Kiss B, Sz\u00e1ntai \u00c1, P\u00e1l\u00f3czi J, Varga ZV, Pipis J, V\u00e1radi B, \u00c1gg B, Csont T, Ferdinandy P, Bartekov\u00e1 M, G\u00f6rbe A. Decorin Protects Cardiac Myocytes against Simulated Ischemia\/Reperfusion Injury. Molecules. 2020 Jul 28;25(15):3426.<\/li>\n<li style=\"text-align: justify\">On\u00f3di Z, Visnovitz T, Kiss B, Hambalk\u00f3 S, Koncz A, \u00c1gg B, V\u00e1radi B, T\u00f3th V\u00c9, Nagy RN, Gergely TG, Gerg\u0151 D, Makkos A, Pelyhe C, Varga N, Re\u00e9 D, Ap\u00e1ti \u00c1, Leszek P, Kov\u00e1cs T, Nagy N, Ferdinandy P, Buz\u00e1s EI, G\u00f6rbe A, Giricz Z, Varga ZV. Systematic transcriptomic and phenotypic characterization of human and murine cardiac myocyte cell lines and primary cardiomyocytes reveals serious limitations and low resemblances to adult cardiac phenotype. J Mol Cell Cardiol. 2022 Apr;165:19-30.<\/li>\n<li>Acz\u00e9l T, Benczik B, \u00c1gg B, K\u00f6rt\u00e9si T, Urb\u00e1n P, Bauer W, Gyenesei A, Tuka B, Tajti J, Ferdinandy P, V\u00e9csei L, B\u00f6lcskei K, Kun J, Helyes Z. Disease- and headache-specific microRNA signatures and their predicted mRNA targets in peripheral blood mononuclear cells in migraineurs: role of inflammatory signalling and oxidative stress. J Headache Pain. 2022 Sep 2;23(1):113.<\/li>\n<\/ul>\n","protected":false},"excerpt":{"rendered":"<p>To be able to discover novel drug targets we aim to develop software based on network theoretic approaches that are capable to identify mediators and pathways involved in the pathomechanism of various cardiovascular diseases by the analysis of datasets assessed with high throughput molecular biological techniques (e.g. microarray, RNA-seq) of samples gathered from small and &hellip;<\/p>\n","protected":false},"author":101485,"featured_media":0,"parent":8300,"menu_order":0,"comment_status":"closed","ping_status":"closed","template":"","meta":{"_acf_changed":false,"footnotes":""},"categories":[],"tags":[],"class_list":["post-11591","page","type-page","status-publish","hentry"],"acf":[],"_links":{"self":[{"href":"https:\/\/semmelweis.hu\/pharmacology\/wp-json\/wp\/v2\/pages\/11591","targetHints":{"allow":["GET"]}}],"collection":[{"href":"https:\/\/semmelweis.hu\/pharmacology\/wp-json\/wp\/v2\/pages"}],"about":[{"href":"https:\/\/semmelweis.hu\/pharmacology\/wp-json\/wp\/v2\/types\/page"}],"author":[{"embeddable":true,"href":"https:\/\/semmelweis.hu\/pharmacology\/wp-json\/wp\/v2\/users\/101485"}],"replies":[{"embeddable":true,"href":"https:\/\/semmelweis.hu\/pharmacology\/wp-json\/wp\/v2\/comments?post=11591"}],"version-history":[{"count":9,"href":"https:\/\/semmelweis.hu\/pharmacology\/wp-json\/wp\/v2\/pages\/11591\/revisions"}],"predecessor-version":[{"id":12425,"href":"https:\/\/semmelweis.hu\/pharmacology\/wp-json\/wp\/v2\/pages\/11591\/revisions\/12425"}],"up":[{"embeddable":true,"href":"https:\/\/semmelweis.hu\/pharmacology\/wp-json\/wp\/v2\/pages\/8300"}],"wp:attachment":[{"href":"https:\/\/semmelweis.hu\/pharmacology\/wp-json\/wp\/v2\/media?parent=11591"}],"wp:term":[{"taxonomy":"category","embeddable":true,"href":"https:\/\/semmelweis.hu\/pharmacology\/wp-json\/wp\/v2\/categories?post=11591"},{"taxonomy":"post_tag","embeddable":true,"href":"https:\/\/semmelweis.hu\/pharmacology\/wp-json\/wp\/v2\/tags?post=11591"}],"curies":[{"name":"wp","href":"https:\/\/api.w.org\/{rel}","templated":true}]}}