{"id":11101,"date":"2022-01-16T19:37:17","date_gmt":"2022-01-16T18:37:17","guid":{"rendered":"https:\/\/semmelweis.hu\/pharmacology\/?page_id=11101"},"modified":"2025-07-03T10:08:21","modified_gmt":"2025-07-03T08:08:21","slug":"demonstratori-munka","status":"publish","type":"page","link":"https:\/\/semmelweis.hu\/pharmacology\/tdk\/demonstratori-munka\/","title":{"rendered":"Demonstr\u00e1tori munka"},"content":{"rendered":"<p>Int\u00e9zet\u00fcnkben a magas tanulm\u00e1nyi eredm\u00e9ny\u0171 hallgat\u00f3ink sz\u00e1m\u00e1ra lehet\u0151s\u00e9g ny\u00edlik a farmakol\u00f3gia t\u00e1rgy oktat\u00e1s\u00e1ba val\u00f3 bekapcsol\u00f3d\u00e1sra demonstr\u00e1tori poz\u00edci\u00f3ban. A demonstr\u00e1torok az Int\u00e9zet oktat\u00f3inak ir\u00e1ny\u00edt\u00e1sa mellett szemin\u00e1riumok vezet\u00e9s\u00e9ben vehetnek r\u00e9szt.<\/p>\n<p>A demonstr\u00e1tori munka sor\u00e1n a hallgat\u00f3k tapasztalatot szerezhetnek az oktat\u00f3i tev\u00e9kenys\u00e9g sz\u00e9ps\u00e9geir\u0151l \u00e9s kih\u00edv\u00e1sair\u00f3l, melyet a karrierj\u00fck k\u00e9s\u0151bbi szakaszaiban v\u00e1ltozatos m\u00f3don hasznos\u00edthatnak, f\u00fcggetlen\u00fcl k\u00e9s\u0151bbi munkak\u00f6r\u00fckt\u0151l. Tov\u00e1bb\u00e1 a demonstr\u00e1torok a szemin\u00e1riumokra val\u00f3 felk\u00e9sz\u00fcl\u00e9s\u00fck sor\u00e1n elm\u00e9ly\u00edthetik \u00e9s kontextusba helyezhetik m\u00e1r megszerzett farmakol\u00f3giai tud\u00e1sukat, ami nagyban el\u0151seg\u00edtheti a tud\u00e1suk k\u00e9s\u0151bbi klinikai alkalmaz\u00e1s\u00e1t.<\/p>\n<h4>Demonstr\u00e1tors\u00e1g felt\u00e9telei:<\/h4>\n<ul>\n<li>Az Egyetem \u00e1ltal meghat\u00e1rozott felt\u00e9telek (<a href=\"https:\/\/semmelweis.hu\/aok\/oktatas\/osztondij-palyazat\/\">link<\/a>)<\/li>\n<li>j\u00f3 vagy jeles Farmakol\u00f3gia szigorlati jegy<\/li>\n<li>El\u0151ny: tansz\u00e9ki TDK munka \u00e9s a Bevezet\u00e9s a farmakol\u00f3giai kutat\u00e1sokba kurzus teljes\u00edt\u00e9se<\/li>\n<\/ul>\n<h4>Munkav\u00e9gz\u00e9s k\u00f6vetelm\u00e9nyei:<\/h4>\n<ul>\n<li>oktat\u00e1si feladatok rendszeres ell\u00e1t\u00e1sa<\/li>\n<li>a demonstr\u00e1tori tev\u00e9kenys\u00e9g\u00e9hez kapcsol\u00f3d\u00f3 gyakorlati tananyag megbesz\u00e9l\u00e9s\u00e9n val\u00f3 r\u00e9szv\u00e9tel<\/li>\n<\/ul>\n<h4>Demonstr\u00e1tori \u00f6szt\u00f6nd\u00edj p\u00e1ly\u00e1zat<\/h4>\n<ul>\n<li>\u00c1OK\n<ul>\n<li><a href=\"https:\/\/semmelweis.hu\/pharmacology\/files\/2025\/06\/Demonstratori_kiiras_AOK_magyar_20250519.pdf\" target=\"_blank\" rel=\"noopener\">P\u00e1ly\u00e1zati ki\u00edr\u00e1s a 2025-2026-os tan\u00e9vre<\/a><\/li>\n<li><a href=\"https:\/\/semmelweis.hu\/pharmacology\/files\/2025\/07\/DEMONSTARTORI_OSZTONDIJ_PALYAZAT_2025.pdf\" target=\"_blank\" rel=\"noopener\">P\u00e1ly\u00e1zati \u0171rlap<\/a><\/li>\n<li>Tov\u00e1bbi inform\u00e1ci\u00f3k: <a href=\"https:\/\/semmelweis.hu\/aok\/osztondij-palyazat\/demonstratori-osztondij\/\">https:\/\/semmelweis.hu\/aok\/osztondij-palyazat\/demonstratori-osztondij\/<\/a><\/li>\n<\/ul>\n<\/li>\n<li>FOK\n<ul>\n<li><a href=\"https:\/\/semmelweis.hu\/pharmacology\/files\/2025\/06\/Demonstratori_kiiras_FOK_magyar_20250520.pdf\" target=\"_blank\" rel=\"noopener\">P\u00e1ly\u00e1zati ki\u00edr\u00e1s a 2025-2026-os tan\u00e9vre<\/a><\/li>\n<li><a href=\"https:\/\/semmelweis.hu\/pharmacology\/files\/2025\/07\/DEMONSTARTORI_OSZTONDIJ_PALYAZAT_2025.pdf\" target=\"_blank\" rel=\"noopener\">P\u00e1ly\u00e1zati \u0171rlap<\/a><\/li>\n<li>Tov\u00e1bbi inform\u00e1ci\u00f3: <a href=\"https:\/\/semmelweis.hu\/fok\/hallgatoi-hirek\/palyazati-felhivasok-hallgatoknak\/demonstratori-palyazatok\/\">https:\/\/semmelweis.hu\/fok\/hallgatoi-hirek\/palyazati-felhivasok-hallgatoknak\/demonstratori-palyazatok\/<\/a><\/li>\n<\/ul>\n<\/li>\n<\/ul>\n<p><a href=\"https:\/\/semmelweis.hu\/pharmacology\/oktatas\/a-farmakologiai-intezet-demonstratorai\/\">A Farmakol\u00f3giai Int\u00e9zet demonstr\u00e1torai<\/a><\/p>\n<p>Int\u00e9zeti Demonstr\u00e1tori Felel\u0151s: <a href=\"mailto:zadori.zoltan@med.semmelweis-univ.hu\">Dr. Z\u00e1dori Zolt\u00e1n<\/a><\/p>\n","protected":false},"excerpt":{"rendered":"<p>Int\u00e9zet\u00fcnkben a magas tanulm\u00e1nyi eredm\u00e9ny\u0171 hallgat\u00f3ink sz\u00e1m\u00e1ra lehet\u0151s\u00e9g ny\u00edlik a farmakol\u00f3gia t\u00e1rgy oktat\u00e1s\u00e1ba val\u00f3 bekapcsol\u00f3d\u00e1sra demonstr\u00e1tori poz\u00edci\u00f3ban. A demonstr\u00e1torok az Int\u00e9zet oktat\u00f3inak ir\u00e1ny\u00edt\u00e1sa mellett szemin\u00e1riumok vezet\u00e9s\u00e9ben vehetnek r\u00e9szt. A demonstr\u00e1tori munka sor\u00e1n a hallgat\u00f3k tapasztalatot szerezhetnek az oktat\u00f3i tev\u00e9kenys\u00e9g sz\u00e9ps\u00e9geir\u0151l \u00e9s kih\u00edv\u00e1sair\u00f3l, melyet a karrierj\u00fck k\u00e9s\u0151bbi szakaszaiban v\u00e1ltozatos m\u00f3don hasznos\u00edthatnak, f\u00fcggetlen\u00fcl k\u00e9s\u0151bbi munkak\u00f6r\u00fckt\u0151l. Tov\u00e1bb\u00e1 a &hellip;<\/p>\n","protected":false},"author":101230,"featured_media":0,"parent":78,"menu_order":4,"comment_status":"closed","ping_status":"closed","template":"","meta":{"_acf_changed":false,"footnotes":""},"categories":[],"tags":[],"class_list":["post-11101","page","type-page","status-publish","hentry"],"acf":[],"_links":{"self":[{"href":"https:\/\/semmelweis.hu\/pharmacology\/wp-json\/wp\/v2\/pages\/11101","targetHints":{"allow":["GET"]}}],"collection":[{"href":"https:\/\/semmelweis.hu\/pharmacology\/wp-json\/wp\/v2\/pages"}],"about":[{"href":"https:\/\/semmelweis.hu\/pharmacology\/wp-json\/wp\/v2\/types\/page"}],"author":[{"embeddable":true,"href":"https:\/\/semmelweis.hu\/pharmacology\/wp-json\/wp\/v2\/users\/101230"}],"replies":[{"embeddable":true,"href":"https:\/\/semmelweis.hu\/pharmacology\/wp-json\/wp\/v2\/comments?post=11101"}],"version-history":[{"count":11,"href":"https:\/\/semmelweis.hu\/pharmacology\/wp-json\/wp\/v2\/pages\/11101\/revisions"}],"predecessor-version":[{"id":14917,"href":"https:\/\/semmelweis.hu\/pharmacology\/wp-json\/wp\/v2\/pages\/11101\/revisions\/14917"}],"up":[{"embeddable":true,"href":"https:\/\/semmelweis.hu\/pharmacology\/wp-json\/wp\/v2\/pages\/78"}],"wp:attachment":[{"href":"https:\/\/semmelweis.hu\/pharmacology\/wp-json\/wp\/v2\/media?parent=11101"}],"wp:term":[{"taxonomy":"category","embeddable":true,"href":"https:\/\/semmelweis.hu\/pharmacology\/wp-json\/wp\/v2\/categories?post=11101"},{"taxonomy":"post_tag","embeddable":true,"href":"https:\/\/semmelweis.hu\/pharmacology\/wp-json\/wp\/v2\/tags?post=11101"}],"curies":[{"name":"wp","href":"https:\/\/api.w.org\/{rel}","templated":true}]}}