{"id":11,"date":"2012-06-22T09:44:15","date_gmt":"2012-06-22T07:44:15","guid":{"rendered":"http:\/\/semmelweis-egyetem.hu\/farmakoterapia\/?page_id=11"},"modified":"2026-04-08T14:55:08","modified_gmt":"2026-04-08T12:55:08","slug":"munkatarsak","status":"publish","type":"page","link":"https:\/\/semmelweis.hu\/pharmacology\/a-farmakologiai-es-farmakoterapias-intezetrol\/munkatarsak\/","title":{"rendered":"Munkat\u00e1rsak"},"content":{"rendered":"<h4><strong>Igazgat\u00f3:<\/strong><\/h4>\n<p><a href=\"https:\/\/semmelweis.hu\/telefonkonyv\/?emp_id=7906\">Prof. Dr. Ferdinandy P\u00e9ter<\/a> MTA doktora;<br \/>\nTudom\u00e1nyos \u00e9s Innov\u00e1ci\u00f3s Rektorhelyettes<br \/>\nInternational Society for Heart Research European Section eln\u00f6ke<br \/>\nMagyar K\u00eds\u00e9rletes \u00e9s Klinikai Farmakol\u00f3giai T\u00e1rsas\u00e1g eln\u00f6ke<\/p>\n<h4><strong>Professor emeritus:<\/strong><\/h4>\n<p><a href=\"https:\/\/semmelweis.hu\/telefonkonyv\/?emp_id=1934\">Prof. Dr. F\u00fcrst Zsuzsanna<\/a>\u00a0 MTA doktora<br \/>\nETT Klinikai Farmakol\u00f3giai Etikai Bizotts\u00e1g eln\u00f6ke <br \/>\nMagyar K\u00eds\u00e9rletes \u00e9s Klinikai Farmakol\u00f3giai T\u00e1rsas\u00e1g\u00a0kor\u00e1bbi eln\u00f6ke<br \/>\n<a href=\"https:\/\/semmelweis.hu\/telefonkonyv\/?emp_id=1936\">Prof. Dr. Gyires Kl\u00e1ra<\/a>\u00a0 MTA doktora<br \/>\n<a href=\"https:\/\/semmelweis.hu\/pharmacology\/munkatarsak\/vizi-e-szilveszter\/\">Prof. Dr. Vizi E. Szilveszter<\/a>\u00a0 MTA rendes tagja,<br \/>\nMTA volt eln\u00f6ke,\u00a0Magyar Atlanti Tan\u00e1cs eln\u00f6ke<\/p>\n<h4><strong>KUTAT\u00d3PROFESSZOR:<\/strong><\/h4>\n<p><a href=\"https:\/\/semmelweis.hu\/telefonkonyv\/?emp_id=10510\" target=\"_blank\" rel=\"noopener noreferrer\">Dr. Giricz Zolt\u00e1n<\/a> Ph.D, tudom\u00e1nyos infrastrukt\u00fara igazgat\u00f3-helyettes<\/p>\n<h4><strong>Egyetemi tan\u00e1r:<\/strong><\/h4>\n<p><a href=\"https:\/\/semmelweis.hu\/telefonkonyv\/?emp_id=11539\">Dr. G\u00f6rbe Anik\u00f3 <\/a>Ph.D., operat\u00edv igazgat\u00f3-helyettes<\/p>\n<h4><strong>Egyetemi docens:<\/strong><\/h4>\n<p><a href=\"https:\/\/semmelweis.hu\/telefonkonyv\/?emp_id=1933\">Dr. Al-Khrasani Mahmoud<\/a> Ph.D.<br \/>\n<a href=\"https:\/\/semmelweis.hu\/telefonkonyv\/?emp_id=1950\">Dr. Kir\u00e1ly Korn\u00e9l P\u00e9ter<\/a>\u00a0 Ph.D.<br \/>\n<a href=\"https:\/\/semmelweis.hu\/telefonkonyv\/?emp_id=1941\">Dr. Riba P\u00e1l<\/a>\u00a0 Ph.D.<br \/>\n<a href=\"https:\/\/semmelweis.hu\/telefonkonyv\/?emp_id=10509\">Dr. Varga Zolt\u00e1n<\/a> Ph.D., tudom\u00e1nyos igazgat\u00f3-helyettes<br \/>\n<a href=\"https:\/\/semmelweis.hu\/telefonkonyv\/?emp_id=2004\">Dr. Z\u00e1dori Zolt\u00e1n <\/a>Ph.D.<\/p>\n<h4><strong>Egyetemi adjunktus:<\/strong><\/h4>\n<p><a href=\"https:\/\/semmelweis.hu\/telefonkonyv\/?emp_id=11977\">Dr. \u00c1gg Bence K\u00e1roly<\/a> Ph.D.<br \/>\n<a href=\"https:\/\/semmelweis.hu\/telefonkonyv\/?emp_id=18883\">Dr. Gergely Tam\u00e1s<\/a> Ph.D.<br \/>\n<a href=\"https:\/\/semmelweis.hu\/telefonkonyv\/?emp_id=12953\">Dr. Guly\u00e1s-On\u00f3di Zs\u00f3fia<\/a> Ph.D.<br \/>\n<a href=\"https:\/\/semmelweis.hu\/telefonkonyv\/?emp_id=10514\" target=\"_blank\" rel=\"noopener noreferrer\">Dr. Ernyey Aliz Judit <\/a>Ph.D.<br \/>\n<a href=\"https:\/\/semmelweis.hu\/telefonkonyv\/?emp_id=6354\">Dr. Kat\u00f3 Erzs\u00e9bet<\/a>\u00a0 Ph.D.<br \/>\n<a href=\"https:\/\/semmelweis.hu\/telefonkonyv\/?emp_id=24106\">K\u00f6hler Zolt\u00e1n M\u00e1rton<\/a> Ph.D.<br \/>\n<a href=\"https:\/\/semmelweis.hu\/telefonkonyv\/?emp_id=11976\">Dr. Makkos Andr\u00e1s<\/a> Ph.D.<br \/>\n<a href=\"https:\/\/semmelweis.hu\/telefonkonyv\/?emp_id=21735\" target=\"_blank\" rel=\"noopener\">Dr. Papp Ren\u00e1ta<\/a> Ph.D.<br \/>\n<a href=\"https:\/\/semmelweis.hu\/telefonkonyv\/?emp_id=24964\" target=\"_blank\" rel=\"noopener\">Dr. Sobor Melinda<\/a> Ph.D.<\/p>\n<h4><strong>Tudom\u00e1nyos f\u0151munkat\u00e1rs:<\/strong><\/h4>\n<p><a href=\"https:\/\/semmelweis.hu\/telefonkonyv\/?emp_id=10511\">Dr. Gyerty\u00e1n Istv\u00e1n <\/a>Ph.D.<br \/>\n<a href=\"https:\/\/semmelweis.hu\/telefonkonyv\/?emp_id=21046\" target=\"_blank\" rel=\"noopener\">Dr. Nzha Hamdani<\/a> Ph.D.<br \/>\n<a href=\"https:\/\/semmelweis.hu\/telefonkonyv\/?emp_id=26440\" target=\"_blank\" rel=\"noopener\">Dr. Laczka Csilla<\/a> Ph.D.<br \/>\nDr. Pet\u00e1k Istv\u00e1n Ph.D.<\/p>\n<h4><strong>Tudom\u00e1nyos munkat\u00e1rs:<\/strong><\/h4>\n<p><a href=\"https:\/\/semmelweis.hu\/telefonkonyv\/?emp_id=20088\" target=\"_blank\" rel=\"noopener\">Dr. M\u00f3rotz G\u00e1bor<\/a> Ph.D.<br \/>\n<a href=\"https:\/\/semmelweis.hu\/telefonkonyv\/?emp_id=14782\" target=\"_blank\" rel=\"noopener\">Dr. T\u00f3th Vikt\u00f3ria<\/a> Ph.D.<br \/>\n<a href=\"https:\/\/semmelweis.hu\/telefonkonyv\/?emp_id=15789\">Kov\u00e1csh\u00e1zi Csenger<\/a>\u00a0Ph.D.<br \/>\n<a href=\"https:\/\/semmelweis.hu\/telefonkonyv\/?emp_id=21925\">Szab\u00f3 Lilla<\/a> Ph.D.<br \/>\n<a href=\"https:\/\/semmelweis.hu\/telefonkonyv\/?emp_id=21922\">Wachtl Gerda Gabriella<\/a> Ph.D.<\/p>\n<h4><strong>Kutat\u00e1si munkat\u00e1rs:<\/strong><\/h4>\n<p><span style=\"font-size: 1rem\"><a href=\"https:\/\/semmelweis.hu\/telefonkonyv\/?emp_id=22984\">Gelencs\u00e9rn\u00e9 Kulin Anna<\/a> Ph.D.<\/span><span style=\"font-size: 1rem\"><br \/>\n<a href=\"https:\/\/semmelweis.hu\/telefonkonyv\/?emp_id=15800\" target=\"_blank\" rel=\"noopener\">Hambalk\u00f3 Szabolcs<\/a><\/span><br \/>\n<a href=\"https:\/\/semmelweis.hu\/telefonkonyv\/?emp_id=19825\">Kov\u00e1cs Tam\u00e1s<\/a><br \/>\n<a href=\"https:\/\/semmelweis.hu\/telefonkonyv\/?emp_id=25646\">Dr. Anand Ramalingam<\/a><br \/>\n<a href=\"https:\/\/semmelweis.hu\/telefonkonyv\/?emp_id=21659\">Somogyi Orsolya<\/a> Ph.D.<\/p>\n<h4><strong>Bioinformatikus:<\/strong><\/h4>\n<p><a href=\"https:\/\/semmelweis.hu\/telefonkonyv\/?emp_id=18880\">Bereczki Zolt\u00e1n<\/a><br \/>\n<a href=\"https:\/\/semmelweis.hu\/telefonkonyv\/?emp_id=24676\">Bihary D\u00f3ra<\/a><br \/>\nDr. Papp Zsolt Tam\u00e1s<br \/>\nMakai M\u00e1rton<\/p>\n<h4><strong>Bioinformatikai asszisztens:<\/strong><\/h4>\n<p><a href=\"https:\/\/semmelweis.hu\/telefonkonyv\/?emp_id=20520\">Czak\u00f3 Ariel<\/a><\/p>\n<h4><strong>Nyugalmazott oktat\u00f3k:<\/strong><\/h4>\n<p><a href=\"https:\/\/semmelweis.hu\/telefonkonyv\/?emp_id=1955\">Prof. Dr. H\u00e1rsing L\u00e1szl\u00f3 G\u00e1bor<\/a> \u00a0MTA doktora<br \/>\n<a href=\"https:\/\/semmelweis.hu\/telefonkonyv\/?emp_id=1937\">Prof. Dr. Kal\u00e1sz Huba<\/a> MTA doktora<br \/>\n<a href=\"https:\/\/semmelweis.hu\/telefonkonyv\/?emp_id=1939\">Prof. Dr. Kerpel-Fronius S\u00e1ndor<\/a>\u00a0MTA doktora<br \/>\n<a href=\"https:\/\/semmelweis.hu\/telefonkonyv\/?emp_id=1944\">Dr. Miklya Ildik\u00f3<\/a> Ph.D.<br \/>\n<a href=\"https:\/\/semmelweis.hu\/telefonkonyv\/?emp_id=1943\">Dr. Tim\u00e1r J\u00falia (Dem\u00e9ny Andr\u00e1sn\u00e9)<\/a> Ph.D.<\/p>\n<h4><strong>Ph.D. hallgat\u00f3:<\/strong><\/h4>\n<p><a href=\"https:\/\/semmelweis.hu\/telefonkonyv\/?emp_id=22517\">Ayham Raed Noor Alhaddad<\/a><br \/>\n<a href=\"https:\/\/semmelweis.hu\/telefonkonyv\/?emp_id=25645\">Yavuz Artuner<\/a><br \/>\n<a href=\"https:\/\/semmelweis.hu\/telefonkonyv\/?emp_id=15799\">Balogh Oliv\u00e9r M\u00e1rton<\/a><br \/>\n<a href=\"https:\/\/semmelweis.hu\/telefonkonyv\/?emp_id=15798\">Benczik Bettina<\/a><br \/>\nYashar Chalabiani<br \/>\n<a href=\"https:\/\/semmelweis.hu\/telefonkonyv\/?emp_id=18879\">Demeter Zsuzsanna<\/a><br \/>\n<a href=\"https:\/\/semmelweis.hu\/telefonkonyv\/?emp_id=24123\">Dr. Boldizs\u00e1r Imre<\/a><br \/>\n<a href=\"https:\/\/semmelweis.hu\/telefonkonyv\/?emp_id=21920\">Dr. Jakab M\u00e1rk<\/a><br \/>\n<a href=\"https:\/\/semmelweis.hu\/telefonkonyv\/?emp_id=14521\">Dr. P\u00e9terv\u00e1ri M\u00e1ty\u00e1s<\/a><br \/>\n<a href=\"https:\/\/semmelweis.hu\/telefonkonyv\/?emp_id=22983\">Dr. Pr\u00e1cser Levente<\/a><br \/>\n<a href=\"https:\/\/semmelweis.hu\/telefonkonyv\/?emp_id=18882\">Dr. Sayour Viktor Nabil<\/a><br \/>\nDr. Soha B\u00e1lint<br \/>\n<a href=\"https:\/\/semmelweis.hu\/telefonkonyv\/?emp_id=21947\" target=\"_blank\" rel=\"noopener\">Dr. Bennet Weber<\/a><br \/>\n<a href=\"https:\/\/semmelweis.hu\/telefonkonyv\/?emp_id=24107\">Dr. Weigl-Kov\u00e1cs Vikt\u00f3ria<\/a><br \/>\n<a href=\"https:\/\/semmelweis.hu\/telefonkonyv\/?emp_id=24104\">Farkas Erika<\/a><br \/>\n<a href=\"https:\/\/semmelweis.hu\/telefonkonyv\/?emp_id=18863\">Galambos Anna<\/a><br \/>\n<a href=\"https:\/\/semmelweis.hu\/telefonkonyv\/?emp_id=22522\">Arezzo Haghighi<\/a><br \/>\n<a href=\"https:\/\/semmelweis.hu\/telefonkonyv\/?emp_id=21740\">Heged\u0171s Zsombor<\/a><br \/>\n<a href=\"https:\/\/semmelweis.hu\/telefonkonyv\/?emp_id=22520\">Sarah Kadim<\/a><br \/>\n<a href=\"https:\/\/semmelweis.hu\/telefonkonyv\/?emp_id=21926\">Kapui D\u00f3ra Karolina<\/a><br \/>\n<a href=\"https:\/\/semmelweis.hu\/telefonkonyv\/?emp_id=21252\">Kocsis M\u00e1rton<\/a><br \/>\n<a href=\"https:\/\/semmelweis.hu\/telefonkonyv\/?emp_id=20090\">Larose Angelique<\/a><br \/>\nSandra Marouf<br \/>\n<a href=\"https:\/\/semmelweis.hu\/telefonkonyv\/?emp_id=25644\">T\u00f3th Art\u00far<\/a><br \/>\n<a href=\"https:\/\/semmelweis.hu\/telefonkonyv\/?emp_id=14236\">Nagy Regina Norma<\/a><br \/>\n<a href=\"https:\/\/semmelweis.hu\/telefonkonyv\/?emp_id=22515\">R\u00e1cz Rich\u00e1rd<\/a><br \/>\n<a href=\"https:\/\/semmelweis.hu\/telefonkonyv\/?emp_id=20521\">Szab\u00f3 M\u00e1rta<\/a><br \/>\n<a href=\"https:\/\/semmelweis.hu\/telefonkonyv\/?emp_id=18886\">Varga Bence Tam\u00e1s<\/a><br \/>\n<a href=\"https:\/\/semmelweis.hu\/telefonkonyv\/?emp_id=22199\">V\u00e1czy-F\u00f6ldi M\u00e1t\u00e9<\/a><br \/>\n<a href=\"https:\/\/semmelweis.hu\/telefonkonyv\/?emp_id=24110\">Zsidai Anna<\/a><\/p>\n<h4><strong>Tan\u00e1rseg\u00e9d:<\/strong><\/h4>\n<p><a href=\"https:\/\/semmelweis.hu\/telefonkonyv\/?emp_id=24122\">Dr. Dinya Mariann<\/a><br \/>\n<a href=\"https:\/\/semmelweis.hu\/telefonkonyv\/?emp_id=22518\">Dr. Sipos Zsolt<\/a><\/p>\n<h4><strong>Gazdas\u00e1gi irodavezet\u0151:<\/strong><\/h4>\n<p><a href=\"https:\/\/semmelweis.hu\/telefonkonyv\/?emp_id=20519\">L\u00e9n\u00e1rt Gy\u00f6rgy<\/a><\/p>\n<h4><strong>Gazdas\u00e1gi \u00fcgyint\u00e9z\u0151:<\/strong><\/h4>\n<p><a href=\"https:\/\/semmelweis.hu\/telefonkonyv\/?emp_id=18864\">Bazs\u00f3n\u00e9 Kereszti T\u00edmea<\/a><br \/>\n<a href=\"https:\/\/semmelweis.hu\/telefonkonyv\/?emp_id=21044\">Szalma Andrea<\/a><\/p>\n<h4><strong>HR \u00fcgyint\u00e9z\u0151:<\/strong><\/h4>\n<p><a href=\"https:\/\/semmelweis.hu\/telefonkonyv\/?emp_id=25181\">Matk\u00f3 P\u00e1lma Lea<\/a><\/p>\n<h4><strong>Titk\u00e1rs\u00e1gvezet\u0151:<\/strong><\/h4>\n<p><a href=\"https:\/\/semmelweis.hu\/telefonkonyv\/?emp_id=18860\">Szab\u00f3 M\u00e1rta Gabriella<\/a><\/p>\n<h4><strong>Oktat\u00e1si referens:<\/strong><\/h4>\n<p><a href=\"https:\/\/semmelweis.hu\/telefonkonyv\/?emp_id=24962\">Cs\u00e1nyi Mih\u00e1ly<\/a><\/p>\n<h4><strong>Projektmenedzser:<\/strong><\/h4>\n<p><a href=\"https:\/\/semmelweis.hu\/telefonkonyv\/?emp_id=24503\">T\u0151ke M\u00e1rton<\/a><\/p>\n<h4><strong>Informatikus:<\/strong><\/h4>\n<p><a href=\"https:\/\/semmelweis.hu\/telefonkonyv\/?emp_id=24506\">Feh\u00e9r Zolt\u00e1n<\/a><br \/>\n<a href=\"https:\/\/semmelweis.hu\/telefonkonyv\/?emp_id=1574\">J\u00f3n\u00e1s Zsolt<\/a><\/p>\n<h4><strong>M\u0171helyvezet\u0151:<\/strong><\/h4>\n<p><a href=\"https:\/\/semmelweis.hu\/telefonkonyv\/?emp_id=1948\">Guly\u00e1s Antal<\/a><\/p>\n<h4><strong>Kutat\u00e1si asszisztens:<\/strong><\/h4>\n<p><a href=\"https:\/\/semmelweis.hu\/telefonkonyv\/?emp_id=26443\" target=\"_blank\" rel=\"noopener\">B\u00e9k\u00e9si Eszter<\/a><br \/>\n<a href=\"https:\/\/semmelweis.hu\/telefonkonyv\/?emp_id=22513\">Ferhat Elci<\/a><br \/>\n<a href=\"https:\/\/semmelweis.hu\/telefonkonyv\/?emp_id=25368\">Farkas Szabolcs<\/a><br \/>\nFazekas Fanni<br \/>\n<a href=\"https:\/\/semmelweis.hu\/telefonkonyv\/?emp_id=25367\"><span data-olk-copy-source=\"MessageBody\">Frank\u00f3 Bogl\u00e1rka<\/span><\/a><br \/>\n<a href=\"https:\/\/semmelweis.hu\/telefonkonyv\/?emp_id=26444\" target=\"_blank\" rel=\"noopener\">Dr. Guly\u00e1s Zolt\u00e1n<\/a><br \/>\n<a href=\"https:\/\/semmelweis.hu\/telefonkonyv\/?emp_id=14235\">Horv\u00e1th L\u00e1szl\u00f3<\/a><br \/>\n<a href=\"https:\/\/semmelweis.hu\/telefonkonyv\/?emp_id=26446\" target=\"_blank\" rel=\"noopener\">Hung Teresa<\/a><br \/>\n<a href=\"https:\/\/semmelweis.hu\/telefonkonyv\/?emp_id=24105\">Jenei B\u00e1lint S\u00e1muel<\/a><br \/>\n<a href=\"https:\/\/semmelweis.hu\/telefonkonyv\/?emp_id=14239\">Kov\u00e1cs Andrea<\/a><span style=\"font-size: 1rem\"><br \/>\n<\/span><a href=\"https:\/\/semmelweis.hu\/telefonkonyv\/?emp_id=11044\" target=\"_blank\" rel=\"noopener noreferrer\">Petrovics T\u00fcnde<\/a><br \/>\n<a href=\"https:\/\/semmelweis.hu\/telefonkonyv\/?emp_id=22985\">Szalai Orsolya<\/a><br \/>\n<span data-olk-copy-source=\"MessageBody\">Wagner N\u00f3ra<\/span><br \/>\n<a href=\"https:\/\/semmelweis.hu\/telefonkonyv\/?emp_id=20518\">Zsidai S\u00e1ndor<\/a><\/p>\n<h4><strong>\u00c1llatgondoz\u00f3:<\/strong><\/h4>\n<p><a href=\"https:\/\/semmelweis.hu\/telefonkonyv\/?emp_id=7658\">Kerekesn\u00e9 Csontos Ildik\u00f3<\/a><br \/>\n<a href=\"https:\/\/semmelweis.hu\/telefonkonyv\/?emp_id=1953\" target=\"_blank\" rel=\"noopener\">Kraft Ildik\u00f3<\/a><\/p>\n","protected":false},"excerpt":{"rendered":"<p>Igazgat\u00f3: <a href=\"https:\/\/semmelweis.hu\/telefonkonyv\/?emp_id=7906\">Prof. Dr. Ferdinandy P\u00e9ter<\/a> MTA doktora; Tudom\u00e1nyos \u00e9s Innov\u00e1ci\u00f3s Rektorhelyettes International Society for Heart Research European Section eln\u00f6ke Magyar K\u00eds\u00e9rletes \u00e9s Klinikai Farmakol\u00f3giai T\u00e1rsas\u00e1g eln\u00f6ke Professor emeritus: <a href=\"https:\/\/semmelweis.hu\/telefonkonyv\/?emp_id=1934\">Prof. Dr. F\u00fcrst Zsuzsanna<\/a> \u00a0 MTA doktora ETT Klinikai Farmakol\u00f3giai Etikai Bizotts\u00e1g eln\u00f6ke Magyar K\u00eds\u00e9rletes \u00e9s Klinikai Farmakol\u00f3giai T\u00e1rsas\u00e1g\u00a0kor\u00e1bbi eln\u00f6ke <a href=\"https:\/\/semmelweis.hu\/telefonkonyv\/?emp_id=1936\">Prof. Dr. Gyires Kl\u00e1ra<\/a> \u00a0 MTA doktora <a href=\"https:\/\/semmelweis.hu\/pharmacology\/munkatarsak\/vizi-e-szilveszter\/\">Prof. Dr. Vizi E. Szilveszter<\/a> \u00a0 MTA rendes tagja, MTA volt eln\u00f6ke,\u00a0Magyar Atlanti Tan\u00e1cs eln\u00f6ke KUTAT\u00d3PROFESSZOR: <a href=\"https:\/\/semmelweis.hu\/telefonkonyv\/?emp_id=10510\" target=\"_blank\" rel=\"noopener noreferrer\">Dr. Giricz Zolt\u00e1n<\/a> Ph.D, &hellip;<\/p>\n","protected":false},"author":12,"featured_media":0,"parent":2861,"menu_order":1,"comment_status":"closed","ping_status":"closed","template":"","meta":{"_acf_changed":false,"footnotes":""},"categories":[],"tags":[],"class_list":["post-11","page","type-page","status-publish","hentry"],"acf":[],"_links":{"self":[{"href":"https:\/\/semmelweis.hu\/pharmacology\/wp-json\/wp\/v2\/pages\/11","targetHints":{"allow":["GET"]}}],"collection":[{"href":"https:\/\/semmelweis.hu\/pharmacology\/wp-json\/wp\/v2\/pages"}],"about":[{"href":"https:\/\/semmelweis.hu\/pharmacology\/wp-json\/wp\/v2\/types\/page"}],"author":[{"embeddable":true,"href":"https:\/\/semmelweis.hu\/pharmacology\/wp-json\/wp\/v2\/users\/12"}],"replies":[{"embeddable":true,"href":"https:\/\/semmelweis.hu\/pharmacology\/wp-json\/wp\/v2\/comments?post=11"}],"version-history":[{"count":17,"href":"https:\/\/semmelweis.hu\/pharmacology\/wp-json\/wp\/v2\/pages\/11\/revisions"}],"predecessor-version":[{"id":15744,"href":"https:\/\/semmelweis.hu\/pharmacology\/wp-json\/wp\/v2\/pages\/11\/revisions\/15744"}],"up":[{"embeddable":true,"href":"https:\/\/semmelweis.hu\/pharmacology\/wp-json\/wp\/v2\/pages\/2861"}],"wp:attachment":[{"href":"https:\/\/semmelweis.hu\/pharmacology\/wp-json\/wp\/v2\/media?parent=11"}],"wp:term":[{"taxonomy":"category","embeddable":true,"href":"https:\/\/semmelweis.hu\/pharmacology\/wp-json\/wp\/v2\/categories?post=11"},{"taxonomy":"post_tag","embeddable":true,"href":"https:\/\/semmelweis.hu\/pharmacology\/wp-json\/wp\/v2\/tags?post=11"}],"curies":[{"name":"wp","href":"https:\/\/api.w.org\/{rel}","templated":true}]}}