{"id":10719,"date":"2021-05-19T17:08:15","date_gmt":"2021-05-19T15:08:15","guid":{"rendered":"https:\/\/semmelweis.hu\/pharmacology\/?page_id=10719"},"modified":"2025-11-13T10:51:20","modified_gmt":"2025-11-13T09:51:20","slug":"intezeti-evkonyv-2011-2016","status":"publish","type":"page","link":"https:\/\/semmelweis.hu\/pharmacology\/a-farmakologiai-es-farmakoterapias-intezetrol\/intezeti-evkonyv-2011-2016\/","title":{"rendered":"Int\u00e9zeti \u00c9vk\u00f6nyvek"},"content":{"rendered":"<div class=\"fontos_div\"><a href=\"https:\/\/semmelweis.hu\/pharmacology\/files\/2021\/05\/Farmakologia_evkonyv_netre-2016.pdf\">\u00c9vk\u00f6nyv 2011-2016<\/a><\/div>\n<hr \/>\n<div class=\"fontos_div\"><a href=\"https:\/\/semmelweis.hu\/pharmacology\/files\/2021\/05\/Farma_evkonyv_2018_netre_20180725.pdf\">\u00c9vk\u00f6nyv 2017<\/a><\/div>\n<hr \/>\n<div class=\"fontos_div\"><a href=\"https:\/\/semmelweis.hu\/pharmacology\/files\/2021\/05\/Farma_evkonyv_2019_beliv_korrekturara_20190315.pdf\">\u00c9vk\u00f6nyv 2018<\/a><\/div>\n<hr \/>\n<div class=\"fontos_div\"><a href=\"https:\/\/semmelweis.hu\/pharmacology\/files\/2020\/08\/Farma_evkonyv_2020_netre.pdf\">\u00c9vk\u00f6nyv 2019<\/a><\/div>\n<hr \/>\n<div class=\"fontos_div\"><a href=\"https:\/\/semmelweis.hu\/pharmacology\/files\/2024\/09\/Farma_evkonyv_2020_2korr_2020jul7.pdf\">\u00c9vk\u00f6nyv 2020<\/a><\/div>\n<hr \/>\n<div class=\"fontos_div\"><a href=\"https:\/\/semmelweis.hu\/pharmacology\/files\/2023\/06\/Farma_evkonyv_netre_2022.pdf\" target=\"_blank\" rel=\"noopener\">\u00c9vk\u00f6nyv 2021<\/a><\/div>\n<hr \/>\n<div class=\"fontos_div\"><a href=\"https:\/\/semmelweis.hu\/pharmacology\/files\/2023\/06\/Farma_evkonyv_netre_2023.pdf\" target=\"_blank\" rel=\"noopener\">\u00c9vk\u00f6nyv 2022<\/a><\/div>\n","protected":false},"excerpt":{"rendered":"<p><a href=\"https:\/\/semmelweis.hu\/pharmacology\/files\/2021\/05\/Farmakologia_evkonyv_netre-2016.pdf\">\u00c9vk\u00f6nyv 2011-2016<\/a><\/p>\n<p><a href=\"https:\/\/semmelweis.hu\/pharmacology\/files\/2021\/05\/Farma_evkonyv_2018_netre_20180725.pdf\">\u00c9vk\u00f6nyv 2017<\/a><\/p>\n<p><a href=\"https:\/\/semmelweis.hu\/pharmacology\/files\/2021\/05\/Farma_evkonyv_2019_beliv_korrekturara_20190315.pdf\">\u00c9vk\u00f6nyv 2018<\/a><\/p>\n<p><a href=\"https:\/\/semmelweis.hu\/pharmacology\/files\/2020\/08\/Farma_evkonyv_2020_netre.pdf\">\u00c9vk\u00f6nyv 2019<\/a><\/p>\n<p><a href=\"https:\/\/semmelweis.hu\/pharmacology\/files\/2024\/09\/Farma_evkonyv_2020_2korr_2020jul7.pdf\">\u00c9vk\u00f6nyv 2020<\/a><\/p>\n<p><a href=\"https:\/\/semmelweis.hu\/pharmacology\/files\/2023\/06\/Farma_evkonyv_netre_2022.pdf\" target=\"_blank\" rel=\"noopener\">\u00c9vk\u00f6nyv 2021<\/a><\/p>\n<p><a href=\"https:\/\/semmelweis.hu\/pharmacology\/files\/2023\/06\/Farma_evkonyv_netre_2023.pdf\" target=\"_blank\" rel=\"noopener\">\u00c9vk\u00f6nyv 2022<\/a><\/p>\n","protected":false},"author":101230,"featured_media":0,"parent":2861,"menu_order":0,"comment_status":"closed","ping_status":"closed","template":"","meta":{"_acf_changed":false,"footnotes":""},"categories":[],"tags":[],"class_list":["post-10719","page","type-page","status-publish","hentry"],"acf":[],"_links":{"self":[{"href":"https:\/\/semmelweis.hu\/pharmacology\/wp-json\/wp\/v2\/pages\/10719","targetHints":{"allow":["GET"]}}],"collection":[{"href":"https:\/\/semmelweis.hu\/pharmacology\/wp-json\/wp\/v2\/pages"}],"about":[{"href":"https:\/\/semmelweis.hu\/pharmacology\/wp-json\/wp\/v2\/types\/page"}],"author":[{"embeddable":true,"href":"https:\/\/semmelweis.hu\/pharmacology\/wp-json\/wp\/v2\/users\/101230"}],"replies":[{"embeddable":true,"href":"https:\/\/semmelweis.hu\/pharmacology\/wp-json\/wp\/v2\/comments?post=10719"}],"version-history":[{"count":11,"href":"https:\/\/semmelweis.hu\/pharmacology\/wp-json\/wp\/v2\/pages\/10719\/revisions"}],"predecessor-version":[{"id":15407,"href":"https:\/\/semmelweis.hu\/pharmacology\/wp-json\/wp\/v2\/pages\/10719\/revisions\/15407"}],"up":[{"embeddable":true,"href":"https:\/\/semmelweis.hu\/pharmacology\/wp-json\/wp\/v2\/pages\/2861"}],"wp:attachment":[{"href":"https:\/\/semmelweis.hu\/pharmacology\/wp-json\/wp\/v2\/media?parent=10719"}],"wp:term":[{"taxonomy":"category","embeddable":true,"href":"https:\/\/semmelweis.hu\/pharmacology\/wp-json\/wp\/v2\/categories?post=10719"},{"taxonomy":"post_tag","embeddable":true,"href":"https:\/\/semmelweis.hu\/pharmacology\/wp-json\/wp\/v2\/tags?post=10719"}],"curies":[{"name":"wp","href":"https:\/\/api.w.org\/{rel}","templated":true}]}}